{"id":5242,"date":"2024-05-24T14:51:02","date_gmt":"2024-05-24T17:51:02","guid":{"rendered":"https:\/\/pacotedeplanilhas.com\/loja\/?post_type=product&#038;p=5242"},"modified":"2024-07-17T21:36:19","modified_gmt":"2024-07-18T00:36:19","slug":"dashboar-em-power-bi-financas-pessoais-ou-controle-financeiro-familiar","status":"publish","type":"product","link":"https:\/\/pacotedeplanilhas.com\/loja\/store\/financeiro\/dashboar-em-power-bi-financas-pessoais-ou-controle-financeiro-familiar\/","title":{"rendered":"Dashboar em Power BI &#8211; Finan\u00e7as Pessoais ou controle financeiro familiar"},"content":{"rendered":"<p>FA\u00c7A O CONTROLE E ACOMPANHAMENTO DE FINAN\u00c7AS PESSOAIS OU CONTROLE FINANCEIRO FAMILIAR DE MANEIRA SIMPLES E R\u00c1PIDA.<\/p>\n<p>Funcionalidades<\/p>\n<p>Lan\u00e7amentos<\/p>\n<p>\u2013N\u00b0, data, hora, conta, categoria, receita, despesa, drescri\u00e7\u00e3o;<\/p>\n<p>Lan\u00e7amentos 02<\/p>\n<p>\u2013Valor de meta da reserva de emergencia;<\/p>\n<p>Dashboard 01<\/p>\n<p>Valores totais:<\/p>\n<p>\u2013Receitas, despesas, saldo;<\/p>\n<p>Gr\u00e1ficos:<\/p>\n<p>\u2013Diferen\u00e7a entre receita e despesa, fonte de receitas, fontes de despesas, percentual da reserva de emerg\u00eancia;<\/p>\n<p>Os filtros em forma de Segmenta\u00e7\u00e3o de dados:<\/p>\n<p>\u2013Ano, m\u00eas, categoria;<\/p>\n<p>Dashboard 02<\/p>\n<p>\u2013Ano, nome do m\u00eas, receita, despesas<\/p>\n<p>Gr\u00e1ficos:<\/p>\n<p>\u2013Despesas por categoria;<\/p>\n<p>Os filtros em forma de Segmenta\u00e7\u00e3o de dados:<\/p>\n<p>\u2013Ano, m\u00eas, categoria;<\/p>\n<p>Planilha 100% edit\u00e1vel<\/p>\n<p>PR\u00c9-REQUISITOS:<br \/>\nTer qualquer vers\u00e3o do EXCEL instalada no computador e Power BI desktop.<\/p>\n<p>VANTAGENS:<br \/>\nSimplicidade em usar e c\u00e1lculos precisos.<\/p>\n<p>INFORMA\u00c7\u00d5ES \u00daTEIS:<br \/>\nSuporte p\u00f3s-venda, via e-mail, para esclarecer quaisquer d\u00favidas que possam surgir. Planilha original, comercializada pelo pr\u00f3prio desenvolvedor.<\/p>\n<p>Video explicativo da planilha:<\/p>\n<div class=\"ast-oembed-container \" style=\"height: 100%;\"><iframe title=\"Dashboar em Power BI - Finan\u00e7as Pessoais ou controle financeiro familiar\" width=\"500\" height=\"281\" src=\"https:\/\/www.youtube.com\/embed\/UsVLiI-GouA?feature=oembed\" frameborder=\"0\" allow=\"accelerometer; autoplay; clipboard-write; encrypted-media; gyroscope; picture-in-picture; web-share\" referrerpolicy=\"strict-origin-when-cross-origin\" allowfullscreen><\/iframe><\/div>\n","protected":false},"excerpt":{"rendered":"<p>FA\u00c7A O CONTROLE E ACOMPANHAMENTO DE FINAN\u00c7AS PESSOAIS OU CONTROLE FINANCEIRO FAMILIAR DE MANEIRA SIMPLES E R\u00c1PIDA. Funcionalidades Lan\u00e7amentos \u2013N\u00b0, data, hora, conta, categoria, receita, despesa, drescri\u00e7\u00e3o; Lan\u00e7amentos 02 \u2013Valor de meta da reserva de emergencia; Dashboard 01 Valores totais: \u2013Receitas, despesas, saldo; Gr\u00e1ficos: \u2013Diferen\u00e7a entre receita e despesa, fonte de receitas, fontes de despesas, [&hellip;]<\/p>\n","protected":false},"featured_media":5243,"comment_status":"open","ping_status":"closed","template":"","meta":{"site-sidebar-layout":"default","site-content-layout":"default","ast-site-content-layout":"","site-content-style":"default","site-sidebar-style":"default","ast-global-header-display":"","ast-banner-title-visibility":"","ast-main-header-display":"","ast-hfb-above-header-display":"","ast-hfb-below-header-display":"","ast-hfb-mobile-header-display":"","site-post-title":"","ast-breadcrumbs-content":"","ast-featured-img":"","footer-sml-layout":"","theme-transparent-header-meta":"default","adv-header-id-meta":"","stick-header-meta":"","header-above-stick-meta":"","header-main-stick-meta":"","header-below-stick-meta":"","astra-migrate-meta-layouts":"default","ast-page-background-enabled":"default","ast-page-background-meta":{"desktop":{"background-color":"","background-image":"","background-repeat":"repeat","background-position":"center center","background-size":"auto","background-attachment":"scroll","background-type":"","background-media":"","overlay-type":"","overlay-color":"","overlay-opacity":"","overlay-gradient":""},"tablet":{"background-color":"","background-image":"","background-repeat":"repeat","background-position":"center center","background-size":"auto","background-attachment":"scroll","background-type":"","background-media":"","overlay-type":"","overlay-color":"","overlay-opacity":"","overlay-gradient":""},"mobile":{"background-color":"","background-image":"","background-repeat":"repeat","background-position":"center center","background-size":"auto","background-attachment":"scroll","background-type":"","background-media":"","overlay-type":"","overlay-color":"","overlay-opacity":"","overlay-gradient":""}},"ast-content-background-meta":{"desktop":{"background-color":"var(--ast-global-color-5)","background-image":"","background-repeat":"repeat","background-position":"center center","background-size":"auto","background-attachment":"scroll","background-type":"","background-media":"","overlay-type":"","overlay-color":"","overlay-opacity":"","overlay-gradient":""},"tablet":{"background-color":"var(--ast-global-color-5)","background-image":"","background-repeat":"repeat","background-position":"center center","background-size":"auto","background-attachment":"scroll","background-type":"","background-media":"","overlay-type":"","overlay-color":"","overlay-opacity":"","overlay-gradient":""},"mobile":{"background-color":"var(--ast-global-color-5)","background-image":"","background-repeat":"repeat","background-position":"center center","background-size":"auto","background-attachment":"scroll","background-type":"","background-media":"","overlay-type":"","overlay-color":"","overlay-opacity":"","overlay-gradient":""}}},"product_brand":[],"product_cat":[991,176],"product_tag":[814,815,820,818,580,812,813,156,764,816,819,583,817,797,773,774],"class_list":{"0":"post-5242","1":"product","2":"type-product","3":"status-publish","4":"has-post-thumbnail","6":"product_cat-financeiro","7":"product_cat-power-bi","8":"product_tag-analise-de-despesas","9":"product_tag-analise-de-receitas","10":"product_tag-controle-de-gastos","11":"product_tag-controle-de-orcamento","12":"product_tag-controle-financeiro","13":"product_tag-dashboard-financeiro","14":"product_tag-financas-familiares","15":"product_tag-financas-pessoais","16":"product_tag-gestao-financeira","17":"product_tag-monitoramento-financeiro","18":"product_tag-otimizacao-financeira","19":"product_tag-planejamento-financeiro","20":"product_tag-power-bi-para-financas","21":"product_tag-projeto-power-bi","22":"product_tag-relatorios-financeiros","23":"product_tag-saude-financeira","24":"desktop-align-left","25":"tablet-align-left","26":"mobile-align-left","28":"first","29":"instock","30":"virtual","31":"purchasable","32":"product-type-simple"},"_links":{"self":[{"href":"https:\/\/pacotedeplanilhas.com\/loja\/wp-json\/wp\/v2\/product\/5242","targetHints":{"allow":["GET"]}}],"collection":[{"href":"https:\/\/pacotedeplanilhas.com\/loja\/wp-json\/wp\/v2\/product"}],"about":[{"href":"https:\/\/pacotedeplanilhas.com\/loja\/wp-json\/wp\/v2\/types\/product"}],"replies":[{"embeddable":true,"href":"https:\/\/pacotedeplanilhas.com\/loja\/wp-json\/wp\/v2\/comments?post=5242"}],"version-history":[{"count":2,"href":"https:\/\/pacotedeplanilhas.com\/loja\/wp-json\/wp\/v2\/product\/5242\/revisions"}],"predecessor-version":[{"id":5249,"href":"https:\/\/pacotedeplanilhas.com\/loja\/wp-json\/wp\/v2\/product\/5242\/revisions\/5249"}],"wp:featuredmedia":[{"embeddable":true,"href":"https:\/\/pacotedeplanilhas.com\/loja\/wp-json\/wp\/v2\/media\/5243"}],"wp:attachment":[{"href":"https:\/\/pacotedeplanilhas.com\/loja\/wp-json\/wp\/v2\/media?parent=5242"}],"wp:term":[{"taxonomy":"product_brand","embeddable":true,"href":"https:\/\/pacotedeplanilhas.com\/loja\/wp-json\/wp\/v2\/product_brand?post=5242"},{"taxonomy":"product_cat","embeddable":true,"href":"https:\/\/pacotedeplanilhas.com\/loja\/wp-json\/wp\/v2\/product_cat?post=5242"},{"taxonomy":"product_tag","embeddable":true,"href":"https:\/\/pacotedeplanilhas.com\/loja\/wp-json\/wp\/v2\/product_tag?post=5242"}],"curies":[{"name":"wp","href":"https:\/\/api.w.org\/{rel}","templated":true}]}}