{"id":5257,"date":"2024-05-28T14:35:57","date_gmt":"2024-05-28T17:35:57","guid":{"rendered":"https:\/\/pacotedeplanilhas.com\/loja\/?post_type=product&#038;p=5257"},"modified":"2024-07-17T21:36:06","modified_gmt":"2024-07-18T00:36:06","slug":"planilha-dashboard-portfolio-de-projetos","status":"publish","type":"product","link":"https:\/\/pacotedeplanilhas.com\/loja\/store\/gerenciamento-de-projetos\/planilha-dashboard-portfolio-de-projetos\/","title":{"rendered":"Planilha Dashboard Portf\u00f3lio De Projetos"},"content":{"rendered":"<p>FA\u00c7A O CONTROLE E ACOMPANHAMENTO DE PORTF\u00d3LIO DE PROJETOS DA SUA EMPRESA DE MANEIRA SIMPLES E R\u00c1PIDA.<\/p>\n<p>Funcionalidades<\/p>\n<p>Lan\u00e7amentos:<\/p>\n<p>C\u00e9lulas Manuais em branco<\/p>\n<p>\u2013Tarefa, entrega, data de in\u00edcio da tarefa, data fim da tarefa, eficacia de atendimento da tarefa, data, realizado por, tipo de servi\u00e7o, descri\u00e7\u00e3o do projeto, status, setor, status &#8211; dias;<\/p>\n<p>C\u00e9lulas em cinza que tem preenchimento autom\u00e1tico<\/p>\n<p>\u2013Contador dias, m\u00eas, ano;<\/p>\n<p>Cadastros:<\/p>\n<p>\u2013Entregas das tarefas, topo de servi\u00e7o, projetos, status do projeto, setor, respons\u00e1vel pelo projeto;<\/p>\n<p>Dashboard Portf\u00f3lio De Projetos<\/p>\n<p>Valores totais:<\/p>\n<p>\u2013Quantidade de projetos, quantidade de tarefas, efici\u00eancia de atendimento (%);<\/p>\n<p>Gr\u00e1ficos:<\/p>\n<p>\u2013Projetos por m\u00eas, tipos de projeto, quantidade de projetos por colaborador, projetos por setor, % de atendimento de projetos no prazo;<\/p>\n<p>Os filtros em forma de Segmenta\u00e7\u00e3o de dados:<\/p>\n<p>\u2013Ano, m\u00eas, realizado por, status;<\/p>\n<p>Dashboard Portf\u00f3lio De Tarefas<\/p>\n<p>Valores totais:<\/p>\n<p>\u2013Quantidade de projetos, quantidade de tarefas, efici\u00eancia de atendimento (%);<\/p>\n<p>Gr\u00e1ficos:<\/p>\n<p>\u2013Tarefas por m\u00eas, tarefas por tipos, quantidade de tarefas por colaborador, tarefas por setor, % de atendimento de tarefas no prazo;<\/p>\n<p>Os filtros em forma de Segmenta\u00e7\u00e3o de dados:<\/p>\n<p>\u2013Ano, m\u00eas, realizado por, entrega;<\/p>\n<p>Planilha 100% edit\u00e1vel<\/p>\n<p>PR\u00c9-REQUISITOS:<br \/>\nTer qualquer vers\u00e3o do EXCEL instalada no computador.<\/p>\n<p>VANTAGENS:<br \/>\nSimplicidade em usar e c\u00e1lculos precisos.<\/p>\n<p>INFORMA\u00c7\u00d5ES \u00daTEIS:<br \/>\nSuporte p\u00f3s-venda, via e-mail, para esclarecer quaisquer d\u00favidas que possam surgir. Planilha original, comercializada pelo pr\u00f3prio desenvolvedor.<\/p>\n<p>Video explicativo da planilha:<\/p>\n<div class=\"ast-oembed-container \" style=\"height: 100%;\"><iframe title=\"Dashboard planilha portf\u00f3lio de projetos 01\" width=\"500\" height=\"281\" src=\"https:\/\/www.youtube.com\/embed\/PQpCuV7FY04?feature=oembed\" frameborder=\"0\" allow=\"accelerometer; autoplay; clipboard-write; encrypted-media; gyroscope; picture-in-picture; web-share\" referrerpolicy=\"strict-origin-when-cross-origin\" allowfullscreen><\/iframe><\/div>\n<p>&nbsp;<\/p>\n<p>&nbsp;<\/p>\n","protected":false},"excerpt":{"rendered":"<p>FA\u00c7A O CONTROLE E ACOMPANHAMENTO DE PORTF\u00d3LIO DE PROJETOS DA SUA EMPRESA DE MANEIRA SIMPLES E R\u00c1PIDA. Funcionalidades Lan\u00e7amentos: C\u00e9lulas Manuais em branco \u2013Tarefa, entrega, data de in\u00edcio da tarefa, data fim da tarefa, eficacia de atendimento da tarefa, data, realizado por, tipo de servi\u00e7o, descri\u00e7\u00e3o do projeto, status, setor, status &#8211; dias; C\u00e9lulas em [&hellip;]<\/p>\n","protected":false},"featured_media":5258,"comment_status":"open","ping_status":"closed","template":"","meta":{"site-sidebar-layout":"default","site-content-layout":"default","ast-site-content-layout":"","site-content-style":"default","site-sidebar-style":"default","ast-global-header-display":"","ast-banner-title-visibility":"","ast-main-header-display":"","ast-hfb-above-header-display":"","ast-hfb-below-header-display":"","ast-hfb-mobile-header-display":"","site-post-title":"","ast-breadcrumbs-content":"","ast-featured-img":"","footer-sml-layout":"","theme-transparent-header-meta":"default","adv-header-id-meta":"","stick-header-meta":"","header-above-stick-meta":"","header-main-stick-meta":"","header-below-stick-meta":"","astra-migrate-meta-layouts":"default","ast-page-background-enabled":"default","ast-page-background-meta":{"desktop":{"background-color":"","background-image":"","background-repeat":"repeat","background-position":"center center","background-size":"auto","background-attachment":"scroll","background-type":"","background-media":"","overlay-type":"","overlay-color":"","overlay-opacity":"","overlay-gradient":""},"tablet":{"background-color":"","background-image":"","background-repeat":"repeat","background-position":"center center","background-size":"auto","background-attachment":"scroll","background-type":"","background-media":"","overlay-type":"","overlay-color":"","overlay-opacity":"","overlay-gradient":""},"mobile":{"background-color":"","background-image":"","background-repeat":"repeat","background-position":"center center","background-size":"auto","background-attachment":"scroll","background-type":"","background-media":"","overlay-type":"","overlay-color":"","overlay-opacity":"","overlay-gradient":""}},"ast-content-background-meta":{"desktop":{"background-color":"var(--ast-global-color-5)","background-image":"","background-repeat":"repeat","background-position":"center center","background-size":"auto","background-attachment":"scroll","background-type":"","background-media":"","overlay-type":"","overlay-color":"","overlay-opacity":"","overlay-gradient":""},"tablet":{"background-color":"var(--ast-global-color-5)","background-image":"","background-repeat":"repeat","background-position":"center center","background-size":"auto","background-attachment":"scroll","background-type":"","background-media":"","overlay-type":"","overlay-color":"","overlay-opacity":"","overlay-gradient":""},"mobile":{"background-color":"var(--ast-global-color-5)","background-image":"","background-repeat":"repeat","background-position":"center center","background-size":"auto","background-attachment":"scroll","background-type":"","background-media":"","overlay-type":"","overlay-color":"","overlay-opacity":"","overlay-gradient":""}}},"product_brand":[],"product_cat":[996,120],"product_tag":[795,670,824,825,794,822,566,826,830,823,829,827,831,832,791,835,821,833,834,828],"class_list":{"0":"post-5257","1":"product","2":"type-product","3":"status-publish","4":"has-post-thumbnail","6":"product_cat-gerenciamento-de-projetos","7":"product_cat-planilhas-em-excel","8":"product_tag-acompanhamento-de-progresso","9":"product_tag-analise-de-desempenho","10":"product_tag-analise-de-tarefas","11":"product_tag-controle-de-entregas","12":"product_tag-controle-de-prazos","13":"product_tag-dashboard-de-projetos","14":"product_tag-dashboard-interativo","15":"product_tag-datas-de-projeto","16":"product_tag-ferramentas-de-gestao-de-projetos","17":"product_tag-gestao-de-portfolio","18":"product_tag-gestao-de-tarefas","19":"product_tag-monitoramento-de-projetos","20":"product_tag-organizacao-de-projetos","21":"product_tag-otimizacao-de-projetos","22":"product_tag-planejamento-de-projetos","23":"product_tag-planejamento-estrategico","24":"product_tag-planilha-de-projetos","25":"product_tag-portfolio-de-servicos","26":"product_tag-relatorio-de-projetos","27":"product_tag-visualizacao-de-dados-de-projetos","28":"desktop-align-left","29":"tablet-align-left","30":"mobile-align-left","32":"first","33":"instock","34":"virtual","35":"purchasable","36":"product-type-simple"},"_links":{"self":[{"href":"https:\/\/pacotedeplanilhas.com\/loja\/wp-json\/wp\/v2\/product\/5257","targetHints":{"allow":["GET"]}}],"collection":[{"href":"https:\/\/pacotedeplanilhas.com\/loja\/wp-json\/wp\/v2\/product"}],"about":[{"href":"https:\/\/pacotedeplanilhas.com\/loja\/wp-json\/wp\/v2\/types\/product"}],"replies":[{"embeddable":true,"href":"https:\/\/pacotedeplanilhas.com\/loja\/wp-json\/wp\/v2\/comments?post=5257"}],"version-history":[{"count":2,"href":"https:\/\/pacotedeplanilhas.com\/loja\/wp-json\/wp\/v2\/product\/5257\/revisions"}],"predecessor-version":[{"id":5264,"href":"https:\/\/pacotedeplanilhas.com\/loja\/wp-json\/wp\/v2\/product\/5257\/revisions\/5264"}],"wp:featuredmedia":[{"embeddable":true,"href":"https:\/\/pacotedeplanilhas.com\/loja\/wp-json\/wp\/v2\/media\/5258"}],"wp:attachment":[{"href":"https:\/\/pacotedeplanilhas.com\/loja\/wp-json\/wp\/v2\/media?parent=5257"}],"wp:term":[{"taxonomy":"product_brand","embeddable":true,"href":"https:\/\/pacotedeplanilhas.com\/loja\/wp-json\/wp\/v2\/product_brand?post=5257"},{"taxonomy":"product_cat","embeddable":true,"href":"https:\/\/pacotedeplanilhas.com\/loja\/wp-json\/wp\/v2\/product_cat?post=5257"},{"taxonomy":"product_tag","embeddable":true,"href":"https:\/\/pacotedeplanilhas.com\/loja\/wp-json\/wp\/v2\/product_tag?post=5257"}],"curies":[{"name":"wp","href":"https:\/\/api.w.org\/{rel}","templated":true}]}}