{"id":5332,"date":"2024-06-07T15:27:34","date_gmt":"2024-06-07T18:27:34","guid":{"rendered":"https:\/\/pacotedeplanilhas.com\/loja\/?post_type=product&#038;p=5332"},"modified":"2024-07-17T21:33:08","modified_gmt":"2024-07-18T00:33:08","slug":"planilha-dashboard-painel-de-fretes","status":"publish","type":"product","link":"https:\/\/pacotedeplanilhas.com\/loja\/store\/logistica\/planilha-dashboard-painel-de-fretes\/","title":{"rendered":"Planilha Dashboard Painel de Fretes"},"content":{"rendered":"<p>FA\u00c7A O CONTROLE E ACOMPANHAMENTO DE FRETES DA SUA EMPRESA DE MANEIRA SIMPLES E R\u00c1PIDA.<\/p>\n<p>Funcionalidades<\/p>\n<p>Lan\u00e7amentos:<\/p>\n<p>\u2013Data, tipo de viagem, fretes, estados, uf, regi\u00e3o, ve\u00edculo, motorista, dentro do prazo?;<\/p>\n<p>Dashboard<\/p>\n<p>Valores totais:<\/p>\n<p>\u2013Total de entregas, no prazo, fora, efici\u00eancia;<\/p>\n<p>Gr\u00e1ficos:<\/p>\n<p>\u2013Frete por ano, frete ao m\u00eas, quantidade por ano, quantidade de viagens por m\u00eas, viagens por ve\u00edculos, entregas por estado, quantidade e percentual de entregas por regi\u00f5es;<\/p>\n<p>Os filtros em forma de Segmenta\u00e7\u00e3o de dados:<\/p>\n<p>\u2013Anos, denro do prazo, tipo de viagem, motorista, ve\u00edculo;<\/p>\n<p>Planilha 100% edit\u00e1vel<\/p>\n<p>PR\u00c9-REQUISITOS:<br \/>\nTer qualquer vers\u00e3o do EXCEL instalada no computador.<\/p>\n<p>VANTAGENS:<br \/>\nSimplicidade em usar e c\u00e1lculos precisos.<\/p>\n<p>INFORMA\u00c7\u00d5ES \u00daTEIS:<br \/>\nSuporte p\u00f3s-venda, via e-mail, para esclarecer quaisquer d\u00favidas que possam surgir. Planilha original, comercializada pelo pr\u00f3prio desenvolvedor.<\/p>\n<p>Video explicativo da planilha:<\/p>\n<div class=\"ast-oembed-container \" style=\"height: 100%;\"><iframe title=\"Planilha Dashboard Painel de Fretes\" width=\"500\" height=\"281\" src=\"https:\/\/www.youtube.com\/embed\/V17_R5EHbSU?feature=oembed\" frameborder=\"0\" allow=\"accelerometer; autoplay; clipboard-write; encrypted-media; gyroscope; picture-in-picture; web-share\" referrerpolicy=\"strict-origin-when-cross-origin\" allowfullscreen><\/iframe><\/div>\n<p>&nbsp;<\/p>\n","protected":false},"excerpt":{"rendered":"<p>FA\u00c7A O CONTROLE E ACOMPANHAMENTO DE FRETES DA SUA EMPRESA DE MANEIRA SIMPLES E R\u00c1PIDA. Funcionalidades Lan\u00e7amentos: \u2013Data, tipo de viagem, fretes, estados, uf, regi\u00e3o, ve\u00edculo, motorista, dentro do prazo?; Dashboard Valores totais: \u2013Total de entregas, no prazo, fora, efici\u00eancia; Gr\u00e1ficos: \u2013Frete por ano, frete ao m\u00eas, quantidade por ano, quantidade de viagens por m\u00eas, [&hellip;]<\/p>\n","protected":false},"featured_media":5334,"comment_status":"open","ping_status":"closed","template":"","meta":{"site-sidebar-layout":"default","site-content-layout":"default","ast-site-content-layout":"","site-content-style":"default","site-sidebar-style":"default","ast-global-header-display":"","ast-banner-title-visibility":"","ast-main-header-display":"","ast-hfb-above-header-display":"","ast-hfb-below-header-display":"","ast-hfb-mobile-header-display":"","site-post-title":"","ast-breadcrumbs-content":"","ast-featured-img":"","footer-sml-layout":"","theme-transparent-header-meta":"default","adv-header-id-meta":"","stick-header-meta":"","header-above-stick-meta":"","header-main-stick-meta":"","header-below-stick-meta":"","astra-migrate-meta-layouts":"default","ast-page-background-enabled":"default","ast-page-background-meta":{"desktop":{"background-color":"","background-image":"","background-repeat":"repeat","background-position":"center center","background-size":"auto","background-attachment":"scroll","background-type":"","background-media":"","overlay-type":"","overlay-color":"","overlay-opacity":"","overlay-gradient":""},"tablet":{"background-color":"","background-image":"","background-repeat":"repeat","background-position":"center center","background-size":"auto","background-attachment":"scroll","background-type":"","background-media":"","overlay-type":"","overlay-color":"","overlay-opacity":"","overlay-gradient":""},"mobile":{"background-color":"","background-image":"","background-repeat":"repeat","background-position":"center center","background-size":"auto","background-attachment":"scroll","background-type":"","background-media":"","overlay-type":"","overlay-color":"","overlay-opacity":"","overlay-gradient":""}},"ast-content-background-meta":{"desktop":{"background-color":"var(--ast-global-color-5)","background-image":"","background-repeat":"repeat","background-position":"center center","background-size":"auto","background-attachment":"scroll","background-type":"","background-media":"","overlay-type":"","overlay-color":"","overlay-opacity":"","overlay-gradient":""},"tablet":{"background-color":"var(--ast-global-color-5)","background-image":"","background-repeat":"repeat","background-position":"center center","background-size":"auto","background-attachment":"scroll","background-type":"","background-media":"","overlay-type":"","overlay-color":"","overlay-opacity":"","overlay-gradient":""},"mobile":{"background-color":"var(--ast-global-color-5)","background-image":"","background-repeat":"repeat","background-position":"center center","background-size":"auto","background-attachment":"scroll","background-type":"","background-media":"","overlay-type":"","overlay-color":"","overlay-opacity":"","overlay-gradient":""}}},"product_brand":[],"product_cat":[989,120],"product_tag":[872,509,869,740,507,870,862,471,738,657,510,871,559,614,518],"class_list":{"0":"post-5332","1":"product","2":"type-product","3":"status-publish","4":"has-post-thumbnail","6":"product_cat-logistica","7":"product_cat-planilhas-em-excel","8":"product_tag-controle-de-custos","9":"product_tag-controle-de-transporte","10":"product_tag-controle-de-viagens","11":"product_tag-eficiencia-logistica","12":"product_tag-gestao-de-fretes","13":"product_tag-gestao-de-motoristas","14":"product_tag-gestao-de-rotas","15":"product_tag-gestao-de-veiculos","16":"product_tag-gestao-logistica","17":"product_tag-logistica","18":"product_tag-logistica-empresarial","19":"product_tag-otimizacao-de-fretes","20":"product_tag-planilha","21":"product_tag-planilha-excel","22":"product_tag-transporte-de-carga","23":"desktop-align-left","24":"tablet-align-left","25":"mobile-align-left","27":"first","28":"instock","29":"virtual","30":"purchasable","31":"product-type-simple"},"_links":{"self":[{"href":"https:\/\/pacotedeplanilhas.com\/loja\/wp-json\/wp\/v2\/product\/5332","targetHints":{"allow":["GET"]}}],"collection":[{"href":"https:\/\/pacotedeplanilhas.com\/loja\/wp-json\/wp\/v2\/product"}],"about":[{"href":"https:\/\/pacotedeplanilhas.com\/loja\/wp-json\/wp\/v2\/types\/product"}],"replies":[{"embeddable":true,"href":"https:\/\/pacotedeplanilhas.com\/loja\/wp-json\/wp\/v2\/comments?post=5332"}],"version-history":[{"count":1,"href":"https:\/\/pacotedeplanilhas.com\/loja\/wp-json\/wp\/v2\/product\/5332\/revisions"}],"predecessor-version":[{"id":5333,"href":"https:\/\/pacotedeplanilhas.com\/loja\/wp-json\/wp\/v2\/product\/5332\/revisions\/5333"}],"wp:featuredmedia":[{"embeddable":true,"href":"https:\/\/pacotedeplanilhas.com\/loja\/wp-json\/wp\/v2\/media\/5334"}],"wp:attachment":[{"href":"https:\/\/pacotedeplanilhas.com\/loja\/wp-json\/wp\/v2\/media?parent=5332"}],"wp:term":[{"taxonomy":"product_brand","embeddable":true,"href":"https:\/\/pacotedeplanilhas.com\/loja\/wp-json\/wp\/v2\/product_brand?post=5332"},{"taxonomy":"product_cat","embeddable":true,"href":"https:\/\/pacotedeplanilhas.com\/loja\/wp-json\/wp\/v2\/product_cat?post=5332"},{"taxonomy":"product_tag","embeddable":true,"href":"https:\/\/pacotedeplanilhas.com\/loja\/wp-json\/wp\/v2\/product_tag?post=5332"}],"curies":[{"name":"wp","href":"https:\/\/api.w.org\/{rel}","templated":true}]}}