{"id":5337,"date":"2024-06-07T21:47:03","date_gmt":"2024-06-08T00:47:03","guid":{"rendered":"https:\/\/pacotedeplanilhas.com\/loja\/?post_type=product&#038;p=5337"},"modified":"2024-07-17T21:31:57","modified_gmt":"2024-07-18T00:31:57","slug":"planilha-dashboard-painel-logistico-5","status":"publish","type":"product","link":"https:\/\/pacotedeplanilhas.com\/loja\/store\/logistica\/planilha-dashboard-painel-logistico-5\/","title":{"rendered":"Planilha Dashboard Painel Log\u00edstico 5"},"content":{"rendered":"<p>FA\u00c7A O CONTROLE E ACOMPANHAMENTO DE FRETE, ENTREGA E VOLUME LOGISTICO\u00a0DA SUA EMPRESA DE MANEIRA SIMPLES E R\u00c1PIDA.<\/p>\n<p>Funcionalidades<\/p>\n<p>Listas:<\/p>\n<p>\u2013Estado, uf, capital, regi\u00e3o, capital, interior, capital, data, dia da semana, descri\u00e7\u00e3o, m\u00eas, data, dia da semana;<\/p>\n<p>Lan\u00e7amentos:<\/p>\n<p>C\u00e9lulas Manuais em branco<\/p>\n<p>\u2013Data do pedido, data da emiss\u00e3o, data da entrega, nota fiscal, uf, cidade, regi\u00e3o, valor, quantidade, frete R$, frete %, transportadora;<\/p>\n<p>C\u00e9lulas em cinza que tem preenchimento autom\u00e1tico<\/p>\n<p>\u2013Interior\/capital, prazo &#8211; dias, dias &#8211; entrega, entregue no prazo, m\u00eas, ano;<\/p>\n<p>Dashboard De Frete<\/p>\n<p>Valores totais:<\/p>\n<p>\u2013Valor total, frete total, total de notas;<\/p>\n<p>Gr\u00e1ficos:<\/p>\n<p>\u2013Frete ao ano, frete ao m\u00eas, frete por regi\u00e3o, frete por transportadora, participa\u00e7\u00e3o entre estados com maiores percentuais em frete, percentual de frete por uf;<\/p>\n<p>Os filtros em forma de Segmenta\u00e7\u00e3o de dados:<\/p>\n<p>\u2013Data de entrega, nota fiscal, uf, interior\/capital, regi\u00e3o, transportadora, cidade;<\/p>\n<p>Dashboard De Volume<\/p>\n<p>Valores totais:<\/p>\n<p>\u2013Valor total, frete total, total de notas;<\/p>\n<p>Gr\u00e1ficos:<\/p>\n<p>\u2013Volume ao ano, volume ao m\u00eas, volume por regi\u00e3o, volume por tranportadora, volume por uf;<\/p>\n<p>Os filtros em forma de Segmenta\u00e7\u00e3o de dados:<\/p>\n<p>\u2013Data de entrega, nota fiscal, uf, interior\/capital, regi\u00e3o, transportadora, cidade;<\/p>\n<p>Dashboard De Entrega<\/p>\n<p>Valores totais:<\/p>\n<p>\u2013Valor total, frete total, total de notas, no prazo x fora do prazo;<\/p>\n<p>Gr\u00e1ficos:<\/p>\n<p>\u2013Entrega no prazo x fora do prazo (ano), efici\u00eancia mensal de entrega no prazo, fora do prazo por regi\u00e3o, fora do prazo por transportadora;<\/p>\n<p>Os filtros em forma de Segmenta\u00e7\u00e3o de dados:<\/p>\n<p>\u2013Data de entrega, nota fiscal, uf, interior\/capital, regi\u00e3o, transportadora, cidade;<\/p>\n<p>Planilha 100% edit\u00e1vel<\/p>\n<p>PR\u00c9-REQUISITOS:<br \/>\nTer qualquer vers\u00e3o do EXCEL instalada no computador.<\/p>\n<p>VANTAGENS:<br \/>\nSimplicidade em usar e c\u00e1lculos precisos.<\/p>\n<p>INFORMA\u00c7\u00d5ES \u00daTEIS:<br \/>\nSuporte p\u00f3s-venda, via e-mail, para esclarecer quaisquer d\u00favidas que possam surgir. Planilha original, comercializada pelo pr\u00f3prio desenvolvedor.<\/p>\n<p>Video explicativo da planilha:<\/p>\n<div class=\"ast-oembed-container \" style=\"height: 100%;\"><iframe title=\"Planilha Dashboard Painel logistico 5\" width=\"500\" height=\"281\" src=\"https:\/\/www.youtube.com\/embed\/YFavb_W5zx0?feature=oembed\" frameborder=\"0\" allow=\"accelerometer; autoplay; clipboard-write; encrypted-media; gyroscope; picture-in-picture; web-share\" referrerpolicy=\"strict-origin-when-cross-origin\" allowfullscreen><\/iframe><\/div>\n<p>&nbsp;<\/p>\n<p>&nbsp;<\/p>\n","protected":false},"excerpt":{"rendered":"<p>FA\u00c7A O CONTROLE E ACOMPANHAMENTO DE FRETE, ENTREGA E VOLUME LOGISTICO\u00a0DA SUA EMPRESA DE MANEIRA SIMPLES E R\u00c1PIDA. Funcionalidades Listas: \u2013Estado, uf, capital, regi\u00e3o, capital, interior, capital, data, dia da semana, descri\u00e7\u00e3o, m\u00eas, data, dia da semana; Lan\u00e7amentos: C\u00e9lulas Manuais em branco \u2013Data do pedido, data da emiss\u00e3o, data da entrega, nota fiscal, uf, cidade, [&hellip;]<\/p>\n","protected":false},"featured_media":5338,"comment_status":"open","ping_status":"closed","template":"","meta":{"site-sidebar-layout":"default","site-content-layout":"default","ast-site-content-layout":"","site-content-style":"default","site-sidebar-style":"default","ast-global-header-display":"","ast-banner-title-visibility":"","ast-main-header-display":"","ast-hfb-above-header-display":"","ast-hfb-below-header-display":"","ast-hfb-mobile-header-display":"","site-post-title":"","ast-breadcrumbs-content":"","ast-featured-img":"","footer-sml-layout":"","theme-transparent-header-meta":"default","adv-header-id-meta":"","stick-header-meta":"","header-above-stick-meta":"","header-main-stick-meta":"","header-below-stick-meta":"","astra-migrate-meta-layouts":"default","ast-page-background-enabled":"default","ast-page-background-meta":{"desktop":{"background-color":"","background-image":"","background-repeat":"repeat","background-position":"center center","background-size":"auto","background-attachment":"scroll","background-type":"","background-media":"","overlay-type":"","overlay-color":"","overlay-opacity":"","overlay-gradient":""},"tablet":{"background-color":"","background-image":"","background-repeat":"repeat","background-position":"center center","background-size":"auto","background-attachment":"scroll","background-type":"","background-media":"","overlay-type":"","overlay-color":"","overlay-opacity":"","overlay-gradient":""},"mobile":{"background-color":"","background-image":"","background-repeat":"repeat","background-position":"center center","background-size":"auto","background-attachment":"scroll","background-type":"","background-media":"","overlay-type":"","overlay-color":"","overlay-opacity":"","overlay-gradient":""}},"ast-content-background-meta":{"desktop":{"background-color":"var(--ast-global-color-5)","background-image":"","background-repeat":"repeat","background-position":"center center","background-size":"auto","background-attachment":"scroll","background-type":"","background-media":"","overlay-type":"","overlay-color":"","overlay-opacity":"","overlay-gradient":""},"tablet":{"background-color":"var(--ast-global-color-5)","background-image":"","background-repeat":"repeat","background-position":"center center","background-size":"auto","background-attachment":"scroll","background-type":"","background-media":"","overlay-type":"","overlay-color":"","overlay-opacity":"","overlay-gradient":""},"mobile":{"background-color":"var(--ast-global-color-5)","background-image":"","background-repeat":"repeat","background-position":"center center","background-size":"auto","background-attachment":"scroll","background-type":"","background-media":"","overlay-type":"","overlay-color":"","overlay-opacity":"","overlay-gradient":""}}},"product_brand":[],"product_cat":[989,120],"product_tag":[512,864,857,739,508,514,863,858,862,668,865,510,860,743,856,861,623,859],"class_list":{"0":"post-5337","1":"product","2":"type-product","3":"status-publish","4":"has-post-thumbnail","6":"product_cat-logistica","7":"product_cat-planilhas-em-excel","8":"product_tag-analise-de-dados-logisticos","9":"product_tag-analise-de-desempenho-logistico","10":"product_tag-controle-de-fretes","11":"product_tag-controle-logistico","12":"product_tag-dashboard-logistico","13":"product_tag-eficiencia-operacional","14":"product_tag-gestao-de-custos-logisticos","15":"product_tag-gestao-de-entregas","16":"product_tag-gestao-de-rotas","17":"product_tag-gestao-de-transporte","18":"product_tag-gestao-de-transporte-de-carga","19":"product_tag-logistica-empresarial","20":"product_tag-operacao-de-transporte","21":"product_tag-otimizacao-logistica","22":"product_tag-planilha-dashboard","23":"product_tag-relatorios-de-transporte","24":"product_tag-relatorios-personalizados","25":"product_tag-volume-logistico","26":"desktop-align-left","27":"tablet-align-left","28":"mobile-align-left","30":"first","31":"instock","32":"virtual","33":"purchasable","34":"product-type-simple"},"_links":{"self":[{"href":"https:\/\/pacotedeplanilhas.com\/loja\/wp-json\/wp\/v2\/product\/5337","targetHints":{"allow":["GET"]}}],"collection":[{"href":"https:\/\/pacotedeplanilhas.com\/loja\/wp-json\/wp\/v2\/product"}],"about":[{"href":"https:\/\/pacotedeplanilhas.com\/loja\/wp-json\/wp\/v2\/types\/product"}],"replies":[{"embeddable":true,"href":"https:\/\/pacotedeplanilhas.com\/loja\/wp-json\/wp\/v2\/comments?post=5337"}],"version-history":[{"count":2,"href":"https:\/\/pacotedeplanilhas.com\/loja\/wp-json\/wp\/v2\/product\/5337\/revisions"}],"predecessor-version":[{"id":5346,"href":"https:\/\/pacotedeplanilhas.com\/loja\/wp-json\/wp\/v2\/product\/5337\/revisions\/5346"}],"wp:featuredmedia":[{"embeddable":true,"href":"https:\/\/pacotedeplanilhas.com\/loja\/wp-json\/wp\/v2\/media\/5338"}],"wp:attachment":[{"href":"https:\/\/pacotedeplanilhas.com\/loja\/wp-json\/wp\/v2\/media?parent=5337"}],"wp:term":[{"taxonomy":"product_brand","embeddable":true,"href":"https:\/\/pacotedeplanilhas.com\/loja\/wp-json\/wp\/v2\/product_brand?post=5337"},{"taxonomy":"product_cat","embeddable":true,"href":"https:\/\/pacotedeplanilhas.com\/loja\/wp-json\/wp\/v2\/product_cat?post=5337"},{"taxonomy":"product_tag","embeddable":true,"href":"https:\/\/pacotedeplanilhas.com\/loja\/wp-json\/wp\/v2\/product_tag?post=5337"}],"curies":[{"name":"wp","href":"https:\/\/api.w.org\/{rel}","templated":true}]}}