{"id":5382,"date":"2024-06-19T16:47:08","date_gmt":"2024-06-19T19:47:08","guid":{"rendered":"https:\/\/pacotedeplanilhas.com\/loja\/?post_type=product&#038;p=5382"},"modified":"2024-07-17T21:29:42","modified_gmt":"2024-07-18T00:29:42","slug":"planilha-dashboard-de-vendas-6","status":"publish","type":"product","link":"https:\/\/pacotedeplanilhas.com\/loja\/store\/comercial\/planilha-dashboard-de-vendas-6\/","title":{"rendered":"Planilha Dashboard De Vendas 6"},"content":{"rendered":"<p>FA\u00c7A O CONTROLE E ACOMPANHAMENTO DE VENDAS DA SUA EMPRESA DE MANEIRA SIMPLES E R\u00c1PIDA.<\/p>\n<p>Funcionalidades<\/p>\n<p>Cadastro:<\/p>\n<p>\u2013C\u00f3digo do produto, descri\u00e7\u00e3o de produto, conte\u00fado, conte\u00faudo de ecaixa, nome concession\u00e1ria, consulta, cidade;<\/p>\n<p>Lan\u00e7amentos:<\/p>\n<p>C\u00e9lulas Manuais em branco.<\/p>\n<p>\u2013Data, nome concession\u00e1ria, consulta, cidade, quantidade passagens, quantidade produtos, produto tunap, pre\u00e7o de venda, pre\u00e7o de custo;<\/p>\n<p>C\u00e9lulas em cinza que tem preenchimento autom\u00e1tico.<\/p>\n<p>\u2013Conte\u00fado, performace, m\u00eas, ano;<\/p>\n<p>O dashboard<\/p>\n<p>Valores totais:<\/p>\n<p>\u2013Faturamento total, custo total, lucro bruto, quantidade passagens, quantidade produtos, performace;<\/p>\n<p>Gr\u00e1ficos:<\/p>\n<p>\u2013Faturamento x custo mensal, faturamento por vendedor, performace mensal, top 10 produtos por faturamento;<\/p>\n<p>Os filtros em forma de Segmenta\u00e7\u00e3o de dados:<\/p>\n<p>\u2013Ano, m\u00eas, consultor\/a, nome concession\u00e1ria, produt tunap, cidade;<\/p>\n<p>Planilha 100% edit\u00e1vel<\/p>\n<p>PR\u00c9-REQUISITOS:<br \/>\nTer qualquer vers\u00e3o do EXCEL instalada no computador.<\/p>\n<p>VANTAGENS:<br \/>\nSimplicidade em usar e c\u00e1lculos precisos.<\/p>\n<p>INFORMA\u00c7\u00d5ES \u00daTEIS:<br \/>\nSuporte p\u00f3s-venda, via e-mail, para esclarecer quaisquer d\u00favidas que possam surgir. Planilha original, comercializada pelo pr\u00f3prio desenvolvedor.<\/p>\n<p>Video explicativo da planilha:<\/p>\n<div class=\"ast-oembed-container \" style=\"height: 100%;\"><iframe title=\"Planilha Dashboard de Vendas 6\" width=\"500\" height=\"281\" src=\"https:\/\/www.youtube.com\/embed\/UMjxbkWHIhE?feature=oembed\" frameborder=\"0\" allow=\"accelerometer; autoplay; clipboard-write; encrypted-media; gyroscope; picture-in-picture; web-share\" referrerpolicy=\"strict-origin-when-cross-origin\" allowfullscreen><\/iframe><\/div>\n<p>&nbsp;<\/p>\n","protected":false},"excerpt":{"rendered":"<p>FA\u00c7A O CONTROLE E ACOMPANHAMENTO DE VENDAS DA SUA EMPRESA DE MANEIRA SIMPLES E R\u00c1PIDA. Funcionalidades Cadastro: \u2013C\u00f3digo do produto, descri\u00e7\u00e3o de produto, conte\u00fado, conte\u00faudo de ecaixa, nome concession\u00e1ria, consulta, cidade; Lan\u00e7amentos: C\u00e9lulas Manuais em branco. \u2013Data, nome concession\u00e1ria, consulta, cidade, quantidade passagens, quantidade produtos, produto tunap, pre\u00e7o de venda, pre\u00e7o de custo; C\u00e9lulas em [&hellip;]<\/p>\n","protected":false},"featured_media":5383,"comment_status":"open","ping_status":"closed","template":"","meta":{"site-sidebar-layout":"default","site-content-layout":"default","ast-site-content-layout":"","site-content-style":"default","site-sidebar-style":"default","ast-global-header-display":"","ast-banner-title-visibility":"","ast-main-header-display":"","ast-hfb-above-header-display":"","ast-hfb-below-header-display":"","ast-hfb-mobile-header-display":"","site-post-title":"","ast-breadcrumbs-content":"","ast-featured-img":"","footer-sml-layout":"","theme-transparent-header-meta":"default","adv-header-id-meta":"","stick-header-meta":"","header-above-stick-meta":"","header-main-stick-meta":"","header-below-stick-meta":"","astra-migrate-meta-layouts":"default","ast-page-background-enabled":"default","ast-page-background-meta":{"desktop":{"background-color":"","background-image":"","background-repeat":"repeat","background-position":"center center","background-size":"auto","background-attachment":"scroll","background-type":"","background-media":"","overlay-type":"","overlay-color":"","overlay-opacity":"","overlay-gradient":""},"tablet":{"background-color":"","background-image":"","background-repeat":"repeat","background-position":"center center","background-size":"auto","background-attachment":"scroll","background-type":"","background-media":"","overlay-type":"","overlay-color":"","overlay-opacity":"","overlay-gradient":""},"mobile":{"background-color":"","background-image":"","background-repeat":"repeat","background-position":"center center","background-size":"auto","background-attachment":"scroll","background-type":"","background-media":"","overlay-type":"","overlay-color":"","overlay-opacity":"","overlay-gradient":""}},"ast-content-background-meta":{"desktop":{"background-color":"var(--ast-global-color-5)","background-image":"","background-repeat":"repeat","background-position":"center center","background-size":"auto","background-attachment":"scroll","background-type":"","background-media":"","overlay-type":"","overlay-color":"","overlay-opacity":"","overlay-gradient":""},"tablet":{"background-color":"var(--ast-global-color-5)","background-image":"","background-repeat":"repeat","background-position":"center center","background-size":"auto","background-attachment":"scroll","background-type":"","background-media":"","overlay-type":"","overlay-color":"","overlay-opacity":"","overlay-gradient":""},"mobile":{"background-color":"var(--ast-global-color-5)","background-image":"","background-repeat":"repeat","background-position":"center center","background-size":"auto","background-attachment":"scroll","background-type":"","background-media":"","overlay-type":"","overlay-color":"","overlay-opacity":"","overlay-gradient":""}}},"product_brand":[],"product_cat":[998,120],"product_tag":[489,535,429,124,710,703,705,711,706,707,702,708,704,169],"class_list":{"0":"post-5382","1":"product","2":"type-product","3":"status-publish","4":"has-post-thumbnail","6":"product_cat-comercial","7":"product_cat-planilhas-em-excel","8":"product_tag-acompanhamento-de-vendas","9":"product_tag-analise-de-vendas","10":"product_tag-controle-de-vendas","11":"product_tag-dashboard","12":"product_tag-eficiencia-de-vendas","13":"product_tag-gestao-de-vendas","14":"product_tag-indicadores-de-vendas","15":"product_tag-lanilha","16":"product_tag-metricas-de-vendas","17":"product_tag-otimizacao-de-vendas","18":"product_tag-performance-de-vendas","19":"product_tag-planejamento-de-vendas","20":"product_tag-relatorios-de-vendas","21":"product_tag-vendas","22":"desktop-align-left","23":"tablet-align-left","24":"mobile-align-left","26":"first","27":"instock","28":"virtual","29":"purchasable","30":"product-type-simple"},"_links":{"self":[{"href":"https:\/\/pacotedeplanilhas.com\/loja\/wp-json\/wp\/v2\/product\/5382","targetHints":{"allow":["GET"]}}],"collection":[{"href":"https:\/\/pacotedeplanilhas.com\/loja\/wp-json\/wp\/v2\/product"}],"about":[{"href":"https:\/\/pacotedeplanilhas.com\/loja\/wp-json\/wp\/v2\/types\/product"}],"replies":[{"embeddable":true,"href":"https:\/\/pacotedeplanilhas.com\/loja\/wp-json\/wp\/v2\/comments?post=5382"}],"version-history":[{"count":2,"href":"https:\/\/pacotedeplanilhas.com\/loja\/wp-json\/wp\/v2\/product\/5382\/revisions"}],"predecessor-version":[{"id":5388,"href":"https:\/\/pacotedeplanilhas.com\/loja\/wp-json\/wp\/v2\/product\/5382\/revisions\/5388"}],"wp:featuredmedia":[{"embeddable":true,"href":"https:\/\/pacotedeplanilhas.com\/loja\/wp-json\/wp\/v2\/media\/5383"}],"wp:attachment":[{"href":"https:\/\/pacotedeplanilhas.com\/loja\/wp-json\/wp\/v2\/media?parent=5382"}],"wp:term":[{"taxonomy":"product_brand","embeddable":true,"href":"https:\/\/pacotedeplanilhas.com\/loja\/wp-json\/wp\/v2\/product_brand?post=5382"},{"taxonomy":"product_cat","embeddable":true,"href":"https:\/\/pacotedeplanilhas.com\/loja\/wp-json\/wp\/v2\/product_cat?post=5382"},{"taxonomy":"product_tag","embeddable":true,"href":"https:\/\/pacotedeplanilhas.com\/loja\/wp-json\/wp\/v2\/product_tag?post=5382"}],"curies":[{"name":"wp","href":"https:\/\/api.w.org\/{rel}","templated":true}]}}