{"id":5433,"date":"2024-07-05T22:09:28","date_gmt":"2024-07-06T01:09:28","guid":{"rendered":"https:\/\/pacotedeplanilhas.com\/loja\/?post_type=product&#038;p=5433"},"modified":"2024-07-17T21:24:09","modified_gmt":"2024-07-18T00:24:09","slug":"planilha-dashboard-gestao-de-frotas-1-3","status":"publish","type":"product","link":"https:\/\/pacotedeplanilhas.com\/loja\/store\/logistica\/planilha-dashboard-gestao-de-frotas-1-3\/","title":{"rendered":"Planilha Dashboard Gest\u00e3o de Frotas &#8211; 1.3"},"content":{"rendered":"<p>FA\u00c7A O CONTROLE E ACOMPANHAMENTO DE GEST\u00c3O DE FROTAS DA SUA EMPRESA DE MANEIRA SIMPLES E R\u00c1PIDA.<\/p>\n<p>Funcionalidades<\/p>\n<p>Cadastro:<\/p>\n<p>\u2013Ve\u00edculo, placa, local, filial, motorista;<\/p>\n<p>Lan\u00e7amentos<\/p>\n<p>C\u00e9lulas manuais em branco<\/p>\n<p>\u2013Data, ve\u00edculo, filial, local, motorista, km rodado, comb\u00fastivel, manuten\u00e7\u00e3o corretiva, manuten\u00e7\u00e3o preventiva, pe\u00e7as de reposi\u00e7\u00e3o, ped\u00e1gio, multa, licenciamento, ipva, descri\u00e7\u00e3o;<\/p>\n<p>C\u00e9lulas em cinza que tem preenchimento autom\u00e1tico<\/p>\n<p>\u2013M\u00eas, ano, placa, total;<\/p>\n<p>Relat\u00f3rio:<\/p>\n<p>C\u00e9lulas em cinza que tem preenchimento autom\u00e1tico<\/p>\n<p>\u2013M\u00eas, local, filial, Ve\u00edculo, placa, descri\u00e7\u00e3o, ipva, licenciamento, multa, ped\u00e1gio, pe\u00e7as de reposi\u00e7\u00e3o, manuten\u00e7\u00e3o preventiva, manuten\u00e7\u00e3o corretiva, comb\u00fastivel, total;<\/p>\n<p>Dashboard Geral<\/p>\n<p>Valores totais:<\/p>\n<p>\u2013Gastos totais, manuten\u00e7\u00e3o preventiva, pe\u00e7as de reposi\u00e7\u00e3o, multa, licenciamento, comb\u00fastivel, manuten\u00e7\u00e3o corretiva, ped\u00e1gio, ipva, km rodado;<\/p>\n<p>Gr\u00e1ficos:<\/p>\n<p>\u2013Gastos por regi\u00e3o, gastos por filial, gastos por ve\u00edculo, gastos por motorista;<\/p>\n<p>Filtros em forma de segmenta\u00e7\u00e3o de dados<\/p>\n<p>\u2013Ano, m\u00eas, ve\u00edculo, filial, local, motorista, descri\u00e7\u00e3o;<\/p>\n<p>Dashboard Mensal<\/p>\n<p>Gr\u00e1ficos:<\/p>\n<p>\u2013Gastos totais, comb\u00fastivel;<\/p>\n<p>Filtros em forma de segmenta\u00e7\u00e3o de dados<\/p>\n<p>\u2013Ano, ve\u00edculo, local, filial;<\/p>\n<p>Planilha 100% edit\u00e1vel<\/p>\n<p>PR\u00c9-REQUISITOS:<br \/>\nTer qualquer vers\u00e3o do EXCEL instalada no computador.<\/p>\n<p>VANTAGENS:<br \/>\nSimplicidade em usar e c\u00e1lculos precisos.<\/p>\n<p>INFORMA\u00c7\u00d5ES \u00daTEIS:<br \/>\nSuporte p\u00f3s-venda, via e-mail, para esclarecer quaisquer d\u00favidas que possam surgir. Planilha original, comercializada pelo pr\u00f3prio desenvolvedor.<\/p>\n<p>Video explicativo da planilha:<\/p>\n<div class=\"ast-oembed-container \" style=\"height: 100%;\"><iframe title=\"Planilha Dashboard Gest\u00e3o de Frota 1.3\" width=\"500\" height=\"281\" src=\"https:\/\/www.youtube.com\/embed\/cEbCbcASA10?feature=oembed\" frameborder=\"0\" allow=\"accelerometer; autoplay; clipboard-write; encrypted-media; gyroscope; picture-in-picture; web-share\" referrerpolicy=\"strict-origin-when-cross-origin\" allowfullscreen><\/iframe><\/div>\n","protected":false},"excerpt":{"rendered":"<p>FA\u00c7A O CONTROLE E ACOMPANHAMENTO DE GEST\u00c3O DE FROTAS DA SUA EMPRESA DE MANEIRA SIMPLES E R\u00c1PIDA. Funcionalidades Cadastro: \u2013Ve\u00edculo, placa, local, filial, motorista; Lan\u00e7amentos C\u00e9lulas manuais em branco \u2013Data, ve\u00edculo, filial, local, motorista, km rodado, comb\u00fastivel, manuten\u00e7\u00e3o corretiva, manuten\u00e7\u00e3o preventiva, pe\u00e7as de reposi\u00e7\u00e3o, ped\u00e1gio, multa, licenciamento, ipva, descri\u00e7\u00e3o; C\u00e9lulas em cinza que tem preenchimento [&hellip;]<\/p>\n","protected":false},"featured_media":5434,"comment_status":"open","ping_status":"closed","template":"","meta":{"site-sidebar-layout":"default","site-content-layout":"default","ast-site-content-layout":"","site-content-style":"default","site-sidebar-style":"default","ast-global-header-display":"","ast-banner-title-visibility":"","ast-main-header-display":"","ast-hfb-above-header-display":"","ast-hfb-below-header-display":"","ast-hfb-mobile-header-display":"","site-post-title":"","ast-breadcrumbs-content":"","ast-featured-img":"","footer-sml-layout":"","theme-transparent-header-meta":"default","adv-header-id-meta":"","stick-header-meta":"","header-above-stick-meta":"","header-main-stick-meta":"","header-below-stick-meta":"","astra-migrate-meta-layouts":"default","ast-page-background-enabled":"default","ast-page-background-meta":{"desktop":{"background-color":"","background-image":"","background-repeat":"repeat","background-position":"center center","background-size":"auto","background-attachment":"scroll","background-type":"","background-media":"","overlay-type":"","overlay-color":"","overlay-opacity":"","overlay-gradient":""},"tablet":{"background-color":"","background-image":"","background-repeat":"repeat","background-position":"center center","background-size":"auto","background-attachment":"scroll","background-type":"","background-media":"","overlay-type":"","overlay-color":"","overlay-opacity":"","overlay-gradient":""},"mobile":{"background-color":"","background-image":"","background-repeat":"repeat","background-position":"center center","background-size":"auto","background-attachment":"scroll","background-type":"","background-media":"","overlay-type":"","overlay-color":"","overlay-opacity":"","overlay-gradient":""}},"ast-content-background-meta":{"desktop":{"background-color":"var(--ast-global-color-5)","background-image":"","background-repeat":"repeat","background-position":"center center","background-size":"auto","background-attachment":"scroll","background-type":"","background-media":"","overlay-type":"","overlay-color":"","overlay-opacity":"","overlay-gradient":""},"tablet":{"background-color":"var(--ast-global-color-5)","background-image":"","background-repeat":"repeat","background-position":"center center","background-size":"auto","background-attachment":"scroll","background-type":"","background-media":"","overlay-type":"","overlay-color":"","overlay-opacity":"","overlay-gradient":""},"mobile":{"background-color":"var(--ast-global-color-5)","background-image":"","background-repeat":"repeat","background-position":"center center","background-size":"auto","background-attachment":"scroll","background-type":"","background-media":"","overlay-type":"","overlay-color":"","overlay-opacity":"","overlay-gradient":""}}},"product_brand":[],"product_cat":[989,120],"product_tag":[921,285,872,468,909,446,922,915,929,924,514,689,469,927,862,668,931,925,471,928,917,916,913,919,926,604,930,912,914,923,918,848,920],"class_list":{"0":"post-5433","1":"product","2":"type-product","3":"status-publish","4":"has-post-thumbnail","6":"product_cat-logistica","7":"product_cat-planilhas-em-excel","8":"product_tag-analise-de-frotas","9":"product_tag-controle-de-combustivel","10":"product_tag-controle-de-custos","11":"product_tag-controle-de-frotas","12":"product_tag-controle-de-manutencao","13":"product_tag-controle-de-veiculos","14":"product_tag-custos-operacionais","15":"product_tag-dashboard-de-frotas","16":"product_tag-dashboard-de-manutencao","17":"product_tag-eficiencia-de-frotas","18":"product_tag-eficiencia-operacional","19":"product_tag-gestao-de-ativos","20":"product_tag-gestao-de-frotas","21":"product_tag-gestao-de-operacoes","22":"product_tag-gestao-de-rotas","23":"product_tag-gestao-de-transporte","24":"product_tag-gestao-de-transporte-empresarial","25":"product_tag-gestao-de-transportes","26":"product_tag-gestao-de-veiculos","27":"product_tag-inspecao-de-veiculos","28":"product_tag-logistica-de-frotas","29":"product_tag-manutencao-de-frotas","30":"product_tag-monitoramento-de-frotas","31":"product_tag-otimizacao-de-frotas","32":"product_tag-performance-de-frotas","33":"product_tag-planilha-de-controle","34":"product_tag-planilha-de-desempenho","35":"product_tag-planilha-de-frotas","36":"product_tag-planilha-de-gestao-de-frotas","37":"product_tag-planilha-de-logistica","38":"product_tag-planilha-de-monitoramento","39":"product_tag-rastreamento-de-veiculos","40":"product_tag-seguranca-veicular","41":"desktop-align-left","42":"tablet-align-left","43":"mobile-align-left","45":"first","46":"instock","47":"virtual","48":"purchasable","49":"product-type-simple"},"_links":{"self":[{"href":"https:\/\/pacotedeplanilhas.com\/loja\/wp-json\/wp\/v2\/product\/5433","targetHints":{"allow":["GET"]}}],"collection":[{"href":"https:\/\/pacotedeplanilhas.com\/loja\/wp-json\/wp\/v2\/product"}],"about":[{"href":"https:\/\/pacotedeplanilhas.com\/loja\/wp-json\/wp\/v2\/types\/product"}],"replies":[{"embeddable":true,"href":"https:\/\/pacotedeplanilhas.com\/loja\/wp-json\/wp\/v2\/comments?post=5433"}],"version-history":[{"count":2,"href":"https:\/\/pacotedeplanilhas.com\/loja\/wp-json\/wp\/v2\/product\/5433\/revisions"}],"predecessor-version":[{"id":5446,"href":"https:\/\/pacotedeplanilhas.com\/loja\/wp-json\/wp\/v2\/product\/5433\/revisions\/5446"}],"wp:featuredmedia":[{"embeddable":true,"href":"https:\/\/pacotedeplanilhas.com\/loja\/wp-json\/wp\/v2\/media\/5434"}],"wp:attachment":[{"href":"https:\/\/pacotedeplanilhas.com\/loja\/wp-json\/wp\/v2\/media?parent=5433"}],"wp:term":[{"taxonomy":"product_brand","embeddable":true,"href":"https:\/\/pacotedeplanilhas.com\/loja\/wp-json\/wp\/v2\/product_brand?post=5433"},{"taxonomy":"product_cat","embeddable":true,"href":"https:\/\/pacotedeplanilhas.com\/loja\/wp-json\/wp\/v2\/product_cat?post=5433"},{"taxonomy":"product_tag","embeddable":true,"href":"https:\/\/pacotedeplanilhas.com\/loja\/wp-json\/wp\/v2\/product_tag?post=5433"}],"curies":[{"name":"wp","href":"https:\/\/api.w.org\/{rel}","templated":true}]}}