{"id":5463,"date":"2024-07-11T14:16:07","date_gmt":"2024-07-11T17:16:07","guid":{"rendered":"https:\/\/pacotedeplanilhas.com\/loja\/?post_type=product&#038;p=5463"},"modified":"2024-07-19T14:24:27","modified_gmt":"2024-07-19T17:24:27","slug":"planilha-dashboard-geracao-energia-solar","status":"publish","type":"product","link":"https:\/\/pacotedeplanilhas.com\/loja\/store\/manutencao\/planilha-dashboard-geracao-energia-solar\/","title":{"rendered":"Planilha Dashboard Gera\u00e7\u00e3o Energia Solar"},"content":{"rendered":"<p>FA\u00c7A O CONTROLE E ACOMPANHAMENTO DE GERA\u00c7\u00c3O DE ENERGIA SOLAR\u00a0 DA SUA EMPRESA DE MANEIRA SIMPLES E R\u00c1PIDA.<\/p>\n<p>Funcionalidades<\/p>\n<p>Cadastro:<\/p>\n<p>\u2013Usinas, equipamentos;<\/p>\n<p>Lan\u00e7amentos Gera\u00e7\u00e3o<\/p>\n<p>C\u00e9lulas manuais em branco<\/p>\n<p>\u2013Data, usina, fusion solar, rele de prote\u00e7\u00e3o, proje\u00e7\u00e3o, Pr fusionsolar, Pr gera\u00e7\u00e3o rele de prote\u00e7\u00e3o, ratio;<\/p>\n<p>C\u00e9lulas em cinza que tem preenchimento autom\u00e1tico<\/p>\n<p>\u2013M\u00eas, ano;<\/p>\n<p>Lan\u00e7amentos Falhas<\/p>\n<p>C\u00e9lulas manuais em branco<\/p>\n<p>\u2013Data, usina, equipamento, horas flha, descri\u00e7\u00e3o;<\/p>\n<p><span style=\"font-size: 16px;\">C\u00e9lulas em cinza que tem preenchimento autom\u00e1tico<\/span><\/p>\n<p>\u2013Horas decimal, m\u00eas, ano;<\/p>\n<p>Lan\u00e7amentos Limpeza<\/p>\n<p>\u2013Data da vist\u00f3ria, usina, vegeta\u00e7\u00e3o, acero, m\u00f3dulo, caixa d&#8217;gua, data ro\u00e7agem, data limpeza aceiro, data limpeza, m\u00f3dulo, data abastecimento \u00e1gua, a\u00e7\u00f5es;<\/p>\n<p><span style=\"font-size: 16px;\">C\u00e9lulas em cinza que tem preenchimento autom\u00e1tico<\/span><\/p>\n<p>\u2013M\u00eas, ano;<\/p>\n<p>Dashboard 01<\/p>\n<p>Valores totais:<\/p>\n<p>\u2013Fusion solar MWh, projetado MWh;<\/p>\n<p>Gr\u00e1ficos:<\/p>\n<p>\u2013Gera\u00e7\u00e3o mensal fusion solar MWh, gera\u00e7\u00e3o fusion solar MWh por usina, pr fusion solar por usina, pr rele de prote\u00e7\u00e3o por usina, ratio por usina;<\/p>\n<p>Filtros em forma de segmenta\u00e7\u00e3o de dados<\/p>\n<p>\u2013Ano, m\u00eas, usina;<\/p>\n<p>Dashboard 02<\/p>\n<p>Valores totais:<\/p>\n<p>\u2013Tempo de manuten\u00e7\u00e3o;<\/p>\n<p>Gr\u00e1ficos:<\/p>\n<p>\u2013Tempo de manuten\u00e7\u00e3o di\u00e1rio (todas as usinas), tempo de manuten\u00e7\u00e3o por usina, tempo de manuten\u00e7\u00e3o por falha;<\/p>\n<p>Filtros em forma de segmenta\u00e7\u00e3o de dados<\/p>\n<p>\u2013Ano, m\u00eas, usina, equipamento, data;<\/p>\n<p>Dashboard 03<\/p>\n<p>Valores totais:<\/p>\n<p>\u2013Quantiadde de a\u00e7\u00f5es;<\/p>\n<p>Gr\u00e1ficos:<\/p>\n<p>\u2013A\u00e7\u00f5es mensais, a\u00e7\u00f5es por usina;<\/p>\n<p>Tabela din\u00e2mica:<\/p>\n<p>\u2013Usina, vegeta\u00e7\u00e3o, acero, m\u00f3dulo, caixa d&#8217;gua, data ro\u00e7agem, data limpeza aceiro, data limpeza, m\u00f3dulo, data abastecimento \u00e1gua, m\u00eas, a\u00e7\u00f5es;<\/p>\n<p>Planilha 100% edit\u00e1vel<\/p>\n<p>PR\u00c9-REQUISITOS:<br \/>\nTer qualquer vers\u00e3o do EXCEL instalada no computador.<\/p>\n<p>VANTAGENS:<br \/>\nSimplicidade em usar e c\u00e1lculos precisos.<\/p>\n<p>INFORMA\u00c7\u00d5ES \u00daTEIS:<br \/>\nSuporte p\u00f3s-venda, via e-mail, para esclarecer quaisquer d\u00favidas que possam surgir. Planilha original, comercializada pelo pr\u00f3prio desenvolvedor.<\/p>\n<p>Video explicativo da planilha:<\/p>\n","protected":false},"excerpt":{"rendered":"<p>FA\u00c7A O CONTROLE E ACOMPANHAMENTO DE GERA\u00c7\u00c3O DE ENERGIA SOLAR\u00a0 DA SUA EMPRESA DE MANEIRA SIMPLES E R\u00c1PIDA. Funcionalidades Cadastro: \u2013Usinas, equipamentos; Lan\u00e7amentos Gera\u00e7\u00e3o C\u00e9lulas manuais em branco \u2013Data, usina, fusion solar, rele de prote\u00e7\u00e3o, proje\u00e7\u00e3o, Pr fusionsolar, Pr gera\u00e7\u00e3o rele de prote\u00e7\u00e3o, ratio; C\u00e9lulas em cinza que tem preenchimento autom\u00e1tico \u2013M\u00eas, ano; Lan\u00e7amentos Falhas [&hellip;]<\/p>\n","protected":false},"featured_media":5464,"comment_status":"open","ping_status":"closed","template":"","meta":{"site-sidebar-layout":"default","site-content-layout":"default","ast-site-content-layout":"","site-content-style":"default","site-sidebar-style":"default","ast-global-header-display":"","ast-banner-title-visibility":"","ast-main-header-display":"","ast-hfb-above-header-display":"","ast-hfb-below-header-display":"","ast-hfb-mobile-header-display":"","site-post-title":"","ast-breadcrumbs-content":"","ast-featured-img":"","footer-sml-layout":"","theme-transparent-header-meta":"default","adv-header-id-meta":"","stick-header-meta":"","header-above-stick-meta":"","header-main-stick-meta":"","header-below-stick-meta":"","astra-migrate-meta-layouts":"default","ast-page-background-enabled":"default","ast-page-background-meta":{"desktop":{"background-color":"","background-image":"","background-repeat":"repeat","background-position":"center center","background-size":"auto","background-attachment":"scroll","background-type":"","background-media":"","overlay-type":"","overlay-color":"","overlay-opacity":"","overlay-gradient":""},"tablet":{"background-color":"","background-image":"","background-repeat":"repeat","background-position":"center center","background-size":"auto","background-attachment":"scroll","background-type":"","background-media":"","overlay-type":"","overlay-color":"","overlay-opacity":"","overlay-gradient":""},"mobile":{"background-color":"","background-image":"","background-repeat":"repeat","background-position":"center center","background-size":"auto","background-attachment":"scroll","background-type":"","background-media":"","overlay-type":"","overlay-color":"","overlay-opacity":"","overlay-gradient":""}},"ast-content-background-meta":{"desktop":{"background-color":"var(--ast-global-color-5)","background-image":"","background-repeat":"repeat","background-position":"center center","background-size":"auto","background-attachment":"scroll","background-type":"","background-media":"","overlay-type":"","overlay-color":"","overlay-opacity":"","overlay-gradient":""},"tablet":{"background-color":"var(--ast-global-color-5)","background-image":"","background-repeat":"repeat","background-position":"center center","background-size":"auto","background-attachment":"scroll","background-type":"","background-media":"","overlay-type":"","overlay-color":"","overlay-opacity":"","overlay-gradient":""},"mobile":{"background-color":"var(--ast-global-color-5)","background-image":"","background-repeat":"repeat","background-position":"center center","background-size":"auto","background-attachment":"scroll","background-type":"","background-media":"","overlay-type":"","overlay-color":"","overlay-opacity":"","overlay-gradient":""}}},"product_brand":[],"product_cat":[993,120,992],"product_tag":[968,962,970,956,961,955,965,963,966,957,967,958,960,964,954,959,969],"class_list":{"0":"post-5463","1":"product","2":"type-product","3":"status-publish","4":"has-post-thumbnail","6":"product_cat-manutencao","7":"product_cat-planilhas-em-excel","8":"product_cat-producao","9":"product_tag-acompanhamento-de-energia-solar","10":"product_tag-analise-de-dados-de-energia-solar","11":"product_tag-automacao-de-controle-solar","12":"product_tag-controle-de-energia-solar","13":"product_tag-controle-de-geracao-solar","14":"product_tag-dashboard-de-energia-solar","15":"product_tag-dashboard-excel-energia","16":"product_tag-eficiencia-energetica-solar","17":"product_tag-ferramenta-de-controle-de-energia-solar","18":"product_tag-gestao-de-energia-solar","19":"product_tag-gestao-de-sistemas-solares","20":"product_tag-monitoramento-de-energia-solar","21":"product_tag-otimizacao-de-energia-solar","22":"product_tag-planilha-de-controle-solar","23":"product_tag-planilha-de-geracao-de-energia-solar","24":"product_tag-planilha-excel-energia-solar","25":"product_tag-relatorios-de-energia-solar","26":"desktop-align-left","27":"tablet-align-left","28":"mobile-align-left","30":"first","31":"instock","32":"virtual","33":"purchasable","34":"product-type-simple"},"_links":{"self":[{"href":"https:\/\/pacotedeplanilhas.com\/loja\/wp-json\/wp\/v2\/product\/5463","targetHints":{"allow":["GET"]}}],"collection":[{"href":"https:\/\/pacotedeplanilhas.com\/loja\/wp-json\/wp\/v2\/product"}],"about":[{"href":"https:\/\/pacotedeplanilhas.com\/loja\/wp-json\/wp\/v2\/types\/product"}],"replies":[{"embeddable":true,"href":"https:\/\/pacotedeplanilhas.com\/loja\/wp-json\/wp\/v2\/comments?post=5463"}],"version-history":[{"count":1,"href":"https:\/\/pacotedeplanilhas.com\/loja\/wp-json\/wp\/v2\/product\/5463\/revisions"}],"predecessor-version":[{"id":5472,"href":"https:\/\/pacotedeplanilhas.com\/loja\/wp-json\/wp\/v2\/product\/5463\/revisions\/5472"}],"wp:featuredmedia":[{"embeddable":true,"href":"https:\/\/pacotedeplanilhas.com\/loja\/wp-json\/wp\/v2\/media\/5464"}],"wp:attachment":[{"href":"https:\/\/pacotedeplanilhas.com\/loja\/wp-json\/wp\/v2\/media?parent=5463"}],"wp:term":[{"taxonomy":"product_brand","embeddable":true,"href":"https:\/\/pacotedeplanilhas.com\/loja\/wp-json\/wp\/v2\/product_brand?post=5463"},{"taxonomy":"product_cat","embeddable":true,"href":"https:\/\/pacotedeplanilhas.com\/loja\/wp-json\/wp\/v2\/product_cat?post=5463"},{"taxonomy":"product_tag","embeddable":true,"href":"https:\/\/pacotedeplanilhas.com\/loja\/wp-json\/wp\/v2\/product_tag?post=5463"}],"curies":[{"name":"wp","href":"https:\/\/api.w.org\/{rel}","templated":true}]}}