{"id":5474,"date":"2024-07-16T21:52:10","date_gmt":"2024-07-17T00:52:10","guid":{"rendered":"https:\/\/pacotedeplanilhas.com\/loja\/?post_type=product&#038;p=5474"},"modified":"2024-07-17T21:22:40","modified_gmt":"2024-07-18T00:22:40","slug":"projeto-power-bi-controle-de-multas-e-infracoes","status":"publish","type":"product","link":"https:\/\/pacotedeplanilhas.com\/loja\/store\/logistica\/projeto-power-bi-controle-de-multas-e-infracoes\/","title":{"rendered":"Projeto Power BI Controle De Multas E Infra\u00e7\u00f5es"},"content":{"rendered":"<p>FA\u00c7A O CONTROLE E ACOMPANHAMENTO DE MULTAS E INFRA\u00c7\u00d5ES DA SUA EMPRESA DE MANEIRA SIMPLES E R\u00c1PIDA.<\/p>\n<p>Funcionalidades<\/p>\n<p>Cadastros<\/p>\n<p>\u2013Condutor, cargo, empresa, unidade, tipo de ve\u00edculas, placa do ve\u00edculo, c\u00f3digo da infra\u00e7\u00e3o, pontua\u00e7\u00e3o, org\u00e3o infrator, status;<\/p>\n<p>Lan\u00e7amentos<\/p>\n<p>C\u00e9lulas manuais em branco<\/p>\n<p>\u2013N\u00b0, condutor, unidade, tipo de ve\u00edculo, placa do ve\u00edculo, data da verifica\u00e7\u00e3o, c\u00f3digo da infra\u00e7\u00e3o, pontua\u00e7\u00e3o, valor da multa, processamento, org\u00e3o infrator, data da infra\u00e7\u00e3o, hora da infra\u00e7\u00e3o, local da infra\u00e7\u00e3o, cidade, uf, vencimento da infra\u00e7\u00e3o, status;<\/p>\n<p>C\u00e9lulas manuais em cinza possui preenchimento autom\u00e1tico<\/p>\n<p>\u2013Cargo, empresa;<\/p>\n<p>Dashboard Infra\u00e7\u00f5es<\/p>\n<p>Valores totais:<\/p>\n<p>\u2013Quantidade total infra\u00e7\u00f5es, quantidade condutores, valores total das multas, valor total de pontos;<\/p>\n<p>Gr\u00e1ficos:<\/p>\n<p>\u2013Infra\u00e7\u00f5es por placa do ve\u00edculo, infra\u00e7\u00f5es por condutos, infra\u00e7\u00f5es por estado, infra\u00e7oes por c\u00f3digo da infra\u00e7\u00e3o, pntua\u00e7\u00e3o por condutor, infra\u00e7\u00f5es por unidade;<\/p>\n<p>Os filtros em forma de Segmenta\u00e7\u00e3o de dados:<\/p>\n<p>\u2013Ano, m\u00eas, estado, unidade, placa ve\u00edculo, condutor, status, empresa;<\/p>\n<p>Dashboard Financeiro<\/p>\n<p>Valores totais:<\/p>\n<p>\u2013Quantidade total infra\u00e7\u00f5es, quantidade condutores, valores total das multas, valor total de pontos;<\/p>\n<p>Gr\u00e1ficos:<\/p>\n<p>\u2013Valor das multas por m\u00eas, valor das multas por estado, valor das multas por condutor, valor das multas por unidade;<\/p>\n<p>Os filtros em forma de Segmenta\u00e7\u00e3o de dados:<\/p>\n<p>\u2013Ano, m\u00eas, estado, unidade, placa ve\u00edculo, condutor, status, empresa;<\/p>\n<p>Planilha 100% edit\u00e1vel<\/p>\n<p>PR\u00c9-REQUISITOS:<br \/>\nTer qualquer vers\u00e3o do EXCEL instalada no computador e Power BI desktop.<\/p>\n<p>VANTAGENS:<br \/>\nSimplicidade em usar e c\u00e1lculos precisos.<\/p>\n<p>INFORMA\u00c7\u00d5ES \u00daTEIS:<br \/>\nSuporte p\u00f3s-venda, via e-mail, para esclarecer quaisquer d\u00favidas que possam surgir. Planilha original, comercializada pelo pr\u00f3prio desenvolvedor.<\/p>\n<p>Video explicativo da planilha:<\/p>\n<div class=\"ast-oembed-container \" style=\"height: 100%;\"><iframe title=\"Projeto em Power BI - Controle de multas e infra\u00e7\u00f5es\" width=\"500\" height=\"281\" src=\"https:\/\/www.youtube.com\/embed\/5ym7nZ3yfCU?feature=oembed\" frameborder=\"0\" allow=\"accelerometer; autoplay; clipboard-write; encrypted-media; gyroscope; picture-in-picture; web-share\" referrerpolicy=\"strict-origin-when-cross-origin\" allowfullscreen><\/iframe><\/div>\n<p>&nbsp;<\/p>\n","protected":false},"excerpt":{"rendered":"<p>FA\u00c7A O CONTROLE E ACOMPANHAMENTO DE MULTAS E INFRA\u00c7\u00d5ES DA SUA EMPRESA DE MANEIRA SIMPLES E R\u00c1PIDA. Funcionalidades Cadastros \u2013Condutor, cargo, empresa, unidade, tipo de ve\u00edculas, placa do ve\u00edculo, c\u00f3digo da infra\u00e7\u00e3o, pontua\u00e7\u00e3o, org\u00e3o infrator, status; Lan\u00e7amentos C\u00e9lulas manuais em branco \u2013N\u00b0, condutor, unidade, tipo de ve\u00edculo, placa do ve\u00edculo, data da verifica\u00e7\u00e3o, c\u00f3digo da [&hellip;]<\/p>\n","protected":false},"featured_media":5475,"comment_status":"open","ping_status":"closed","template":"","meta":{"site-sidebar-layout":"default","site-content-layout":"default","ast-site-content-layout":"","site-content-style":"default","site-sidebar-style":"default","ast-global-header-display":"","ast-banner-title-visibility":"","ast-main-header-display":"","ast-hfb-above-header-display":"","ast-hfb-below-header-display":"","ast-hfb-mobile-header-display":"","site-post-title":"","ast-breadcrumbs-content":"","ast-featured-img":"","footer-sml-layout":"","theme-transparent-header-meta":"default","adv-header-id-meta":"","stick-header-meta":"","header-above-stick-meta":"","header-main-stick-meta":"","header-below-stick-meta":"","astra-migrate-meta-layouts":"default","ast-page-background-enabled":"default","ast-page-background-meta":{"desktop":{"background-color":"","background-image":"","background-repeat":"repeat","background-position":"center center","background-size":"auto","background-attachment":"scroll","background-type":"","background-media":"","overlay-type":"","overlay-color":"","overlay-opacity":"","overlay-gradient":""},"tablet":{"background-color":"","background-image":"","background-repeat":"repeat","background-position":"center center","background-size":"auto","background-attachment":"scroll","background-type":"","background-media":"","overlay-type":"","overlay-color":"","overlay-opacity":"","overlay-gradient":""},"mobile":{"background-color":"","background-image":"","background-repeat":"repeat","background-position":"center center","background-size":"auto","background-attachment":"scroll","background-type":"","background-media":"","overlay-type":"","overlay-color":"","overlay-opacity":"","overlay-gradient":""}},"ast-content-background-meta":{"desktop":{"background-color":"var(--ast-global-color-5)","background-image":"","background-repeat":"repeat","background-position":"center center","background-size":"auto","background-attachment":"scroll","background-type":"","background-media":"","overlay-type":"","overlay-color":"","overlay-opacity":"","overlay-gradient":""},"tablet":{"background-color":"var(--ast-global-color-5)","background-image":"","background-repeat":"repeat","background-position":"center center","background-size":"auto","background-attachment":"scroll","background-type":"","background-media":"","overlay-type":"","overlay-color":"","overlay-opacity":"","overlay-gradient":""},"mobile":{"background-color":"var(--ast-global-color-5)","background-image":"","background-repeat":"repeat","background-position":"center center","background-size":"auto","background-attachment":"scroll","background-type":"","background-media":"","overlay-type":"","overlay-color":"","overlay-opacity":"","overlay-gradient":""}}},"product_brand":[],"product_cat":[989,176],"product_tag":[988,888,984,883,972,987,887,976,979,977,469,884,885,975,981,980,986,974,973,978,983,982,985],"class_list":{"0":"post-5474","1":"product","2":"type-product","3":"status-publish","4":"has-post-thumbnail","6":"product_cat-logistica","7":"product_cat-power-bi","8":"product_tag-analise-de-dados-de-infracoes","9":"product_tag-analise-de-infracoes","10":"product_tag-automacao-de-controle-de-infracoes","11":"product_tag-controle-de-infracoes","12":"product_tag-controle-de-multas","13":"product_tag-controle-de-multas-e-infracoes","14":"product_tag-dashboard-de-infracoes","15":"product_tag-dashboard-de-multas","16":"product_tag-eficiencia-na-gestao-de-multas","17":"product_tag-gerenciamento-de-multas","18":"product_tag-gestao-de-frotas","19":"product_tag-gestao-de-infracoes","20":"product_tag-monitoramento-de-infracoes","21":"product_tag-monitoramento-de-multas","22":"product_tag-otimizacao-de-multas","23":"product_tag-planilha-de-controle-de-multas","24":"product_tag-power-bi-empresarial","25":"product_tag-power-bi-infracoes","26":"product_tag-power-bi-multas","27":"product_tag-power-bi-para-empresas","28":"product_tag-relatorios-de-multas","29":"product_tag-sistema-de-controle-de-infracoes","30":"product_tag-solucao-de-controle-de-multas","31":"desktop-align-left","32":"tablet-align-left","33":"mobile-align-left","35":"first","36":"instock","37":"virtual","38":"purchasable","39":"product-type-simple"},"_links":{"self":[{"href":"https:\/\/pacotedeplanilhas.com\/loja\/wp-json\/wp\/v2\/product\/5474","targetHints":{"allow":["GET"]}}],"collection":[{"href":"https:\/\/pacotedeplanilhas.com\/loja\/wp-json\/wp\/v2\/product"}],"about":[{"href":"https:\/\/pacotedeplanilhas.com\/loja\/wp-json\/wp\/v2\/types\/product"}],"replies":[{"embeddable":true,"href":"https:\/\/pacotedeplanilhas.com\/loja\/wp-json\/wp\/v2\/comments?post=5474"}],"version-history":[{"count":3,"href":"https:\/\/pacotedeplanilhas.com\/loja\/wp-json\/wp\/v2\/product\/5474\/revisions"}],"predecessor-version":[{"id":5482,"href":"https:\/\/pacotedeplanilhas.com\/loja\/wp-json\/wp\/v2\/product\/5474\/revisions\/5482"}],"wp:featuredmedia":[{"embeddable":true,"href":"https:\/\/pacotedeplanilhas.com\/loja\/wp-json\/wp\/v2\/media\/5475"}],"wp:attachment":[{"href":"https:\/\/pacotedeplanilhas.com\/loja\/wp-json\/wp\/v2\/media?parent=5474"}],"wp:term":[{"taxonomy":"product_brand","embeddable":true,"href":"https:\/\/pacotedeplanilhas.com\/loja\/wp-json\/wp\/v2\/product_brand?post=5474"},{"taxonomy":"product_cat","embeddable":true,"href":"https:\/\/pacotedeplanilhas.com\/loja\/wp-json\/wp\/v2\/product_cat?post=5474"},{"taxonomy":"product_tag","embeddable":true,"href":"https:\/\/pacotedeplanilhas.com\/loja\/wp-json\/wp\/v2\/product_tag?post=5474"}],"curies":[{"name":"wp","href":"https:\/\/api.w.org\/{rel}","templated":true}]}}