{"id":5532,"date":"2024-07-24T14:40:41","date_gmt":"2024-07-24T17:40:41","guid":{"rendered":"https:\/\/pacotedeplanilhas.com\/loja\/?post_type=product&#038;p=5532"},"modified":"2024-07-24T15:12:34","modified_gmt":"2024-07-24T18:12:34","slug":"planilha-dashboard-controle-absenteismo-1-2","status":"publish","type":"product","link":"https:\/\/pacotedeplanilhas.com\/loja\/store\/planilhas-em-excel\/planilha-dashboard-controle-absenteismo-1-2\/","title":{"rendered":"Planilha Dashboard Controle Absente\u00edsmo 1.2"},"content":{"rendered":"<p>FA\u00c7A O CONTROLE E ACOMPANHAMENTO DE GEST\u00c3O DE ABSENTE\u00cdMO DA SUA EMPRESA DE MANEIRA SIMPLES E R\u00c1PIDA.<\/p>\n<p><em><span style=\"font-size: 14pt;\">Funcionalidades<\/span><\/em><\/p>\n<p><strong>Lan\u00e7amentos:<\/strong><\/p>\n<p><em>C\u00e9lulas Manuais em branco:<\/em><\/p>\n<p>\u2013Data, mat, nome, admiss\u00e3o, benefici\u00e1rio do programa, cbo, fun\u00e7\u00e3o, departamento, tipo de contrato, status, dias \u00fateis, carga hor\u00e1ria, atraso em horas, atestado em horas, cid, meta individual;<\/p>\n<p><em>C\u00e9lulas em cinza que tem preenchimento autom\u00e1tico<\/em><\/p>\n<p>\u2013Total de horas, horas sem justificativa, total % abs sem justificativa, horas de atestado, total % abs justificado, horas totais, abs total, m\u00eas, ano, horas sem justificativa d, horas justificadas d, hora total decimal;<\/p>\n<p><span style=\"font-size: 14pt;\"><em>O dashboard:<\/em><\/span><\/p>\n<p><strong>Valores totais:<\/strong><\/p>\n<p>\u2013Absente\u00edsmo total, absente\u00edsmo justificado, absente\u00edsmo sem justificar, total de horas justificadas, total de hora sem justificar, quantiadade total de ci;<\/p>\n<p><strong>Gr\u00e1ficos:<\/strong><\/p>\n<p>Absente\u00edsmo total x meta individual, absente\u00edsmo mensal justificado, absente\u00edsmo mensal sem justificar, horas sem justificativa mensal, horas justificada mensal, quantidade de cid por departamento, quantidade total de cid;<\/p>\n<p><strong>Os filtros em forma de Segmenta\u00e7\u00e3o de dados:<\/strong><\/p>\n<p>\u2013 Ano, m\u00eas, nome, departamento, tipo de contrato, cid;<\/p>\n<p><strong>Planilha 100% edit\u00e1vel<\/strong><\/p>\n<p><strong>PR\u00c9-REQUISITOS:<\/strong><br \/>\nTer qualquer vers\u00e3o do EXCEL instalada no computador.<\/p>\n<p><strong>VANTAGENS:<\/strong><br \/>\nSimplicidade em usar e c\u00e1lculos precisos.<\/p>\n<p><strong>INFORMA\u00c7\u00d5ES \u00daTEIS:<\/strong><br \/>\nSuporte p\u00f3s-venda, via e-mail, para esclarecer quaisquer d\u00favidas que possam surgir. Planilha original, comercializada pelo pr\u00f3prio desenvolvedor.<\/p>\n<p><strong>Video explicativo da planilha:<\/strong><\/p>\n<div class=\"ast-oembed-container \" style=\"height: 100%;\"><iframe title=\"Planilha Dashboard Controle de Absente\u00edsmo 1.2\" width=\"500\" height=\"281\" src=\"https:\/\/www.youtube.com\/embed\/oIJb_D_Jj-s?feature=oembed\" frameborder=\"0\" allow=\"accelerometer; autoplay; clipboard-write; encrypted-media; gyroscope; picture-in-picture; web-share\" referrerpolicy=\"strict-origin-when-cross-origin\" allowfullscreen><\/iframe><\/div>\n","protected":false},"excerpt":{"rendered":"<p>FA\u00c7A O CONTROLE E ACOMPANHAMENTO DE GEST\u00c3O DE ABSENTE\u00cdMO DA SUA EMPRESA DE MANEIRA SIMPLES E R\u00c1PIDA. Funcionalidades Lan\u00e7amentos: C\u00e9lulas Manuais em branco: \u2013Data, mat, nome, admiss\u00e3o, benefici\u00e1rio do programa, cbo, fun\u00e7\u00e3o, departamento, tipo de contrato, status, dias \u00fateis, carga hor\u00e1ria, atraso em horas, atestado em horas, cid, meta individual; C\u00e9lulas em cinza que tem [&hellip;]<\/p>\n","protected":false},"featured_media":5533,"comment_status":"open","ping_status":"closed","template":"","meta":{"site-sidebar-layout":"default","site-content-layout":"default","ast-site-content-layout":"","site-content-style":"default","site-sidebar-style":"default","ast-global-header-display":"","ast-banner-title-visibility":"","ast-main-header-display":"","ast-hfb-above-header-display":"","ast-hfb-below-header-display":"","ast-hfb-mobile-header-display":"","site-post-title":"","ast-breadcrumbs-content":"","ast-featured-img":"","footer-sml-layout":"","theme-transparent-header-meta":"default","adv-header-id-meta":"","stick-header-meta":"","header-above-stick-meta":"","header-main-stick-meta":"","header-below-stick-meta":"","astra-migrate-meta-layouts":"default","ast-page-background-enabled":"default","ast-page-background-meta":{"desktop":{"background-color":"","background-image":"","background-repeat":"repeat","background-position":"center center","background-size":"auto","background-attachment":"scroll","background-type":"","background-media":"","overlay-type":"","overlay-color":"","overlay-opacity":"","overlay-gradient":""},"tablet":{"background-color":"","background-image":"","background-repeat":"repeat","background-position":"center center","background-size":"auto","background-attachment":"scroll","background-type":"","background-media":"","overlay-type":"","overlay-color":"","overlay-opacity":"","overlay-gradient":""},"mobile":{"background-color":"","background-image":"","background-repeat":"repeat","background-position":"center center","background-size":"auto","background-attachment":"scroll","background-type":"","background-media":"","overlay-type":"","overlay-color":"","overlay-opacity":"","overlay-gradient":""}},"ast-content-background-meta":{"desktop":{"background-color":"var(--ast-global-color-5)","background-image":"","background-repeat":"repeat","background-position":"center center","background-size":"auto","background-attachment":"scroll","background-type":"","background-media":"","overlay-type":"","overlay-color":"","overlay-opacity":"","overlay-gradient":""},"tablet":{"background-color":"var(--ast-global-color-5)","background-image":"","background-repeat":"repeat","background-position":"center center","background-size":"auto","background-attachment":"scroll","background-type":"","background-media":"","overlay-type":"","overlay-color":"","overlay-opacity":"","overlay-gradient":""},"mobile":{"background-color":"var(--ast-global-color-5)","background-image":"","background-repeat":"repeat","background-position":"center center","background-size":"auto","background-attachment":"scroll","background-type":"","background-media":"","overlay-type":"","overlay-color":"","overlay-opacity":"","overlay-gradient":""}}},"product_brand":[],"product_cat":[120,990],"product_tag":[1141,1153,1142,1157,1146,1137,1156,1150,1140,1144,1149,1138,1147,1152,1155,1148,1151,1139,1143,1154,1145],"class_list":{"0":"post-5532","1":"product","2":"type-product","3":"status-publish","4":"has-post-thumbnail","6":"product_cat-planilhas-em-excel","7":"product_cat-recursos-humanos","8":"product_tag-absenteismo-empresarial","9":"product_tag-absenteismo-no-trabalho","10":"product_tag-analise-de-absenteismo","11":"product_tag-analise-de-faltas","12":"product_tag-automacao-de-controle-de-absenteismo","13":"product_tag-controle-de-absenteismo","14":"product_tag-controle-de-faltas","15":"product_tag-controle-operacional-de-absenteismo","16":"product_tag-dashboard-de-absenteismo","17":"product_tag-eficiencia-na-gestao-de-absenteismo","18":"product_tag-eficiencia-na-gestao-de-ausencias","19":"product_tag-gestao-de-absenteismo","20":"product_tag-gestao-de-colaboradores","21":"product_tag-gestao-de-produtividade","22":"product_tag-monitoramento-de-ausencias-no-trabalho","23":"product_tag-monitoramento-de-colaboradores","24":"product_tag-otimizacao-de-absenteismo","25":"product_tag-planilha-de-absenteismo","26":"product_tag-planilha-de-controle-de-ausencias","27":"product_tag-planilha-de-gestao-de-absenteismo","28":"product_tag-relatorios-de-absenteismo","29":"desktop-align-left","30":"tablet-align-left","31":"mobile-align-left","33":"first","34":"instock","35":"virtual","36":"purchasable","37":"product-type-simple"},"_links":{"self":[{"href":"https:\/\/pacotedeplanilhas.com\/loja\/wp-json\/wp\/v2\/product\/5532","targetHints":{"allow":["GET"]}}],"collection":[{"href":"https:\/\/pacotedeplanilhas.com\/loja\/wp-json\/wp\/v2\/product"}],"about":[{"href":"https:\/\/pacotedeplanilhas.com\/loja\/wp-json\/wp\/v2\/types\/product"}],"replies":[{"embeddable":true,"href":"https:\/\/pacotedeplanilhas.com\/loja\/wp-json\/wp\/v2\/comments?post=5532"}],"version-history":[{"count":3,"href":"https:\/\/pacotedeplanilhas.com\/loja\/wp-json\/wp\/v2\/product\/5532\/revisions"}],"predecessor-version":[{"id":5538,"href":"https:\/\/pacotedeplanilhas.com\/loja\/wp-json\/wp\/v2\/product\/5532\/revisions\/5538"}],"wp:featuredmedia":[{"embeddable":true,"href":"https:\/\/pacotedeplanilhas.com\/loja\/wp-json\/wp\/v2\/media\/5533"}],"wp:attachment":[{"href":"https:\/\/pacotedeplanilhas.com\/loja\/wp-json\/wp\/v2\/media?parent=5532"}],"wp:term":[{"taxonomy":"product_brand","embeddable":true,"href":"https:\/\/pacotedeplanilhas.com\/loja\/wp-json\/wp\/v2\/product_brand?post=5532"},{"taxonomy":"product_cat","embeddable":true,"href":"https:\/\/pacotedeplanilhas.com\/loja\/wp-json\/wp\/v2\/product_cat?post=5532"},{"taxonomy":"product_tag","embeddable":true,"href":"https:\/\/pacotedeplanilhas.com\/loja\/wp-json\/wp\/v2\/product_tag?post=5532"}],"curies":[{"name":"wp","href":"https:\/\/api.w.org\/{rel}","templated":true}]}}