{"id":5612,"date":"2024-08-16T16:09:48","date_gmt":"2024-08-16T19:09:48","guid":{"rendered":"https:\/\/pacotedeplanilhas.com\/loja\/?post_type=product&#038;p=5612"},"modified":"2024-08-16T17:03:49","modified_gmt":"2024-08-16T20:03:49","slug":"planilha-dashboard-controle-de-beneficios","status":"publish","type":"product","link":"https:\/\/pacotedeplanilhas.com\/loja\/store\/planilhas-em-excel\/planilha-dashboard-controle-de-beneficios\/","title":{"rendered":"Planilha Dashboard Controle De Benef\u00edcios"},"content":{"rendered":"<p>FA\u00c7A O CONTROLE E ACOMPANHAMENTO DE GEST\u00c3O DE BENEF\u00cdCIOS DA SUA EMPRESA DE MANEIRA SIMPLES E R\u00c1PIDA.<\/p>\n<p>Funcionalidades<\/p>\n<p>Cadastros:<\/p>\n<p>\u2013Plano de sa\u00fade, funcion\u00e1rio, status, empresa, setor, quantidade ;<\/p>\n<p>Lan\u00e7amentos:<\/p>\n<p>C\u00e9lulas manuais em branco<\/p>\n<p>\u2013Data, funcion\u00e1rio, status, empresa, setor, vale alimenta\u00e7\u00e3o &#8211; (dias \u00fateis, aus\u00eancias, valor refei\u00e7\u00e3o, % de desconto em folha),\u00a0 Vale tranporte &#8211; (optante, valor passagem, quantidade passagens, aus\u00eancias passagens) consulta incentivo. Plano de sa\u00fade &#8211; (plano de sa\u00fade, valor plano de sa\u00fade. Plano odontologico &#8211; (plano odontologico, valor plano odontologico). Outros benef\u00edcios &#8211; (outros benef\u00edcios, valor outros benef\u00edcios). observa\u00e7\u00f5es.<\/p>\n<p><em>C\u00e9lulas em cinza que tem preenchimento autom\u00e1tico<\/em><\/p>\n<p>\u2013Vale refei\u00e7\u00e3o, desconto folha vale alimenta\u00e7\u00e3o, valor vale tranporte, valor total, m\u00eas, ano;<\/p>\n<p>01 &#8211; Dashboard Benef\u00edcios Geral<\/p>\n<p>Valores totais:<\/p>\n<p>\u2013Valores totais, valor vale tranporte, valor vale alimenta\u00e7\u00e3o, valor plano de sa\u00fade, valor plano odontologico, valor outros benef\u00edcios, dias \u00fateis, dias ausentes;<\/p>\n<p>Gr\u00e1ficos:<\/p>\n<p>\u2013Valor total mensal, valor total por empresa, aus\u00eancias mensais, valor total por setor<\/p>\n<p>Os filtros em forma de Segmenta\u00e7\u00e3o de dados:<\/p>\n<p>\u2013Ano, m\u00eas, empresa, funcion\u00e1rio, gestor;<\/p>\n<p>02 &#8211; Dashboard Vale Transporte<\/p>\n<p>Valores totais:<\/p>\n<p>Valores totais, valor vale tranporte, valor vale alimenta\u00e7\u00e3o, valor plano de sa\u00fade, valor plano odontologico, valor outros benef\u00edcios, dias \u00fateis, dias ausentes;<\/p>\n<p>Gr\u00e1ficos:<\/p>\n<p>\u2013Valor vale tranporte mensal, valor vale tranporte por empresa, aus\u00eancias mensais, valor vale transporte por setor;<\/p>\n<p>Os filtros em forma de Segmenta\u00e7\u00e3o de dados:<\/p>\n<p>\u2013Ano, m\u00eas, empresa, funcion\u00e1rio, gestor;<\/p>\n<p>03 &#8211; Dahsboard Vale Alimenta\u00e7\u00e3o<\/p>\n<p>Valores totais:<\/p>\n<p>Valores totais, valor vale tranporte, valor vale alimenta\u00e7\u00e3o, valor plano de sa\u00fade, valor plano odontologico, valor outros benef\u00edcios, dias \u00fateis, dias ausentes;<\/p>\n<p>Gr\u00e1ficos:<\/p>\n<p>\u2013Valor vale alimenta\u00e7\u00e3o mensal, valor vale alementa\u00e7\u00e3o por empresa, aus\u00eancias mensais, valor vale alimenta\u00e7\u00e3o por setor;<\/p>\n<p>Os filtros em forma de Segmenta\u00e7\u00e3o de dados:<\/p>\n<p>\u2013Ano, m\u00eas, empresa, funcion\u00e1rio, gestor;<\/p>\n<p>04 &#8211; dashboard Plano De Sa\u00fade<\/p>\n<p>Valores totais:<\/p>\n<p>Valores totais, valor vale tranporte, valor vale alimenta\u00e7\u00e3o, valor plano de sa\u00fade, valor plano odontologico, valor outros benef\u00edcios, dias \u00fateis, dias ausentes;<\/p>\n<p>Gr\u00e1ficos:<\/p>\n<p>\u2013Valor do plano de sa\u00fade mensal, valor plano de sa\u00fade por empresa, aus\u00eancias mensais, valor plano de sa\u00fade por setor;<\/p>\n<p>Os filtros em forma de Segmenta\u00e7\u00e3o de dados:<\/p>\n<p>\u2013Ano, m\u00eas, empresa, funcion\u00e1rio, gestor;<\/p>\n<p>05 &#8211; Dashboard Plano Odontologico<\/p>\n<p>Valores totais:<\/p>\n<p>Valores totais, valor vale tranporte, valor vale alimenta\u00e7\u00e3o, valor plano de sa\u00fade, valor plano odontologico, valor outros benef\u00edcios, dias \u00fateis, dias ausentes;<\/p>\n<p>Gr\u00e1ficos:<\/p>\n<p>\u2013Valor do plano odontologico mensal, valor plano odontologico por empresa, aus\u00eancias mensais, valor plano odontologico por setor;<\/p>\n<p>Os filtros em forma de Segmenta\u00e7\u00e3o de dados:<\/p>\n<p>\u2013Ano, m\u00eas, empresa, funcion\u00e1rio, gestor;<\/p>\n<p>06 &#8211; Dashboard Outros Benef\u00edcios<\/p>\n<p>Valores totais:<\/p>\n<p>Valores totais, valor vale tranporte, valor vale alimenta\u00e7\u00e3o, valor plano de sa\u00fade, valor plano odontologico, valor outros benef\u00edcios, dias \u00fateis, dias ausentes;<\/p>\n<p>Gr\u00e1ficos:<\/p>\n<p>\u2013Valor outros benef\u00edcios mensal, valor outros benef\u00edcios por empresa, aus\u00eancias mensais, valor outros benef\u00edcios por setor;<\/p>\n<p>Os filtros em forma de Segmenta\u00e7\u00e3o de dados:<\/p>\n<p>\u2013Ano, m\u00eas, empresa, funcion\u00e1rio, gestor;<\/p>\n<p>Relat\u00f3rios:<\/p>\n<p>\u2013M\u00eas, vale alimenta\u00e7\u00e3o, vale transporte, valor plano de sa\u00fade, valor plano odontologico, outros benef\u00edcios, valor total;<\/p>\n<p>Valores totais:<\/p>\n<p>Valores totais, valor vale tranporte, valor vale alimenta\u00e7\u00e3o, valor plano de sa\u00fade, valor plano odontologico, valor outros benef\u00edcios, dias \u00fateis, dias ausentes;<\/p>\n<p>Os filtros em forma de Segmenta\u00e7\u00e3o de dados:<\/p>\n<p>\u2013Ano, m\u00eas, empresa, funcion\u00e1rio, gestor;<\/p>\n<p>Planilha 100% edit\u00e1vel<\/p>\n<p>PR\u00c9-REQUISITOS:<br \/>\nTer qualquer vers\u00e3o do EXCEL instalada no computador.<\/p>\n<p>VANTAGENS:<br \/>\nSimplicidade em usar e c\u00e1lculos precisos.<\/p>\n<p>INFORMA\u00c7\u00d5ES \u00daTEIS:<br \/>\nSuporte p\u00f3s-venda, via e-mail, para esclarecer quaisquer d\u00favidas que possam surgir. Planilha original, comercializada pelo pr\u00f3prio desenvolvedor.<\/p>\n<p>Video explicativo da planilha:<\/p>\n<div class=\"ast-oembed-container \" style=\"height: 100%;\"><iframe title=\"Planilha Dashboard Controle de Benef\u00edcios RH\" width=\"500\" height=\"281\" src=\"https:\/\/www.youtube.com\/embed\/557Rc4xIL2U?feature=oembed\" frameborder=\"0\" allow=\"accelerometer; autoplay; clipboard-write; encrypted-media; gyroscope; picture-in-picture; web-share\" referrerpolicy=\"strict-origin-when-cross-origin\" allowfullscreen><\/iframe><\/div>\n","protected":false},"excerpt":{"rendered":"<p>FA\u00c7A O CONTROLE E ACOMPANHAMENTO DE GEST\u00c3O DE BENEF\u00cdCIOS DA SUA EMPRESA DE MANEIRA SIMPLES E R\u00c1PIDA. Funcionalidades Cadastros: \u2013Plano de sa\u00fade, funcion\u00e1rio, status, empresa, setor, quantidade ; Lan\u00e7amentos: C\u00e9lulas manuais em branco \u2013Data, funcion\u00e1rio, status, empresa, setor, vale alimenta\u00e7\u00e3o &#8211; (dias \u00fateis, aus\u00eancias, valor refei\u00e7\u00e3o, % de desconto em folha),\u00a0 Vale tranporte &#8211; (optante, [&hellip;]<\/p>\n","protected":false},"featured_media":5622,"comment_status":"open","ping_status":"closed","template":"","meta":{"site-sidebar-layout":"default","site-content-layout":"default","ast-site-content-layout":"","site-content-style":"default","site-sidebar-style":"default","ast-global-header-display":"","ast-banner-title-visibility":"","ast-main-header-display":"","ast-hfb-above-header-display":"","ast-hfb-below-header-display":"","ast-hfb-mobile-header-display":"","site-post-title":"","ast-breadcrumbs-content":"","ast-featured-img":"","footer-sml-layout":"","theme-transparent-header-meta":"default","adv-header-id-meta":"","stick-header-meta":"","header-above-stick-meta":"","header-main-stick-meta":"","header-below-stick-meta":"","astra-migrate-meta-layouts":"default","ast-page-background-enabled":"default","ast-page-background-meta":{"desktop":{"background-color":"","background-image":"","background-repeat":"repeat","background-position":"center center","background-size":"auto","background-attachment":"scroll","background-type":"","background-media":"","overlay-type":"","overlay-color":"","overlay-opacity":"","overlay-gradient":""},"tablet":{"background-color":"","background-image":"","background-repeat":"repeat","background-position":"center center","background-size":"auto","background-attachment":"scroll","background-type":"","background-media":"","overlay-type":"","overlay-color":"","overlay-opacity":"","overlay-gradient":""},"mobile":{"background-color":"","background-image":"","background-repeat":"repeat","background-position":"center center","background-size":"auto","background-attachment":"scroll","background-type":"","background-media":"","overlay-type":"","overlay-color":"","overlay-opacity":"","overlay-gradient":""}},"ast-content-background-meta":{"desktop":{"background-color":"var(--ast-global-color-5)","background-image":"","background-repeat":"repeat","background-position":"center center","background-size":"auto","background-attachment":"scroll","background-type":"","background-media":"","overlay-type":"","overlay-color":"","overlay-opacity":"","overlay-gradient":""},"tablet":{"background-color":"var(--ast-global-color-5)","background-image":"","background-repeat":"repeat","background-position":"center center","background-size":"auto","background-attachment":"scroll","background-type":"","background-media":"","overlay-type":"","overlay-color":"","overlay-opacity":"","overlay-gradient":""},"mobile":{"background-color":"var(--ast-global-color-5)","background-image":"","background-repeat":"repeat","background-position":"center center","background-size":"auto","background-attachment":"scroll","background-type":"","background-media":"","overlay-type":"","overlay-color":"","overlay-opacity":"","overlay-gradient":""}}},"product_brand":[],"product_cat":[120,990],"product_tag":[574,528,1206,1199,1196,1205,1208,1201,1202,1185,124,1195,1200,1194,128,1193,1197,1203,1192,1047,559,1198,1207,1204,1189,1190,1186,1191,1187,1188],"class_list":{"0":"post-5612","1":"product","2":"type-product","3":"status-publish","4":"has-post-thumbnail","6":"product_cat-planilhas-em-excel","7":"product_cat-recursos-humanos","8":"product_tag-gestaofinanceira","9":"product_tag-analisededados","10":"product_tag-beneficios-empresariais","11":"product_tag-beneficios-para-funcionarios","12":"product_tag-controle-de-beneficios","13":"product_tag-controle-de-beneficios-em-excel","14":"product_tag-controle-de-beneficios-trabalhistas","15":"product_tag-controle-de-vale-alimentacao","16":"product_tag-controle-de-vale-transporte","17":"product_tag-controledebeneficios","18":"product_tag-dashboard","19":"product_tag-dashboard-beneficios","20":"product_tag-dashboard-de-rh","21":"product_tag-desempenhodefuncionarios","22":"product_tag-excel","23":"product_tag-ferramentasdeexcel","24":"product_tag-gestao-de-beneficios","25":"product_tag-gestao-de-beneficios-corporativos","26":"product_tag-gestaoeficiente","27":"product_tag-kpis","28":"product_tag-planilha","29":"product_tag-planilha-de-beneficios","30":"product_tag-planilha-de-gestao-de-beneficios","31":"product_tag-planilha-rh","32":"product_tag-planodesaude","33":"product_tag-planoodontologico","34":"product_tag-recursoshumanos","35":"product_tag-tabelasdinamicas","36":"product_tag-valealimentacao","37":"product_tag-valetransporte","38":"desktop-align-left","39":"tablet-align-left","40":"mobile-align-left","42":"first","43":"instock","44":"virtual","45":"purchasable","46":"product-type-simple"},"_links":{"self":[{"href":"https:\/\/pacotedeplanilhas.com\/loja\/wp-json\/wp\/v2\/product\/5612","targetHints":{"allow":["GET"]}}],"collection":[{"href":"https:\/\/pacotedeplanilhas.com\/loja\/wp-json\/wp\/v2\/product"}],"about":[{"href":"https:\/\/pacotedeplanilhas.com\/loja\/wp-json\/wp\/v2\/types\/product"}],"replies":[{"embeddable":true,"href":"https:\/\/pacotedeplanilhas.com\/loja\/wp-json\/wp\/v2\/comments?post=5612"}],"version-history":[{"count":2,"href":"https:\/\/pacotedeplanilhas.com\/loja\/wp-json\/wp\/v2\/product\/5612\/revisions"}],"predecessor-version":[{"id":5624,"href":"https:\/\/pacotedeplanilhas.com\/loja\/wp-json\/wp\/v2\/product\/5612\/revisions\/5624"}],"wp:featuredmedia":[{"embeddable":true,"href":"https:\/\/pacotedeplanilhas.com\/loja\/wp-json\/wp\/v2\/media\/5622"}],"wp:attachment":[{"href":"https:\/\/pacotedeplanilhas.com\/loja\/wp-json\/wp\/v2\/media?parent=5612"}],"wp:term":[{"taxonomy":"product_brand","embeddable":true,"href":"https:\/\/pacotedeplanilhas.com\/loja\/wp-json\/wp\/v2\/product_brand?post=5612"},{"taxonomy":"product_cat","embeddable":true,"href":"https:\/\/pacotedeplanilhas.com\/loja\/wp-json\/wp\/v2\/product_cat?post=5612"},{"taxonomy":"product_tag","embeddable":true,"href":"https:\/\/pacotedeplanilhas.com\/loja\/wp-json\/wp\/v2\/product_tag?post=5612"}],"curies":[{"name":"wp","href":"https:\/\/api.w.org\/{rel}","templated":true}]}}