{"id":5637,"date":"2024-08-18T21:12:00","date_gmt":"2024-08-19T00:12:00","guid":{"rendered":"https:\/\/pacotedeplanilhas.com\/loja\/?post_type=product&#038;p=5637"},"modified":"2024-08-18T22:06:55","modified_gmt":"2024-08-19T01:06:55","slug":"planilha-dashboard-de-fluxo-de-caixa-prestacao-de-servicos","status":"publish","type":"product","link":"https:\/\/pacotedeplanilhas.com\/loja\/store\/financeiro\/planilha-dashboard-de-fluxo-de-caixa-prestacao-de-servicos\/","title":{"rendered":"Planilha Dashboard De Fluxo De Caixa &#8211; Presta\u00e7\u00e3o De Servi\u00e7os"},"content":{"rendered":"<p>FA\u00c7A O CONTROLE E ACOMPANHAMENTO DE FLUXO DE CAIXA DA SUA EMPRESA DE MANEIRA SIMPLES E R\u00c1PIDA.<\/p>\n<p>Funcionalidades<\/p>\n<p>Agendamentos:<\/p>\n<p>\u2013N\u00b0 documento, cliente, descri\u00e7\u00e3o do servi\u00e7o, data atendimento, hora in\u00edcio, hora fim, status;<\/p>\n<p>Lan\u00e7amentos Financeiro:<\/p>\n<p>C\u00e9lulas manuis em branco<\/p>\n<p>\u2013N\u00b0 documento, descri\u00e7\u00e3o, data vencimento, data pagamento, parcela, entradas, sa\u00eddas, conta, grupo, subgrupo;<\/p>\n<p>C\u00e9lulas em cinza possuem preenchimento autom\u00e1tico<\/p>\n<p>\u2013Status, vencida;<\/p>\n<p>Cadastros:<\/p>\n<p>\u2013Receitas operecionais, receitas financeiras, outras receitas operacionais, custos operacionais, despesas administrativas, despesas financeiras, outras despesas operacionais;<\/p>\n<p>O dashboard<\/p>\n<p>Valores totais:<\/p>\n<p>\u2013Resultado, entradas, sa\u00eddas, custos opera\u00e7\u00e3o, despesas, entrada prevista, sa\u00edda prevista;<\/p>\n<p>Gr\u00e1ficos:<\/p>\n<p>\u2013Agendaemntos, entradas e sa\u00eddas mensais, fluxo de caixa di\u00e1rio, resultado m\u00eas atual;<\/p>\n<p>Filtros em forma de segmenta\u00e7\u00e3o de dados<\/p>\n<p>\u2013M\u00eas;<\/p>\n<p>Planilha 100% edit\u00e1vel<\/p>\n<p>PR\u00c9-REQUISITOS:<br \/>\nTer qualquer vers\u00e3o do EXCEL instalada no computador.<\/p>\n<p>VANTAGENS:<br \/>\nSimplicidade em usar e c\u00e1lculos precisos.<\/p>\n<p>INFORMA\u00c7\u00d5ES \u00daTEIS:<br \/>\nSuporte p\u00f3s-venda, via e-mail, para esclarecer quaisquer d\u00favidas que possam surgir. Planilha original, comercializada pelo pr\u00f3prio desenvolvedor.<\/p>\n<p>Video explicativo da planilha:<\/p>\n<div class=\"ast-oembed-container \" style=\"height: 100%;\"><iframe title=\"Fluxo de caixa e operacional - Planilha para empreendedores\" width=\"500\" height=\"281\" src=\"https:\/\/www.youtube.com\/embed\/9MzsAxqgHvY?feature=oembed\" frameborder=\"0\" allow=\"accelerometer; autoplay; clipboard-write; encrypted-media; gyroscope; picture-in-picture; web-share\" referrerpolicy=\"strict-origin-when-cross-origin\" allowfullscreen><\/iframe><\/div>\n<p>&nbsp;<\/p>\n","protected":false},"excerpt":{"rendered":"<p>FA\u00c7A O CONTROLE E ACOMPANHAMENTO DE FLUXO DE CAIXA DA SUA EMPRESA DE MANEIRA SIMPLES E R\u00c1PIDA. Funcionalidades Agendamentos: \u2013N\u00b0 documento, cliente, descri\u00e7\u00e3o do servi\u00e7o, data atendimento, hora in\u00edcio, hora fim, status; Lan\u00e7amentos Financeiro: C\u00e9lulas manuis em branco \u2013N\u00b0 documento, descri\u00e7\u00e3o, data vencimento, data pagamento, parcela, entradas, sa\u00eddas, conta, grupo, subgrupo; C\u00e9lulas em cinza possuem [&hellip;]<\/p>\n","protected":false},"featured_media":5638,"comment_status":"open","ping_status":"closed","template":"","meta":{"site-sidebar-layout":"default","site-content-layout":"default","ast-site-content-layout":"","site-content-style":"default","site-sidebar-style":"default","ast-global-header-display":"","ast-banner-title-visibility":"","ast-main-header-display":"","ast-hfb-above-header-display":"","ast-hfb-below-header-display":"","ast-hfb-mobile-header-display":"","site-post-title":"","ast-breadcrumbs-content":"","ast-featured-img":"","footer-sml-layout":"","theme-transparent-header-meta":"default","adv-header-id-meta":"","stick-header-meta":"","header-above-stick-meta":"","header-main-stick-meta":"","header-below-stick-meta":"","astra-migrate-meta-layouts":"default","ast-page-background-enabled":"default","ast-page-background-meta":{"desktop":{"background-color":"","background-image":"","background-repeat":"repeat","background-position":"center center","background-size":"auto","background-attachment":"scroll","background-type":"","background-media":"","overlay-type":"","overlay-color":"","overlay-opacity":"","overlay-gradient":""},"tablet":{"background-color":"","background-image":"","background-repeat":"repeat","background-position":"center center","background-size":"auto","background-attachment":"scroll","background-type":"","background-media":"","overlay-type":"","overlay-color":"","overlay-opacity":"","overlay-gradient":""},"mobile":{"background-color":"","background-image":"","background-repeat":"repeat","background-position":"center center","background-size":"auto","background-attachment":"scroll","background-type":"","background-media":"","overlay-type":"","overlay-color":"","overlay-opacity":"","overlay-gradient":""}},"ast-content-background-meta":{"desktop":{"background-color":"var(--ast-global-color-5)","background-image":"","background-repeat":"repeat","background-position":"center center","background-size":"auto","background-attachment":"scroll","background-type":"","background-media":"","overlay-type":"","overlay-color":"","overlay-opacity":"","overlay-gradient":""},"tablet":{"background-color":"var(--ast-global-color-5)","background-image":"","background-repeat":"repeat","background-position":"center center","background-size":"auto","background-attachment":"scroll","background-type":"","background-media":"","overlay-type":"","overlay-color":"","overlay-opacity":"","overlay-gradient":""},"mobile":{"background-color":"var(--ast-global-color-5)","background-image":"","background-repeat":"repeat","background-position":"center center","background-size":"auto","background-attachment":"scroll","background-type":"","background-media":"","overlay-type":"","overlay-color":"","overlay-opacity":"","overlay-gradient":""}}},"product_brand":[],"product_cat":[991,120],"product_tag":[766,768,765,771,124,769,155,763,770,764,767,772,583,559,773,774],"class_list":{"0":"post-5637","1":"product","2":"type-product","3":"status-publish","4":"has-post-thumbnail","6":"product_cat-financeiro","7":"product_cat-planilhas-em-excel","8":"product_tag-analise-financeira","9":"product_tag-balanco-de-caixa","10":"product_tag-controle-de-caixa","11":"product_tag-controle-de-financas","12":"product_tag-dashboard","13":"product_tag-entrada-e-saida-de-caixa","14":"product_tag-financas","15":"product_tag-fluxo-de-caixa","16":"product_tag-fluxo-de-caixa-projetado","17":"product_tag-gestao-financeira","18":"product_tag-monitoramento-de-caixa","19":"product_tag-otimizacao-de-caixa","20":"product_tag-planejamento-financeiro","21":"product_tag-planilha","22":"product_tag-relatorios-financeiros","23":"product_tag-saude-financeira","24":"desktop-align-left","25":"tablet-align-left","26":"mobile-align-left","28":"first","29":"instock","30":"virtual","31":"purchasable","32":"product-type-simple"},"_links":{"self":[{"href":"https:\/\/pacotedeplanilhas.com\/loja\/wp-json\/wp\/v2\/product\/5637","targetHints":{"allow":["GET"]}}],"collection":[{"href":"https:\/\/pacotedeplanilhas.com\/loja\/wp-json\/wp\/v2\/product"}],"about":[{"href":"https:\/\/pacotedeplanilhas.com\/loja\/wp-json\/wp\/v2\/types\/product"}],"replies":[{"embeddable":true,"href":"https:\/\/pacotedeplanilhas.com\/loja\/wp-json\/wp\/v2\/comments?post=5637"}],"version-history":[{"count":2,"href":"https:\/\/pacotedeplanilhas.com\/loja\/wp-json\/wp\/v2\/product\/5637\/revisions"}],"predecessor-version":[{"id":5644,"href":"https:\/\/pacotedeplanilhas.com\/loja\/wp-json\/wp\/v2\/product\/5637\/revisions\/5644"}],"wp:featuredmedia":[{"embeddable":true,"href":"https:\/\/pacotedeplanilhas.com\/loja\/wp-json\/wp\/v2\/media\/5638"}],"wp:attachment":[{"href":"https:\/\/pacotedeplanilhas.com\/loja\/wp-json\/wp\/v2\/media?parent=5637"}],"wp:term":[{"taxonomy":"product_brand","embeddable":true,"href":"https:\/\/pacotedeplanilhas.com\/loja\/wp-json\/wp\/v2\/product_brand?post=5637"},{"taxonomy":"product_cat","embeddable":true,"href":"https:\/\/pacotedeplanilhas.com\/loja\/wp-json\/wp\/v2\/product_cat?post=5637"},{"taxonomy":"product_tag","embeddable":true,"href":"https:\/\/pacotedeplanilhas.com\/loja\/wp-json\/wp\/v2\/product_tag?post=5637"}],"curies":[{"name":"wp","href":"https:\/\/api.w.org\/{rel}","templated":true}]}}