{"id":5656,"date":"2024-08-21T14:34:21","date_gmt":"2024-08-21T17:34:21","guid":{"rendered":"https:\/\/pacotedeplanilhas.com\/loja\/?post_type=product&#038;p=5656"},"modified":"2024-08-21T15:32:17","modified_gmt":"2024-08-21T18:32:17","slug":"planilha-dashboard-controle-de-extintores","status":"publish","type":"product","link":"https:\/\/pacotedeplanilhas.com\/loja\/store\/planilhas-em-excel\/planilha-dashboard-controle-de-extintores\/","title":{"rendered":"Planilha Dashboard Controle De Extintores"},"content":{"rendered":"<p>FA\u00c7A O CONTROLE E ACOMPANHAMENTO DE CONTROLE DE EXTINTORES DA SUA EMPRESA DE MANEIRA SIMPLES E R\u00c1PIDA.<\/p>\n<p>Funcionalidades<\/p>\n<p>Cadastros Empresas<\/p>\n<p>\u2013Empresa, n\u00famero da loja, loja, tipo, cidade, estado, observa\u00e7\u00f5es;<\/p>\n<p>Cadastros Fornecedores<\/p>\n<p>\u2013N\u00b0, fornecedor,\u00a0 localidade, telefone, email para contato, outras informa\u00e7\u00f5es;<\/p>\n<p>Cadastros Equipamentos<\/p>\n<p>\u2013N\u00b0, equipamentos, detalhe do equipamento extintor, detalhe do equipamento mangueira, prazo das verifica\u00e7\u00f5es, dias, status das verifica\u00e7\u00f5es, dias;<\/p>\n<p>Lan\u00e7amentos equipamentos<\/p>\n<p>C\u00e9lulas manuis em branco<\/p>\n<p>\u2013Equipamento, detalhe do equipamento, quantidade, empresa, n\u00famero da loja, data da verifica\u00e7\u00e3o, prazo pr\u00f3xima verifica\u00e7\u00e3o, data pr\u00f3xima verifica\u00e7\u00e3o, quantidade dias, observa\u00e7\u00f5es;<\/p>\n<p>C\u00e9lulas em cinza possuem preenchimento autom\u00e1tico<\/p>\n<p>\u2013Loja, cidade, estado, status, m\u00eas, ano;<\/p>\n<p>Cadastros Servi\u00e7os<\/p>\n<p>C\u00e9lulas manuis em branco<\/p>\n<p>\u2013Data programada, fornecedor, gerente, local, data realizada, prazo pr\u00f3xima verifica\u00e7\u00e3o, nf c\u00f3digo do fornecedor, valor servi\u00e7o, n do ticket, data pagamento, status, observa\u00e7\u00f5es;<\/p>\n<p>C\u00e9lulas em cinza possuem preenchimento autom\u00e1tico<\/p>\n<p>\u2013Data pr\u00f3xima verifica\u00e7\u00e3o, m\u00eas, ano;<\/p>\n<p>Dashboard Equipamentos<\/p>\n<p>Valores totais:<\/p>\n<p>\u2013Quantiade total de equipamentos, quantidade equipamentos vencidos, quantidade equipamentos -60 dias, quantidade equipamentos +60 dias;<\/p>\n<p>Gr\u00e1ficos:<\/p>\n<p>\u2013Quantidade de equipamentos por descri\u00e7\u00e3o, quantidade equipamnetos verificados mensal, status dos equipamnetos, quantidade equipamentos por loja, quantidade de esquipamentos por cidade, quantidade de eqipamentos por estado;<\/p>\n<p>Filtros em forma de segmenta\u00e7\u00e3o de dados<\/p>\n<p>\u2013Ano, m\u00eas, equipamento, status, detalhe do equipamento, loja, cidade, estado;<\/p>\n<p>Dashboard Servi\u00e7os<\/p>\n<p>Valores totais:<\/p>\n<p>\u2013Custos com servi\u00e7os, servi\u00e7os progamados, servi\u00e7os realizados;<\/p>\n<p>Gr\u00e1ficos:<\/p>\n<p>\u2013Custo mensal de servi\u00e7os, servi\u00e7os realizado por m\u00eas, servi\u00e7os realizados por local, servi\u00e7os realizados por fornecedor, status pagamento;<\/p>\n<p>Filtros em forma de segmenta\u00e7\u00e3o de dados<\/p>\n<p>\u2013Ano, m\u00eas, equipamento, status, fornecedor, local,<\/p>\n<p>Planilha 100% edit\u00e1vel<\/p>\n<p>PR\u00c9-REQUISITOS:<br \/>\nTer qualquer vers\u00e3o do EXCEL instalada no computador.<\/p>\n<p>VANTAGENS:<br \/>\nSimplicidade em usar e c\u00e1lculos precisos.<\/p>\n<p>INFORMA\u00c7\u00d5ES \u00daTEIS:<br \/>\nSuporte p\u00f3s-venda, via e-mail, para esclarecer quaisquer d\u00favidas que possam surgir. Planilha original, comercializada pelo pr\u00f3prio desenvolvedor.<\/p>\n<p>Video explicativo da planilha:<\/p>\n<div class=\"ast-oembed-container \" style=\"height: 100%;\"><iframe title=\"Planilha Dashboard Controle de Extintores 1.2\" width=\"500\" height=\"281\" src=\"https:\/\/www.youtube.com\/embed\/_-upiKHEsL0?feature=oembed\" frameborder=\"0\" allow=\"accelerometer; autoplay; clipboard-write; encrypted-media; gyroscope; picture-in-picture; web-share\" referrerpolicy=\"strict-origin-when-cross-origin\" allowfullscreen><\/iframe><\/div>\n<p>&nbsp;<\/p>\n","protected":false},"excerpt":{"rendered":"<p>FA\u00c7A O CONTROLE E ACOMPANHAMENTO DE CONTROLE DE EXTINTORES DA SUA EMPRESA DE MANEIRA SIMPLES E R\u00c1PIDA. Funcionalidades Cadastros Empresas \u2013Empresa, n\u00famero da loja, loja, tipo, cidade, estado, observa\u00e7\u00f5es; Cadastros Fornecedores \u2013N\u00b0, fornecedor,\u00a0 localidade, telefone, email para contato, outras informa\u00e7\u00f5es; Cadastros Equipamentos \u2013N\u00b0, equipamentos, detalhe do equipamento extintor, detalhe do equipamento mangueira, prazo das verifica\u00e7\u00f5es, [&hellip;]<\/p>\n","protected":false},"featured_media":5665,"comment_status":"open","ping_status":"closed","template":"","meta":{"site-sidebar-layout":"default","site-content-layout":"default","ast-site-content-layout":"","site-content-style":"default","site-sidebar-style":"default","ast-global-header-display":"","ast-banner-title-visibility":"","ast-main-header-display":"","ast-hfb-above-header-display":"","ast-hfb-below-header-display":"","ast-hfb-mobile-header-display":"","site-post-title":"","ast-breadcrumbs-content":"","ast-featured-img":"","footer-sml-layout":"","theme-transparent-header-meta":"default","adv-header-id-meta":"","stick-header-meta":"","header-above-stick-meta":"","header-main-stick-meta":"","header-below-stick-meta":"","astra-migrate-meta-layouts":"default","ast-page-background-enabled":"default","ast-page-background-meta":{"desktop":{"background-color":"","background-image":"","background-repeat":"repeat","background-position":"center center","background-size":"auto","background-attachment":"scroll","background-type":"","background-media":"","overlay-type":"","overlay-color":"","overlay-opacity":"","overlay-gradient":""},"tablet":{"background-color":"","background-image":"","background-repeat":"repeat","background-position":"center center","background-size":"auto","background-attachment":"scroll","background-type":"","background-media":"","overlay-type":"","overlay-color":"","overlay-opacity":"","overlay-gradient":""},"mobile":{"background-color":"","background-image":"","background-repeat":"repeat","background-position":"center center","background-size":"auto","background-attachment":"scroll","background-type":"","background-media":"","overlay-type":"","overlay-color":"","overlay-opacity":"","overlay-gradient":""}},"ast-content-background-meta":{"desktop":{"background-color":"var(--ast-global-color-5)","background-image":"","background-repeat":"repeat","background-position":"center center","background-size":"auto","background-attachment":"scroll","background-type":"","background-media":"","overlay-type":"","overlay-color":"","overlay-opacity":"","overlay-gradient":""},"tablet":{"background-color":"var(--ast-global-color-5)","background-image":"","background-repeat":"repeat","background-position":"center center","background-size":"auto","background-attachment":"scroll","background-type":"","background-media":"","overlay-type":"","overlay-color":"","overlay-opacity":"","overlay-gradient":""},"mobile":{"background-color":"var(--ast-global-color-5)","background-image":"","background-repeat":"repeat","background-position":"center center","background-size":"auto","background-attachment":"scroll","background-type":"","background-media":"","overlay-type":"","overlay-color":"","overlay-opacity":"","overlay-gradient":""}}},"product_brand":[],"product_cat":[120,994],"product_tag":[1224,1215,1235,1219,1221,1229,128,1222,1220,1232,1217,1226,1233,1236,1227,1225,1230,1231,1218,1223,1216,1228,1234],"class_list":{"0":"post-5656","1":"product","2":"type-product","3":"status-publish","4":"has-post-thumbnail","6":"product_cat-planilhas-em-excel","7":"product_cat-seguranca-do-trabalho","8":"product_tag-controledeequipamentos","9":"product_tag-controledeextintores","10":"product_tag-controledemanutencao","11":"product_tag-dashboarddeseguranca","12":"product_tag-empresas","13":"product_tag-equipamentosdeseguranca","14":"product_tag-excel","15":"product_tag-extintores","16":"product_tag-gestaodeequipamentos","17":"product_tag-gestaoderiscos","18":"product_tag-gestaodeseguranca","19":"product_tag-gestaodeservicos","20":"product_tag-gestaoempresarial","21":"product_tag-indicadoresdeseguranca","22":"product_tag-inspecaodeextintores","23":"product_tag-manutencaodeextintores","24":"product_tag-monitoramentodeseguranca","25":"product_tag-planilhadeseguranca","26":"product_tag-planilhasexcel","27":"product_tag-prevencaodeincendios","28":"product_tag-segurancaempresarial","29":"product_tag-segurancanotrabalho","30":"product_tag-verificacaodeextintores","31":"desktop-align-left","32":"tablet-align-left","33":"mobile-align-left","35":"first","36":"instock","37":"virtual","38":"purchasable","39":"product-type-simple"},"_links":{"self":[{"href":"https:\/\/pacotedeplanilhas.com\/loja\/wp-json\/wp\/v2\/product\/5656","targetHints":{"allow":["GET"]}}],"collection":[{"href":"https:\/\/pacotedeplanilhas.com\/loja\/wp-json\/wp\/v2\/product"}],"about":[{"href":"https:\/\/pacotedeplanilhas.com\/loja\/wp-json\/wp\/v2\/types\/product"}],"replies":[{"embeddable":true,"href":"https:\/\/pacotedeplanilhas.com\/loja\/wp-json\/wp\/v2\/comments?post=5656"}],"version-history":[{"count":2,"href":"https:\/\/pacotedeplanilhas.com\/loja\/wp-json\/wp\/v2\/product\/5656\/revisions"}],"predecessor-version":[{"id":5667,"href":"https:\/\/pacotedeplanilhas.com\/loja\/wp-json\/wp\/v2\/product\/5656\/revisions\/5667"}],"wp:featuredmedia":[{"embeddable":true,"href":"https:\/\/pacotedeplanilhas.com\/loja\/wp-json\/wp\/v2\/media\/5665"}],"wp:attachment":[{"href":"https:\/\/pacotedeplanilhas.com\/loja\/wp-json\/wp\/v2\/media?parent=5656"}],"wp:term":[{"taxonomy":"product_brand","embeddable":true,"href":"https:\/\/pacotedeplanilhas.com\/loja\/wp-json\/wp\/v2\/product_brand?post=5656"},{"taxonomy":"product_cat","embeddable":true,"href":"https:\/\/pacotedeplanilhas.com\/loja\/wp-json\/wp\/v2\/product_cat?post=5656"},{"taxonomy":"product_tag","embeddable":true,"href":"https:\/\/pacotedeplanilhas.com\/loja\/wp-json\/wp\/v2\/product_tag?post=5656"}],"curies":[{"name":"wp","href":"https:\/\/api.w.org\/{rel}","templated":true}]}}