{"id":5671,"date":"2024-08-23T18:52:36","date_gmt":"2024-08-23T21:52:36","guid":{"rendered":"https:\/\/pacotedeplanilhas.com\/loja\/?post_type=product&#038;p=5671"},"modified":"2024-08-30T15:22:16","modified_gmt":"2024-08-30T18:22:16","slug":"planilha-dashboard-contas-a-receber","status":"publish","type":"product","link":"https:\/\/pacotedeplanilhas.com\/loja\/store\/financeiro\/planilha-dashboard-contas-a-receber\/","title":{"rendered":"Planilha Dashboard Contas A Receber"},"content":{"rendered":"<p>FA\u00c7A O CONTROLE E ACOMPANHAMENTO DE CONTAS A RECEBER DA SUA EMPRESA DE MANEIRA SIMPLES E R\u00c1PIDA.<\/p>\n<p>Funcionalidades<\/p>\n<p>Cadastros<\/p>\n<p>\u2013Status, formas de pagamentos, tipo de conta, cod cliente, nome cliente, telefone, n\u00b0 titulo, empresas;<\/p>\n<p>Lan\u00e7amentos<\/p>\n<p>C\u00e9lulas manuis em branco<\/p>\n<p>\u2013Empresas, cod cliente, parcela, valor, data vencimento, tipo de conta, descri\u00e7\u00e3o, formas de pagamento, status;<\/p>\n<p>C\u00e9lulas em cinza possuem preenchimento autom\u00e1tico<\/p>\n<p>\u2013Nome do cliente, telefone, n\u00b0 titulo, m\u00eas, ano, valor, valor recebido, valor em aberto, valor em atraso, quantidade de t\u00edtulos;<\/p>\n<p>Dashboard<\/p>\n<p>Valores totais:<\/p>\n<p>\u2013Valor total negociado, valor recebido, valor em aberto, valor em atraso, ;<\/p>\n<p>Gr\u00e1ficos:<\/p>\n<p>\u2013Valor negociado por m\u00eas, valor recebido por conta, valor recebido por pagamentos, quantidade de t\u00edtulos por m\u00eas, valor recebido por empresa, percentual de recebimento;<\/p>\n<p>Filtros em forma de segmenta\u00e7\u00e3o de dados<\/p>\n<p>\u2013Ano, m\u00eas, nome do cliente, status, empresas;<\/p>\n<p>Planilha 100% edit\u00e1vel<\/p>\n<p>PR\u00c9-REQUISITOS:<br \/>\nTer qualquer vers\u00e3o do EXCEL instalada no computador.<\/p>\n<p>VANTAGENS:<br \/>\nSimplicidade em usar e c\u00e1lculos precisos.<\/p>\n<p>INFORMA\u00c7\u00d5ES \u00daTEIS:<br \/>\nSuporte p\u00f3s-venda, via e-mail, para esclarecer quaisquer d\u00favidas que possam surgir. Planilha original, comercializada pelo pr\u00f3prio desenvolvedor.<\/p>\n<p>Video explicativo da planilha:<\/p>\n<div class=\"ast-oembed-container \" style=\"height: 100%;\"><iframe title=\"Planilha Dashboard Contas a Receber\" width=\"500\" height=\"281\" src=\"https:\/\/www.youtube.com\/embed\/psP3C98P_fY?feature=oembed\" frameborder=\"0\" allow=\"accelerometer; autoplay; clipboard-write; encrypted-media; gyroscope; picture-in-picture; web-share\" referrerpolicy=\"strict-origin-when-cross-origin\" allowfullscreen><\/iframe><\/div>\n","protected":false},"excerpt":{"rendered":"<p>FA\u00c7A O CONTROLE E ACOMPANHAMENTO DE CONTAS A RECEBER DA SUA EMPRESA DE MANEIRA SIMPLES E R\u00c1PIDA. Funcionalidades Cadastros \u2013Status, formas de pagamentos, tipo de conta, cod cliente, nome cliente, telefone, n\u00b0 titulo, empresas; Lan\u00e7amentos C\u00e9lulas manuis em branco \u2013Empresas, cod cliente, parcela, valor, data vencimento, tipo de conta, descri\u00e7\u00e3o, formas de pagamento, status; C\u00e9lulas [&hellip;]<\/p>\n","protected":false},"featured_media":5691,"comment_status":"open","ping_status":"closed","template":"","meta":{"site-sidebar-layout":"default","site-content-layout":"default","ast-site-content-layout":"","site-content-style":"default","site-sidebar-style":"default","ast-global-header-display":"","ast-banner-title-visibility":"","ast-main-header-display":"","ast-hfb-above-header-display":"","ast-hfb-below-header-display":"","ast-hfb-mobile-header-display":"","site-post-title":"","ast-breadcrumbs-content":"","ast-featured-img":"","footer-sml-layout":"","theme-transparent-header-meta":"default","adv-header-id-meta":"","stick-header-meta":"","header-above-stick-meta":"","header-main-stick-meta":"","header-below-stick-meta":"","astra-migrate-meta-layouts":"default","ast-page-background-enabled":"default","ast-page-background-meta":{"desktop":{"background-color":"","background-image":"","background-repeat":"repeat","background-position":"center center","background-size":"auto","background-attachment":"scroll","background-type":"","background-media":"","overlay-type":"","overlay-color":"","overlay-opacity":"","overlay-gradient":""},"tablet":{"background-color":"","background-image":"","background-repeat":"repeat","background-position":"center center","background-size":"auto","background-attachment":"scroll","background-type":"","background-media":"","overlay-type":"","overlay-color":"","overlay-opacity":"","overlay-gradient":""},"mobile":{"background-color":"","background-image":"","background-repeat":"repeat","background-position":"center center","background-size":"auto","background-attachment":"scroll","background-type":"","background-media":"","overlay-type":"","overlay-color":"","overlay-opacity":"","overlay-gradient":""}},"ast-content-background-meta":{"desktop":{"background-color":"var(--ast-global-color-5)","background-image":"","background-repeat":"repeat","background-position":"center center","background-size":"auto","background-attachment":"scroll","background-type":"","background-media":"","overlay-type":"","overlay-color":"","overlay-opacity":"","overlay-gradient":""},"tablet":{"background-color":"var(--ast-global-color-5)","background-image":"","background-repeat":"repeat","background-position":"center center","background-size":"auto","background-attachment":"scroll","background-type":"","background-media":"","overlay-type":"","overlay-color":"","overlay-opacity":"","overlay-gradient":""},"mobile":{"background-color":"var(--ast-global-color-5)","background-image":"","background-repeat":"repeat","background-position":"center center","background-size":"auto","background-attachment":"scroll","background-type":"","background-media":"","overlay-type":"","overlay-color":"","overlay-opacity":"","overlay-gradient":""}}},"product_brand":[],"product_cat":[991,120],"product_tag":[1271,1265,1268,1263,1261,1272,1275,1267,1273,1264,580,1276,812,128,1015,1270,1043,1266,1269,764,604,1262,1274,773],"class_list":{"0":"post-5671","1":"product","2":"type-product","3":"status-publish","4":"has-post-thumbnail","6":"product_cat-financeiro","7":"product_cat-planilhas-em-excel","8":"product_tag-automacao-financeira","9":"product_tag-como-controlar-contas-a-receber","10":"product_tag-contabilidade-excel","11":"product_tag-contas-a-receber-excel","12":"product_tag-controle-de-contas-a-receber","13":"product_tag-controle-de-financas-empresariais","14":"product_tag-controle-de-inadimplencia","15":"product_tag-controle-de-pagamentos","16":"product_tag-controle-de-pagamentos-no-excel","17":"product_tag-controle-de-recebiveis","18":"product_tag-controle-financeiro","19":"product_tag-controle-financeiro-empresarial","20":"product_tag-dashboard-financeiro","21":"product_tag-excel","22":"product_tag-excel-avancado","23":"product_tag-excel-para-empresas","24":"product_tag-financas-empresariais","25":"product_tag-financas-no-excel","26":"product_tag-gestao-de-recebiveis","27":"product_tag-gestao-financeira","28":"product_tag-planilha-de-controle","29":"product_tag-planilha-de-excel","30":"product_tag-planilha-financeira","31":"product_tag-relatorios-financeiros","32":"desktop-align-left","33":"tablet-align-left","34":"mobile-align-left","36":"first","37":"instock","38":"virtual","39":"purchasable","40":"product-type-simple"},"_links":{"self":[{"href":"https:\/\/pacotedeplanilhas.com\/loja\/wp-json\/wp\/v2\/product\/5671","targetHints":{"allow":["GET"]}}],"collection":[{"href":"https:\/\/pacotedeplanilhas.com\/loja\/wp-json\/wp\/v2\/product"}],"about":[{"href":"https:\/\/pacotedeplanilhas.com\/loja\/wp-json\/wp\/v2\/types\/product"}],"replies":[{"embeddable":true,"href":"https:\/\/pacotedeplanilhas.com\/loja\/wp-json\/wp\/v2\/comments?post=5671"}],"version-history":[{"count":2,"href":"https:\/\/pacotedeplanilhas.com\/loja\/wp-json\/wp\/v2\/product\/5671\/revisions"}],"predecessor-version":[{"id":5696,"href":"https:\/\/pacotedeplanilhas.com\/loja\/wp-json\/wp\/v2\/product\/5671\/revisions\/5696"}],"wp:featuredmedia":[{"embeddable":true,"href":"https:\/\/pacotedeplanilhas.com\/loja\/wp-json\/wp\/v2\/media\/5691"}],"wp:attachment":[{"href":"https:\/\/pacotedeplanilhas.com\/loja\/wp-json\/wp\/v2\/media?parent=5671"}],"wp:term":[{"taxonomy":"product_brand","embeddable":true,"href":"https:\/\/pacotedeplanilhas.com\/loja\/wp-json\/wp\/v2\/product_brand?post=5671"},{"taxonomy":"product_cat","embeddable":true,"href":"https:\/\/pacotedeplanilhas.com\/loja\/wp-json\/wp\/v2\/product_cat?post=5671"},{"taxonomy":"product_tag","embeddable":true,"href":"https:\/\/pacotedeplanilhas.com\/loja\/wp-json\/wp\/v2\/product_tag?post=5671"}],"curies":[{"name":"wp","href":"https:\/\/api.w.org\/{rel}","templated":true}]}}