{"id":5672,"date":"2024-08-23T18:52:39","date_gmt":"2024-08-23T21:52:39","guid":{"rendered":"https:\/\/pacotedeplanilhas.com\/loja\/?post_type=product&#038;p=5672"},"modified":"2024-10-21T15:10:14","modified_gmt":"2024-10-21T18:10:14","slug":"dashboard-em-power-bi-indicadores-de-rh-okr","status":"publish","type":"product","link":"https:\/\/pacotedeplanilhas.com\/loja\/store\/power-bi\/dashboard-em-power-bi-indicadores-de-rh-okr\/","title":{"rendered":"Dashboard em Power BI &#8211; Indicadores de RH OKR"},"content":{"rendered":"<p>FA\u00c7A O CONTROLE E ACOMPANHAMENTO DE CONTROLE DE INDICADORES DE RH OKR DA SUA EMPRESA DE MANEIRA SIMPLES E R\u00c1PIDA.<\/p>\n<p>Funcionalidades<\/p>\n<p>Lan\u00e7amentos<\/p>\n<p>\u2013Data, colaboradores, admitidos, demitidos, total de colaboradores, turnuver, faltas com atestado, faltas sem atestados, aus\u00eancia em dias, vidas no convenio, vidas no seguro de vida, custo folha, custo fgts, custo recis\u00e3o, custo grrf, custo f\u00e9rias, compra de f\u00e9rias, custo mei, empresa;<\/p>\n<p>Dashboard 01<\/p>\n<p>Valores totais:<\/p>\n<p>\u2013Admitidos, demitidos;<\/p>\n<p>Gr\u00e1ficos:<\/p>\n<p>\u2013Quantidade de colaboradores, total de colaboradores por m\u00eas, turnover mensal<\/p>\n<p>Relat\u00f3rio detalhado<\/p>\n<p>\u2013M\u00eas, colaboradores, admitidos, demitidos, total de colaboradoes, turnover;<\/p>\n<p>Filtros em forma de segmenta\u00e7\u00e3o de dados<\/p>\n<p>\u2013Ano, m\u00eas, empresa;<\/p>\n<p>Dashboard 02<\/p>\n<p>Valores totais:<\/p>\n<p>\u2013Faltas com atestados horas, faltas sem atestados horas, aus\u00eancias em dias;<\/p>\n<p>Gr\u00e1ficos:<\/p>\n<p>\u2013Faltas com atestado mensal, faltas sem atestado mensal, aus\u00eancia em dias mensal;<\/p>\n<p>Relat\u00f3rio detalhado<\/p>\n<p>\u2013M\u00eas, faltas com atestado, faltas sem atestados, aus\u00eancias em dias;<\/p>\n<p>Filtros em forma de segmenta\u00e7\u00e3o de dados<\/p>\n<p>\u2013Ano, m\u00eas, empresa;<\/p>\n<p>Dahboard 03<\/p>\n<p>Valores totais:<\/p>\n<p>\u2013Vidas no seguro de vida, vidas no convenio;<\/p>\n<p>Gr\u00e1ficos:<\/p>\n<p>\u2013Vidas no seguro de vida mensal, vidas no convenio mensal;<\/p>\n<p>Relat\u00f3rio detalhado<\/p>\n<p>\u2013M\u00eas, vidas no convenio, vidas no seguro de vida;<\/p>\n<p>Filtros em forma de segmenta\u00e7\u00e3o de dados<\/p>\n<p>\u2013Ano, m\u00eas, empresa;<\/p>\n<p>Dashboard 04<\/p>\n<p>Valores totais:<\/p>\n<p>\u2013Total custo folha, total custo fgts;<\/p>\n<p>Gr\u00e1ficos:<\/p>\n<p>\u2013Custo folha mensal, custo fgts mensal<\/p>\n<p>Relat\u00f3rio detalhado<\/p>\n<p>\u2013M\u00eas, custo folha, custo fgts;<\/p>\n<p>Filtros em forma de segmenta\u00e7\u00e3o de dados<\/p>\n<p>\u2013Ano, m\u00eas, empresa;<\/p>\n<p>Dashboard 05<\/p>\n<p>Valores totais:<\/p>\n<p>\u2013Custo rescis\u00f5es;<\/p>\n<p>Gr\u00e1ficos:<\/p>\n<p>\u2013Custo rescis\u00f5es mensal;<\/p>\n<p>Relat\u00f3rio detalhado<\/p>\n<p>\u2013M\u00eas, custo rescis\u00e3o;<\/p>\n<p>Filtros em forma de segmenta\u00e7\u00e3o de dados<\/p>\n<p>\u2013Ano, m\u00eas, empresa;<\/p>\n<p>Dashboard 06<\/p>\n<p>Valores totais:<\/p>\n<p>\u2013Custo f\u00e9rias, custo compra de f\u00e9rias;<\/p>\n<p>Gr\u00e1ficos:<\/p>\n<p>\u2013Custo de f\u00e9rias mensal, custo compra de f\u00e9rias mensal;<\/p>\n<p>Relat\u00f3rio detalhado<\/p>\n<p>\u2013M\u00eas, custo f\u00e9rias, custo compra de f\u00e9rias;<\/p>\n<p>Filtros em forma de segmenta\u00e7\u00e3o de dados<\/p>\n<p>\u2013Ano, m\u00eas, empresa;<\/p>\n<p>Dashboard 07<\/p>\n<p>Valores totais:<\/p>\n<p>\u2013Custo mei<\/p>\n<p>Gr\u00e1ficos:<\/p>\n<p>\u2013Custo mei mensal<\/p>\n<p>Relat\u00f3rio detalhado<\/p>\n<p>\u2013M\u00eas, custo mei;<\/p>\n<p>Filtros em forma de segmenta\u00e7\u00e3o de dados<\/p>\n<p>\u2013Ano, m\u00eas, empresa;<\/p>\n<p><span style=\"font-size: 16px;\">Planilha 100% edit\u00e1vel<\/span><\/p>\n<p>PR\u00c9-REQUISITOS:<br \/>\nTer qualquer vers\u00e3o do EXCEL e POWER BI instalada no computador.<\/p>\n<p>VANTAGENS:<br \/>\nSimplicidade em usar e c\u00e1lculos precisos.<\/p>\n<p>INFORMA\u00c7\u00d5ES \u00daTEIS:<br \/>\nSuporte p\u00f3s-venda, via e-mail, para esclarecer quaisquer d\u00favidas que possam surgir. Planilha original, comercializada pelo pr\u00f3prio desenvolvedor.<\/p>\n<p>Video explicativo da planilha:<\/p>\n<div class=\"ast-oembed-container \" style=\"height: 100%;\"><iframe title=\"Dashboard em Power BI   Indicadores de RH OKR\" width=\"500\" height=\"281\" src=\"https:\/\/www.youtube.com\/embed\/XCZ6DK0KX3c?feature=oembed\" frameborder=\"0\" allow=\"accelerometer; autoplay; clipboard-write; encrypted-media; gyroscope; picture-in-picture; web-share\" referrerpolicy=\"strict-origin-when-cross-origin\" allowfullscreen><\/iframe><\/div>\n<p>&nbsp;<\/p>\n","protected":false},"excerpt":{"rendered":"<p>FA\u00c7A O CONTROLE E ACOMPANHAMENTO DE CONTROLE DE INDICADORES DE RH OKR DA SUA EMPRESA DE MANEIRA SIMPLES E R\u00c1PIDA. Funcionalidades Lan\u00e7amentos \u2013Data, colaboradores, admitidos, demitidos, total de colaboradores, turnuver, faltas com atestado, faltas sem atestados, aus\u00eancia em dias, vidas no convenio, vidas no seguro de vida, custo folha, custo fgts, custo recis\u00e3o, custo grrf, [&hellip;]<\/p>\n","protected":false},"featured_media":5676,"comment_status":"open","ping_status":"closed","template":"","meta":{"site-sidebar-layout":"default","site-content-layout":"default","ast-site-content-layout":"","site-content-style":"default","site-sidebar-style":"default","ast-global-header-display":"","ast-banner-title-visibility":"","ast-main-header-display":"","ast-hfb-above-header-display":"","ast-hfb-below-header-display":"","ast-hfb-mobile-header-display":"","site-post-title":"","ast-breadcrumbs-content":"","ast-featured-img":"","footer-sml-layout":"","theme-transparent-header-meta":"default","adv-header-id-meta":"","stick-header-meta":"","header-above-stick-meta":"","header-main-stick-meta":"","header-below-stick-meta":"","astra-migrate-meta-layouts":"default","ast-page-background-enabled":"default","ast-page-background-meta":{"desktop":{"background-color":"","background-image":"","background-repeat":"repeat","background-position":"center center","background-size":"auto","background-attachment":"scroll","background-type":"","background-media":"","overlay-type":"","overlay-color":"","overlay-opacity":"","overlay-gradient":""},"tablet":{"background-color":"","background-image":"","background-repeat":"repeat","background-position":"center center","background-size":"auto","background-attachment":"scroll","background-type":"","background-media":"","overlay-type":"","overlay-color":"","overlay-opacity":"","overlay-gradient":""},"mobile":{"background-color":"","background-image":"","background-repeat":"repeat","background-position":"center center","background-size":"auto","background-attachment":"scroll","background-type":"","background-media":"","overlay-type":"","overlay-color":"","overlay-opacity":"","overlay-gradient":""}},"ast-content-background-meta":{"desktop":{"background-color":"var(--ast-global-color-5)","background-image":"","background-repeat":"repeat","background-position":"center center","background-size":"auto","background-attachment":"scroll","background-type":"","background-media":"","overlay-type":"","overlay-color":"","overlay-opacity":"","overlay-gradient":""},"tablet":{"background-color":"var(--ast-global-color-5)","background-image":"","background-repeat":"repeat","background-position":"center center","background-size":"auto","background-attachment":"scroll","background-type":"","background-media":"","overlay-type":"","overlay-color":"","overlay-opacity":"","overlay-gradient":""},"mobile":{"background-color":"var(--ast-global-color-5)","background-image":"","background-repeat":"repeat","background-position":"center center","background-size":"auto","background-attachment":"scroll","background-type":"","background-media":"","overlay-type":"","overlay-color":"","overlay-opacity":"","overlay-gradient":""}}},"product_brand":[],"product_cat":[176,990],"product_tag":[568,1244,1254,1256,1243,1250,1237,1253,1259,1242,1245,128,1258,1249,1239,1233,1238,1247,1240,1251,1241,1252,1186,1257,1248,402,1255,1228,1260,196],"class_list":{"0":"post-5672","1":"product","2":"type-product","3":"status-publish","4":"has-post-thumbnail","6":"product_cat-power-bi","7":"product_cat-recursos-humanos","8":"product_tag-gestaodecustos","9":"product_tag-admissoes","10":"product_tag-analisededadosrh","11":"product_tag-controledeausencias","12":"product_tag-controledecolaboradores","13":"product_tag-controledefaltas","14":"product_tag-controlederh","15":"product_tag-custoderh","16":"product_tag-custofolhadepagamento","17":"product_tag-dashboardderh","18":"product_tag-demissoes","19":"product_tag-excel","20":"product_tag-gestaodeconvenios","21":"product_tag-gestaodeferias","22":"product_tag-gestaodepessoas","23":"product_tag-gestaoempresarial","24":"product_tag-indicadoresderh","25":"product_tag-monitoramentodedesempenho","26":"product_tag-okr","27":"product_tag-performanceempresarial","28":"product_tag-powerbi","29":"product_tag-produtividadenorh","30":"product_tag-recursoshumanos","31":"product_tag-relatoriosgerenciais","32":"product_tag-relatoriosrh","33":"product_tag-rh","34":"product_tag-segmentacaodedados","35":"product_tag-segurancanotrabalho","36":"product_tag-suporterh","37":"product_tag-turnover","38":"desktop-align-left","39":"tablet-align-left","40":"mobile-align-left","42":"first","43":"instock","44":"virtual","45":"purchasable","46":"product-type-simple"},"_links":{"self":[{"href":"https:\/\/pacotedeplanilhas.com\/loja\/wp-json\/wp\/v2\/product\/5672","targetHints":{"allow":["GET"]}}],"collection":[{"href":"https:\/\/pacotedeplanilhas.com\/loja\/wp-json\/wp\/v2\/product"}],"about":[{"href":"https:\/\/pacotedeplanilhas.com\/loja\/wp-json\/wp\/v2\/types\/product"}],"replies":[{"embeddable":true,"href":"https:\/\/pacotedeplanilhas.com\/loja\/wp-json\/wp\/v2\/comments?post=5672"}],"version-history":[{"count":2,"href":"https:\/\/pacotedeplanilhas.com\/loja\/wp-json\/wp\/v2\/product\/5672\/revisions"}],"predecessor-version":[{"id":5904,"href":"https:\/\/pacotedeplanilhas.com\/loja\/wp-json\/wp\/v2\/product\/5672\/revisions\/5904"}],"wp:featuredmedia":[{"embeddable":true,"href":"https:\/\/pacotedeplanilhas.com\/loja\/wp-json\/wp\/v2\/media\/5676"}],"wp:attachment":[{"href":"https:\/\/pacotedeplanilhas.com\/loja\/wp-json\/wp\/v2\/media?parent=5672"}],"wp:term":[{"taxonomy":"product_brand","embeddable":true,"href":"https:\/\/pacotedeplanilhas.com\/loja\/wp-json\/wp\/v2\/product_brand?post=5672"},{"taxonomy":"product_cat","embeddable":true,"href":"https:\/\/pacotedeplanilhas.com\/loja\/wp-json\/wp\/v2\/product_cat?post=5672"},{"taxonomy":"product_tag","embeddable":true,"href":"https:\/\/pacotedeplanilhas.com\/loja\/wp-json\/wp\/v2\/product_tag?post=5672"}],"curies":[{"name":"wp","href":"https:\/\/api.w.org\/{rel}","templated":true}]}}