{"id":5745,"date":"2024-09-11T15:39:45","date_gmt":"2024-09-11T18:39:45","guid":{"rendered":"https:\/\/pacotedeplanilhas.com\/loja\/?post_type=product&#038;p=5745"},"modified":"2024-09-11T16:28:56","modified_gmt":"2024-09-11T19:28:56","slug":"planilha-dashboard-controle-custos-fazenda","status":"publish","type":"product","link":"https:\/\/pacotedeplanilhas.com\/loja\/store\/financeiro\/planilha-dashboard-controle-custos-fazenda\/","title":{"rendered":"Planilha Dashboard Controle Custos Fazenda"},"content":{"rendered":"<p>FA\u00c7A O CONTROLE E ACOMPANHAMENTO DE CUSTOS DA SUA EMPRESA DE MANEIRA SIMPLES E R\u00c1PIDA.<\/p>\n<p>Funcionalidades<\/p>\n<p>Cadastros<\/p>\n<p>\u2013Fazenda, setor, fornecedor;<\/p>\n<p>Lan\u00e7amentos<\/p>\n<p>C\u00e9lulas manuais em branco<\/p>\n<p>\u2013Data, descri\u00e7\u00e3o, valor, setor, fazenda, fornecedor, custo;<\/p>\n<p>C\u00e9lulas em cinza que tem preenchimento autom\u00e1tico<\/p>\n<p>\u2013Custo, m\u00eas, ano;<\/p>\n<p>Dashboard<\/p>\n<p>Valores totais:<\/p>\n<p>\u2013Custo total, quantidade total;<\/p>\n<p>Gr\u00e1ficos:<\/p>\n<p>\u2013Custo mensal, quantidade por descri\u00e7\u00e3o do produto, custo por fazenda, custo por setor, custo por fonercedor;<\/p>\n<p>Filtros em forma de segmenta\u00e7\u00e3o de dados<\/p>\n<p>\u2013Ano, m\u00eas, fazenda, setor, descri\u00e7\u00e3o, fornecedor;<\/p>\n<p>Planilha 100% edit\u00e1vel<\/p>\n<p>PR\u00c9-REQUISITOS:<br \/>\nTer qualquer vers\u00e3o do EXCEL instalada no computador.<\/p>\n<p>VANTAGENS:<br \/>\nSimplicidade em usar e c\u00e1lculos precisos.<\/p>\n<p>INFORMA\u00c7\u00d5ES \u00daTEIS:<br \/>\nSuporte p\u00f3s-venda, via e-mail, para esclarecer quaisquer d\u00favidas que possam surgir. Planilha original, comercializada pelo pr\u00f3prio desenvolvedor.<\/p>\n<p>Video explicativo da planilha:<\/p>\n<div class=\"ast-oembed-container \" style=\"height: 100%;\"><iframe title=\"Controle de custos de Fazenda\" width=\"500\" height=\"281\" src=\"https:\/\/www.youtube.com\/embed\/xn5XFRqwqE0?feature=oembed\" frameborder=\"0\" allow=\"accelerometer; autoplay; clipboard-write; encrypted-media; gyroscope; picture-in-picture; web-share\" referrerpolicy=\"strict-origin-when-cross-origin\" allowfullscreen><\/iframe><\/div>\n<p>&nbsp;<\/p>\n","protected":false},"excerpt":{"rendered":"<p>FA\u00c7A O CONTROLE E ACOMPANHAMENTO DE CUSTOS DA SUA EMPRESA DE MANEIRA SIMPLES E R\u00c1PIDA. Funcionalidades Cadastros \u2013Fazenda, setor, fornecedor; Lan\u00e7amentos C\u00e9lulas manuais em branco \u2013Data, descri\u00e7\u00e3o, valor, setor, fazenda, fornecedor, custo; C\u00e9lulas em cinza que tem preenchimento autom\u00e1tico \u2013Custo, m\u00eas, ano; Dashboard Valores totais: \u2013Custo total, quantidade total; Gr\u00e1ficos: \u2013Custo mensal, quantidade por descri\u00e7\u00e3o [&hellip;]<\/p>\n","protected":false},"featured_media":5746,"comment_status":"open","ping_status":"closed","template":"","meta":{"site-sidebar-layout":"default","site-content-layout":"default","ast-site-content-layout":"","site-content-style":"default","site-sidebar-style":"default","ast-global-header-display":"","ast-banner-title-visibility":"","ast-main-header-display":"","ast-hfb-above-header-display":"","ast-hfb-below-header-display":"","ast-hfb-mobile-header-display":"","site-post-title":"","ast-breadcrumbs-content":"","ast-featured-img":"","footer-sml-layout":"","theme-transparent-header-meta":"default","adv-header-id-meta":"","stick-header-meta":"","header-above-stick-meta":"","header-main-stick-meta":"","header-below-stick-meta":"","astra-migrate-meta-layouts":"default","ast-page-background-enabled":"default","ast-page-background-meta":{"desktop":{"background-color":"","background-image":"","background-repeat":"repeat","background-position":"center center","background-size":"auto","background-attachment":"scroll","background-type":"","background-media":"","overlay-type":"","overlay-color":"","overlay-opacity":"","overlay-gradient":""},"tablet":{"background-color":"","background-image":"","background-repeat":"repeat","background-position":"center center","background-size":"auto","background-attachment":"scroll","background-type":"","background-media":"","overlay-type":"","overlay-color":"","overlay-opacity":"","overlay-gradient":""},"mobile":{"background-color":"","background-image":"","background-repeat":"repeat","background-position":"center center","background-size":"auto","background-attachment":"scroll","background-type":"","background-media":"","overlay-type":"","overlay-color":"","overlay-opacity":"","overlay-gradient":""}},"ast-content-background-meta":{"desktop":{"background-color":"var(--ast-global-color-5)","background-image":"","background-repeat":"repeat","background-position":"center center","background-size":"auto","background-attachment":"scroll","background-type":"","background-media":"","overlay-type":"","overlay-color":"","overlay-opacity":"","overlay-gradient":""},"tablet":{"background-color":"var(--ast-global-color-5)","background-image":"","background-repeat":"repeat","background-position":"center center","background-size":"auto","background-attachment":"scroll","background-type":"","background-media":"","overlay-type":"","overlay-color":"","overlay-opacity":"","overlay-gradient":""},"mobile":{"background-color":"var(--ast-global-color-5)","background-image":"","background-repeat":"repeat","background-position":"center center","background-size":"auto","background-attachment":"scroll","background-type":"","background-media":"","overlay-type":"","overlay-color":"","overlay-opacity":"","overlay-gradient":""}}},"product_brand":[],"product_cat":[991,120],"product_tag":[1341,1325,1337,1332,1344,1329,1331,1342,1343,1333,1330,1327,1345,1336,1339,1338,1340,1326,1328,1335,1334],"class_list":{"0":"post-5745","1":"product","2":"type-product","3":"status-publish","4":"has-post-thumbnail","6":"product_cat-financeiro","7":"product_cat-planilhas-em-excel","8":"product_tag-acompanhamento-de-despesas-rurais","9":"product_tag-controle-de-custos-fazenda","10":"product_tag-controle-de-despesas-agricolas","11":"product_tag-controle-de-fornecedores-fazenda","12":"product_tag-controle-de-gastos-fazenda","13":"product_tag-controle-financeiro-rural","14":"product_tag-custos-de-fazenda","15":"product_tag-custos-por-fornecedor-fazenda","16":"product_tag-custos-por-setor-agricola","17":"product_tag-dashboard-de-custos-fazenda","18":"product_tag-excel-para-gestao-rural","19":"product_tag-gestao-de-fazendas-no-excel","20":"product_tag-gestao-financeira-rural-excel","21":"product_tag-gestao-rural-no-excel","22":"product_tag-monitoramento-de-custos-agricolas","23":"product_tag-planilha-agricola","24":"product_tag-planilha-controle-financeiro-fazenda","25":"product_tag-planilha-de-custos-agricolas","26":"product_tag-planilha-editavel-fazenda","27":"product_tag-planilha-excel-fazenda","28":"product_tag-planilha-para-fazenda","29":"desktop-align-left","30":"tablet-align-left","31":"mobile-align-left","33":"first","34":"instock","35":"virtual","36":"purchasable","37":"product-type-simple"},"_links":{"self":[{"href":"https:\/\/pacotedeplanilhas.com\/loja\/wp-json\/wp\/v2\/product\/5745","targetHints":{"allow":["GET"]}}],"collection":[{"href":"https:\/\/pacotedeplanilhas.com\/loja\/wp-json\/wp\/v2\/product"}],"about":[{"href":"https:\/\/pacotedeplanilhas.com\/loja\/wp-json\/wp\/v2\/types\/product"}],"replies":[{"embeddable":true,"href":"https:\/\/pacotedeplanilhas.com\/loja\/wp-json\/wp\/v2\/comments?post=5745"}],"version-history":[{"count":2,"href":"https:\/\/pacotedeplanilhas.com\/loja\/wp-json\/wp\/v2\/product\/5745\/revisions"}],"predecessor-version":[{"id":5751,"href":"https:\/\/pacotedeplanilhas.com\/loja\/wp-json\/wp\/v2\/product\/5745\/revisions\/5751"}],"wp:featuredmedia":[{"embeddable":true,"href":"https:\/\/pacotedeplanilhas.com\/loja\/wp-json\/wp\/v2\/media\/5746"}],"wp:attachment":[{"href":"https:\/\/pacotedeplanilhas.com\/loja\/wp-json\/wp\/v2\/media?parent=5745"}],"wp:term":[{"taxonomy":"product_brand","embeddable":true,"href":"https:\/\/pacotedeplanilhas.com\/loja\/wp-json\/wp\/v2\/product_brand?post=5745"},{"taxonomy":"product_cat","embeddable":true,"href":"https:\/\/pacotedeplanilhas.com\/loja\/wp-json\/wp\/v2\/product_cat?post=5745"},{"taxonomy":"product_tag","embeddable":true,"href":"https:\/\/pacotedeplanilhas.com\/loja\/wp-json\/wp\/v2\/product_tag?post=5745"}],"curies":[{"name":"wp","href":"https:\/\/api.w.org\/{rel}","templated":true}]}}