{"id":5759,"date":"2024-09-16T15:05:49","date_gmt":"2024-09-16T18:05:49","guid":{"rendered":"https:\/\/pacotedeplanilhas.com\/loja\/?post_type=product&#038;p=5759"},"modified":"2024-09-16T15:44:07","modified_gmt":"2024-09-16T18:44:07","slug":"planilha-dashboard-controle-avaliacao-5s-1-0-slides-premium","status":"publish","type":"product","link":"https:\/\/pacotedeplanilhas.com\/loja\/store\/gestao-da-qualidade\/planilha-dashboard-controle-avaliacao-5s-1-0-slides-premium\/","title":{"rendered":"Planilha Dashboard Controle Avalia\u00e7\u00e3o 5S 1.0 + Slides Premium"},"content":{"rendered":"<p>FA\u00c7A O CONTROLE E ACOMPANHAMENTO AVALIA\u00c7\u00c3O 5S DA SUA EMPRESA DE MANEIRA SIMPLES E R\u00c1PIDA.<\/p>\n<p>Funcionalidades<\/p>\n<p>Cadastros<\/p>\n<p>\u2013Avaliador, \u00e1rea\/departamento, respons\u00e1vel pela \u00e1rea, status de a\u00e7\u00e3o, corretiva, nota m\u00e1xima, nota m\u00ednima;<\/p>\n<p>Lan\u00e7amentos<\/p>\n<p>C\u00e9lulas manuais em branco<\/p>\n<p>\u2013Data, avaliador, \u00e1rea\/dpartamento, seiri( uiliza\u00e7\u00e3o), seiton( organiza\u00e7\u00e3o), seiso( limpeza), seiketsu( padroniza\u00e7\u00e3o), shitske( disciplina), a\u00e7\u00f5es corretivas, status das a\u00e7\u00f5es corretivas, observa\u00e7\u00f5es;<\/p>\n<p>C\u00e9lulas em cinza que tem preenchimento autom\u00e1tico<\/p>\n<p>\u2013Respons\u00e1vel pela \u00e1rea, total, nota m\u00e1xima, nota m\u00ednima, m\u00eas, ano;<\/p>\n<p>Dashboard<\/p>\n<p>Valores totais:<\/p>\n<p>\u2013Pontos seiri( uiliza\u00e7\u00e3o), pontos seiton( organiza\u00e7\u00e3o),\u00a0 pontos seiso( limpeza), pontos seiketsu( padroniza\u00e7\u00e3o), pontos shitske( disciplina), pontos total;<\/p>\n<p>Gr\u00e1ficos:<\/p>\n<p>\u2013Pontua\u00e7\u00e3o por senso 5S, pontua\u00e7\u00e3o total e auditorias realizadas por m\u00eas, efici\u00eancia geral, pontua\u00e7\u00e3o geral por departamento, avalia\u00e7\u00f5es por avaliador, status das a\u00e7\u00f5es;<\/p>\n<p>Filtros em forma de segmenta\u00e7\u00e3o de dados<\/p>\n<p>\u2013Ano, m\u00eas, status das a\u00e7\u00f5es corretivas, \u00e1rea\/departamento, avaliador, respons\u00e1vel pela \u00e1rea;<\/p>\n<p>\u2013Calend\u00e1rio<\/p>\n<p>\u2013Auditoria<\/p>\n<p>Planilha 100% edit\u00e1vel<\/p>\n<p>PR\u00c9-REQUISITOS:<br \/>\nTer qualquer vers\u00e3o do EXCEL instalada no computador.<\/p>\n<p>VANTAGENS:<br \/>\nSimplicidade em usar e c\u00e1lculos precisos.<\/p>\n<p>INFORMA\u00c7\u00d5ES \u00daTEIS:<br \/>\nSuporte p\u00f3s-venda, via e-mail, para esclarecer quaisquer d\u00favidas que possam surgir. Planilha original, comercializada pelo pr\u00f3prio desenvolvedor.<\/p>\n<p>Video explicativo da planilha:<\/p>\n<div class=\"ast-oembed-container \" style=\"height: 100%;\"><iframe title=\"Planilha Avalia\u00e7\u00e3o 5S 1.0\" width=\"500\" height=\"281\" src=\"https:\/\/www.youtube.com\/embed\/yU8GfqS6x-I?feature=oembed\" frameborder=\"0\" allow=\"accelerometer; autoplay; clipboard-write; encrypted-media; gyroscope; picture-in-picture; web-share\" referrerpolicy=\"strict-origin-when-cross-origin\" allowfullscreen><\/iframe><\/div>\n<p>&nbsp;<\/p>\n","protected":false},"excerpt":{"rendered":"<p>FA\u00c7A O CONTROLE E ACOMPANHAMENTO AVALIA\u00c7\u00c3O 5S DA SUA EMPRESA DE MANEIRA SIMPLES E R\u00c1PIDA. Funcionalidades Cadastros \u2013Avaliador, \u00e1rea\/departamento, respons\u00e1vel pela \u00e1rea, status de a\u00e7\u00e3o, corretiva, nota m\u00e1xima, nota m\u00ednima; Lan\u00e7amentos C\u00e9lulas manuais em branco \u2013Data, avaliador, \u00e1rea\/dpartamento, seiri( uiliza\u00e7\u00e3o), seiton( organiza\u00e7\u00e3o), seiso( limpeza), seiketsu( padroniza\u00e7\u00e3o), shitske( disciplina), a\u00e7\u00f5es corretivas, status das a\u00e7\u00f5es corretivas, observa\u00e7\u00f5es; [&hellip;]<\/p>\n","protected":false},"featured_media":5760,"comment_status":"open","ping_status":"closed","template":"","meta":{"site-sidebar-layout":"default","site-content-layout":"default","ast-site-content-layout":"","site-content-style":"default","site-sidebar-style":"default","ast-global-header-display":"","ast-banner-title-visibility":"","ast-main-header-display":"","ast-hfb-above-header-display":"","ast-hfb-below-header-display":"","ast-hfb-mobile-header-display":"","site-post-title":"","ast-breadcrumbs-content":"","ast-featured-img":"","footer-sml-layout":"","theme-transparent-header-meta":"default","adv-header-id-meta":"","stick-header-meta":"","header-above-stick-meta":"","header-main-stick-meta":"","header-below-stick-meta":"","astra-migrate-meta-layouts":"default","ast-page-background-enabled":"default","ast-page-background-meta":{"desktop":{"background-color":"","background-image":"","background-repeat":"repeat","background-position":"center center","background-size":"auto","background-attachment":"scroll","background-type":"","background-media":"","overlay-type":"","overlay-color":"","overlay-opacity":"","overlay-gradient":""},"tablet":{"background-color":"","background-image":"","background-repeat":"repeat","background-position":"center center","background-size":"auto","background-attachment":"scroll","background-type":"","background-media":"","overlay-type":"","overlay-color":"","overlay-opacity":"","overlay-gradient":""},"mobile":{"background-color":"","background-image":"","background-repeat":"repeat","background-position":"center center","background-size":"auto","background-attachment":"scroll","background-type":"","background-media":"","overlay-type":"","overlay-color":"","overlay-opacity":"","overlay-gradient":""}},"ast-content-background-meta":{"desktop":{"background-color":"var(--ast-global-color-5)","background-image":"","background-repeat":"repeat","background-position":"center center","background-size":"auto","background-attachment":"scroll","background-type":"","background-media":"","overlay-type":"","overlay-color":"","overlay-opacity":"","overlay-gradient":""},"tablet":{"background-color":"var(--ast-global-color-5)","background-image":"","background-repeat":"repeat","background-position":"center center","background-size":"auto","background-attachment":"scroll","background-type":"","background-media":"","overlay-type":"","overlay-color":"","overlay-opacity":"","overlay-gradient":""},"mobile":{"background-color":"var(--ast-global-color-5)","background-image":"","background-repeat":"repeat","background-position":"center center","background-size":"auto","background-attachment":"scroll","background-type":"","background-media":"","overlay-type":"","overlay-color":"","overlay-opacity":"","overlay-gradient":""}}},"product_brand":[],"product_cat":[995,120],"product_tag":[1360,1350,1347,1361,1348,1353,1357,1354,1020,1349,1355,1358,1351,615,1346,1352,1359,1356,897],"class_list":{"0":"post-5759","1":"product","2":"type-product","3":"status-publish","4":"has-post-thumbnail","6":"product_cat-gestao-da-qualidade","7":"product_cat-planilhas-em-excel","8":"product_tag-acoes-corretivas-5s","9":"product_tag-auditoria-5s","10":"product_tag-avaliacao-5s","11":"product_tag-como-aplicar-5s","12":"product_tag-controle-5s","13":"product_tag-controle-de-auditoria-5s","14":"product_tag-dashboard-5s","15":"product_tag-excel-para-5s","16":"product_tag-ferramentas-de-gestao","17":"product_tag-gestao-5s","18":"product_tag-gestao-empresarial-5s","19":"product_tag-melhoria-continua","20":"product_tag-metodologia-5s","21":"product_tag-organizacao-empresarial","22":"product_tag-planilha-5s","23":"product_tag-planilha-de-avaliacao-5s","24":"product_tag-planilha-de-excel-5s","25":"product_tag-planilhas-para-empresas","26":"product_tag-produtividade-empresarial","27":"desktop-align-left","28":"tablet-align-left","29":"mobile-align-left","31":"first","32":"instock","33":"virtual","34":"purchasable","35":"product-type-simple"},"_links":{"self":[{"href":"https:\/\/pacotedeplanilhas.com\/loja\/wp-json\/wp\/v2\/product\/5759","targetHints":{"allow":["GET"]}}],"collection":[{"href":"https:\/\/pacotedeplanilhas.com\/loja\/wp-json\/wp\/v2\/product"}],"about":[{"href":"https:\/\/pacotedeplanilhas.com\/loja\/wp-json\/wp\/v2\/types\/product"}],"replies":[{"embeddable":true,"href":"https:\/\/pacotedeplanilhas.com\/loja\/wp-json\/wp\/v2\/comments?post=5759"}],"version-history":[{"count":2,"href":"https:\/\/pacotedeplanilhas.com\/loja\/wp-json\/wp\/v2\/product\/5759\/revisions"}],"predecessor-version":[{"id":5767,"href":"https:\/\/pacotedeplanilhas.com\/loja\/wp-json\/wp\/v2\/product\/5759\/revisions\/5767"}],"wp:featuredmedia":[{"embeddable":true,"href":"https:\/\/pacotedeplanilhas.com\/loja\/wp-json\/wp\/v2\/media\/5760"}],"wp:attachment":[{"href":"https:\/\/pacotedeplanilhas.com\/loja\/wp-json\/wp\/v2\/media?parent=5759"}],"wp:term":[{"taxonomy":"product_brand","embeddable":true,"href":"https:\/\/pacotedeplanilhas.com\/loja\/wp-json\/wp\/v2\/product_brand?post=5759"},{"taxonomy":"product_cat","embeddable":true,"href":"https:\/\/pacotedeplanilhas.com\/loja\/wp-json\/wp\/v2\/product_cat?post=5759"},{"taxonomy":"product_tag","embeddable":true,"href":"https:\/\/pacotedeplanilhas.com\/loja\/wp-json\/wp\/v2\/product_tag?post=5759"}],"curies":[{"name":"wp","href":"https:\/\/api.w.org\/{rel}","templated":true}]}}