{"id":5785,"date":"2024-09-27T14:07:14","date_gmt":"2024-09-27T17:07:14","guid":{"rendered":"https:\/\/pacotedeplanilhas.com\/loja\/?post_type=product&#038;p=5785"},"modified":"2024-09-27T18:15:16","modified_gmt":"2024-09-27T21:15:16","slug":"planilha-dashboard-controle-de-estoque-3-4","status":"publish","type":"product","link":"https:\/\/pacotedeplanilhas.com\/loja\/store\/empresarial\/planilha-dashboard-controle-de-estoque-3-4\/","title":{"rendered":"Planilha Dashboard Controle De Estoque 3.4"},"content":{"rendered":"<p>FA\u00c7A O CONTROLE E ACOMPANHAMENTO DE ESTOQUE DA SUA EMPRESA DE MANEIRA SIMPLES E R\u00c1PIDA.<\/p>\n<p>Funcionalidades<\/p>\n<p>Cadastros<\/p>\n<p><strong><em>Produtos (Cadastros dos produtos)<\/em><\/strong><\/p>\n<p>\u2013C\u00f3digo, nome do produto, estoque m\u00ednimo, estoque inicial, data cadastro, custo unitario de primeira entrada;<\/p>\n<p><em><strong>Fornecedores (Cadastro de fornecedores)<\/strong><\/em><\/p>\n<p>\u2013Nome do fornecedor, email, telefone, observa\u00e7\u00f5es;<\/p>\n<p><em><strong>Profissionais (Cadastro de profissionais resp\u00f3nsaveis pelo estoque)<\/strong><\/em><\/p>\n<p>\u2013Nome do profissional resp\u00f3nsavel, email, telefone pessoal, observa\u00e7\u00f5es;<\/p>\n<p>Lan\u00e7amentos<\/p>\n<p><em><strong>Entradas ( Lan\u00e7amentos entradas)\u00a0<\/strong><\/em><\/p>\n<p>C\u00e9lulas manuais em branco<\/p>\n<p>\u2013Data, produto, nota fiscal (opcional), resp\u00f3nsavel, custo unitario, quantidade, fornecedor, prazo de entrega (dias \u00fateis);<\/p>\n<p>C\u00e9lulas em cinza que tem preenchimento autom\u00e1tico<\/p>\n<p>\u2013Estoque estimado, total de compras, m\u00eas, ano, estoque inicial, resumo;<\/p>\n<p><em><strong>Sa\u00eddas (Lan\u00e7amentos sa\u00eddas)<\/strong><\/em><\/p>\n<p><span style=\"vertical-align: inherit;\"><span style=\"vertical-align: inherit;\">C\u00e9lulas manuais em branco<\/span><\/span><\/p>\n<p>\u2013Data, produto, nota fiscal (opcional), resp\u00f3nsavel, quantidade;<\/p>\n<p><span style=\"vertical-align: inherit;\"><span style=\"vertical-align: inherit;\">C\u00e9lulas em cinza que tem preenchimento autom\u00e1tico<\/span><\/span><\/p>\n<p>\u2013Estoque estimado, total de sa\u00eddas R$, m\u00eas, ano, estoque inicial, resumo;<\/p>\n<p><em><strong>Invent\u00e1rio (Comparativo)<\/strong><\/em><\/p>\n<p><span style=\"vertical-align: inherit;\"><span style=\"vertical-align: inherit;\">C\u00e9lulas manuais em branco<\/span><\/span><\/p>\n<p>\u2013Estoque dispon\u00edvel<\/p>\n<p><span style=\"vertical-align: inherit;\"><span style=\"vertical-align: inherit;\">C\u00e9lulas em cinza que tem preenchimento autom\u00e1tico<\/span><\/span><\/p>\n<p>\u2013C\u00f3digo, nome do produto, estoque gerado, valor real do estoque, valor gerado de estoque, diferen\u00e7a (real x gerado), grau de precis\u00e3o;<\/p>\n<p>Resultados<\/p>\n<p><em><strong>Situa\u00e7\u00e3o de produtos<\/strong><\/em><\/p>\n<p><span style=\"vertical-align: inherit;\"><span style=\"vertical-align: inherit;\">C\u00e9lulas em cinza que tem preenchimento autom\u00e1tico<\/span><\/span><\/p>\n<p>\u2013C\u00f3digo, nome do produto, estoque m\u00ednimo, estoque atual, entradas, sa\u00eddas, total de gastos com produtos, relev\u00e2ncia no estoque (gastos), relev\u00e2ncia no estoque (volume), custo m\u00e9dio por produto, giro de estoque do poduto;<\/p>\n<p><em><strong>Situa\u00e7\u00e3o atual<\/strong><\/em><\/p>\n<p><span style=\"vertical-align: inherit;\"><span style=\"vertical-align: inherit;\">C\u00e9lulas em cinza que tem preenchimento autom\u00e1tico<\/span><\/span><\/p>\n<p>\u2013Variedade de itens em estoque, n\u00famero de itens em estoque, valor total em estoque, an\u00e1lise mensal, entradas, sa\u00eddas, itens em estoque, top 15 rankign ABC: produtos, participa\u00e7\u00e3o acumulativa, classofica\u00e7\u00e3o abc;<\/p>\n<p>Gr\u00e1ficos<\/p>\n<p>\u2013Entradas vs sa\u00eddas, estoque anual, comparativo de produtos, alerta vermelho;<\/p>\n<p><em><strong>Relat\u00f3rio de impress\u00e3o<\/strong><\/em><\/p>\n<p>\u2013 1. Situa\u00e7\u00e3o atual<\/p>\n<p>\u2013 2. Gr\u00e1ficos<\/p>\n<p>Dashboard Estoque<\/p>\n<p>Valores Totais<\/p>\n<p>\u2013N\u00famero de itens em estoque, variedade de itens , valor total em estoque, valor de entradas, valor de sa\u00eddas, produtos abaixo do estoque m\u00ednimo<\/p>\n<p>Gr\u00e1ficos:<\/p>\n<p>\u2013Entradas e sa\u00eddas por m\u00eas, itens em estoque, top 5 rank curva abc, rela\u00e7\u00e3o de produtos abaixo e acima do estoque m\u00ednimo;<\/p>\n<p>Dashboard Controle de Entradas<\/p>\n<p>Valores totais:<\/p>\n<p>\u2013Quantidade total, custo total, quantidade produtos inseridos, estoque estimado, estoque inicial;<\/p>\n<p><span style=\"vertical-align: inherit;\"><span style=\"vertical-align: inherit;\">Gr\u00e1ficos:<\/span><\/span><\/p>\n<p>\u2013Entrada de estoque por m\u00eas, gasto com estoque por m\u00eas, descri\u00e7\u00e3o do estoque por quantidade, descri\u00e7\u00e3o do estoque por custo, respons\u00e1vel por entrada quantidade;<\/p>\n<p>Filtros em forma de segmenta\u00e7\u00e3o de dados<\/p>\n<p>\u2013Ano, m\u00eas, produto, respons\u00e1vel, fornecedor;<\/p>\n<p>Dashboard Controle de Sa\u00eddas<\/p>\n<p>\u2013Quantidade sa\u00eddas por m\u00eas, quantiadde sa\u00eddas por descri\u00e7\u00e3o do estoque, respons\u00e1vel pela sa\u00edda quantidade, valor de sa\u00edda por m\u00eas;<\/p>\n<p><span style=\"vertical-align: inherit;\"><span style=\"vertical-align: inherit;\">Filtros em forma de segmenta\u00e7\u00e3o de dados<\/span><\/span><\/p>\n<p>\u2013Ano, m\u00eas, produto, respons\u00e1vel;<\/p>\n<p>Planilha 100% edit\u00e1vel<\/p>\n<p>PR\u00c9-REQUISITOS:<br \/>\nTer qualquer vers\u00e3o do EXCEL instalada no computador.<\/p>\n<p>VANTAGENS:<br \/>\nSimplicidade em usar e c\u00e1lculos precisos.<\/p>\n<p>INFORMA\u00c7\u00d5ES \u00daTEIS:<br \/>\nSuporte p\u00f3s-venda, via e-mail, para esclarecer quaisquer d\u00favidas que possam surgir. Planilha original, comercializada pelo pr\u00f3prio desenvolvedor.<\/p>\n<p>Video explicativo da planilha:<\/p>\n<div class=\"ast-oembed-container \" style=\"height: 100%;\"><iframe title=\"Planilha Dashboard Controle de Estoque 3.4\" width=\"500\" height=\"281\" src=\"https:\/\/www.youtube.com\/embed\/lcpY7wv7fR0?feature=oembed\" frameborder=\"0\" allow=\"accelerometer; autoplay; clipboard-write; encrypted-media; gyroscope; picture-in-picture; web-share\" referrerpolicy=\"strict-origin-when-cross-origin\" allowfullscreen><\/iframe><\/div>\n<p>&nbsp;<\/p>\n","protected":false},"excerpt":{"rendered":"<p><b>Planilha Controle de Estoques<\/b><\/p>\n<p>Esta planilha tem objetivo em organizar o estoque do seu neg\u00f3cio,\u00a0 ela \u00e9 direcionada para empreendedores e pequenas empresa.<\/p>\n<h4>Conte\u00fado da planilha:<\/h4>\n<ul>\n<li>Aba de Cadastro: cadastro dos produtos, fornecedores e dos envolvidos com a gest\u00e3o dos estoques;<\/li>\n<li>Lan\u00e7amentos;<\/li>\n<li>Invent\u00e1rio;<\/li>\n<li>Resultados consolidados;<\/li>\n<li>Gr\u00e1ficos de apoio;<\/li>\n<li>Relat\u00f3rio de impress\u00e3o;<\/li>\n<li>Dashboard interativo e din\u00e2mico.<\/li>\n<\/ul>\n<p>&nbsp;<\/p>\n<h3>Ap\u00f3s a compra e processamento de pagamento, a planilha \u00e9 disponibilizada de imediato para download.<\/h3>\n","protected":false},"featured_media":5786,"comment_status":"open","ping_status":"closed","template":"","meta":{"site-sidebar-layout":"default","site-content-layout":"default","ast-site-content-layout":"","site-content-style":"default","site-sidebar-style":"default","ast-global-header-display":"","ast-banner-title-visibility":"","ast-main-header-display":"","ast-hfb-above-header-display":"","ast-hfb-below-header-display":"","ast-hfb-mobile-header-display":"","site-post-title":"","ast-breadcrumbs-content":"","ast-featured-img":"","footer-sml-layout":"","theme-transparent-header-meta":"default","adv-header-id-meta":"","stick-header-meta":"","header-above-stick-meta":"","header-main-stick-meta":"","header-below-stick-meta":"","astra-migrate-meta-layouts":"default","ast-page-background-enabled":"default","ast-page-background-meta":{"desktop":{"background-color":"","background-image":"","background-repeat":"repeat","background-position":"center center","background-size":"auto","background-attachment":"scroll","background-type":"","background-media":"","overlay-type":"","overlay-color":"","overlay-opacity":"","overlay-gradient":""},"tablet":{"background-color":"","background-image":"","background-repeat":"repeat","background-position":"center center","background-size":"auto","background-attachment":"scroll","background-type":"","background-media":"","overlay-type":"","overlay-color":"","overlay-opacity":"","overlay-gradient":""},"mobile":{"background-color":"","background-image":"","background-repeat":"repeat","background-position":"center center","background-size":"auto","background-attachment":"scroll","background-type":"","background-media":"","overlay-type":"","overlay-color":"","overlay-opacity":"","overlay-gradient":""}},"ast-content-background-meta":{"desktop":{"background-color":"var(--ast-global-color-5)","background-image":"","background-repeat":"repeat","background-position":"center center","background-size":"auto","background-attachment":"scroll","background-type":"","background-media":"","overlay-type":"","overlay-color":"","overlay-opacity":"","overlay-gradient":""},"tablet":{"background-color":"var(--ast-global-color-5)","background-image":"","background-repeat":"repeat","background-position":"center center","background-size":"auto","background-attachment":"scroll","background-type":"","background-media":"","overlay-type":"","overlay-color":"","overlay-opacity":"","overlay-gradient":""},"mobile":{"background-color":"var(--ast-global-color-5)","background-image":"","background-repeat":"repeat","background-position":"center center","background-size":"auto","background-attachment":"scroll","background-type":"","background-media":"","overlay-type":"","overlay-color":"","overlay-opacity":"","overlay-gradient":""}}},"product_brand":[],"product_cat":[997,120,992],"product_tag":[1363,1365,607,1370,1373,1369,1367,1270,1364,1375,1372,1368,1362,1366,1374,1371],"class_list":{"0":"post-5785","1":"product","2":"type-product","3":"status-publish","4":"has-post-thumbnail","6":"product_cat-empresarial","7":"product_cat-planilhas-em-excel","8":"product_cat-producao","9":"product_tag-acompanhamento-de-estoque","10":"product_tag-controle-de-entradas-e-saidas","11":"product_tag-controle-de-estoque","12":"product_tag-controle-de-fornecedores-excel","13":"product_tag-controle-de-produtos-excel","14":"product_tag-dashboard-de-estoque","15":"product_tag-estoque-minimo","16":"product_tag-excel-para-empresas","17":"product_tag-gestao-de-estoque-no-excel","18":"product_tag-gestao-de-produtos-excel","19":"product_tag-graficos-de-estoque-excel","20":"product_tag-inventario-de-estoque","21":"product_tag-planilha-de-estoque-excel","22":"product_tag-planilha-de-gestao-de-estoque","23":"product_tag-planilha-personalizada-estoque","24":"product_tag-relatorio-de-estoque","25":"desktop-align-left","26":"tablet-align-left","27":"mobile-align-left","29":"first","30":"instock","31":"virtual","32":"purchasable","33":"product-type-simple"},"_links":{"self":[{"href":"https:\/\/pacotedeplanilhas.com\/loja\/wp-json\/wp\/v2\/product\/5785","targetHints":{"allow":["GET"]}}],"collection":[{"href":"https:\/\/pacotedeplanilhas.com\/loja\/wp-json\/wp\/v2\/product"}],"about":[{"href":"https:\/\/pacotedeplanilhas.com\/loja\/wp-json\/wp\/v2\/types\/product"}],"replies":[{"embeddable":true,"href":"https:\/\/pacotedeplanilhas.com\/loja\/wp-json\/wp\/v2\/comments?post=5785"}],"version-history":[{"count":2,"href":"https:\/\/pacotedeplanilhas.com\/loja\/wp-json\/wp\/v2\/product\/5785\/revisions"}],"predecessor-version":[{"id":5801,"href":"https:\/\/pacotedeplanilhas.com\/loja\/wp-json\/wp\/v2\/product\/5785\/revisions\/5801"}],"wp:featuredmedia":[{"embeddable":true,"href":"https:\/\/pacotedeplanilhas.com\/loja\/wp-json\/wp\/v2\/media\/5786"}],"wp:attachment":[{"href":"https:\/\/pacotedeplanilhas.com\/loja\/wp-json\/wp\/v2\/media?parent=5785"}],"wp:term":[{"taxonomy":"product_brand","embeddable":true,"href":"https:\/\/pacotedeplanilhas.com\/loja\/wp-json\/wp\/v2\/product_brand?post=5785"},{"taxonomy":"product_cat","embeddable":true,"href":"https:\/\/pacotedeplanilhas.com\/loja\/wp-json\/wp\/v2\/product_cat?post=5785"},{"taxonomy":"product_tag","embeddable":true,"href":"https:\/\/pacotedeplanilhas.com\/loja\/wp-json\/wp\/v2\/product_tag?post=5785"}],"curies":[{"name":"wp","href":"https:\/\/api.w.org\/{rel}","templated":true}]}}