{"id":5840,"date":"2024-10-11T14:26:34","date_gmt":"2024-10-11T17:26:34","guid":{"rendered":"https:\/\/pacotedeplanilhas.com\/loja\/?post_type=product&#038;p=5840"},"modified":"2024-10-11T16:09:02","modified_gmt":"2024-10-11T19:09:02","slug":"planilha-dashboard-controle-de-turnover-1-3","status":"publish","type":"product","link":"https:\/\/pacotedeplanilhas.com\/loja\/store\/planilhas-em-excel\/planilha-dashboard-controle-de-turnover-1-3\/","title":{"rendered":"Planilha Dashboard Controle de Turnover 1.3"},"content":{"rendered":"<p>FA\u00c7A O CONTROLE E ACOMPANHAMENTO DO TURNOVER DE FUNCION\u00c1RIOS DA SUA EMPRESA DE MANEIRA SIMPLES E R\u00c1PIDA.<\/p>\n<p>Funcionalidades:<\/p>\n<p><strong>Nos lan\u00e7amentos da Planilha:<\/strong><\/p>\n<p>C\u00e9lulas Manuais em branco:<\/p>\n<p>\u2013Unidade, filial, setor, gestor, funcion\u00e1rio, g\u00eanero, cargo, regime, data da contrata\u00e7\u00e3o, data demiss\u00e3o, tipo de desligamento;<\/p>\n<p>C\u00e9lulas em cinza que tem preenchimento autom\u00e1tico:<\/p>\n<p>\u2013Tempo de empresa, ativo, demitido;<\/p>\n<p><strong>Turnover:\u00a0<\/strong><\/p>\n<p>C\u00e9lulas manuais em branco:<\/p>\n<p>\u2013Quantidade de funcion\u00e1rios;<\/p>\n<p>C\u00e9lulas em cinza que tem preenchimento autom\u00e1tico:<\/p>\n<p>\u2013Ano, m\u00eas, quantidade de admiss\u00f5es, quantidade de demiss\u00f5es, turnover;<\/p>\n<p>Filtros em fome de segmenta\u00e7\u00e3o de dados:<\/p>\n<p>\u2013Ano contrata\u00e7\u00f5es, ano para demiss\u00f5es;<\/p>\n<p><strong>O Dashboard\u00a0<\/strong><\/p>\n<p>Valores totais:<\/p>\n<p>\u2013 Funcion\u00e1rios ativos, contrata\u00e7\u00f5es, desligamentos, ano de an\u00e1lise;<\/p>\n<p>Gr\u00e1ficos:<\/p>\n<p>\u2013Movimenta\u00e7\u00e3o de entrada e sa\u00edda por m\u00eas, turnover referente ao ano;<\/p>\n<p>Filtro em forma de segmenta\u00e7\u00e3o de dados:<\/p>\n<p>\u2013Ano;<\/p>\n<p><strong>Dashboard Ativos<\/strong><\/p>\n<p>Valores totais:<\/p>\n<p>\u2013Funcion\u00e1rios ativos, contrata\u00e7\u00f5es, desligamentos, ano da an\u00e1lise;<\/p>\n<p>Gr\u00e1ficos:<\/p>\n<p>\u2013Top 10 funcion\u00e1rios ativos por cargo, funcion\u00e1rios ativos por gestor, funcion\u00e1rios ativos por regime, funcion\u00e1rios ativos por g\u00eanero, funcion\u00e1rios ativos por tempo de empresa, funcion\u00e1rios ativos por m\u00eas;<\/p>\n<p>Filtro em forma de segmenta\u00e7\u00e3o de dados:<\/p>\n<p>\u2013Ano, m\u00eas, unidade, filial, setor, funcion\u00e1rio;<\/p>\n<p><strong>Dashboard Contrata\u00e7\u00f5es<\/strong><\/p>\n<p>Valores totais:<\/p>\n<p>\u2013Funcion\u00e1rios ativos, contrata\u00e7\u00f5es, desligamentos, ano da an\u00e1lise;<\/p>\n<p>Gr\u00e1ficos:<\/p>\n<p>\u2013Contrata\u00e7\u00f5es por m\u00eas, top 10 contrata\u00e7\u00f5es por cargo, contrata\u00e7\u00f5es por g\u00eanero, contrata\u00e7\u00f5es por gestor;<\/p>\n<p>Filtro em forma de segmenta\u00e7\u00e3o de dados:<\/p>\n<p>\u2013Ano, m\u00eas, unidade, filial, setor, funcion\u00e1rio;<\/p>\n<p><strong>Dashboard Demiss\u00f5es<\/strong><\/p>\n<p>Valores totais:<\/p>\n<p>\u2013Funcion\u00e1rios ativos, contrata\u00e7\u00f5es, desligamentos, ano da an\u00e1lise;<\/p>\n<p>Gr\u00e1ficos:<\/p>\n<p>\u2013Desligamento por m\u00eas, top 10 desligamento por cargo, demiss\u00f5es por g\u00eanero, desligamento por gestor;<\/p>\n<p>Filtro em forma de segmenta\u00e7\u00e3o de dados:<\/p>\n<p>\u2013Ano, m\u00eas;<\/p>\n<p><strong>Tabela Dinamica:<\/strong> Unidade, filial, setor, soma de demitidos;<\/p>\n<p>Planilha 100% edit\u00e1vel<\/p>\n<p>PR\u00c9-REQUISITOS:<br \/>\nTer qualquer vers\u00e3o do EXCEL instalada no computador.<\/p>\n<p>VANTAGENS:<br \/>\nSimplicidade em usar e c\u00e1lculos precisos.<\/p>\n<p>INFORMA\u00c7\u00d5ES \u00daTEIS:<br \/>\nSuporte p\u00f3s-venda, via e-mail, para esclarecer quaisquer d\u00favidas que possam surgir. Planilha original, comercializada pelo pr\u00f3prio desenvolvedor.<\/p>\n<p>Video explicativo da planilha:<\/p>\n<div class=\"ast-oembed-container \" style=\"height: 100%;\"><iframe title=\"Planilha Dashboard Controle de Turnover 1.3\" width=\"500\" height=\"281\" src=\"https:\/\/www.youtube.com\/embed\/PJiUJNTgjRQ?feature=oembed\" frameborder=\"0\" allow=\"accelerometer; autoplay; clipboard-write; encrypted-media; gyroscope; picture-in-picture; web-share\" referrerpolicy=\"strict-origin-when-cross-origin\" allowfullscreen><\/iframe><\/div>\n<p>&nbsp;<\/p>\n","protected":false},"excerpt":{"rendered":"<p>FA\u00c7A O CONTROLE E ACOMPANHAMENTO DO TURNOVER DE FUNCION\u00c1RIOS DA SUA EMPRESA DE MANEIRA SIMPLES E R\u00c1PIDA.<\/p>\n","protected":false},"featured_media":5842,"comment_status":"open","ping_status":"closed","template":"","meta":{"site-sidebar-layout":"default","site-content-layout":"default","ast-site-content-layout":"","site-content-style":"default","site-sidebar-style":"default","ast-global-header-display":"","ast-banner-title-visibility":"","ast-main-header-display":"","ast-hfb-above-header-display":"","ast-hfb-below-header-display":"","ast-hfb-mobile-header-display":"","site-post-title":"","ast-breadcrumbs-content":"","ast-featured-img":"","footer-sml-layout":"","theme-transparent-header-meta":"default","adv-header-id-meta":"","stick-header-meta":"","header-above-stick-meta":"","header-main-stick-meta":"","header-below-stick-meta":"","astra-migrate-meta-layouts":"default","ast-page-background-enabled":"default","ast-page-background-meta":{"desktop":{"background-color":"","background-image":"","background-repeat":"repeat","background-position":"center center","background-size":"auto","background-attachment":"scroll","background-type":"","background-media":"","overlay-type":"","overlay-color":"","overlay-opacity":"","overlay-gradient":""},"tablet":{"background-color":"","background-image":"","background-repeat":"repeat","background-position":"center center","background-size":"auto","background-attachment":"scroll","background-type":"","background-media":"","overlay-type":"","overlay-color":"","overlay-opacity":"","overlay-gradient":""},"mobile":{"background-color":"","background-image":"","background-repeat":"repeat","background-position":"center center","background-size":"auto","background-attachment":"scroll","background-type":"","background-media":"","overlay-type":"","overlay-color":"","overlay-opacity":"","overlay-gradient":""}},"ast-content-background-meta":{"desktop":{"background-color":"var(--ast-global-color-5)","background-image":"","background-repeat":"repeat","background-position":"center center","background-size":"auto","background-attachment":"scroll","background-type":"","background-media":"","overlay-type":"","overlay-color":"","overlay-opacity":"","overlay-gradient":""},"tablet":{"background-color":"var(--ast-global-color-5)","background-image":"","background-repeat":"repeat","background-position":"center center","background-size":"auto","background-attachment":"scroll","background-type":"","background-media":"","overlay-type":"","overlay-color":"","overlay-opacity":"","overlay-gradient":""},"mobile":{"background-color":"var(--ast-global-color-5)","background-image":"","background-repeat":"repeat","background-position":"center center","background-size":"auto","background-attachment":"scroll","background-type":"","background-media":"","overlay-type":"","overlay-color":"","overlay-opacity":"","overlay-gradient":""}}},"product_brand":[],"product_cat":[120,990],"product_tag":[1400,1398,1394,1389,1402,193,1390,1322,1397,496,1395,1399,1391,1388,1396,191,1401,1392,196,1393],"class_list":{"0":"post-5840","1":"product","2":"type-product","3":"status-publish","4":"has-post-thumbnail","6":"product_cat-planilhas-em-excel","7":"product_cat-recursos-humanos","8":"product_tag-analise-de-turnover","9":"product_tag-controle-de-admissoes-e-demissoes","10":"product_tag-controle-de-demissoes","11":"product_tag-controle-de-turnover","12":"product_tag-dashboard-de-recursos-humanos","13":"product_tag-dashboard-rh","14":"product_tag-dashboard-turnover","15":"product_tag-gestao-de-pessoas","16":"product_tag-gestao-de-talentos","17":"product_tag-indicadores-de-turnover","18":"product_tag-planilha-de-controle-de-demissoes","19":"product_tag-planilha-de-controle-de-rh","20":"product_tag-planilha-de-rh","21":"product_tag-planilha-de-turnover","22":"product_tag-planilha-de-turnover-excel","23":"product_tag-power-bi-rh","24":"product_tag-retencao-de-funcionarios","25":"product_tag-rotatividade-de-funcionarios","26":"product_tag-turnover","27":"product_tag-turnover-em-empresas","28":"desktop-align-left","29":"tablet-align-left","30":"mobile-align-left","32":"first","33":"instock","34":"virtual","35":"purchasable","36":"product-type-simple"},"_links":{"self":[{"href":"https:\/\/pacotedeplanilhas.com\/loja\/wp-json\/wp\/v2\/product\/5840","targetHints":{"allow":["GET"]}}],"collection":[{"href":"https:\/\/pacotedeplanilhas.com\/loja\/wp-json\/wp\/v2\/product"}],"about":[{"href":"https:\/\/pacotedeplanilhas.com\/loja\/wp-json\/wp\/v2\/types\/product"}],"replies":[{"embeddable":true,"href":"https:\/\/pacotedeplanilhas.com\/loja\/wp-json\/wp\/v2\/comments?post=5840"}],"version-history":[{"count":6,"href":"https:\/\/pacotedeplanilhas.com\/loja\/wp-json\/wp\/v2\/product\/5840\/revisions"}],"predecessor-version":[{"id":5854,"href":"https:\/\/pacotedeplanilhas.com\/loja\/wp-json\/wp\/v2\/product\/5840\/revisions\/5854"}],"wp:featuredmedia":[{"embeddable":true,"href":"https:\/\/pacotedeplanilhas.com\/loja\/wp-json\/wp\/v2\/media\/5842"}],"wp:attachment":[{"href":"https:\/\/pacotedeplanilhas.com\/loja\/wp-json\/wp\/v2\/media?parent=5840"}],"wp:term":[{"taxonomy":"product_brand","embeddable":true,"href":"https:\/\/pacotedeplanilhas.com\/loja\/wp-json\/wp\/v2\/product_brand?post=5840"},{"taxonomy":"product_cat","embeddable":true,"href":"https:\/\/pacotedeplanilhas.com\/loja\/wp-json\/wp\/v2\/product_cat?post=5840"},{"taxonomy":"product_tag","embeddable":true,"href":"https:\/\/pacotedeplanilhas.com\/loja\/wp-json\/wp\/v2\/product_tag?post=5840"}],"curies":[{"name":"wp","href":"https:\/\/api.w.org\/{rel}","templated":true}]}}