{"id":5875,"date":"2024-10-18T21:45:28","date_gmt":"2024-10-19T00:45:28","guid":{"rendered":"https:\/\/pacotedeplanilhas.com\/loja\/?post_type=product&#038;p=5875"},"modified":"2024-10-18T22:16:24","modified_gmt":"2024-10-19T01:16:24","slug":"planilha-dashboard-controle-de-alunos-1-0","status":"publish","type":"product","link":"https:\/\/pacotedeplanilhas.com\/loja\/store\/planilhas-em-excel\/planilha-dashboard-controle-de-alunos-1-0\/","title":{"rendered":"Planilha Dashboard Controle de Alunos 1.0"},"content":{"rendered":"<p>FA\u00c7A O CONTROLE E ACOMPANHAMENTO DE ALUNOS DE MANEIRA SIMPLES E R\u00c1PIDA.<\/p>\n<p>Funcionalidades<\/p>\n<p>Cadastros:<\/p>\n<p>\u2013Data da matricula, aluno, matricula, status, cursos, disciplinas, turmar, turno, avalia\u00e7\u00e3o, n\u00b0 da avalia\u00e7\u00e3o;<\/p>\n<p>Lan\u00e7amentos:<\/p>\n<p>C\u00e9lulas Manuais em branco:<\/p>\n<p>\u2013Aluno, curso, data avalia\u00e7\u00e3o, disciplina, turma, turno, avalia\u00e7\u00e3o, n\u00b0 da avalia\u00e7\u00e3, notas, bimestre, valor matr\u00edcula, vallor avalia\u00e7\u00e3o, observa\u00e7\u00f5es;<\/p>\n<p>C\u00e9lulas em cinza que tem preenchimento autom\u00e1tico<\/p>\n<p>\u2013Status, matricula, m\u00eas, ano;<\/p>\n<p>Dashboard 01:<\/p>\n<p>Valores totais:<\/p>\n<p>\u2013Quantidade de alunos ativos, alunos matriculados, alunos desativados;<\/p>\n<p>Gr\u00e1ficos:<\/p>\n<p>\u2013Quantidade de alunos matriculados por m\u00eas, matriculas por status, quantidade de matriculas por ano;<\/p>\n<p>Os filtros em forma de Segmenta\u00e7\u00e3o de dados:<\/p>\n<p>\u2013Ano, m\u00eas, status;<\/p>\n<p>Dashboard 02:<\/p>\n<p>Valores totais:<\/p>\n<p>\u2013M\u00e9dia notas alunos, quantidade de cursos, quantidade de disciplinas, quantidade de turmas;<\/p>\n<p>Gr\u00e1ficos:<\/p>\n<p>\u2013Top 10 quantidadede alunos por curso, quantidade de alunos por turno, notas m\u00e9dia por avali\u00e7\u00f5es, notas m\u00e9dia por disciplina, top 10 alunos por m\u00e9dia de nota, notas m\u00e9dia por bimestre, faturamento com matriculas, faturamento com avalia\u00e7\u00f5es;<\/p>\n<p>Os filtros em forma de Segmenta\u00e7\u00e3o de dados:<\/p>\n<p>\u2013Ano, m\u00eas, aluno, disciplina, avali\u00e7\u00e3o, turma, bimestre, curso;<\/p>\n<p>Dashboard 03:<\/p>\n<p>Valores totais:<\/p>\n<p>\u2013M\u00e9dia notas alunos, quantidade de cursos, quantidade de disciplinas, quantidade de turmas;<\/p>\n<p>Tabela Dinamica:<\/p>\n<p>\u2013Aluno, curso, turma, disciplina, bimestre, avali\u00e7\u00e3o, nota;<\/p>\n<p>Os filtros em forma de Segmenta\u00e7\u00e3o de dados:<\/p>\n<p>\u2013Ano, m\u00eas, aluno;<\/p>\n<p>Planilha 100% edit\u00e1vel<\/p>\n<p>PR\u00c9-REQUISITOS:<br \/>\nTer qualquer vers\u00e3o do EXCEL instalada no computador.<\/p>\n<p>VANTAGENS:<br \/>\nSimplicidade em usar e c\u00e1lculos precisos.<\/p>\n<p>INFORMA\u00c7\u00d5ES \u00daTEIS:<br \/>\nSuporte p\u00f3s-venda, via e-mail, para esclarecer quaisquer d\u00favidas que possam surgir. Planilha original, comercializada pelo pr\u00f3prio desenvolvedor.<\/p>\n<p>Video explicativo da planilha:<\/p>\n<div class=\"ast-oembed-container \" style=\"height: 100%;\"><iframe title=\"Planilha Dashboard Controle de Alunos 1.0\" width=\"500\" height=\"281\" src=\"https:\/\/www.youtube.com\/embed\/jIFc7g6ds5E?feature=oembed\" frameborder=\"0\" allow=\"accelerometer; autoplay; clipboard-write; encrypted-media; gyroscope; picture-in-picture; web-share\" referrerpolicy=\"strict-origin-when-cross-origin\" allowfullscreen><\/iframe><\/div>\n","protected":false},"excerpt":{"rendered":"<p>FA\u00c7A O CONTROLE E ACOMPANHAMENTO DE ALUNOS DE MANEIRA SIMPLES E R\u00c1PIDA.<\/p>\n","protected":false},"featured_media":5881,"comment_status":"open","ping_status":"closed","template":"","meta":{"site-sidebar-layout":"default","site-content-layout":"default","ast-site-content-layout":"","site-content-style":"default","site-sidebar-style":"default","ast-global-header-display":"","ast-banner-title-visibility":"","ast-main-header-display":"","ast-hfb-above-header-display":"","ast-hfb-below-header-display":"","ast-hfb-mobile-header-display":"","site-post-title":"","ast-breadcrumbs-content":"","ast-featured-img":"","footer-sml-layout":"","theme-transparent-header-meta":"default","adv-header-id-meta":"","stick-header-meta":"","header-above-stick-meta":"","header-main-stick-meta":"","header-below-stick-meta":"","astra-migrate-meta-layouts":"default","ast-page-background-enabled":"default","ast-page-background-meta":{"desktop":{"background-color":"","background-image":"","background-repeat":"repeat","background-position":"center center","background-size":"auto","background-attachment":"scroll","background-type":"","background-media":"","overlay-type":"","overlay-color":"","overlay-opacity":"","overlay-gradient":""},"tablet":{"background-color":"","background-image":"","background-repeat":"repeat","background-position":"center center","background-size":"auto","background-attachment":"scroll","background-type":"","background-media":"","overlay-type":"","overlay-color":"","overlay-opacity":"","overlay-gradient":""},"mobile":{"background-color":"","background-image":"","background-repeat":"repeat","background-position":"center center","background-size":"auto","background-attachment":"scroll","background-type":"","background-media":"","overlay-type":"","overlay-color":"","overlay-opacity":"","overlay-gradient":""}},"ast-content-background-meta":{"desktop":{"background-color":"var(--ast-global-color-5)","background-image":"","background-repeat":"repeat","background-position":"center center","background-size":"auto","background-attachment":"scroll","background-type":"","background-media":"","overlay-type":"","overlay-color":"","overlay-opacity":"","overlay-gradient":""},"tablet":{"background-color":"var(--ast-global-color-5)","background-image":"","background-repeat":"repeat","background-position":"center center","background-size":"auto","background-attachment":"scroll","background-type":"","background-media":"","overlay-type":"","overlay-color":"","overlay-opacity":"","overlay-gradient":""},"mobile":{"background-color":"var(--ast-global-color-5)","background-image":"","background-repeat":"repeat","background-position":"center center","background-size":"auto","background-attachment":"scroll","background-type":"","background-media":"","overlay-type":"","overlay-color":"","overlay-opacity":"","overlay-gradient":""}}},"product_brand":[],"product_cat":[120],"product_tag":[1430,1416,1424,1417,1423,1426,1429,1422,1427,1419,1414,1420,1421,1415,1418,1425,1428],"class_list":{"0":"post-5875","1":"product","2":"type-product","3":"status-publish","4":"has-post-thumbnail","6":"product_cat-planilhas-em-excel","7":"product_tag-controle-de-matricula-excel","8":"product_tag-controle-de-notas-e-frequencia","9":"product_tag-controle-de-turma-excel","10":"product_tag-dashboard-academico","11":"product_tag-dashboard-controle-academico","12":"product_tag-dashboard-de-notas","13":"product_tag-excel-para-educacao","14":"product_tag-gestao-de-alunos-excel","15":"product_tag-gestao-escolar-excel","16":"product_tag-planilha-acompanhamento-de-alunos","17":"product_tag-planilha-controle-de-alunos-excel","18":"product_tag-planilha-controle-de-avaliacoes","19":"product_tag-planilha-escolar-excel","20":"product_tag-planilha-gestao-escolar-excel","21":"product_tag-planilha-matricula-de-alunos","22":"product_tag-planilha-notas-bimestrais","23":"product_tag-planilha-para-professores","24":"desktop-align-left","25":"tablet-align-left","26":"mobile-align-left","28":"first","29":"instock","30":"virtual","31":"purchasable","32":"product-type-simple"},"_links":{"self":[{"href":"https:\/\/pacotedeplanilhas.com\/loja\/wp-json\/wp\/v2\/product\/5875","targetHints":{"allow":["GET"]}}],"collection":[{"href":"https:\/\/pacotedeplanilhas.com\/loja\/wp-json\/wp\/v2\/product"}],"about":[{"href":"https:\/\/pacotedeplanilhas.com\/loja\/wp-json\/wp\/v2\/types\/product"}],"replies":[{"embeddable":true,"href":"https:\/\/pacotedeplanilhas.com\/loja\/wp-json\/wp\/v2\/comments?post=5875"}],"version-history":[{"count":2,"href":"https:\/\/pacotedeplanilhas.com\/loja\/wp-json\/wp\/v2\/product\/5875\/revisions"}],"predecessor-version":[{"id":5883,"href":"https:\/\/pacotedeplanilhas.com\/loja\/wp-json\/wp\/v2\/product\/5875\/revisions\/5883"}],"wp:featuredmedia":[{"embeddable":true,"href":"https:\/\/pacotedeplanilhas.com\/loja\/wp-json\/wp\/v2\/media\/5881"}],"wp:attachment":[{"href":"https:\/\/pacotedeplanilhas.com\/loja\/wp-json\/wp\/v2\/media?parent=5875"}],"wp:term":[{"taxonomy":"product_brand","embeddable":true,"href":"https:\/\/pacotedeplanilhas.com\/loja\/wp-json\/wp\/v2\/product_brand?post=5875"},{"taxonomy":"product_cat","embeddable":true,"href":"https:\/\/pacotedeplanilhas.com\/loja\/wp-json\/wp\/v2\/product_cat?post=5875"},{"taxonomy":"product_tag","embeddable":true,"href":"https:\/\/pacotedeplanilhas.com\/loja\/wp-json\/wp\/v2\/product_tag?post=5875"}],"curies":[{"name":"wp","href":"https:\/\/api.w.org\/{rel}","templated":true}]}}