{"id":5930,"date":"2024-10-28T16:29:00","date_gmt":"2024-10-28T19:29:00","guid":{"rendered":"https:\/\/pacotedeplanilhas.com\/loja\/?post_type=product&#038;p=5930"},"modified":"2024-10-28T16:29:00","modified_gmt":"2024-10-28T19:29:00","slug":"dashboard-do-zero-assinatura-com-atualizacao-de-videos-semanal","status":"publish","type":"product","link":"https:\/\/pacotedeplanilhas.com\/loja\/store\/planilhas-em-excel\/dashboard-do-zero-assinatura-com-atualizacao-de-videos-semanal\/","title":{"rendered":"Dashboard do zero &#8211; Assinatura com atualiza\u00e7\u00e3o de v\u00eddeos semanal"},"content":{"rendered":"<p><strong>Assinatura Mensal &#8211; Curso de Cria\u00e7\u00e3o de Dashboards em Planilhas e Dashboards em Power BI<\/strong><\/p>\n<p>Transforme seu conhecimento em Excel e Power BI! Assine o curso exclusivo onde, toda semana, voc\u00ea receber\u00e1 uma nova aula pr\u00e1tica sobre como criar uma planilha ou projeto de Dashboard do zero, com t\u00e9cnicas de automa\u00e7\u00e3o, visualiza\u00e7\u00e3o de dados e insights poderosos para o dia a dia profissional.<\/p>\n<p>Com a assinatura mensal, voc\u00ea tem acesso a uma nova aula toda semana, aprendendo desde conceitos b\u00e1sicos at\u00e9 projetos avan\u00e7ados que impulsionam sua produtividade e habilidades em an\u00e1lises visuais.<\/p>\n<p><strong>Benef\u00edcios para Assinantes:<\/strong><\/p>\n<ul>\n<li>Acesso semanal a aulas in\u00e9ditas sobre cria\u00e7\u00e3o de planilhas e Dashboards em Power BI.<\/li>\n<li><strong>Desconto de 20%<\/strong> em todos os produtos da loja durante o per\u00edodo da assinatura.<\/li>\n<li>Conte\u00fado atualizado e orientado para as necessidades do mercado, com dicas exclusivas para otimizar seu trabalho.<\/li>\n<\/ul>\n<p>Assine agora e comece a criar planilhas e Dashboards com confian\u00e7a e conhecimento profissional!<\/p>\n","protected":false},"excerpt":{"rendered":"<p>Assinatura Mensal &#8211; Curso de Cria\u00e7\u00e3o de Dashboards em Planilhas e Dashboards em Power BI Transforme seu conhecimento em Excel e Power BI! Assine o curso exclusivo onde, toda semana, voc\u00ea receber\u00e1 uma nova aula pr\u00e1tica sobre como criar uma planilha ou projeto de Dashboard do zero, com t\u00e9cnicas de automa\u00e7\u00e3o, visualiza\u00e7\u00e3o de dados e [&hellip;]<\/p>\n","protected":false},"featured_media":5931,"comment_status":"open","ping_status":"closed","template":"","meta":{"site-sidebar-layout":"default","site-content-layout":"default","ast-site-content-layout":"","site-content-style":"default","site-sidebar-style":"default","ast-global-header-display":"","ast-banner-title-visibility":"","ast-main-header-display":"","ast-hfb-above-header-display":"","ast-hfb-below-header-display":"","ast-hfb-mobile-header-display":"","site-post-title":"","ast-breadcrumbs-content":"","ast-featured-img":"","footer-sml-layout":"","theme-transparent-header-meta":"default","adv-header-id-meta":"","stick-header-meta":"","header-above-stick-meta":"","header-main-stick-meta":"","header-below-stick-meta":"","astra-migrate-meta-layouts":"default","ast-page-background-enabled":"default","ast-page-background-meta":{"desktop":{"background-color":"","background-image":"","background-repeat":"repeat","background-position":"center center","background-size":"auto","background-attachment":"scroll","background-type":"","background-media":"","overlay-type":"","overlay-color":"","overlay-opacity":"","overlay-gradient":""},"tablet":{"background-color":"","background-image":"","background-repeat":"repeat","background-position":"center center","background-size":"auto","background-attachment":"scroll","background-type":"","background-media":"","overlay-type":"","overlay-color":"","overlay-opacity":"","overlay-gradient":""},"mobile":{"background-color":"","background-image":"","background-repeat":"repeat","background-position":"center center","background-size":"auto","background-attachment":"scroll","background-type":"","background-media":"","overlay-type":"","overlay-color":"","overlay-opacity":"","overlay-gradient":""}},"ast-content-background-meta":{"desktop":{"background-color":"var(--ast-global-color-5)","background-image":"","background-repeat":"repeat","background-position":"center center","background-size":"auto","background-attachment":"scroll","background-type":"","background-media":"","overlay-type":"","overlay-color":"","overlay-opacity":"","overlay-gradient":""},"tablet":{"background-color":"var(--ast-global-color-5)","background-image":"","background-repeat":"repeat","background-position":"center center","background-size":"auto","background-attachment":"scroll","background-type":"","background-media":"","overlay-type":"","overlay-color":"","overlay-opacity":"","overlay-gradient":""},"mobile":{"background-color":"var(--ast-global-color-5)","background-image":"","background-repeat":"repeat","background-position":"center center","background-size":"auto","background-attachment":"scroll","background-type":"","background-media":"","overlay-type":"","overlay-color":"","overlay-opacity":"","overlay-gradient":""}}},"product_brand":[],"product_cat":[120,176],"product_tag":[1477,1483,1479,1480,1481,1478,1482],"class_list":{"0":"post-5930","1":"product","2":"type-product","3":"status-publish","4":"has-post-thumbnail","6":"product_cat-planilhas-em-excel","7":"product_cat-power-bi","8":"product_tag-assinatura-do-excel","9":"product_tag-como-criar-um-dashboard-do-zero","10":"product_tag-como-fazer-dashboards-do-zero","11":"product_tag-dashboards-em-excel","12":"product_tag-dashboards-em-power-bi","13":"product_tag-dashboards-por-assinatura","14":"product_tag-painel-dashboard","15":"desktop-align-left","16":"tablet-align-left","17":"mobile-align-left","19":"first","20":"instock","21":"virtual","22":"purchasable","23":"product-type-simple"},"_links":{"self":[{"href":"https:\/\/pacotedeplanilhas.com\/loja\/wp-json\/wp\/v2\/product\/5930","targetHints":{"allow":["GET"]}}],"collection":[{"href":"https:\/\/pacotedeplanilhas.com\/loja\/wp-json\/wp\/v2\/product"}],"about":[{"href":"https:\/\/pacotedeplanilhas.com\/loja\/wp-json\/wp\/v2\/types\/product"}],"replies":[{"embeddable":true,"href":"https:\/\/pacotedeplanilhas.com\/loja\/wp-json\/wp\/v2\/comments?post=5930"}],"version-history":[{"count":1,"href":"https:\/\/pacotedeplanilhas.com\/loja\/wp-json\/wp\/v2\/product\/5930\/revisions"}],"predecessor-version":[{"id":5932,"href":"https:\/\/pacotedeplanilhas.com\/loja\/wp-json\/wp\/v2\/product\/5930\/revisions\/5932"}],"wp:featuredmedia":[{"embeddable":true,"href":"https:\/\/pacotedeplanilhas.com\/loja\/wp-json\/wp\/v2\/media\/5931"}],"wp:attachment":[{"href":"https:\/\/pacotedeplanilhas.com\/loja\/wp-json\/wp\/v2\/media?parent=5930"}],"wp:term":[{"taxonomy":"product_brand","embeddable":true,"href":"https:\/\/pacotedeplanilhas.com\/loja\/wp-json\/wp\/v2\/product_brand?post=5930"},{"taxonomy":"product_cat","embeddable":true,"href":"https:\/\/pacotedeplanilhas.com\/loja\/wp-json\/wp\/v2\/product_cat?post=5930"},{"taxonomy":"product_tag","embeddable":true,"href":"https:\/\/pacotedeplanilhas.com\/loja\/wp-json\/wp\/v2\/product_tag?post=5930"}],"curies":[{"name":"wp","href":"https:\/\/api.w.org\/{rel}","templated":true}]}}