{"id":5992,"date":"2024-11-13T14:49:51","date_gmt":"2024-11-13T17:49:51","guid":{"rendered":"https:\/\/pacotedeplanilhas.com\/loja\/?post_type=product&#038;p=5992"},"modified":"2024-11-13T15:33:09","modified_gmt":"2024-11-13T18:33:09","slug":"planilha-dashboard-avaliacao-de-desempenho-nine-box","status":"publish","type":"product","link":"https:\/\/pacotedeplanilhas.com\/loja\/store\/planilhas-em-excel\/planilha-dashboard-avaliacao-de-desempenho-nine-box\/","title":{"rendered":"Planilha Dashboard Avalia\u00e7\u00e3o de Desempenho Nine Box"},"content":{"rendered":"<p>FA\u00c7A O CONTROLE E ACOMPANHAMENTO DE GEST\u00c3O DE DESEMPENHO NINE BOX DA SUA EMPRESA DE MANEIRA SIMPLES E R\u00c1PIDA.<\/p>\n<p>Funcionalidades<\/p>\n<p>Cadastros Setores;<\/p>\n<p>\u2013Setor, cargo;;<\/p>\n<p>Cadastros Funcion\u00e1rios:<\/p>\n<p>C\u00e9lulas Manuais em branco:<\/p>\n<p>\u2013Nome, setor, cargo, g\u00eanero, data de admiss\u00e3o, s\u00e1lario, observa\u00e7\u00e3o;<\/p>\n<p>C\u00e9lulas em cinza que tem preenchimento autom\u00e1tico<\/p>\n<p>\u2013Tempo de empresa;<\/p>\n<p>Lan\u00e7amentos<\/p>\n<p>C\u00e9lulas Manuais em branco:<\/p>\n<p>\u2013Avalia\u00e7\u00e3o de desempenho, n\u00edvel do potencial;<\/p>\n<p>C\u00e9lulas em cinza que tem preenchimento autom\u00e1tico<\/p>\n<p>\u2013Colaborador, setor, defini\u00e7\u00e3o nine box, informa\u00e7\u00f5es importantes;<\/p>\n<p>Relat\u00f3rio Por Funcion\u00e1rio:<\/p>\n<p>\u2013Selecione um colaborador, desempenho, potencial. Enigma, question\u00e1vel, risco, forte potencial, mantenedor, eficaz, talento, forte desempenho, comprometido;<\/p>\n<p>Relat\u00f3rio Setor Por Defini\u00e7\u00e3o Nine Box:<\/p>\n<p>\u2013Selecione um setor. Enigma, question\u00e1vel, risco, forte potencial, mantenedor, eficaz, talento, forte desempenho, comprometido;<\/p>\n<p>Dashboard Nine Box:<\/p>\n<p>Valores totais:<\/p>\n<p>\u2013Defini\u00e7\u00e3o nine box, quantidade de colaboradores, %, total d efuncion\u00e1rios, m\u00e9dia salarial;<\/p>\n<p>Gr\u00e1ficos:<\/p>\n<p>\u2013Quantidade de funcion\u00e1rios por defini\u00e7\u00e3o nine box, quantidade de funcion\u00e1rios por setor, quantidade por cargo, quantidade por tempo de empresa, quantidade de funcion\u00e1rios por g\u00eanero;<\/p>\n<p>Tabela Din\u00e2mica<\/p>\n<p>Dashboard Relat\u00f3rio Nine Box Por Setores:<\/p>\n<p>\u2013Setores. Risco, question\u00e1vel, eficaz, enigma, mantenedor, comprometido, forte desempenho, talento;<\/p>\n<p>Dashboard quantidade funcion\u00e1rios por defini\u00e7\u00e3o nine box;<\/p>\n<p>\u2013 Enigma, question\u00e1vel, risco, forte potencial, mantenedor, eficaz, talento, forte desempenho, comprometido;<\/p>\n<p>Planilha 100% edit\u00e1vel<\/p>\n<p>PR\u00c9-REQUISITOS:<br \/>\nTer qualquer vers\u00e3o do EXCEL instalada no computador.<\/p>\n<p>VANTAGENS:<br \/>\nSimplicidade em usar e c\u00e1lculos precisos.<\/p>\n<p>INFORMA\u00c7\u00d5ES \u00daTEIS:<br \/>\nSuporte p\u00f3s-venda, via e-mail, para esclarecer quaisquer d\u00favidas que possam surgir. Planilha original, comercializada pelo pr\u00f3prio desenvolvedor.<\/p>\n<p>Video explicativo da planilha:<\/p>\n<div class=\"ast-oembed-container \" style=\"height: 100%;\"><iframe title=\"Planilha Dashboard Avalia\u00e7\u00e3o de Desempenho Nine Box\" width=\"500\" height=\"281\" src=\"https:\/\/www.youtube.com\/embed\/gr3y2MFUu9o?feature=oembed\" frameborder=\"0\" allow=\"accelerometer; autoplay; clipboard-write; encrypted-media; gyroscope; picture-in-picture; web-share\" referrerpolicy=\"strict-origin-when-cross-origin\" allowfullscreen><\/iframe><\/div>\n","protected":false},"excerpt":{"rendered":"<p>FA\u00c7A O CONTROLE E ACOMPANHAMENTO DE GEST\u00c3O DE COMPRAS DA SUA EMPRESA DE MANEIRA SIMPLES E R\u00c1PIDA.<\/p>\n","protected":false},"featured_media":5993,"comment_status":"open","ping_status":"closed","template":"","meta":{"site-sidebar-layout":"default","site-content-layout":"default","ast-site-content-layout":"","site-content-style":"default","site-sidebar-style":"default","ast-global-header-display":"","ast-banner-title-visibility":"","ast-main-header-display":"","ast-hfb-above-header-display":"","ast-hfb-below-header-display":"","ast-hfb-mobile-header-display":"","site-post-title":"","ast-breadcrumbs-content":"","ast-featured-img":"","footer-sml-layout":"","theme-transparent-header-meta":"default","adv-header-id-meta":"","stick-header-meta":"","header-above-stick-meta":"","header-main-stick-meta":"","header-below-stick-meta":"","astra-migrate-meta-layouts":"default","ast-page-background-enabled":"default","ast-page-background-meta":{"desktop":{"background-color":"","background-image":"","background-repeat":"repeat","background-position":"center center","background-size":"auto","background-attachment":"scroll","background-type":"","background-media":"","overlay-type":"","overlay-color":"","overlay-opacity":"","overlay-gradient":""},"tablet":{"background-color":"","background-image":"","background-repeat":"repeat","background-position":"center center","background-size":"auto","background-attachment":"scroll","background-type":"","background-media":"","overlay-type":"","overlay-color":"","overlay-opacity":"","overlay-gradient":""},"mobile":{"background-color":"","background-image":"","background-repeat":"repeat","background-position":"center center","background-size":"auto","background-attachment":"scroll","background-type":"","background-media":"","overlay-type":"","overlay-color":"","overlay-opacity":"","overlay-gradient":""}},"ast-content-background-meta":{"desktop":{"background-color":"var(--ast-global-color-5)","background-image":"","background-repeat":"repeat","background-position":"center center","background-size":"auto","background-attachment":"scroll","background-type":"","background-media":"","overlay-type":"","overlay-color":"","overlay-opacity":"","overlay-gradient":""},"tablet":{"background-color":"var(--ast-global-color-5)","background-image":"","background-repeat":"repeat","background-position":"center center","background-size":"auto","background-attachment":"scroll","background-type":"","background-media":"","overlay-type":"","overlay-color":"","overlay-opacity":"","overlay-gradient":""},"mobile":{"background-color":"var(--ast-global-color-5)","background-image":"","background-repeat":"repeat","background-position":"center center","background-size":"auto","background-attachment":"scroll","background-type":"","background-media":"","overlay-type":"","overlay-color":"","overlay-opacity":"","overlay-gradient":""}}},"product_brand":[],"product_cat":[120,990],"product_tag":[1518,1521,1516,1513,1514,1519,1525,1524,1523,1511,1522,1515,1520,1517,1512],"class_list":{"0":"post-5992","1":"product","2":"type-product","3":"status-publish","4":"has-post-thumbnail","6":"product_cat-planilhas-em-excel","7":"product_cat-recursos-humanos","8":"product_tag-analise-de-desempenho-e-potencial","9":"product_tag-analise-de-desempenho-por-setor","10":"product_tag-avaliacao-de-desempenho-e-potencial","11":"product_tag-avaliacao-de-desempenho-excel","12":"product_tag-controle-de-desempenho","13":"product_tag-controle-de-rh","14":"product_tag-dashboard-nine-box","15":"product_tag-desempenho-e-potencial-funcionarios","16":"product_tag-excel-para-rh","17":"product_tag-gestao-de-desempenho-nine-box","18":"product_tag-gestao-de-talentos-nine-box","19":"product_tag-matriz-nine-box","20":"product_tag-modelo-nine-box-excel","21":"product_tag-planilha-de-avaliacao-de-funcionarios","22":"product_tag-planilha-nine-box","23":"desktop-align-left","24":"tablet-align-left","25":"mobile-align-left","27":"first","28":"instock","29":"virtual","30":"purchasable","31":"product-type-simple"},"_links":{"self":[{"href":"https:\/\/pacotedeplanilhas.com\/loja\/wp-json\/wp\/v2\/product\/5992","targetHints":{"allow":["GET"]}}],"collection":[{"href":"https:\/\/pacotedeplanilhas.com\/loja\/wp-json\/wp\/v2\/product"}],"about":[{"href":"https:\/\/pacotedeplanilhas.com\/loja\/wp-json\/wp\/v2\/types\/product"}],"replies":[{"embeddable":true,"href":"https:\/\/pacotedeplanilhas.com\/loja\/wp-json\/wp\/v2\/comments?post=5992"}],"version-history":[{"count":2,"href":"https:\/\/pacotedeplanilhas.com\/loja\/wp-json\/wp\/v2\/product\/5992\/revisions"}],"predecessor-version":[{"id":6003,"href":"https:\/\/pacotedeplanilhas.com\/loja\/wp-json\/wp\/v2\/product\/5992\/revisions\/6003"}],"wp:featuredmedia":[{"embeddable":true,"href":"https:\/\/pacotedeplanilhas.com\/loja\/wp-json\/wp\/v2\/media\/5993"}],"wp:attachment":[{"href":"https:\/\/pacotedeplanilhas.com\/loja\/wp-json\/wp\/v2\/media?parent=5992"}],"wp:term":[{"taxonomy":"product_brand","embeddable":true,"href":"https:\/\/pacotedeplanilhas.com\/loja\/wp-json\/wp\/v2\/product_brand?post=5992"},{"taxonomy":"product_cat","embeddable":true,"href":"https:\/\/pacotedeplanilhas.com\/loja\/wp-json\/wp\/v2\/product_cat?post=5992"},{"taxonomy":"product_tag","embeddable":true,"href":"https:\/\/pacotedeplanilhas.com\/loja\/wp-json\/wp\/v2\/product_tag?post=5992"}],"curies":[{"name":"wp","href":"https:\/\/api.w.org\/{rel}","templated":true}]}}