{"id":6008,"date":"2024-11-18T13:59:09","date_gmt":"2024-11-18T16:59:09","guid":{"rendered":"https:\/\/pacotedeplanilhas.com\/loja\/?post_type=product&#038;p=6008"},"modified":"2024-11-18T15:04:08","modified_gmt":"2024-11-18T18:04:08","slug":"planilha-de-taxa-de-frequencia-e-taxa-de-gravidade-com-piramide-de-heinrich","status":"publish","type":"product","link":"https:\/\/pacotedeplanilhas.com\/loja\/store\/planilhas-em-excel\/planilha-de-taxa-de-frequencia-e-taxa-de-gravidade-com-piramide-de-heinrich\/","title":{"rendered":"Planilha De Taxa De Frequencia E Taxa De Gravidade Com Pir\u00e2mide De Heinrich"},"content":{"rendered":"<p>FA\u00c7A O CONTROLE E ACOMPANHAMENTO DE GEST\u00c3O DE DESEMPENHO DA TAXA DE FREQU\u00caNCIA E TAXA DE GRAVIDADE DA SUA EMPRESA DE MANEIRA SIMPLES E R\u00c1PIDA.<\/p>\n<p>Funcionalidades<\/p>\n<p>Lan\u00e7amentos<\/p>\n<p>C\u00e9lulas Manuais em branco:<\/p>\n<p>\u2013M\u00eas, total de empregados no per\u00edodo, total de horas trabalhadas no m\u00eas, acidentes com afastamento, acidentes sem afastamento, dias perdidos por acidentes, dias depitados por acidentes, ftalidade, menor 15 dias, maior 15 dias, zero dias, cuidados m\u00e9dicos, danos mat\u00e9rias, incidentes, comportamento inseguro, projetado fatalidade, projetado acindentes com afastamento, projetado acindentes sem afastamento, projetado incidentes, projetado desvios, quantidade acidentes internos, quantidade acidentes externos;<\/p>\n<p>C\u00e9lulas em cinza que tem preenchimento autom\u00e1tico<\/p>\n<p>\u2013Ano, total de acidentes, total de dias perdidos, taxa de frequencia, taxa de gravidade, indice relativo de acidentes;<\/p>\n<p>Pir\u00e2mide Heinrich:<\/p>\n<p>\u2013Fatalidade, acidentes com afastamento, acidentes sem afastamento, incidentes, danos mat\u00e9rias, desvios;<\/p>\n<p>Total de acidentes interno\/ externo\/ acumulado, taxa de frequ\u00eancia &#8211; tft, taxa de graviadade &#8211; tgt, classifica\u00e7\u00e3o dos acidentes acomulado, dias perdidos, \u00faltimo dia de acidente sem afastamento, turno, \u00faltimo dia de acindente com afastamento, dias sem acidntes com afastamento<\/p>\n<p>Relat\u00f3rio:<\/p>\n<p>\u2013Total de acidentes interno\/ externo\/ acumulado, taxa de frequ\u00eancia &#8211; tft, taxa de graviadade &#8211; tgt, classifica\u00e7\u00e3o dos acidentes acomulado, dias perdidos, \u00faltimo dia de acidente sem afastamento, turno, \u00faltimo dia de acindente com afastamento, dias sem acidntes com afastamento;<\/p>\n<p>Dashboard:<\/p>\n<p>Valores totais:<\/p>\n<p>\u2013Quantiadade otal de acidentes, quantidade total de dias perdidos, total de horas m\u00eas trabalhadas, taxa de frequ\u00eancia total, taxade gravidade total, taxa de frequ\u00eancia com afastamento, taxa frequ\u00eancia sem afastamento;<\/p>\n<p>Gr\u00e1ficos:<\/p>\n<p>\u2013Taxa de frequ\u00eancia, taxa de gravidade, \u00edndice relativos de acidentes, tipos de acidentes, dias perdidos por acidentes, quantidade total de acidentes;<\/p>\n<p>Filtros em forma de segmenta\u00e7\u00e3o de dados:<\/p>\n<p>\u2013Ano, m\u00eas, acidentes com afastamento, acidentes sem afastamento;<\/p>\n<p>Planilha 100% edit\u00e1vel<\/p>\n<p>PR\u00c9-REQUISITOS:<br \/>\nTer qualquer vers\u00e3o do EXCEL instalada no computador.<\/p>\n<p>VANTAGENS:<br \/>\nSimplicidade em usar e c\u00e1lculos precisos.<\/p>\n<p>INFORMA\u00c7\u00d5ES \u00daTEIS:<br \/>\nSuporte p\u00f3s-venda, via e-mail, para esclarecer quaisquer d\u00favidas que possam surgir. Planilha original, comercializada pelo pr\u00f3prio desenvolvedor.<\/p>\n<p>Video explicativo da planilha:<\/p>\n<div class=\"ast-oembed-container \" style=\"height: 100%;\"><iframe title=\"Planilha de taxa de frequencia e taxa de gravidade com pir\u00e2mide de Heinrich\" width=\"500\" height=\"281\" src=\"https:\/\/www.youtube.com\/embed\/TWrpXc0cJx8?feature=oembed\" frameborder=\"0\" allow=\"accelerometer; autoplay; clipboard-write; encrypted-media; gyroscope; picture-in-picture; web-share\" referrerpolicy=\"strict-origin-when-cross-origin\" allowfullscreen><\/iframe><\/div>\n","protected":false},"excerpt":{"rendered":"<p>FA\u00c7A O CONTROLE E ACOMPANHAMENTO DE GEST\u00c3O DE DESEMPENHO DA TAXA DE FREQU\u00caNCIA E TAXA DE GRAVIDADE DA SUA EMPRESA DE MANEIRA SIMPLES E R\u00c1PIDA.<\/p>\n","protected":false},"featured_media":6009,"comment_status":"open","ping_status":"closed","template":"","meta":{"site-sidebar-layout":"default","site-content-layout":"default","ast-site-content-layout":"","site-content-style":"default","site-sidebar-style":"default","ast-global-header-display":"","ast-banner-title-visibility":"","ast-main-header-display":"","ast-hfb-above-header-display":"","ast-hfb-below-header-display":"","ast-hfb-mobile-header-display":"","site-post-title":"","ast-breadcrumbs-content":"","ast-featured-img":"","footer-sml-layout":"","theme-transparent-header-meta":"default","adv-header-id-meta":"","stick-header-meta":"","header-above-stick-meta":"","header-main-stick-meta":"","header-below-stick-meta":"","astra-migrate-meta-layouts":"default","ast-page-background-enabled":"default","ast-page-background-meta":{"desktop":{"background-color":"","background-image":"","background-repeat":"repeat","background-position":"center center","background-size":"auto","background-attachment":"scroll","background-type":"","background-media":"","overlay-type":"","overlay-color":"","overlay-opacity":"","overlay-gradient":""},"tablet":{"background-color":"","background-image":"","background-repeat":"repeat","background-position":"center center","background-size":"auto","background-attachment":"scroll","background-type":"","background-media":"","overlay-type":"","overlay-color":"","overlay-opacity":"","overlay-gradient":""},"mobile":{"background-color":"","background-image":"","background-repeat":"repeat","background-position":"center center","background-size":"auto","background-attachment":"scroll","background-type":"","background-media":"","overlay-type":"","overlay-color":"","overlay-opacity":"","overlay-gradient":""}},"ast-content-background-meta":{"desktop":{"background-color":"var(--ast-global-color-5)","background-image":"","background-repeat":"repeat","background-position":"center center","background-size":"auto","background-attachment":"scroll","background-type":"","background-media":"","overlay-type":"","overlay-color":"","overlay-opacity":"","overlay-gradient":""},"tablet":{"background-color":"var(--ast-global-color-5)","background-image":"","background-repeat":"repeat","background-position":"center center","background-size":"auto","background-attachment":"scroll","background-type":"","background-media":"","overlay-type":"","overlay-color":"","overlay-opacity":"","overlay-gradient":""},"mobile":{"background-color":"var(--ast-global-color-5)","background-image":"","background-repeat":"repeat","background-position":"center center","background-size":"auto","background-attachment":"scroll","background-type":"","background-media":"","overlay-type":"","overlay-color":"","overlay-opacity":"","overlay-gradient":""}}},"product_brand":[],"product_cat":[120,994],"product_tag":[1531,1543,1532,1539,1540,550,1183,1537,1533,1535,1547,1541,1545,1528,1530,1061,1542,1534,838,1529,1544,843,1536,553,1538,697,1546,1526,1527],"class_list":{"0":"post-6008","1":"product","2":"type-product","3":"status-publish","4":"has-post-thumbnail","6":"product_cat-planilhas-em-excel","7":"product_cat-seguranca-do-trabalho","8":"product_tag-acidentes-com-afastamento","9":"product_tag-acidentes-internos-e-externos","10":"product_tag-acidentes-sem-afastamento","11":"product_tag-calculo-de-taxa-de-frequencia","12":"product_tag-calculo-de-taxa-de-gravidade","13":"product_tag-controle-de-acidentes","14":"product_tag-dashboard-em-excel","15":"product_tag-dashboard-seguranca","16":"product_tag-dias-perdidos-por-acidentes","17":"product_tag-excel-para-seguranca-do-trabalho","18":"product_tag-excel-para-sst","19":"product_tag-ferramentas-sst","20":"product_tag-gestao-de-riscos-no-trabalho","21":"product_tag-gestao-de-seguranca-do-trabalho","22":"product_tag-gestao-de-sst","23":"product_tag-indicadores-de-seguranca","24":"product_tag-indicadores-sst","25":"product_tag-indices-de-acidentes","26":"product_tag-monitoramento-de-acidentes","27":"product_tag-piramide-de-heinrich","28":"product_tag-piramide-de-seguranca","29":"product_tag-planilha-de-seguranca","30":"product_tag-planilha-dinamica","31":"product_tag-prevencao-de-acidentes","32":"product_tag-relatorios-sst","33":"product_tag-seguranca-no-trabalho","34":"product_tag-sst-eficiente","35":"product_tag-taxa-de-frequencia","36":"product_tag-taxa-de-gravidade","37":"desktop-align-left","38":"tablet-align-left","39":"mobile-align-left","41":"first","42":"instock","43":"virtual","44":"purchasable","45":"product-type-simple"},"_links":{"self":[{"href":"https:\/\/pacotedeplanilhas.com\/loja\/wp-json\/wp\/v2\/product\/6008","targetHints":{"allow":["GET"]}}],"collection":[{"href":"https:\/\/pacotedeplanilhas.com\/loja\/wp-json\/wp\/v2\/product"}],"about":[{"href":"https:\/\/pacotedeplanilhas.com\/loja\/wp-json\/wp\/v2\/types\/product"}],"replies":[{"embeddable":true,"href":"https:\/\/pacotedeplanilhas.com\/loja\/wp-json\/wp\/v2\/comments?post=6008"}],"version-history":[{"count":2,"href":"https:\/\/pacotedeplanilhas.com\/loja\/wp-json\/wp\/v2\/product\/6008\/revisions"}],"predecessor-version":[{"id":6015,"href":"https:\/\/pacotedeplanilhas.com\/loja\/wp-json\/wp\/v2\/product\/6008\/revisions\/6015"}],"wp:featuredmedia":[{"embeddable":true,"href":"https:\/\/pacotedeplanilhas.com\/loja\/wp-json\/wp\/v2\/media\/6009"}],"wp:attachment":[{"href":"https:\/\/pacotedeplanilhas.com\/loja\/wp-json\/wp\/v2\/media?parent=6008"}],"wp:term":[{"taxonomy":"product_brand","embeddable":true,"href":"https:\/\/pacotedeplanilhas.com\/loja\/wp-json\/wp\/v2\/product_brand?post=6008"},{"taxonomy":"product_cat","embeddable":true,"href":"https:\/\/pacotedeplanilhas.com\/loja\/wp-json\/wp\/v2\/product_cat?post=6008"},{"taxonomy":"product_tag","embeddable":true,"href":"https:\/\/pacotedeplanilhas.com\/loja\/wp-json\/wp\/v2\/product_tag?post=6008"}],"curies":[{"name":"wp","href":"https:\/\/api.w.org\/{rel}","templated":true}]}}