{"id":6019,"date":"2024-11-22T15:40:54","date_gmt":"2024-11-22T18:40:54","guid":{"rendered":"https:\/\/pacotedeplanilhas.com\/loja\/?post_type=product&#038;p=6019"},"modified":"2024-11-22T16:03:04","modified_gmt":"2024-11-22T19:03:04","slug":"planilha-dashboard-controle-de-ocorrencia-1-1","status":"publish","type":"product","link":"https:\/\/pacotedeplanilhas.com\/loja\/store\/manutencao\/planilha-dashboard-controle-de-ocorrencia-1-1\/","title":{"rendered":"Planilha Dashboard Controle De Ocorr\u00eancia 1.1"},"content":{"rendered":"<p>FA\u00c7A O CONTROLE E ACOMPANHAMENTO DE OCORR\u00caNCIA DA SUA EMPRESA DE MANEIRA SIMPLES E R\u00c1PIDA.<\/p>\n<p>Funcionalidades<\/p>\n<p>Cadatros:<\/p>\n<p>C\u00e9lulas Manuais em branco:<\/p>\n<p>\u2013Funcion\u00e1rio, data de admiss\u00e3o, fun\u00e7\u00e3o, data de entrada na fun\u00e7\u00e3o, \u00e1rea, tipos de ocorr\u00eancia, m\u00e1quinas;<\/p>\n<p>C\u00e9lulas em cinza que tem preenchimento autom\u00e1tico:<\/p>\n<p>\u2013Tempo de fun\u00e7\u00e3o,<\/p>\n<p>Lan\u00e7amentos:<\/p>\n<p>C\u00e9lulas Manuais em branco:<\/p>\n<p>\u2013Data, operador, \u00e1rea, tipo de ocorr\u00eancia, m\u00e1quina, quantidade de ocorr\u00eancias no dia, descri\u00e7\u00e3o;<\/p>\n<p>C\u00e9lulas em cinza que tem preenchimento autom\u00e1tico:<\/p>\n<p>\u2013Fun\u00e7\u00e3o, tempo de fun\u00e7\u00e3o, m\u00eas, ano;<\/p>\n<p>O dashboard<\/p>\n<p>Valores totais:<\/p>\n<p>\u2013Quantidad de ocorr\u00eancias;<\/p>\n<p>Gr\u00e1ficos:<\/p>\n<p>\u2013Quantidade de corr\u00eancia por m\u00eas, quantidade de ocorr\u00eancia por operador, quantidade de ocorr\u00eancias por m\u00e1quina, quantidade de ocorr\u00eancias por \u00e1rea, quantiadade de ocorr\u00eancias por tipo;<\/p>\n<p>Os filtros em forma de Segmenta\u00e7\u00e3o de dados:<\/p>\n<p>\u2013 Ano, m\u00eas, tipo de ocorr\u00eancia, operador, m\u00e1quina, \u00e1rea;<\/p>\n<p>Planilha 100% edit\u00e1vel<\/p>\n<p>PR\u00c9-REQUISITOS:<br \/>\nTer qualquer vers\u00e3o do EXCEL instalada no computador.<\/p>\n<p>VANTAGENS:<br \/>\nSimplicidade em usar e c\u00e1lculos precisos.<\/p>\n<p>INFORMA\u00c7\u00d5ES \u00daTEIS:<br \/>\nSuporte p\u00f3s-venda, via e-mail, para esclarecer quaisquer d\u00favidas que possam surgir. Planilha original, comercializada pelo pr\u00f3prio desenvolvedor.<\/p>\n<p>Video explicativo da planilha:<\/p>\n<div class=\"ast-oembed-container \" style=\"height: 100%;\"><iframe title=\"Planilha Dashboard controle de Ocorr\u00eancias 1.1 em Excel\" width=\"500\" height=\"281\" src=\"https:\/\/www.youtube.com\/embed\/GpSkoPVZBAk?feature=oembed\" frameborder=\"0\" allow=\"accelerometer; autoplay; clipboard-write; encrypted-media; gyroscope; picture-in-picture; web-share\" referrerpolicy=\"strict-origin-when-cross-origin\" allowfullscreen><\/iframe><\/div>\n","protected":false},"excerpt":{"rendered":"<p style=\"text-align: left;\"><strong>FA\u00c7A O CONTROLE E ACOMPANHAMENTO DE OCORR\u00caNCIA DA SUA EMPRESA DE MANEIRA SIMPLES E R\u00c1PIDA.<\/strong><\/p>\n","protected":false},"featured_media":6020,"comment_status":"open","ping_status":"closed","template":"","meta":{"site-sidebar-layout":"default","site-content-layout":"default","ast-site-content-layout":"","site-content-style":"default","site-sidebar-style":"default","ast-global-header-display":"","ast-banner-title-visibility":"","ast-main-header-display":"","ast-hfb-above-header-display":"","ast-hfb-below-header-display":"","ast-hfb-mobile-header-display":"","site-post-title":"","ast-breadcrumbs-content":"","ast-featured-img":"","footer-sml-layout":"","theme-transparent-header-meta":"default","adv-header-id-meta":"","stick-header-meta":"","header-above-stick-meta":"","header-main-stick-meta":"","header-below-stick-meta":"","astra-migrate-meta-layouts":"default","ast-page-background-enabled":"default","ast-page-background-meta":{"desktop":{"background-color":"","background-image":"","background-repeat":"repeat","background-position":"center center","background-size":"auto","background-attachment":"scroll","background-type":"","background-media":"","overlay-type":"","overlay-color":"","overlay-opacity":"","overlay-gradient":""},"tablet":{"background-color":"","background-image":"","background-repeat":"repeat","background-position":"center center","background-size":"auto","background-attachment":"scroll","background-type":"","background-media":"","overlay-type":"","overlay-color":"","overlay-opacity":"","overlay-gradient":""},"mobile":{"background-color":"","background-image":"","background-repeat":"repeat","background-position":"center center","background-size":"auto","background-attachment":"scroll","background-type":"","background-media":"","overlay-type":"","overlay-color":"","overlay-opacity":"","overlay-gradient":""}},"ast-content-background-meta":{"desktop":{"background-color":"var(--ast-global-color-5)","background-image":"","background-repeat":"repeat","background-position":"center center","background-size":"auto","background-attachment":"scroll","background-type":"","background-media":"","overlay-type":"","overlay-color":"","overlay-opacity":"","overlay-gradient":""},"tablet":{"background-color":"var(--ast-global-color-5)","background-image":"","background-repeat":"repeat","background-position":"center center","background-size":"auto","background-attachment":"scroll","background-type":"","background-media":"","overlay-type":"","overlay-color":"","overlay-opacity":"","overlay-gradient":""},"mobile":{"background-color":"var(--ast-global-color-5)","background-image":"","background-repeat":"repeat","background-position":"center center","background-size":"auto","background-attachment":"scroll","background-type":"","background-media":"","overlay-type":"","overlay-color":"","overlay-opacity":"","overlay-gradient":""}}},"product_brand":[],"product_cat":[993,120,994],"product_tag":[1555,1559,1556,1554,1549,1557,514,1558,1553,1550,1561,1551,1548,458,1560],"class_list":{"0":"post-6019","1":"product","2":"type-product","3":"status-publish","4":"has-post-thumbnail","6":"product_cat-manutencao","7":"product_cat-planilhas-em-excel","8":"product_cat-seguranca-do-trabalho","9":"product_tag-analise-de-dados-no-excel","10":"product_tag-analise-de-ocorrencias","11":"product_tag-como-gerenciar-ocorrencias","12":"product_tag-controle-de-operadores-no-excel","13":"product_tag-dashboard-de-ocorrencias","14":"product_tag-dashboard-para-empresas","15":"product_tag-eficiencia-operacional","16":"product_tag-excel-para-gestao","17":"product_tag-gestao-de-areas-e-maquinas","18":"product_tag-gestao-de-ocorrencias-no-excel","19":"product_tag-indicadores-de-ocorrencias","20":"product_tag-monitoramento-de-ocorrencias","21":"product_tag-planilha-de-controle-de-ocorrencias","22":"product_tag-planilha-de-produtividade","23":"product_tag-planilha-para-controle-empresarial","24":"desktop-align-left","25":"tablet-align-left","26":"mobile-align-left","28":"first","29":"instock","30":"virtual","31":"purchasable","32":"product-type-simple"},"_links":{"self":[{"href":"https:\/\/pacotedeplanilhas.com\/loja\/wp-json\/wp\/v2\/product\/6019","targetHints":{"allow":["GET"]}}],"collection":[{"href":"https:\/\/pacotedeplanilhas.com\/loja\/wp-json\/wp\/v2\/product"}],"about":[{"href":"https:\/\/pacotedeplanilhas.com\/loja\/wp-json\/wp\/v2\/types\/product"}],"replies":[{"embeddable":true,"href":"https:\/\/pacotedeplanilhas.com\/loja\/wp-json\/wp\/v2\/comments?post=6019"}],"version-history":[{"count":2,"href":"https:\/\/pacotedeplanilhas.com\/loja\/wp-json\/wp\/v2\/product\/6019\/revisions"}],"predecessor-version":[{"id":6025,"href":"https:\/\/pacotedeplanilhas.com\/loja\/wp-json\/wp\/v2\/product\/6019\/revisions\/6025"}],"wp:featuredmedia":[{"embeddable":true,"href":"https:\/\/pacotedeplanilhas.com\/loja\/wp-json\/wp\/v2\/media\/6020"}],"wp:attachment":[{"href":"https:\/\/pacotedeplanilhas.com\/loja\/wp-json\/wp\/v2\/media?parent=6019"}],"wp:term":[{"taxonomy":"product_brand","embeddable":true,"href":"https:\/\/pacotedeplanilhas.com\/loja\/wp-json\/wp\/v2\/product_brand?post=6019"},{"taxonomy":"product_cat","embeddable":true,"href":"https:\/\/pacotedeplanilhas.com\/loja\/wp-json\/wp\/v2\/product_cat?post=6019"},{"taxonomy":"product_tag","embeddable":true,"href":"https:\/\/pacotedeplanilhas.com\/loja\/wp-json\/wp\/v2\/product_tag?post=6019"}],"curies":[{"name":"wp","href":"https:\/\/api.w.org\/{rel}","templated":true}]}}