{"id":6028,"date":"2024-11-25T14:10:50","date_gmt":"2024-11-25T17:10:50","guid":{"rendered":"https:\/\/pacotedeplanilhas.com\/loja\/?post_type=product&#038;p=6028"},"modified":"2024-11-25T15:30:03","modified_gmt":"2024-11-25T18:30:03","slug":"planilha-dashboard-controle-de-acidentes-e-inicidentes-com-piremide-de-bird-e-piramide-de-heinrich-2-0","status":"publish","type":"product","link":"https:\/\/pacotedeplanilhas.com\/loja\/store\/planilhas-em-excel\/planilha-dashboard-controle-de-acidentes-e-inicidentes-com-piremide-de-bird-e-piramide-de-heinrich-2-0\/","title":{"rendered":"Planilha Dashboard Controle de Acidentes e Inicidentes com Pir\u00e2mide de Bird e Pir\u00e2mide de Heinrich 2.0"},"content":{"rendered":"<p>FA\u00c7A O CONTROLE E ACOMPANHAMENTO DE ACIDENTES E INCIDENTES DA SUA EMPRESA DE MANEIRA SIMPLES E R\u00c1PIDA.<\/p>\n<p>Funcionalidades<\/p>\n<p>Cadatros:<\/p>\n<p>\u2013Hora do acidente, \u00e1rea, setor, gestor, agente causador, tst respons\u00e1vel, natureza da les\u00e3o, modalidade\/ fatal, com afastamento, sem afastamento, incidentes, desvios;<\/p>\n<p>Lan\u00e7amentos;<\/p>\n<p>C\u00e9lulas manuais em branco:<\/p>\n<p>\u2013Data do acidente, ocorr\u00eancia descaracterizada, tipo colaborador, n\u00b0, resgistro, hora do acidente, id, nome, tipo, modalidade, piramide de heinrich, dias afastados, idade, sexo, turno, \u00e1rea, setor, piramide de bird, gestor, investiga\u00e7\u00e3o realizada, a\u00e7\u00f5es lan\u00e7adas SGE, agente causador, parte do corpo atingida, natureza da les\u00e3o,data admiss\u00e3o, tempo na empresa, horas de trabalho, tempo na fun\u00e7\u00e3o, descri\u00e7\u00e3o do acidente, tst respons\u00e1vel, projetado fatal, projetado com afastamento, projetado sem afastamento, projetado incidentes, projetado desvios;<\/p>\n<p>C\u00e9lulas em cinza que tem preenchimento autom\u00e1tico:<\/p>\n<p>\u2013Ano, m\u00eas, m\u00eas projetado;<\/p>\n<p>O Dashboard<\/p>\n<p>Valores totais:<\/p>\n<p>\u2013 Quantidade de ocorr\u00eancias, dias sem acidentes;<\/p>\n<p>Gr\u00e1ficos:<\/p>\n<p>\u2013 TOP 5 acidentes por \u00e1rea, quantidade de acidentes por m\u00eas, status da investiga\u00e7\u00e3o, acidentes por sexo, acidentes por hor\u00e1rio, acidente por modalidade, tempo na fun\u00e7\u00e3o, acidentes por turno, acidentes por parte do corpo, principais setores com acidentes, tempo na fun\u00e7\u00e3o, tempo na empresa, acidentes por natureza da les\u00e3o;<\/p>\n<p>Os filtros em forma de Segmenta\u00e7\u00e3o de dados:<\/p>\n<p>\u2013 Nome, \u00e1rea, setor, gestor;<\/p>\n<p>Gr\u00e1fico de Pir\u00e2mide de BIRD.<\/p>\n<p>\u2013Quase acidente, sem less\u00f5es, less\u00e3o leve, les\u00e3o grave;<\/p>\n<p>Pir\u00e2mide de Heinrich Acidentes:<\/p>\n<p>\u2013Fatalidade, acidentes s\u00e9rios grave, acidentes leve, incidentes, comportamentos; Todos, acumulado, projetado;<\/p>\n<p>Os filtros em forma de Segmenta\u00e7\u00e3o de dados:<\/p>\n<p>\u2013Ano, m\u00eas;<\/p>\n<p>Os filtros em forma de Segmenta\u00e7\u00e3o de dados:<\/p>\n<p>\u2013 Nome, \u00e1rea, setor, gestor;<\/p>\n<p>Planilha 100% edit\u00e1vel<\/p>\n<p>PR\u00c9-REQUISITOS:<br \/>\nTer qualquer vers\u00e3o do EXCEL instalada no computador.<\/p>\n<p>VANTAGENS:<br \/>\nSimplicidade em usar e c\u00e1lculos precisos.<\/p>\n<p>INFORMA\u00c7\u00d5ES \u00daTEIS:<br \/>\nSuporte p\u00f3s-venda, via e-mail, para esclarecer quaisquer d\u00favidas que possam surgir. Planilha original, comercializada pelo pr\u00f3prio desenvolvedor.<\/p>\n<p>Video explicativo da planilha:<\/p>\n<div class=\"ast-oembed-container \" style=\"height: 100%;\"><iframe title=\"Planilha Dashboard Controle de Acidentes e Inicidentes com Pir\u00eamide de Bird e Pir\u00e2mide de Heinrich\" width=\"500\" height=\"281\" src=\"https:\/\/www.youtube.com\/embed\/hMgSJDNLbwU?feature=oembed\" frameborder=\"0\" allow=\"accelerometer; autoplay; clipboard-write; encrypted-media; gyroscope; picture-in-picture; web-share\" referrerpolicy=\"strict-origin-when-cross-origin\" allowfullscreen><\/iframe><\/div>\n","protected":false},"excerpt":{"rendered":"<p><strong>FA\u00c7A O CONTROLE E ACOMPANHAMENTO DE ACIDENTES E INCIDENTES DA SUA EMPRESA DE MANEIRA SIMPLES E R\u00c1PIDA.<\/strong><\/p>\n","protected":false},"featured_media":6032,"comment_status":"open","ping_status":"closed","template":"","meta":{"site-sidebar-layout":"default","site-content-layout":"default","ast-site-content-layout":"","site-content-style":"default","site-sidebar-style":"default","ast-global-header-display":"","ast-banner-title-visibility":"","ast-main-header-display":"","ast-hfb-above-header-display":"","ast-hfb-below-header-display":"","ast-hfb-mobile-header-display":"","site-post-title":"","ast-breadcrumbs-content":"","ast-featured-img":"","footer-sml-layout":"","theme-transparent-header-meta":"default","adv-header-id-meta":"","stick-header-meta":"","header-above-stick-meta":"","header-main-stick-meta":"","header-below-stick-meta":"","astra-migrate-meta-layouts":"default","ast-page-background-enabled":"default","ast-page-background-meta":{"desktop":{"background-color":"","background-image":"","background-repeat":"repeat","background-position":"center center","background-size":"auto","background-attachment":"scroll","background-type":"","background-media":"","overlay-type":"","overlay-color":"","overlay-opacity":"","overlay-gradient":""},"tablet":{"background-color":"","background-image":"","background-repeat":"repeat","background-position":"center center","background-size":"auto","background-attachment":"scroll","background-type":"","background-media":"","overlay-type":"","overlay-color":"","overlay-opacity":"","overlay-gradient":""},"mobile":{"background-color":"","background-image":"","background-repeat":"repeat","background-position":"center center","background-size":"auto","background-attachment":"scroll","background-type":"","background-media":"","overlay-type":"","overlay-color":"","overlay-opacity":"","overlay-gradient":""}},"ast-content-background-meta":{"desktop":{"background-color":"var(--ast-global-color-5)","background-image":"","background-repeat":"repeat","background-position":"center center","background-size":"auto","background-attachment":"scroll","background-type":"","background-media":"","overlay-type":"","overlay-color":"","overlay-opacity":"","overlay-gradient":""},"tablet":{"background-color":"var(--ast-global-color-5)","background-image":"","background-repeat":"repeat","background-position":"center center","background-size":"auto","background-attachment":"scroll","background-type":"","background-media":"","overlay-type":"","overlay-color":"","overlay-opacity":"","overlay-gradient":""},"mobile":{"background-color":"var(--ast-global-color-5)","background-image":"","background-repeat":"repeat","background-position":"center center","background-size":"auto","background-attachment":"scroll","background-type":"","background-media":"","overlay-type":"","overlay-color":"","overlay-opacity":"","overlay-gradient":""}}},"product_brand":[],"product_cat":[120,994],"product_tag":[1563,1570,1566,1062,1565,314,315,1564,1571,1567,1528,1572,1562,1529,1568,318,843,1569,1574,317,553,1573],"class_list":{"0":"post-6028","1":"product","2":"type-product","3":"status-publish","4":"has-post-thumbnail","6":"product_cat-planilhas-em-excel","7":"product_cat-seguranca-do-trabalho","8":"product_tag-acidentes-e-incidentes","9":"product_tag-acidentes-graves-e-fatais","10":"product_tag-acidentes-no-trabalho","11":"product_tag-analise-de-incidentes","12":"product_tag-controle-de-incidentes","13":"product_tag-controle-de-seguranca-do-trabalho","14":"product_tag-dashboard-de-acidentes","15":"product_tag-dashboard-seguranca-do-trabalho","16":"product_tag-excel-acidentes-de-trabalho","17":"product_tag-excel-para-seguranca","18":"product_tag-gestao-de-seguranca-do-trabalho","19":"product_tag-graficos-de-acidentes","20":"product_tag-piramide-de-bird","21":"product_tag-piramide-de-heinrich","22":"product_tag-piramides-de-acidentes","23":"product_tag-planilha-de-controle-de-acidentes","24":"product_tag-planilha-de-seguranca","25":"product_tag-planilha-de-seguranca-do-trabalho","26":"product_tag-planilha-dinamica-acidentes","27":"product_tag-planilha-tst","28":"product_tag-prevencao-de-acidentes","29":"product_tag-seguranca-do-trabalho-excel","30":"desktop-align-left","31":"tablet-align-left","32":"mobile-align-left","34":"first","35":"instock","36":"virtual","37":"purchasable","38":"product-type-simple"},"_links":{"self":[{"href":"https:\/\/pacotedeplanilhas.com\/loja\/wp-json\/wp\/v2\/product\/6028","targetHints":{"allow":["GET"]}}],"collection":[{"href":"https:\/\/pacotedeplanilhas.com\/loja\/wp-json\/wp\/v2\/product"}],"about":[{"href":"https:\/\/pacotedeplanilhas.com\/loja\/wp-json\/wp\/v2\/types\/product"}],"replies":[{"embeddable":true,"href":"https:\/\/pacotedeplanilhas.com\/loja\/wp-json\/wp\/v2\/comments?post=6028"}],"version-history":[{"count":4,"href":"https:\/\/pacotedeplanilhas.com\/loja\/wp-json\/wp\/v2\/product\/6028\/revisions"}],"predecessor-version":[{"id":6041,"href":"https:\/\/pacotedeplanilhas.com\/loja\/wp-json\/wp\/v2\/product\/6028\/revisions\/6041"}],"wp:featuredmedia":[{"embeddable":true,"href":"https:\/\/pacotedeplanilhas.com\/loja\/wp-json\/wp\/v2\/media\/6032"}],"wp:attachment":[{"href":"https:\/\/pacotedeplanilhas.com\/loja\/wp-json\/wp\/v2\/media?parent=6028"}],"wp:term":[{"taxonomy":"product_brand","embeddable":true,"href":"https:\/\/pacotedeplanilhas.com\/loja\/wp-json\/wp\/v2\/product_brand?post=6028"},{"taxonomy":"product_cat","embeddable":true,"href":"https:\/\/pacotedeplanilhas.com\/loja\/wp-json\/wp\/v2\/product_cat?post=6028"},{"taxonomy":"product_tag","embeddable":true,"href":"https:\/\/pacotedeplanilhas.com\/loja\/wp-json\/wp\/v2\/product_tag?post=6028"}],"curies":[{"name":"wp","href":"https:\/\/api.w.org\/{rel}","templated":true}]}}