{"id":6110,"date":"2024-12-13T12:25:43","date_gmt":"2024-12-13T15:25:43","guid":{"rendered":"https:\/\/pacotedeplanilhas.com\/loja\/?post_type=product&#038;p=6110"},"modified":"2024-12-13T15:42:04","modified_gmt":"2024-12-13T18:42:04","slug":"projeto-de-vendas-em-power-bi-2-1","status":"publish","type":"product","link":"https:\/\/pacotedeplanilhas.com\/loja\/store\/comercial\/projeto-de-vendas-em-power-bi-2-1\/","title":{"rendered":"Projeto De Vendas Em Power BI 2.1"},"content":{"rendered":"<p>FA\u00c7A O CONTROLE E ACOMPANHAMENTO DE VENDAS DA SUA EMPRESA DE MANEIRA SIMPLES E R\u00c1PIDA.<\/p>\n<p>Funcionalidades<\/p>\n<p>Cadastros<\/p>\n<p>C\u00e9lulas manuais em branco<\/p>\n<p>\u2013Controle, vendedor, fornecedor, produto, cliente, nota, quantidade, valor unitario, valor total, cidade, estado, medida, data;<\/p>\n<p>C\u00e9lulas em cinza que tem preencimento autom\u00e1tico<\/p>\n<p>\u2013Regi\u00e3o, foto, uf estado<\/p>\n<p>Cadastros vendedores<\/p>\n<p>cadastros meta<\/p>\n<p>\u2013Vendedor, ano, m\u00eas, meta de vendas;<\/p>\n<p>cadastros vendedores<\/p>\n<p>\u2013Vendedor, url imagem;<\/p>\n<p>Cadastros Fornecedor<\/p>\n<p>\u2013Fornecedor, sigla, estado;<\/p>\n<p>Dashboard Vendas Geral<\/p>\n<p>Valores totais:<\/p>\n<p>\u2013Faturamento, quantidade faturada, quantidade nota fiscal, ticket m\u00e9dio, maior quantidade faturada, maior faturamento, melhor vendedor;<\/p>\n<p>Gr\u00e1ficos:<\/p>\n<p>\u2013Faturamento por trimestre, faturamento por anos, faturamento por vendedor x meta, faturamento por fornecedor, faturamento x meta, quantidade faturada por vendedor;<\/p>\n<p>Filtros em forma de segmenta\u00e7\u00e3o de dados<\/p>\n<p>\u2013Ano, m\u00eas, vendedor, fornecedor, produto, cliente;<\/p>\n<p>Dashboard Per\u00edodo<\/p>\n<p>Valores totais:<\/p>\n<p>\u2013Faturamento, quantidade faturada, quantidade nota fiscal, ticket m\u00e9dio;<\/p>\n<p>Gr\u00e1ficos:<\/p>\n<p>\u2013Faturamento por m\u00eas e ano, faturamento por produto, quantidade faturada por m\u00eas e por ano, quantidade faturada por produto;<\/p>\n<p>Filtros em forma de segmenta\u00e7\u00e3o de dados<\/p>\n<p>\u2013Ano, m\u00eas, vendedor, fornecedor, produto, cliente;<\/p>\n<p>Dashboard Faturamento Por Regi\u00e3o<\/p>\n<p>Valores totais:<\/p>\n<p>\u2013Faturamento, quantidade faturada, quantidade nota fiscal, ticket m\u00e9dio;<\/p>\n<p>Gr\u00e1ficos:<\/p>\n<p>\u2013Faturamento por cidade, faturamento por estado, faturamento por regi\u00e3o;<\/p>\n<p>Filtros em forma de segmenta\u00e7\u00e3o de dados<\/p>\n<p>\u2013Ano, m\u00eas, vendedor, fornecedor, produto, cliente;<\/p>\n<p>Dashboard Vendedor<\/p>\n<p>Valores totais:<\/p>\n<p>\u2013Faturamento, quantidade faturada, quantidade nota fiscal, ticket m\u00e9dio;<\/p>\n<p>Ranking de vendedores, tabela (ranking, vendedor, faturamento, meta),\u00a0 gr\u00e1fico de velocimetro(faturamento, meta);<\/p>\n<p>Filtros em forma de segmenta\u00e7\u00e3o de dados<\/p>\n<p>\u2013Ano, m\u00eas, vendedor, fornecedor, produto, cliente;<\/p>\n<p>Dashboard Faturamento Por Cliente<\/p>\n<p>Valores totais:<\/p>\n<p>\u2013Faturamento, quantidade faturada, quantidade nota fiscal, ticket m\u00e9dio;<\/p>\n<p>Gr\u00e1fico<\/p>\n<p>\u2013Faturamento por produto e por cliente, faturamento por cliente, quantidade faturada por produto e por cliente, quantidade faturada por cliente;<\/p>\n<p>Filtros em forma de segmenta\u00e7\u00e3o de dados<\/p>\n<p>\u2013Ano, m\u00eas, vendedor, fornecedor, produto, cliente;<\/p>\n<p><span style=\"font-size: 16px;\">Planilha 100% edit\u00e1vel<\/span><\/p>\n<p>PR\u00c9-REQUISITOS:<br \/>\nTer qualquer vers\u00e3o do EXCEL e POWER BI instalada no computador.<\/p>\n<p>VANTAGENS:<br \/>\nSimplicidade em usar e c\u00e1lculos precisos.<\/p>\n<p>INFORMA\u00c7\u00d5ES \u00daTEIS:<br \/>\nSuporte p\u00f3s-venda, via e-mail, para esclarecer quaisquer d\u00favidas que possam surgir. Planilha original, comercializada pelo pr\u00f3prio desenvolvedor.<\/p>\n<p>Video explicativo da planilha:<\/p>\n<div class=\"ast-oembed-container \" style=\"height: 100%;\"><iframe title=\"Projeto de Vendas 2 1\" width=\"500\" height=\"281\" src=\"https:\/\/www.youtube.com\/embed\/DvFwhcjvJDU?feature=oembed\" frameborder=\"0\" allow=\"accelerometer; autoplay; clipboard-write; encrypted-media; gyroscope; picture-in-picture; web-share\" referrerpolicy=\"strict-origin-when-cross-origin\" allowfullscreen><\/iframe><\/div>\n<p>&nbsp;<\/p>\n<p>&nbsp;<\/p>\n","protected":false},"excerpt":{"rendered":"<p>FA\u00c7A O CONTROLE E ACOMPANHAMENTO DE VENDAS DA SUA EMPRESA DE MANEIRA SIMPLES E R\u00c1PIDA.<\/p>\n","protected":false},"featured_media":6112,"comment_status":"open","ping_status":"closed","template":"","meta":{"site-sidebar-layout":"default","site-content-layout":"default","ast-site-content-layout":"default","site-content-style":"default","site-sidebar-style":"default","ast-global-header-display":"","ast-banner-title-visibility":"","ast-main-header-display":"","ast-hfb-above-header-display":"","ast-hfb-below-header-display":"","ast-hfb-mobile-header-display":"","site-post-title":"","ast-breadcrumbs-content":"","ast-featured-img":"","footer-sml-layout":"","theme-transparent-header-meta":"default","adv-header-id-meta":"","stick-header-meta":"","header-above-stick-meta":"","header-main-stick-meta":"","header-below-stick-meta":"","astra-migrate-meta-layouts":"set","ast-page-background-enabled":"default","ast-page-background-meta":{"desktop":{"background-color":"","background-image":"","background-repeat":"repeat","background-position":"center center","background-size":"auto","background-attachment":"scroll","background-type":"","background-media":"","overlay-type":"","overlay-color":"","overlay-opacity":"","overlay-gradient":""},"tablet":{"background-color":"","background-image":"","background-repeat":"repeat","background-position":"center center","background-size":"auto","background-attachment":"scroll","background-type":"","background-media":"","overlay-type":"","overlay-color":"","overlay-opacity":"","overlay-gradient":""},"mobile":{"background-color":"","background-image":"","background-repeat":"repeat","background-position":"center center","background-size":"auto","background-attachment":"scroll","background-type":"","background-media":"","overlay-type":"","overlay-color":"","overlay-opacity":"","overlay-gradient":""}},"ast-content-background-meta":{"desktop":{"background-color":"var(--ast-global-color-5)","background-image":"","background-repeat":"repeat","background-position":"center center","background-size":"auto","background-attachment":"scroll","background-type":"","background-media":"","overlay-type":"","overlay-color":"","overlay-opacity":"","overlay-gradient":""},"tablet":{"background-color":"var(--ast-global-color-5)","background-image":"","background-repeat":"repeat","background-position":"center center","background-size":"auto","background-attachment":"scroll","background-type":"","background-media":"","overlay-type":"","overlay-color":"","overlay-opacity":"","overlay-gradient":""},"mobile":{"background-color":"var(--ast-global-color-5)","background-image":"","background-repeat":"repeat","background-position":"center center","background-size":"auto","background-attachment":"scroll","background-type":"","background-media":"","overlay-type":"","overlay-color":"","overlay-opacity":"","overlay-gradient":""}}},"product_brand":[],"product_cat":[998,176],"product_tag":[535,1635,429,1632,1640,1634,1631,566,1411,1633,1063,1636,705,430,1639,1638,1409,1637],"class_list":{"0":"post-6110","1":"product","2":"type-product","3":"status-publish","4":"has-post-thumbnail","6":"product_cat-comercial","7":"product_cat-power-bi","8":"product_tag-analise-de-vendas","9":"product_tag-controle-de-metas-de-vendedores","10":"product_tag-controle-de-vendas","11":"product_tag-controle-de-vendas-por-regiao","12":"product_tag-controle-de-vendedores","13":"product_tag-dashboard-de-faturamento","14":"product_tag-dashboard-de-vendas-no-excel","15":"product_tag-dashboard-interativo","16":"product_tag-excel-para-vendas","17":"product_tag-gerenciamento-de-vendas","18":"product_tag-gestao-comercial","19":"product_tag-graficos-de-vendas-no-excel","20":"product_tag-indicadores-de-vendas","21":"product_tag-relatorio-de-vendas","22":"product_tag-vendas-por-cliente","23":"product_tag-vendas-por-fornecedor","24":"product_tag-vendas-por-produto","25":"product_tag-vendas-por-trimestre","26":"desktop-align-left","27":"tablet-align-left","28":"mobile-align-left","30":"first","31":"instock","32":"virtual","33":"purchasable","34":"product-type-simple"},"_links":{"self":[{"href":"https:\/\/pacotedeplanilhas.com\/loja\/wp-json\/wp\/v2\/product\/6110","targetHints":{"allow":["GET"]}}],"collection":[{"href":"https:\/\/pacotedeplanilhas.com\/loja\/wp-json\/wp\/v2\/product"}],"about":[{"href":"https:\/\/pacotedeplanilhas.com\/loja\/wp-json\/wp\/v2\/types\/product"}],"replies":[{"embeddable":true,"href":"https:\/\/pacotedeplanilhas.com\/loja\/wp-json\/wp\/v2\/comments?post=6110"}],"version-history":[{"count":2,"href":"https:\/\/pacotedeplanilhas.com\/loja\/wp-json\/wp\/v2\/product\/6110\/revisions"}],"predecessor-version":[{"id":6121,"href":"https:\/\/pacotedeplanilhas.com\/loja\/wp-json\/wp\/v2\/product\/6110\/revisions\/6121"}],"wp:featuredmedia":[{"embeddable":true,"href":"https:\/\/pacotedeplanilhas.com\/loja\/wp-json\/wp\/v2\/media\/6112"}],"wp:attachment":[{"href":"https:\/\/pacotedeplanilhas.com\/loja\/wp-json\/wp\/v2\/media?parent=6110"}],"wp:term":[{"taxonomy":"product_brand","embeddable":true,"href":"https:\/\/pacotedeplanilhas.com\/loja\/wp-json\/wp\/v2\/product_brand?post=6110"},{"taxonomy":"product_cat","embeddable":true,"href":"https:\/\/pacotedeplanilhas.com\/loja\/wp-json\/wp\/v2\/product_cat?post=6110"},{"taxonomy":"product_tag","embeddable":true,"href":"https:\/\/pacotedeplanilhas.com\/loja\/wp-json\/wp\/v2\/product_tag?post=6110"}],"curies":[{"name":"wp","href":"https:\/\/api.w.org\/{rel}","templated":true}]}}