{"id":6153,"date":"2024-12-24T11:30:08","date_gmt":"2024-12-24T14:30:08","guid":{"rendered":"https:\/\/pacotedeplanilhas.com\/loja\/?post_type=product&#038;p=6153"},"modified":"2025-10-23T09:29:00","modified_gmt":"2025-10-23T12:29:00","slug":"projeto-dashboard-power-bi-gestao-de-frota-3-1","status":"publish","type":"product","link":"https:\/\/pacotedeplanilhas.com\/loja\/store\/logistica\/projeto-dashboard-power-bi-gestao-de-frota-3-1\/","title":{"rendered":"Projeto Dashboard Power BI &#8211; Gest\u00e3o De Frota 3.1"},"content":{"rendered":"<p>FA\u00c7A O CONTROLE E ACOMPANHAMENTO DE GEST\u00c3O DE FROTAS DA SUA EMPRESA DE MANEIRA SIMPLES E R\u00c1PIDA.<\/p>\n<p><strong><em>Funcionalidades<\/em><\/strong><\/p>\n<p><strong>Lan\u00e7amentos<\/strong><\/p>\n<p><span style=\"font-size: 14pt;\"><em>C\u00e9lulas manuais em branco<\/em><\/span><\/p>\n<p>\u2013Data, placa, motorista, filial, local, cliente, faturamaneto, km rodado, combust\u00edvel, manuten\u00e7\u00e3o corretiva, manuten\u00e7\u00e3o preventiva, pe\u00e7as de reposi\u00e7\u00e3o, ped\u00e1gio, multa, licenciamento, IPVA, seguros, outros;<\/p>\n<p><span style=\"font-size: 14pt;\"><em>C\u00e9lulas em cinza que tem preenchimento autom\u00e1tico<\/em><\/span><\/p>\n<p>\u2013ve\u00edculo,tipo de ve\u00edculo, total;<\/p>\n<p>&nbsp;<\/p>\n<p><strong>Cadastro:<\/strong><\/p>\n<p>\u2013Placa, ve\u00edculo, tipo de ve\u00edculo,\u00a0 filial, local, motorista, cliente;<\/p>\n<p>&nbsp;<\/p>\n<p><strong>1- Dashboard Faturamento<\/strong><\/p>\n<p>Valores totais:<\/p>\n<p>\u2013Faturamento, custo total, lucro bruto, quantidade de viagens;<\/p>\n<p>Gr\u00e1ficos:<\/p>\n<p>\u2013Faturamento x custo por m\u00eas, faturamento por tipo de ve\u00edculo, faturamento por cliente, faturamento por placa, faturamento por filial;<\/p>\n<p>Filtros em forma de segmenta\u00e7\u00e3o de dados<\/p>\n<p>\u2013Ano, m\u00eas, placa, filial, cliente, motorista local;<\/p>\n<p>&nbsp;<\/p>\n<p><strong>2- Dashboard Custos<\/strong><\/p>\n<p>Valores totais:<\/p>\n<p>\u2013Custo total, custo combust\u00edvel, custo manuten\u00e7\u00e3o corretiva, custo manuten\u00e7\u00e3o preventiva, custo multa, custo ped\u00e1gio, custo seguros, custo licenciamento, custo ipva, custo outros;<\/p>\n<p><span style=\"font-size: 16px;\">Gr\u00e1ficos:<\/span><\/p>\n<p>\u2013Custos total por m\u00eas, custos total por tipo de ve\u00edculo, custos total por local, custos total por placa, custos total por filial;;<\/p>\n<p>Filtros em forma de segmenta\u00e7\u00e3o de dados<\/p>\n<p>\u2013Ano, m\u00eas, placa, filial, cliente, motorista local;<\/p>\n<p>&nbsp;<\/p>\n<p><strong>3- Dashboard Comb\u00fastivel<\/strong><\/p>\n<p><span style=\"font-size: 16px;\">Gr\u00e1ficos:<\/span><\/p>\n<p>\u2013Custos de combust\u00edvel por m\u00eas, custo combust\u00edvel por tipo de ve\u00edculo, custo combust\u00edvel por local, custo combust\u00edvel por placa, custo combust\u00edvel por filial;<\/p>\n<p>Filtros em forma de segmenta\u00e7\u00e3o de dados<\/p>\n<p>\u2013Ano, m\u00eas, placa, filial, cliente, motorista local;<\/p>\n<p>&nbsp;<\/p>\n<p><strong>4- Dashboard Manuten\u00e7\u00e3o Corretiva<\/strong><\/p>\n<p><span style=\"font-size: 16px;\">Gr\u00e1ficos:<\/span><\/p>\n<p>\u2013Custo de manuten\u00e7\u00e3o corretiva por m\u00eas, custo manuten\u00e7\u00e3o corretiva por tipo de ve\u00edculo, custo manuten\u00e7\u00e3o corretiva por local, custo manuten\u00e7\u00e3o corretiva por placa, custo manuten\u00e7\u00e3o corretiva por filial;<\/p>\n<p>Filtros em forma de segmenta\u00e7\u00e3o de dados<\/p>\n<p>\u2013Ano, m\u00eas, placa, filial, cliente, motorista local;<\/p>\n<p>&nbsp;<\/p>\n<p><strong>5- Dashboard Manuten\u00e7\u00e3o Preventiva\u00a0<\/strong><\/p>\n<p><span style=\"font-size: 16px;\">Gr\u00e1ficos:<\/span><\/p>\n<p>\u2013Custo de manuten\u00e7\u00e3o preventiva por m\u00eas, custo total por tipo de ve\u00edculo, custo manuten\u00e7\u00e3o preventiva por local, custo manuten\u00e7\u00e3o preventiva por placa, custo manuten\u00e7\u00e3o preventiva por filial;<\/p>\n<p>Filtros em forma de segmenta\u00e7\u00e3o de dados<\/p>\n<p>\u2013Ano, m\u00eas, placa, filial, cliente, motorista local;<\/p>\n<p>&nbsp;<\/p>\n<p><strong>6- Dashboard Ped\u00e1gio\u00a0<\/strong><\/p>\n<p><span style=\"font-size: 16px;\">Gr\u00e1ficos:<\/span><\/p>\n<p>\u2013Custo de ped\u00e1gios por m\u00eas, custo ped\u00e1gio por tipo de ve\u00edculo, custo ped\u00e1gio por local, custo ped\u00e1gio por placa, custo ped\u00e1gio por filial;<\/p>\n<p>Filtros em forma de segmenta\u00e7\u00e3o de dados<\/p>\n<p>\u2013Ano, m\u00eas, placa, filial, cliente, motorista local;<\/p>\n<p>&nbsp;<\/p>\n<p><strong>7- Dashboard Multa<\/strong><\/p>\n<p><span style=\"font-size: 16px;\">Gr\u00e1ficos:<\/span><\/p>\n<p>\u2013Custos de multas por m\u00eas, custo multa por tipo de ve\u00edculo, custo multa por local, custo multa por placa, custo multa por filial;<\/p>\n<p>Filtros em forma de segmenta\u00e7\u00e3o de dados<\/p>\n<p>\u2013Ano, m\u00eas, placa, filial, cliente, motorista local;<\/p>\n<p>&nbsp;<\/p>\n<p><strong>8- Dashboard Licenciamento\u00a0<\/strong><\/p>\n<p><span style=\"font-size: 16px;\">Gr\u00e1ficos:<\/span><\/p>\n<p>\u2013Custo de licenciamento por m\u00eas, custo licenciamento por tipo de ve\u00edculo, custo licenciamento por local, custo licenciamento por placa, custo licenciamento por filial;<\/p>\n<p>Filtros em forma de segmenta\u00e7\u00e3o de dados<\/p>\n<p>\u2013Ano, m\u00eas, placa, filial, cliente, motorista local;<\/p>\n<p>&nbsp;<\/p>\n<p><strong>9- Dashboard IPVA<\/strong><\/p>\n<p><span style=\"font-size: 16px;\">Gr\u00e1ficos:<\/span><\/p>\n<p>\u2013Custo de ipva por m\u00eas, custo de ipva por tipo de ve\u00edculo, custo ipva por local, custo ipva por placa, custo ipva por filial;<\/p>\n<p>Filtros em forma de segmenta\u00e7\u00e3o de dados<\/p>\n<p>\u2013Ano, m\u00eas, placa, filial, cliente, motorista local;<\/p>\n<p>&nbsp;<\/p>\n<p><strong>10- Dashboard Seguros<\/strong><\/p>\n<p><span style=\"font-size: 16px;\">Gr\u00e1ficos:<\/span><\/p>\n<p>\u2013Custo de seguros por m\u00eas, custo seguros por tipo de ve\u00edculo, custo de seguros por local, custo de seguros por placa, custo de seguros por filial;<\/p>\n<p>Filtros em forma de segmenta\u00e7\u00e3o de dados<\/p>\n<p>\u2013Ano, m\u00eas, placa, filial, cliente, motorista local;<\/p>\n<p>&nbsp;<\/p>\n<p><strong>11- Dashboard Outros<\/strong><\/p>\n<p><span style=\"font-size: 16px;\">Gr\u00e1ficos:<\/span><\/p>\n<p>\u2013Custos outros por m\u00eas, custos outros por tipo de ve\u00edculo, custo outros por local, custo outros por placa, custo outros por filial;<\/p>\n<p>Filtros em forma de segmenta\u00e7\u00e3o de dados<\/p>\n<p>\u2013Ano, m\u00eas, placa, filial, cliente, motorista local;<\/p>\n<p>&nbsp;<\/p>\n<p><strong>12- Dashboard Relat\u00f3rio Geral\u00a0<\/strong><\/p>\n<p>\u2013Placa, km rodado, quantidade de viagens, custo combust\u00edvel, custo manuten\u00e7\u00e3o corretiva, custo manuten\u00e7\u00e3o preventiva, custo multa, custo ped\u00e1gio, custo licenciamento, custo ipva, custo seguro, custo outros, custos totais;<\/p>\n<p>Filtros em forma de segmenta\u00e7\u00e3o de dados<\/p>\n<p>\u2013Ano, m\u00eas, placa, filial, cliente, motorista local;<\/p>\n<p>Planilha 100% edit\u00e1vel<\/p>\n<p>PR\u00c9-REQUISITOS:<br \/>\nTer qualquer vers\u00e3o do EXCEL instalada no computador.<\/p>\n<p>VANTAGENS:<br \/>\nSimplicidade em usar e c\u00e1lculos precisos.<\/p>\n<p>INFORMA\u00c7\u00d5ES \u00daTEIS:<br \/>\nSuporte p\u00f3s-venda, via e-mail, para esclarecer quaisquer d\u00favidas que possam surgir. Planilha original, comercializada pelo pr\u00f3prio desenvolvedor.<\/p>\n<p>Video explicativo da planilha:<\/p>\n<div class=\"ast-oembed-container \" style=\"height: 100%;\"><iframe title=\"Gest\u00e3o de Frota 3.1 em Power BI\" width=\"500\" height=\"281\" src=\"https:\/\/www.youtube.com\/embed\/NvWIR0VUMEw?feature=oembed&#038;enablejsapi=1&#038;origin=https:\/\/pacotedeplanilhas.com\" frameborder=\"0\" allow=\"accelerometer; autoplay; clipboard-write; encrypted-media; gyroscope; picture-in-picture; web-share\" referrerpolicy=\"strict-origin-when-cross-origin\" allowfullscreen><\/iframe><\/div>\n","protected":false},"excerpt":{"rendered":"<p>FA\u00c7A O CONTROLE E ACOMPANHAMENTO DE GEST\u00c3O DE FROTAS DA SUA EMPRESA DE MANEIRA SIMPLES E R\u00c1PIDA.<\/p>\n<p>&nbsp;<\/p>\n<p>&nbsp;<\/p>\n","protected":false},"featured_media":6155,"comment_status":"open","ping_status":"closed","template":"","meta":{"site-sidebar-layout":"default","site-content-layout":"default","ast-site-content-layout":"default","site-content-style":"default","site-sidebar-style":"default","ast-global-header-display":"","ast-banner-title-visibility":"","ast-main-header-display":"","ast-hfb-above-header-display":"","ast-hfb-below-header-display":"","ast-hfb-mobile-header-display":"","site-post-title":"","ast-breadcrumbs-content":"","ast-featured-img":"","footer-sml-layout":"","theme-transparent-header-meta":"default","adv-header-id-meta":"","stick-header-meta":"","header-above-stick-meta":"","header-main-stick-meta":"","header-below-stick-meta":"","astra-migrate-meta-layouts":"set","ast-page-background-enabled":"default","ast-page-background-meta":{"desktop":{"background-color":"","background-image":"","background-repeat":"repeat","background-position":"center center","background-size":"auto","background-attachment":"scroll","background-type":"","background-media":"","overlay-type":"","overlay-color":"","overlay-opacity":"","overlay-gradient":""},"tablet":{"background-color":"","background-image":"","background-repeat":"repeat","background-position":"center center","background-size":"auto","background-attachment":"scroll","background-type":"","background-media":"","overlay-type":"","overlay-color":"","overlay-opacity":"","overlay-gradient":""},"mobile":{"background-color":"","background-image":"","background-repeat":"repeat","background-position":"center center","background-size":"auto","background-attachment":"scroll","background-type":"","background-media":"","overlay-type":"","overlay-color":"","overlay-opacity":"","overlay-gradient":""}},"ast-content-background-meta":{"desktop":{"background-color":"var(--ast-global-color-5)","background-image":"","background-repeat":"repeat","background-position":"center center","background-size":"auto","background-attachment":"scroll","background-type":"","background-media":"","overlay-type":"","overlay-color":"","overlay-opacity":"","overlay-gradient":""},"tablet":{"background-color":"var(--ast-global-color-5)","background-image":"","background-repeat":"repeat","background-position":"center center","background-size":"auto","background-attachment":"scroll","background-type":"","background-media":"","overlay-type":"","overlay-color":"","overlay-opacity":"","overlay-gradient":""},"mobile":{"background-color":"var(--ast-global-color-5)","background-image":"","background-repeat":"repeat","background-position":"center center","background-size":"auto","background-attachment":"scroll","background-type":"","background-media":"","overlay-type":"","overlay-color":"","overlay-opacity":"","overlay-gradient":""}}},"product_brand":[],"product_cat":[989,176],"product_tag":[285,872,468,909,446,922,124,915,929,924,514,689,469,927,862,668,931,925,471,928,917,916,913,919,926,435,1136],"class_list":{"0":"post-6153","1":"product","2":"type-product","3":"status-publish","4":"has-post-thumbnail","6":"product_cat-logistica","7":"product_cat-power-bi","8":"product_tag-controle-de-combustivel","9":"product_tag-controle-de-custos","10":"product_tag-controle-de-frotas","11":"product_tag-controle-de-manutencao","12":"product_tag-controle-de-veiculos","13":"product_tag-custos-operacionais","14":"product_tag-dashboard","15":"product_tag-dashboard-de-frotas","16":"product_tag-dashboard-de-manutencao","17":"product_tag-eficiencia-de-frotas","18":"product_tag-eficiencia-operacional","19":"product_tag-gestao-de-ativos","20":"product_tag-gestao-de-frotas","21":"product_tag-gestao-de-operacoes","22":"product_tag-gestao-de-rotas","23":"product_tag-gestao-de-transporte","24":"product_tag-gestao-de-transporte-empresarial","25":"product_tag-gestao-de-transportes","26":"product_tag-gestao-de-veiculos","27":"product_tag-inspecao-de-veiculos","28":"product_tag-logistica-de-frotas","29":"product_tag-manutencao-de-frotas","30":"product_tag-monitoramento-de-frotas","31":"product_tag-otimizacao-de-frotas","32":"product_tag-performance-de-frotas","33":"product_tag-power-bi","34":"product_tag-power-bi-gestao","35":"desktop-align-left","36":"tablet-align-left","37":"mobile-align-left","39":"first","40":"instock","41":"virtual","42":"purchasable","43":"product-type-simple"},"_links":{"self":[{"href":"https:\/\/pacotedeplanilhas.com\/loja\/wp-json\/wp\/v2\/product\/6153","targetHints":{"allow":["GET"]}}],"collection":[{"href":"https:\/\/pacotedeplanilhas.com\/loja\/wp-json\/wp\/v2\/product"}],"about":[{"href":"https:\/\/pacotedeplanilhas.com\/loja\/wp-json\/wp\/v2\/types\/product"}],"replies":[{"embeddable":true,"href":"https:\/\/pacotedeplanilhas.com\/loja\/wp-json\/wp\/v2\/comments?post=6153"}],"version-history":[{"count":6,"href":"https:\/\/pacotedeplanilhas.com\/loja\/wp-json\/wp\/v2\/product\/6153\/revisions"}],"predecessor-version":[{"id":6186,"href":"https:\/\/pacotedeplanilhas.com\/loja\/wp-json\/wp\/v2\/product\/6153\/revisions\/6186"}],"wp:featuredmedia":[{"embeddable":true,"href":"https:\/\/pacotedeplanilhas.com\/loja\/wp-json\/wp\/v2\/media\/6155"}],"wp:attachment":[{"href":"https:\/\/pacotedeplanilhas.com\/loja\/wp-json\/wp\/v2\/media?parent=6153"}],"wp:term":[{"taxonomy":"product_brand","embeddable":true,"href":"https:\/\/pacotedeplanilhas.com\/loja\/wp-json\/wp\/v2\/product_brand?post=6153"},{"taxonomy":"product_cat","embeddable":true,"href":"https:\/\/pacotedeplanilhas.com\/loja\/wp-json\/wp\/v2\/product_cat?post=6153"},{"taxonomy":"product_tag","embeddable":true,"href":"https:\/\/pacotedeplanilhas.com\/loja\/wp-json\/wp\/v2\/product_tag?post=6153"}],"curies":[{"name":"wp","href":"https:\/\/api.w.org\/{rel}","templated":true}]}}