{"id":6200,"date":"2025-01-02T14:09:16","date_gmt":"2025-01-02T17:09:16","guid":{"rendered":"https:\/\/pacotedeplanilhas.com\/loja\/?post_type=product&#038;p=6200"},"modified":"2025-10-23T09:31:44","modified_gmt":"2025-10-23T12:31:44","slug":"controle-de-absenteismo-rh-em-power-bi-1-2","status":"publish","type":"product","link":"https:\/\/pacotedeplanilhas.com\/loja\/store\/power-bi\/controle-de-absenteismo-rh-em-power-bi-1-2\/","title":{"rendered":"Controle de Absente\u00edsmo RH em Power BI 1.2"},"content":{"rendered":"<p>FA\u00c7A O CONTROLE E ACOMPANHAMENTO DE GEST\u00c3O DE ABSENTE\u00cdMO DA SUA EMPRESA DE MANEIRA SIMPLES E R\u00c1PIDA.<\/p>\n<p><em><span style=\"font-size: 14pt;\">Funcionalidades<\/span><\/em><\/p>\n<p><em><strong>Cadastros:<\/strong><\/em><\/p>\n<p>\u2013Empresa, turno, departamento, funcion\u00e1rios, situa\u00e7\u00e3o;<\/p>\n<p><strong>Lan\u00e7amentos:<\/strong><\/p>\n<p><em>C\u00e9lulas Manuais em branco:<\/em><\/p>\n<p>\u2013Data, mat, nome, esmpresa, data de nascimento, admiss\u00e3o, turno, g\u00eanero, fun\u00e7\u00e3o, departamento, tipo de contrato, dias \u00fateis, carga hor\u00e1rio, atraso em horas, dia da semana do atraso, atestado em horas, dia da semana do atestado, cis\/motivo, sal\u00e1rio;<\/p>\n<p><em>C\u00e9lulas em cinza que tem preenchimento autom\u00e1tico<\/em><\/p>\n<p>\u2013Idade, tempo de empresa, total de horas, horas sem justificativa, total % ABS sem justificativa, horas de atestado, total % ABS justificado, ocorr\u00eancia, horas totais, ABS total custo por horas perdidas;<\/p>\n<p><strong>Meta:<\/strong><\/p>\n<p>\u2013Empresa, meta, data;<\/p>\n<p><span style=\"font-size: 14pt;\"><em>Dashboard Absente\u00edsmo total:<\/em><\/span><\/p>\n<p><strong>Valores totais:<\/strong><\/p>\n<p>\u2013Horas planejadas, horas sem justificativa perdidas, horas com justificativas perdidas, horas totais perdidas, absente\u00edsmo total, absente\u00edsmo sem justificativa, absente\u00edsmo com justificativa, meta absente\u00edsmo;<\/p>\n<p><strong>Gr\u00e1ficos:<\/strong><\/p>\n<p>\u2013Absente\u00edsmo total por m\u00eas x meta de absente\u00edsmo, absente\u00edsmo total por turno, absente\u00edsmo total por g\u00eanero, absente\u00edsmo total por CID\/MOTIVO;<\/p>\n<p><strong>Os filtros em forma de Segmenta\u00e7\u00e3o de dados:<\/strong><\/p>\n<p>\u2013 Empresa, ano, m\u00eas, turno, departamento, g\u00eanero, cid\/motivo, fun\u00e7\u00e3o e nome;<\/p>\n<p><span style=\"font-size: 14pt;\"><em>Dashboard Ocorr\u00eancias<\/em><\/span><\/p>\n<p><strong>Valores totais:<\/strong><\/p>\n<p>\u2013Funcion\u00e1rios ativos, idade m\u00e9dia dos funcion\u00e1rios, tempo de empresa(M\u00e9dia), quantidade cid\/motivo cadastrados, ocorr\u00eancias, ocorr\u00eancias por atraso, ocorr\u00eancias por atestado, absente\u00edsmo total;<\/p>\n<p><strong>Gr\u00e1ficos:<\/strong><\/p>\n<p>\u2013Quantidade de ocorr\u00eancias por m\u00eas, ocorr\u00eancias por turno, ocorr\u00eancias por g\u00eaneros, ocorr\u00eancias por cid\/motivo, quantidade ocorr\u00eancias dia da semana atraso;<\/p>\n<p><strong>Os filtros em forma de Segmenta\u00e7\u00e3o de dados:<\/strong><\/p>\n<p>\u2013 Empresa, ano, m\u00eas, turno, departamento, g\u00eanero, cid\/motivo, fun\u00e7\u00e3o e nome;<\/p>\n<p><span style=\"font-size: 14pt;\"><em>Dashboard Financeiro<\/em><\/span><\/p>\n<p><strong>Valores totais:<\/strong><\/p>\n<p>\u2013Horas planejadas, horas sem justificativa perdidas, horas com justificativa perdidas, horas totais perdidas, custo com sal\u00e1rios, custo por hora perdida, percentual do custo &amp;, absente\u00edsmo total;<\/p>\n<p><strong>Gr\u00e1ficos:<\/strong><\/p>\n<p>\u2013Custo de horas perdidas por m\u00eas, custo por hora perdida por turno, custo por hora perdida por departamento;<\/p>\n<p><strong>Os filtros em forma de Segmenta\u00e7\u00e3o de dados:<\/strong><\/p>\n<p>\u2013 Empresa, ano, m\u00eas, turno, departamento, g\u00eanero, cid\/motivo, fun\u00e7\u00e3o e nome;<\/p>\n<p><span style=\"font-size: 14pt;\"><em>Relat\u00f3rio<\/em><\/span><\/p>\n<p>\u2013M\u00eas, horas planejadas, horas perdidas, absente\u00edsmo, meta absente\u00edsmo, desempenho;<\/p>\n<p><strong>Os filtros em forma de Segmenta\u00e7\u00e3o de dados:<\/strong><\/p>\n<p>\u2013 Empresa, ano, m\u00eas, turno, departamento, g\u00eanero, cid\/motivo, fun\u00e7\u00e3o e nome;<\/p>\n<p><strong>Planilha 100% edit\u00e1vel<\/strong><\/p>\n<p><strong>PR\u00c9-REQUISITOS:<\/strong><br \/>\nTer qualquer vers\u00e3o do EXCEL instalada no computador.<\/p>\n<p><strong>VANTAGENS:<\/strong><br \/>\nSimplicidade em usar e c\u00e1lculos precisos.<\/p>\n<p><strong>INFORMA\u00c7\u00d5ES \u00daTEIS:<\/strong><br \/>\nSuporte p\u00f3s-venda, via e-mail, para esclarecer quaisquer d\u00favidas que possam surgir. Planilha original, comercializada pelo pr\u00f3prio desenvolvedor.<\/p>\n<p><strong>Video explicativo da planilha:<\/strong><\/p>\n<div class=\"ast-oembed-container \" style=\"height: 100%;\"><iframe title=\"Controle de Absente\u00edsmo RH em Power BI 1.2\" width=\"500\" height=\"281\" src=\"https:\/\/www.youtube.com\/embed\/bK-9SL3uEmg?feature=oembed&#038;enablejsapi=1&#038;origin=https:\/\/pacotedeplanilhas.com\" frameborder=\"0\" allow=\"accelerometer; autoplay; clipboard-write; encrypted-media; gyroscope; picture-in-picture; web-share\" referrerpolicy=\"strict-origin-when-cross-origin\" allowfullscreen><\/iframe><\/div>\n","protected":false},"excerpt":{"rendered":"<p>FA\u00c7A O CONTROLE E ACOMPANHAMENTO DE GEST\u00c3O DE ABSENTE\u00cdMO DA SUA EMPRESA DE MANEIRA SIMPLES E R\u00c1PIDA.<\/p>\n","protected":false},"featured_media":6202,"comment_status":"open","ping_status":"closed","template":"","meta":{"site-sidebar-layout":"default","site-content-layout":"default","ast-site-content-layout":"default","site-content-style":"default","site-sidebar-style":"default","ast-global-header-display":"","ast-banner-title-visibility":"","ast-main-header-display":"","ast-hfb-above-header-display":"","ast-hfb-below-header-display":"","ast-hfb-mobile-header-display":"","site-post-title":"","ast-breadcrumbs-content":"","ast-featured-img":"","footer-sml-layout":"","theme-transparent-header-meta":"default","adv-header-id-meta":"","stick-header-meta":"","header-above-stick-meta":"","header-main-stick-meta":"","header-below-stick-meta":"","astra-migrate-meta-layouts":"set","ast-page-background-enabled":"default","ast-page-background-meta":{"desktop":{"background-color":"","background-image":"","background-repeat":"repeat","background-position":"center center","background-size":"auto","background-attachment":"scroll","background-type":"","background-media":"","overlay-type":"","overlay-color":"","overlay-opacity":"","overlay-gradient":""},"tablet":{"background-color":"","background-image":"","background-repeat":"repeat","background-position":"center center","background-size":"auto","background-attachment":"scroll","background-type":"","background-media":"","overlay-type":"","overlay-color":"","overlay-opacity":"","overlay-gradient":""},"mobile":{"background-color":"","background-image":"","background-repeat":"repeat","background-position":"center center","background-size":"auto","background-attachment":"scroll","background-type":"","background-media":"","overlay-type":"","overlay-color":"","overlay-opacity":"","overlay-gradient":""}},"ast-content-background-meta":{"desktop":{"background-color":"var(--ast-global-color-5)","background-image":"","background-repeat":"repeat","background-position":"center center","background-size":"auto","background-attachment":"scroll","background-type":"","background-media":"","overlay-type":"","overlay-color":"","overlay-opacity":"","overlay-gradient":""},"tablet":{"background-color":"var(--ast-global-color-5)","background-image":"","background-repeat":"repeat","background-position":"center center","background-size":"auto","background-attachment":"scroll","background-type":"","background-media":"","overlay-type":"","overlay-color":"","overlay-opacity":"","overlay-gradient":""},"mobile":{"background-color":"var(--ast-global-color-5)","background-image":"","background-repeat":"repeat","background-position":"center center","background-size":"auto","background-attachment":"scroll","background-type":"","background-media":"","overlay-type":"","overlay-color":"","overlay-opacity":"","overlay-gradient":""}}},"product_brand":[],"product_cat":[176,990],"product_tag":[1141,1153,1642,1142,1157,1146,1137,1156,1150,1140,1144,1149,1138,1147,1152,1155,1148,1151,435,1145],"class_list":{"0":"post-6200","1":"product","2":"type-product","3":"status-publish","4":"has-post-thumbnail","6":"product_cat-power-bi","7":"product_cat-recursos-humanos","8":"product_tag-absenteismo-empresarial","9":"product_tag-absenteismo-no-trabalho","10":"product_tag-absenteismo-power-bi","11":"product_tag-analise-de-absenteismo","12":"product_tag-analise-de-faltas","13":"product_tag-automacao-de-controle-de-absenteismo","14":"product_tag-controle-de-absenteismo","15":"product_tag-controle-de-faltas","16":"product_tag-controle-operacional-de-absenteismo","17":"product_tag-dashboard-de-absenteismo","18":"product_tag-eficiencia-na-gestao-de-absenteismo","19":"product_tag-eficiencia-na-gestao-de-ausencias","20":"product_tag-gestao-de-absenteismo","21":"product_tag-gestao-de-colaboradores","22":"product_tag-gestao-de-produtividade","23":"product_tag-monitoramento-de-ausencias-no-trabalho","24":"product_tag-monitoramento-de-colaboradores","25":"product_tag-otimizacao-de-absenteismo","26":"product_tag-power-bi","27":"product_tag-relatorios-de-absenteismo","28":"desktop-align-left","29":"tablet-align-left","30":"mobile-align-left","32":"first","33":"instock","34":"virtual","35":"purchasable","36":"product-type-simple"},"_links":{"self":[{"href":"https:\/\/pacotedeplanilhas.com\/loja\/wp-json\/wp\/v2\/product\/6200","targetHints":{"allow":["GET"]}}],"collection":[{"href":"https:\/\/pacotedeplanilhas.com\/loja\/wp-json\/wp\/v2\/product"}],"about":[{"href":"https:\/\/pacotedeplanilhas.com\/loja\/wp-json\/wp\/v2\/types\/product"}],"replies":[{"embeddable":true,"href":"https:\/\/pacotedeplanilhas.com\/loja\/wp-json\/wp\/v2\/comments?post=6200"}],"version-history":[{"count":2,"href":"https:\/\/pacotedeplanilhas.com\/loja\/wp-json\/wp\/v2\/product\/6200\/revisions"}],"predecessor-version":[{"id":6211,"href":"https:\/\/pacotedeplanilhas.com\/loja\/wp-json\/wp\/v2\/product\/6200\/revisions\/6211"}],"wp:featuredmedia":[{"embeddable":true,"href":"https:\/\/pacotedeplanilhas.com\/loja\/wp-json\/wp\/v2\/media\/6202"}],"wp:attachment":[{"href":"https:\/\/pacotedeplanilhas.com\/loja\/wp-json\/wp\/v2\/media?parent=6200"}],"wp:term":[{"taxonomy":"product_brand","embeddable":true,"href":"https:\/\/pacotedeplanilhas.com\/loja\/wp-json\/wp\/v2\/product_brand?post=6200"},{"taxonomy":"product_cat","embeddable":true,"href":"https:\/\/pacotedeplanilhas.com\/loja\/wp-json\/wp\/v2\/product_cat?post=6200"},{"taxonomy":"product_tag","embeddable":true,"href":"https:\/\/pacotedeplanilhas.com\/loja\/wp-json\/wp\/v2\/product_tag?post=6200"}],"curies":[{"name":"wp","href":"https:\/\/api.w.org\/{rel}","templated":true}]}}