{"id":6216,"date":"2025-01-06T13:52:27","date_gmt":"2025-01-06T16:52:27","guid":{"rendered":"https:\/\/pacotedeplanilhas.com\/loja\/?post_type=product&#038;p=6216"},"modified":"2025-10-23T09:34:30","modified_gmt":"2025-10-23T12:34:30","slug":"projeto-em-power-bi-indicadores-de-rh-com-turnover-1-3","status":"publish","type":"product","link":"https:\/\/pacotedeplanilhas.com\/loja\/store\/power-bi\/projeto-em-power-bi-indicadores-de-rh-com-turnover-1-3\/","title":{"rendered":"Projeto em Power BI Indicadores de RH com Turnover 1.3"},"content":{"rendered":"<p>FA\u00c7A O CONTROLE E ACOMPANHAMENTO DE CONTROLE DE RH COM TURNOVER DA SUA EMPRESA DE MANEIRA SIMPLES E R\u00c1PIDA.<\/p>\n<p>Funcionalidades<\/p>\n<p>Cadastros:<\/p>\n<p>\u2013Unidade, fun\u00e7\u00e3o, setor, l\u00edder, faixa et\u00e1ria, tempo de empresa, escolaridade, faixa salarial;<\/p>\n<p>Lan\u00e7amentos<\/p>\n<p>C\u00e9lulas manuais em branco:<\/p>\n<p>\u2013Matr\u00edcula, unidade, nome, g\u00eanero, data de admiss\u00e3o, data de nascimento, data desligamento, tipo de desligamento, fun\u00e7\u00e3o, setor, tempo de empresa, faixa et\u00e1ria, escolaridade, s\u00e1lario, custo desligamento, custo contrata\u00e7\u00e3o, avalia\u00e7\u00e3o de desempenho atual, naturalidade, endere\u00e7o, data da \u00faltima promo\u00e7\u00e3o, f\u00e9rias vencidas, foto;<\/p>\n<p>C\u00e9lulas em cinza que possuem preenchimento autom\u00e1tico:<\/p>\n<p>\u2013Funcion\u00e1rio ativo, idade, tempo de empresa, faixa et\u00e1ria, faixa de tempo de empresa,\u00a0 faixa salarial, l\u00edder setor;<\/p>\n<p>&nbsp;<\/p>\n<p>Dashboard Turnover RH<\/p>\n<p>Valores totais:<\/p>\n<p>\u2013Funcion\u00e1rios ativos, contrata\u00e7\u00f5es, desligamentos, turnover;<\/p>\n<p>Gr\u00e1ficos:<\/p>\n<p>\u2013Movimenta\u00e7\u00e3o de contrata\u00e7\u00f5es e desligamentos, turnover por ano,<\/p>\n<p>Relat\u00f3rio detalhado<\/p>\n<p>\u2013M\u00eas, contrata\u00e7\u00f5es, desligamentos, turnover;<\/p>\n<p>Filtros em forma de segmenta\u00e7\u00e3o de dados<\/p>\n<p>\u2013Ano, m\u00eas, unidade, setor, g\u00eanero, l\u00edder, fun\u00e7\u00e3o e nome;<\/p>\n<p>&nbsp;<\/p>\n<p>Dashboard Funcion\u00e1rios Ativos<\/p>\n<p>Valores totais:<\/p>\n<p>\u2013Funcion\u00e1rios ativos, contrata\u00e7\u00f5es, desligamentos, turnover;<\/p>\n<p>Gr\u00e1ficos:<\/p>\n<p>\u2013Funcion\u00e1rios ativos por setor, funcion\u00e1rios ativos por fun\u00e7\u00e3o, funcion\u00e1rios ativos por g\u00eanero, funcion\u00e1rios ativos por tempo de empresa (idade), funcion\u00e1rios ativos por unidade, funcion\u00e1rios ativos por escolaridade;<\/p>\n<p>Filtros em forma de segmenta\u00e7\u00e3o de dados<\/p>\n<p>\u2013Ano, m\u00eas, unidade, setor, g\u00eanero, l\u00edder, fun\u00e7\u00e3o e nome;<\/p>\n<p>&nbsp;<\/p>\n<p><span style=\"font-size: 16px; font-style: normal; font-weight: 400;\">Dahboard Contrata\u00e7\u00f5es<\/span><\/p>\n<p>Valores totais:<\/p>\n<p>\u2013Funcion\u00e1rios ativos, contrata\u00e7\u00f5es, desligamentos, turnover;<\/p>\n<p>Gr\u00e1ficos:<\/p>\n<p>\u2013Contrata\u00e7\u00f5es ao longo do tempo, contrata\u00e7\u00e3o por g\u00eanero, contrata\u00e7\u00e3o por unidade, contrata\u00e7\u00e3o por fun\u00e7\u00e3o, contrata\u00e7\u00e3o por escolaridade,<\/p>\n<p>Filtros em forma de segmenta\u00e7\u00e3o de dados<\/p>\n<p>\u2013Ano, m\u00eas, unidade, setor, g\u00eanero, l\u00edder, fun\u00e7\u00e3o e nome;<\/p>\n<p>&nbsp;<\/p>\n<p>Dashboard Desligamentos<\/p>\n<p>Valores totais:<\/p>\n<p>\u2013Funcion\u00e1rios ativos, contrata\u00e7\u00f5es, desligamentos, turnover;<\/p>\n<p>Gr\u00e1ficos:<\/p>\n<p>\u2013Desligamentos ao longo do tempo, desligamento por g\u00eanero, desligamento por unidade, desligamento por fun\u00e7\u00e3o, desligamento por motivo;<\/p>\n<p>Filtros em forma de segmenta\u00e7\u00e3o de dados<\/p>\n<p>\u2013Ano, m\u00eas, unidade, setor, g\u00eanero, l\u00edder, fun\u00e7\u00e3o e nome;<\/p>\n<p>&nbsp;<\/p>\n<p>Dashboard Financeiro<\/p>\n<p>Valores totais:<\/p>\n<p>\u2013Sal\u00e1rios dos funcion\u00e1rios, custo com desligamento, custo com contrata\u00e7\u00f5es;<\/p>\n<p>Gr\u00e1ficos:<\/p>\n<p>\u2013Custo com desligamento por ano, faixa salarial dos funcion\u00e1rios ativos, custo com contrata\u00e7\u00f5es por ano;<\/p>\n<p>Filtros em forma de segmenta\u00e7\u00e3o de dados<\/p>\n<p>\u2013Ano, m\u00eas, unidade, setor, g\u00eanero, l\u00edder, fun\u00e7\u00e3o e nome;<\/p>\n<p>&nbsp;<\/p>\n<p>Dashboard Perfil Do Funcion\u00e1rio<\/p>\n<p>\u2013Unidade, setor, tempo de empresa, matr\u00edcula, g\u00eanero, sal\u00e1rio atual, data de admiss\u00e3o, naturalidade, data de nascimento, idade, escolaridade, data da \u00faltoma promo\u00e7\u00e3o, f\u00e9rias vencidas?, endere\u00e7o do funcion\u00e1rio no mapa;<\/p>\n<p>Filtros em forma de segmenta\u00e7\u00e3o de dados<\/p>\n<p>\u2013Nome;<\/p>\n<p>&nbsp;<\/p>\n<p><span style=\"font-size: 16px;\">Planilha 100% edit\u00e1vel<\/span><\/p>\n<p>PR\u00c9-REQUISITOS:<br \/>\nTer qualquer vers\u00e3o do EXCEL e POWER BI instalada no computador.<\/p>\n<p>VANTAGENS:<br \/>\nSimplicidade em usar e c\u00e1lculos precisos.<\/p>\n<p>INFORMA\u00c7\u00d5ES \u00daTEIS:<br \/>\nSuporte p\u00f3s-venda, via e-mail, para esclarecer quaisquer d\u00favidas que possam surgir. Planilha original, comercializada pelo pr\u00f3prio desenvolvedor.<\/p>\n<p>Video explicativo da planilha:<\/p>\n<div class=\"ast-oembed-container \" style=\"height: 100%;\"><iframe title=\"Projeto em Power BI Indicadores de RH com Turnover 1.3\" width=\"500\" height=\"281\" src=\"https:\/\/www.youtube.com\/embed\/Zb0H2ADc-gM?feature=oembed&#038;enablejsapi=1&#038;origin=https:\/\/pacotedeplanilhas.com\" frameborder=\"0\" allow=\"accelerometer; autoplay; clipboard-write; encrypted-media; gyroscope; picture-in-picture; web-share\" referrerpolicy=\"strict-origin-when-cross-origin\" allowfullscreen><\/iframe><\/div>\n<p>&nbsp;<\/p>\n","protected":false},"excerpt":{"rendered":"<p>FA\u00c7A O CONTROLE E ACOMPANHAMENTO DE CONTROLE DE RH COM TURNOVER DA SUA EMPRESA DE MANEIRA SIMPLES E R\u00c1PIDA.<\/p>\n","protected":false},"featured_media":6217,"comment_status":"open","ping_status":"closed","template":"","meta":{"site-sidebar-layout":"default","site-content-layout":"default","ast-site-content-layout":"default","site-content-style":"default","site-sidebar-style":"default","ast-global-header-display":"","ast-banner-title-visibility":"","ast-main-header-display":"","ast-hfb-above-header-display":"","ast-hfb-below-header-display":"","ast-hfb-mobile-header-display":"","site-post-title":"","ast-breadcrumbs-content":"","ast-featured-img":"","footer-sml-layout":"","theme-transparent-header-meta":"default","adv-header-id-meta":"","stick-header-meta":"","header-above-stick-meta":"","header-main-stick-meta":"","header-below-stick-meta":"","astra-migrate-meta-layouts":"set","ast-page-background-enabled":"default","ast-page-background-meta":{"desktop":{"background-color":"","background-image":"","background-repeat":"repeat","background-position":"center center","background-size":"auto","background-attachment":"scroll","background-type":"","background-media":"","overlay-type":"","overlay-color":"","overlay-opacity":"","overlay-gradient":""},"tablet":{"background-color":"","background-image":"","background-repeat":"repeat","background-position":"center center","background-size":"auto","background-attachment":"scroll","background-type":"","background-media":"","overlay-type":"","overlay-color":"","overlay-opacity":"","overlay-gradient":""},"mobile":{"background-color":"","background-image":"","background-repeat":"repeat","background-position":"center center","background-size":"auto","background-attachment":"scroll","background-type":"","background-media":"","overlay-type":"","overlay-color":"","overlay-opacity":"","overlay-gradient":""}},"ast-content-background-meta":{"desktop":{"background-color":"var(--ast-global-color-5)","background-image":"","background-repeat":"repeat","background-position":"center center","background-size":"auto","background-attachment":"scroll","background-type":"","background-media":"","overlay-type":"","overlay-color":"","overlay-opacity":"","overlay-gradient":""},"tablet":{"background-color":"var(--ast-global-color-5)","background-image":"","background-repeat":"repeat","background-position":"center center","background-size":"auto","background-attachment":"scroll","background-type":"","background-media":"","overlay-type":"","overlay-color":"","overlay-opacity":"","overlay-gradient":""},"mobile":{"background-color":"var(--ast-global-color-5)","background-image":"","background-repeat":"repeat","background-position":"center center","background-size":"auto","background-attachment":"scroll","background-type":"","background-media":"","overlay-type":"","overlay-color":"","overlay-opacity":"","overlay-gradient":""}}},"product_brand":[],"product_cat":[176,990],"product_tag":[1646,1653,1654,1647,1644,1652,1645,1655,1648,1651,1643,1649,435,1650],"class_list":{"0":"post-6216","1":"product","2":"type-product","3":"status-publish","4":"has-post-thumbnail","6":"product_cat-power-bi","7":"product_cat-recursos-humanos","8":"product_tag-analise-de-dados-de-rh","9":"product_tag-analise-demografica-no-power-bi","10":"product_tag-como-criar-dashboards-de-rh-no-power-bi","11":"product_tag-contratacoes-e-desligamentos-power-bi","12":"product_tag-controle-de-turnover-power-bi","13":"product_tag-custo-de-turnover-power-bi","14":"product_tag-dashboards-de-rh-power-bi","15":"product_tag-gestao-de-pessoas-com-power-bi","16":"product_tag-gestao-de-rh-power-bi","17":"product_tag-graficos-interativos-power-bi","18":"product_tag-indicadores-de-rh-no-power-bi","19":"product_tag-metricas-de-rh","20":"product_tag-power-bi","21":"product_tag-relatorios-detalhados-power-bi","22":"desktop-align-left","23":"tablet-align-left","24":"mobile-align-left","26":"first","27":"instock","28":"virtual","29":"purchasable","30":"product-type-simple"},"_links":{"self":[{"href":"https:\/\/pacotedeplanilhas.com\/loja\/wp-json\/wp\/v2\/product\/6216","targetHints":{"allow":["GET"]}}],"collection":[{"href":"https:\/\/pacotedeplanilhas.com\/loja\/wp-json\/wp\/v2\/product"}],"about":[{"href":"https:\/\/pacotedeplanilhas.com\/loja\/wp-json\/wp\/v2\/types\/product"}],"replies":[{"embeddable":true,"href":"https:\/\/pacotedeplanilhas.com\/loja\/wp-json\/wp\/v2\/comments?post=6216"}],"version-history":[{"count":3,"href":"https:\/\/pacotedeplanilhas.com\/loja\/wp-json\/wp\/v2\/product\/6216\/revisions"}],"predecessor-version":[{"id":6228,"href":"https:\/\/pacotedeplanilhas.com\/loja\/wp-json\/wp\/v2\/product\/6216\/revisions\/6228"}],"wp:featuredmedia":[{"embeddable":true,"href":"https:\/\/pacotedeplanilhas.com\/loja\/wp-json\/wp\/v2\/media\/6217"}],"wp:attachment":[{"href":"https:\/\/pacotedeplanilhas.com\/loja\/wp-json\/wp\/v2\/media?parent=6216"}],"wp:term":[{"taxonomy":"product_brand","embeddable":true,"href":"https:\/\/pacotedeplanilhas.com\/loja\/wp-json\/wp\/v2\/product_brand?post=6216"},{"taxonomy":"product_cat","embeddable":true,"href":"https:\/\/pacotedeplanilhas.com\/loja\/wp-json\/wp\/v2\/product_cat?post=6216"},{"taxonomy":"product_tag","embeddable":true,"href":"https:\/\/pacotedeplanilhas.com\/loja\/wp-json\/wp\/v2\/product_tag?post=6216"}],"curies":[{"name":"wp","href":"https:\/\/api.w.org\/{rel}","templated":true}]}}