{"id":6255,"date":"2025-01-14T16:34:18","date_gmt":"2025-01-14T19:34:18","guid":{"rendered":"https:\/\/pacotedeplanilhas.com\/loja\/?post_type=product&#038;p=6255"},"modified":"2025-01-14T22:10:46","modified_gmt":"2025-01-15T01:10:46","slug":"dashboard-em-power-bi-de-vendas-com-financeiro-para-produtos-digitais-1-1","status":"publish","type":"product","link":"https:\/\/pacotedeplanilhas.com\/loja\/store\/comercial\/dashboard-em-power-bi-de-vendas-com-financeiro-para-produtos-digitais-1-1\/","title":{"rendered":"Dashboard em Power BI de Vendas com Financeiro para Produtos Digitais 1.1"},"content":{"rendered":"<p>FA\u00c7A O CONTROLE E ACOMPANHAMENTO DE VENDAS DA SUA EMPRESA DE MANEIRA SIMPLES E R\u00c1PIDA.<\/p>\n<p>Funcionalidades<\/p>\n<p>Cadastros<\/p>\n<p>\u2013Produto, categoria, meio de pagamento, origem da venda, tr\u00e1fego, plataforma, campanhas;<\/p>\n<p>&nbsp;<\/p>\n<p>Lan\u00e7amentos Vendas<\/p>\n<p>C\u00e9lulas manuais em branco:<\/p>\n<p>\u2013Data da venda, dia da semana, produto, categoria, nota fiscal, quantidade, valor unitario, meio de pagamento, origem da venda, plataforma, tipo de tr\u00e1fego, contato e-mail, contato cell, campanha;<\/p>\n<p>C\u00e9lulas em cinza que tem preencimento autom\u00e1tico:<\/p>\n<p>\u2013Valor da venda, reembolso;<\/p>\n<p>&nbsp;<\/p>\n<p>Lan\u00e7amentos Custo Fixos:<\/p>\n<p>\u2013Data, custo fixo, descri\u00e7\u00e3o, valor;<\/p>\n<p>&nbsp;<\/p>\n<p>Lan\u00e7amentos Custos Variaveis;<\/p>\n<p>\u2013Data, custo vari\u00e1vel, categoria, descri\u00e7\u00e3o, campanha, valor;<\/p>\n<p>&nbsp;<\/p>\n<p>Lan\u00e7amentos Meta de Vendas:<\/p>\n<p>\u2013Data, meta;<\/p>\n<p>&nbsp;<\/p>\n<p>Lan\u00e7amentos Ponto de Equilibrio;<\/p>\n<p>\u2013Data, ponto de equilibrio;<\/p>\n<p>&nbsp;<\/p>\n<p>Dashboard Vendas 01<\/p>\n<p>Valores totais:<\/p>\n<p>\u2013Faturamento, custo vari\u00e1veis diretos, custos fixos indiretos , lucro estimado, meta, taxa de reembolso;<\/p>\n<p>Gr\u00e1ficos:<\/p>\n<p>\u2013Faturamento\/ ponto de equil\u00edbrio e meta por dia, faturamento por produto, quantidade de produtos vendidos, quantidade de produtos por categoria;<\/p>\n<p>Filtros em forma de segmenta\u00e7\u00e3o de dados:<\/p>\n<p>\u2013Ano, m\u00eas, categoria, produto, meio de pagamento, plataforma;<\/p>\n<p>&nbsp;<\/p>\n<p>Dashboard Vendas 02<\/p>\n<p>Valores totais:<\/p>\n<p>\u2013Faturamento, ticket m\u00e9dio, notas fiscais emitidas, custo vari\u00e1vel unit\u00e1rio, produto unit\u00e1rio m\u00e9dio;<\/p>\n<p>Gr\u00e1ficos:<\/p>\n<p>\u2013Faturamento\/ ponto de equil\u00edbrio e meta por m\u00eas, faturamento por origem, faturamento por plataforma, faturamento por categoria, faturamento por forma de pagemento;<\/p>\n<p>Filtros em forma de segmenta\u00e7\u00e3o de dados:<\/p>\n<p>\u2013Ano, m\u00eas, categoria, produto, meio de pagamento, plataforma;<\/p>\n<p>&nbsp;<\/p>\n<p>Dashboard Relat\u00f3rio<\/p>\n<p>Valores totais:<\/p>\n<p>\u2013Faturamento, custo vari\u00e1veis diretos, custos fixos indiretos , lucro estimado, meta, custo fixo + custo vari\u00e1vel, margem de contribui\u00e7\u00e3o %, qunatidade de produtos vendidos, pre\u00e7o m\u00e9dio unit\u00e1rio, custo vari\u00e1vel unit\u00e1rio;<\/p>\n<p>Relat\u00f3rio:<\/p>\n<p>\u2013M\u00eas, meta de faturamento, faturamento, custos fixos indiretos, custos vari\u00e1veis diretos, lucro estimado, quantidade de vendas, margem de contribui\u00e7\u00e3o; ;<\/p>\n<p>Filtros em forma de segmenta\u00e7\u00e3o de dados<\/p>\n<p>\u2013Ano, m\u00eas, categoria, produto, meio de pagamento, plataforma;<\/p>\n<p>&nbsp;<\/p>\n<p>Dashboard Custos Fixos<\/p>\n<p>Valores totais:<\/p>\n<p>\u2013Faturamento, custo vari\u00e1veis diretos, custos fixos indiretos , lucro estimado, meta;<\/p>\n<p>Gr\u00e1ficos:<\/p>\n<p>\u2013Custos fixos indiretos por dia, custos fixos por tipo de custo, custos fixos indiretos por m\u00eas, custos fixos por tipo de custo;<\/p>\n<p>Filtros em forma de segmenta\u00e7\u00e3o de dados:<\/p>\n<p>\u2013Ano, m\u00eas;<\/p>\n<p>&nbsp;<\/p>\n<p>Dashboard Custos Vari\u00e1veis<\/p>\n<p>Valores totais:<\/p>\n<p>\u2013Faturamento, custo vari\u00e1veis diretos, custos fixos indiretos , lucro estimado, meta;<\/p>\n<p>Gr\u00e1fico:<\/p>\n<p>\u2013Custos vari\u00e1veis diretos por dia, custos vari\u00e1vel por categoria, custos vari\u00e1veis diretos por m\u00eas, custos vari\u00e1vel por tipo de custo;<\/p>\n<p>Filtros em forma de segmenta\u00e7\u00e3o de dados:<\/p>\n<p>\u2013Ano, m\u00eas, vendedor, custo vari\u00e1vel, categoria;<\/p>\n<p>&nbsp;<\/p>\n<p>Dashboard Tr\u00e1fego Pago<\/p>\n<p>Valores totais:<\/p>\n<p>\u2013Faturamento por campanha, custo por campanha, ROI geral campanhas, lucro das campanhas;<\/p>\n<p>Gr\u00e1fico:<\/p>\n<p>\u2013Faturamento x custo &#8211; tr\u00e1fego pago por dia, faturamento x custo por campanha, custos por campanhas, faturamento por campanha;<\/p>\n<p>Filtros em forma de segmenta\u00e7\u00e3o de dados<\/p>\n<p>\u2013Ano, m\u00eas, campanha;<\/p>\n<p>&nbsp;<\/p>\n<p><span style=\"font-size: 16px;\">Planilha 100% edit\u00e1vel<\/span><\/p>\n<p>PR\u00c9-REQUISITOS:<br \/>\nTer qualquer vers\u00e3o do EXCEL e POWER BI instalada no computador.<\/p>\n<p>VANTAGENS:<br \/>\nSimplicidade em usar e c\u00e1lculos precisos.<\/p>\n<p>INFORMA\u00c7\u00d5ES \u00daTEIS:<br \/>\nSuporte p\u00f3s-venda, via e-mail, para esclarecer quaisquer d\u00favidas que possam surgir. Planilha original, comercializada pelo pr\u00f3prio desenvolvedor.<\/p>\n<p>Video explicativo da planilha:<\/p>\n<div class=\"ast-oembed-container \" style=\"height: 100%;\"><iframe title=\"Dashboard em Power BI de Vendas com Financeiro para Produtos Digitais 1.1\" width=\"500\" height=\"281\" src=\"https:\/\/www.youtube.com\/embed\/OmJXexEG1JE?feature=oembed\" frameborder=\"0\" allow=\"accelerometer; autoplay; clipboard-write; encrypted-media; gyroscope; picture-in-picture; web-share\" referrerpolicy=\"strict-origin-when-cross-origin\" allowfullscreen><\/iframe><\/div>\n<p>&nbsp;<\/p>\n","protected":false},"excerpt":{"rendered":"<p>FA\u00c7A O CONTROLE E ACOMPANHAMENTO DE VENDAS DA SUA EMPRESA DE MANEIRA SIMPLES E R\u00c1PIDA.<\/p>\n","protected":false},"featured_media":6259,"comment_status":"open","ping_status":"closed","template":"","meta":{"site-sidebar-layout":"default","site-content-layout":"default","ast-site-content-layout":"default","site-content-style":"default","site-sidebar-style":"default","ast-global-header-display":"","ast-banner-title-visibility":"","ast-main-header-display":"","ast-hfb-above-header-display":"","ast-hfb-below-header-display":"","ast-hfb-mobile-header-display":"","site-post-title":"","ast-breadcrumbs-content":"","ast-featured-img":"","footer-sml-layout":"","theme-transparent-header-meta":"default","adv-header-id-meta":"","stick-header-meta":"","header-above-stick-meta":"","header-main-stick-meta":"","header-below-stick-meta":"","astra-migrate-meta-layouts":"set","ast-page-background-enabled":"default","ast-page-background-meta":{"desktop":{"background-color":"","background-image":"","background-repeat":"repeat","background-position":"center center","background-size":"auto","background-attachment":"scroll","background-type":"","background-media":"","overlay-type":"","overlay-color":"","overlay-opacity":"","overlay-gradient":""},"tablet":{"background-color":"","background-image":"","background-repeat":"repeat","background-position":"center center","background-size":"auto","background-attachment":"scroll","background-type":"","background-media":"","overlay-type":"","overlay-color":"","overlay-opacity":"","overlay-gradient":""},"mobile":{"background-color":"","background-image":"","background-repeat":"repeat","background-position":"center center","background-size":"auto","background-attachment":"scroll","background-type":"","background-media":"","overlay-type":"","overlay-color":"","overlay-opacity":"","overlay-gradient":""}},"ast-content-background-meta":{"desktop":{"background-color":"var(--ast-global-color-5)","background-image":"","background-repeat":"repeat","background-position":"center center","background-size":"auto","background-attachment":"scroll","background-type":"","background-media":"","overlay-type":"","overlay-color":"","overlay-opacity":"","overlay-gradient":""},"tablet":{"background-color":"var(--ast-global-color-5)","background-image":"","background-repeat":"repeat","background-position":"center center","background-size":"auto","background-attachment":"scroll","background-type":"","background-media":"","overlay-type":"","overlay-color":"","overlay-opacity":"","overlay-gradient":""},"mobile":{"background-color":"var(--ast-global-color-5)","background-image":"","background-repeat":"repeat","background-position":"center center","background-size":"auto","background-attachment":"scroll","background-type":"","background-media":"","overlay-type":"","overlay-color":"","overlay-opacity":"","overlay-gradient":""}}},"product_brand":[],"product_cat":[998,991,176],"product_tag":[1671,1674,1590,1677,1670,1679,1678,1672,275,1598,1681,1675,1680,1673,1676],"class_list":{"0":"post-6255","1":"product","2":"type-product","3":"status-publish","4":"has-post-thumbnail","6":"product_cat-comercial","7":"product_cat-financeiro","8":"product_cat-power-bi","9":"product_tag-analise-de-vendas-produtos-digitais","10":"product_tag-como-analisar-vendas-no-power-bi","11":"product_tag-controle-de-vendas-power-bi","12":"product_tag-controle-financeiro-power-bi","13":"product_tag-dashboard-de-vendas-power-bi","14":"product_tag-dashboard-financeiro-para-negocios-digitais","15":"product_tag-ferramentas-para-e-commerce-digital","16":"product_tag-financeiro-para-produtos-digitais-power-bi","17":"product_tag-gestao-financeira-power-bi","18":"product_tag-indicadores-de-vendas-power-bi","19":"product_tag-lucratividade-em-produtos-digitais-power-bi","20":"product_tag-margem-de-lucro-power-bi","21":"product_tag-performance-de-vendas-power-bi","22":"product_tag-relatorio-de-vendas-power-bi","23":"product_tag-vendas-por-canal-power-bi","24":"desktop-align-left","25":"tablet-align-left","26":"mobile-align-left","28":"first","29":"instock","30":"virtual","31":"purchasable","32":"product-type-simple"},"_links":{"self":[{"href":"https:\/\/pacotedeplanilhas.com\/loja\/wp-json\/wp\/v2\/product\/6255","targetHints":{"allow":["GET"]}}],"collection":[{"href":"https:\/\/pacotedeplanilhas.com\/loja\/wp-json\/wp\/v2\/product"}],"about":[{"href":"https:\/\/pacotedeplanilhas.com\/loja\/wp-json\/wp\/v2\/types\/product"}],"replies":[{"embeddable":true,"href":"https:\/\/pacotedeplanilhas.com\/loja\/wp-json\/wp\/v2\/comments?post=6255"}],"version-history":[{"count":3,"href":"https:\/\/pacotedeplanilhas.com\/loja\/wp-json\/wp\/v2\/product\/6255\/revisions"}],"predecessor-version":[{"id":6274,"href":"https:\/\/pacotedeplanilhas.com\/loja\/wp-json\/wp\/v2\/product\/6255\/revisions\/6274"}],"wp:featuredmedia":[{"embeddable":true,"href":"https:\/\/pacotedeplanilhas.com\/loja\/wp-json\/wp\/v2\/media\/6259"}],"wp:attachment":[{"href":"https:\/\/pacotedeplanilhas.com\/loja\/wp-json\/wp\/v2\/media?parent=6255"}],"wp:term":[{"taxonomy":"product_brand","embeddable":true,"href":"https:\/\/pacotedeplanilhas.com\/loja\/wp-json\/wp\/v2\/product_brand?post=6255"},{"taxonomy":"product_cat","embeddable":true,"href":"https:\/\/pacotedeplanilhas.com\/loja\/wp-json\/wp\/v2\/product_cat?post=6255"},{"taxonomy":"product_tag","embeddable":true,"href":"https:\/\/pacotedeplanilhas.com\/loja\/wp-json\/wp\/v2\/product_tag?post=6255"}],"curies":[{"name":"wp","href":"https:\/\/api.w.org\/{rel}","templated":true}]}}