{"id":6306,"date":"2025-01-23T16:34:58","date_gmt":"2025-01-23T19:34:58","guid":{"rendered":"https:\/\/pacotedeplanilhas.com\/loja\/?post_type=product&#038;p=6306"},"modified":"2025-01-23T17:03:49","modified_gmt":"2025-01-23T20:03:49","slug":"planilha-dashboard-contabil-em-excel","status":"publish","type":"product","link":"https:\/\/pacotedeplanilhas.com\/loja\/store\/financeiro\/planilha-dashboard-contabil-em-excel\/","title":{"rendered":"Planilha Dashboard Cont\u00e1bil em Excel"},"content":{"rendered":"<p>FA\u00c7A O CONTROLE E ACOMPANHAMENTO CONT\u00c1BIL DE MANEIRA SIMPLES E R\u00c1PIDA.<\/p>\n<p>Funcionalidades:<\/p>\n<p>Configura\u00e7\u00f5es:<\/p>\n<p>\u2013Nome da empresa, ano;<\/p>\n<p>Balan\u00e7o Patrimonial:<\/p>\n<p>\u2013Ativo, passivo\/ circulante, total ativo circulante, total passivo circulante, n\u00e3o circulante, total do real lp, total exig lp, permanente, patrim\u00f4nio l\u00edquido, total do at permanente, total pl, total do ativo, total passivo+pl;<\/p>\n<p>DRE:<\/p>\n<p>\u2013DRE por data, receita l\u00edquida de vendas, lucro bruto, lucro operacional, lucro antes do imp e contrato social, lucro l\u00edquido antes da parte adm, lucro l\u00edquido do exerc\u00edcio;<\/p>\n<p>Indicadores financeiros:<\/p>\n<p>\u2013An\u00e1lise da liquidez, an\u00e1lise da atividade, an\u00e1lise do endividamento, an\u00e1lise da lucratividade;<\/p>\n<p>Dashboard:<\/p>\n<p>Valores totais:<\/p>\n<p>\u2013Total ativo, total do passivo, patrim\u00f4nio l\u00edquido, total de receitas, total de despesas, lucro do exerc\u00edcio;<\/p>\n<p>Gr\u00e1ficos:<\/p>\n<p>\u2013Margem l\u00edquida, % endividamento;<\/p>\n<p>Planilha 100% edit\u00e1vel<\/p>\n<p>PR\u00c9-REQUISITOS:<br \/>\nTer qualquer vers\u00e3o do EXCEL instalada no computador.<\/p>\n<p>VANTAGENS:<br \/>\nSimplicidade em usar e c\u00e1lculos precisos.<\/p>\n<p>INFORMA\u00c7\u00d5ES \u00daTEIS:<br \/>\nSuporte p\u00f3s-venda, via e-mail, para esclarecer quaisquer d\u00favidas que possam surgir. Planilha original, comercializada pelo pr\u00f3prio desenvolvedor.<\/p>\n<p>Video explicativo da planilha:<\/p>\n<div class=\"ast-oembed-container \" style=\"height: 100%;\"><iframe title=\"Planilha Dashboard Cont\u00e1bil em Excel\" width=\"500\" height=\"281\" src=\"https:\/\/www.youtube.com\/embed\/bnA_JWukSWw?feature=oembed\" frameborder=\"0\" allow=\"accelerometer; autoplay; clipboard-write; encrypted-media; gyroscope; picture-in-picture; web-share\" referrerpolicy=\"strict-origin-when-cross-origin\" allowfullscreen><\/iframe><\/div>\n<p>&nbsp;<\/p>\n","protected":false},"excerpt":{"rendered":"<p>FA\u00c7A O CONTROLE E ACOMPANHAMENTO CONT\u00c1BIL DE MANEIRA SIMPLES E R\u00c1PIDA.<\/p>\n","protected":false},"featured_media":6307,"comment_status":"open","ping_status":"closed","template":"","meta":{"site-sidebar-layout":"default","site-content-layout":"default","ast-site-content-layout":"default","site-content-style":"default","site-sidebar-style":"default","ast-global-header-display":"","ast-banner-title-visibility":"","ast-main-header-display":"","ast-hfb-above-header-display":"","ast-hfb-below-header-display":"","ast-hfb-mobile-header-display":"","site-post-title":"","ast-breadcrumbs-content":"","ast-featured-img":"","footer-sml-layout":"","theme-transparent-header-meta":"default","adv-header-id-meta":"","stick-header-meta":"","header-above-stick-meta":"","header-main-stick-meta":"","header-below-stick-meta":"","astra-migrate-meta-layouts":"set","ast-page-background-enabled":"default","ast-page-background-meta":{"desktop":{"background-color":"","background-image":"","background-repeat":"repeat","background-position":"center center","background-size":"auto","background-attachment":"scroll","background-type":"","background-media":"","overlay-type":"","overlay-color":"","overlay-opacity":"","overlay-gradient":""},"tablet":{"background-color":"","background-image":"","background-repeat":"repeat","background-position":"center center","background-size":"auto","background-attachment":"scroll","background-type":"","background-media":"","overlay-type":"","overlay-color":"","overlay-opacity":"","overlay-gradient":""},"mobile":{"background-color":"","background-image":"","background-repeat":"repeat","background-position":"center center","background-size":"auto","background-attachment":"scroll","background-type":"","background-media":"","overlay-type":"","overlay-color":"","overlay-opacity":"","overlay-gradient":""}},"ast-content-background-meta":{"desktop":{"background-color":"var(--ast-global-color-5)","background-image":"","background-repeat":"repeat","background-position":"center center","background-size":"auto","background-attachment":"scroll","background-type":"","background-media":"","overlay-type":"","overlay-color":"","overlay-opacity":"","overlay-gradient":""},"tablet":{"background-color":"var(--ast-global-color-5)","background-image":"","background-repeat":"repeat","background-position":"center center","background-size":"auto","background-attachment":"scroll","background-type":"","background-media":"","overlay-type":"","overlay-color":"","overlay-opacity":"","overlay-gradient":""},"mobile":{"background-color":"var(--ast-global-color-5)","background-image":"","background-repeat":"repeat","background-position":"center center","background-size":"auto","background-attachment":"scroll","background-type":"","background-media":"","overlay-type":"","overlay-color":"","overlay-opacity":"","overlay-gradient":""}}},"product_brand":[],"product_cat":[991,120],"product_tag":[1700,1711,1702,1699,1709,1703,1705,1716,1714,1701,764,1710,1704,1713,1712,1706,1715,1707,773,1708],"class_list":{"0":"post-6306","1":"product","2":"type-product","3":"status-publish","4":"has-post-thumbnail","6":"product_cat-financeiro","7":"product_cat-planilhas-em-excel","8":"product_tag-acompanhamento-contabil","9":"product_tag-analise-de-atividades","10":"product_tag-analise-de-balanco","11":"product_tag-controle-contabil","12":"product_tag-dashboards-contabeis","13":"product_tag-dre-no-excel","14":"product_tag-endividamento","15":"product_tag-excel-para-contabilidade","16":"product_tag-ferramenta-contabil","17":"product_tag-gestao-contabil","18":"product_tag-gestao-financeira","19":"product_tag-graficos-contabeis","20":"product_tag-liquidez-contabil","21":"product_tag-lucro-liquido-do-exercicio","22":"product_tag-lucro-operacional","23":"product_tag-margem-liquida","24":"product_tag-otimizar-relatorios-contabeis","25":"product_tag-patrimonio-liquido","26":"product_tag-relatorios-financeiros","27":"product_tag-total-de-receitas-e-despesas","28":"desktop-align-left","29":"tablet-align-left","30":"mobile-align-left","32":"first","33":"instock","34":"virtual","35":"purchasable","36":"product-type-simple"},"_links":{"self":[{"href":"https:\/\/pacotedeplanilhas.com\/loja\/wp-json\/wp\/v2\/product\/6306","targetHints":{"allow":["GET"]}}],"collection":[{"href":"https:\/\/pacotedeplanilhas.com\/loja\/wp-json\/wp\/v2\/product"}],"about":[{"href":"https:\/\/pacotedeplanilhas.com\/loja\/wp-json\/wp\/v2\/types\/product"}],"replies":[{"embeddable":true,"href":"https:\/\/pacotedeplanilhas.com\/loja\/wp-json\/wp\/v2\/comments?post=6306"}],"version-history":[{"count":4,"href":"https:\/\/pacotedeplanilhas.com\/loja\/wp-json\/wp\/v2\/product\/6306\/revisions"}],"predecessor-version":[{"id":6316,"href":"https:\/\/pacotedeplanilhas.com\/loja\/wp-json\/wp\/v2\/product\/6306\/revisions\/6316"}],"wp:featuredmedia":[{"embeddable":true,"href":"https:\/\/pacotedeplanilhas.com\/loja\/wp-json\/wp\/v2\/media\/6307"}],"wp:attachment":[{"href":"https:\/\/pacotedeplanilhas.com\/loja\/wp-json\/wp\/v2\/media?parent=6306"}],"wp:term":[{"taxonomy":"product_brand","embeddable":true,"href":"https:\/\/pacotedeplanilhas.com\/loja\/wp-json\/wp\/v2\/product_brand?post=6306"},{"taxonomy":"product_cat","embeddable":true,"href":"https:\/\/pacotedeplanilhas.com\/loja\/wp-json\/wp\/v2\/product_cat?post=6306"},{"taxonomy":"product_tag","embeddable":true,"href":"https:\/\/pacotedeplanilhas.com\/loja\/wp-json\/wp\/v2\/product_tag?post=6306"}],"curies":[{"name":"wp","href":"https:\/\/api.w.org\/{rel}","templated":true}]}}