{"id":6330,"date":"2025-01-28T16:14:13","date_gmt":"2025-01-28T19:14:13","guid":{"rendered":"https:\/\/pacotedeplanilhas.com\/loja\/?post_type=product&#038;p=6330"},"modified":"2025-10-23T09:37:08","modified_gmt":"2025-10-23T12:37:08","slug":"dashboard-em-power-bi-controle-de-acidentes-sst","status":"publish","type":"product","link":"https:\/\/pacotedeplanilhas.com\/loja\/store\/power-bi\/dashboard-em-power-bi-controle-de-acidentes-sst\/","title":{"rendered":"Dashboard Em Power BI Controle de Acidentes SST 1.2"},"content":{"rendered":"<p>FA\u00c7A O CONTROLE E ACOMPANHAMENTO DE ACIDENTES E INCIDENTES DA SUA EMPRESA DE MANEIRA SIMPLES E R\u00c1PIDA.<\/p>\n<p>Funcionalidades<\/p>\n<p>Cadatros:<\/p>\n<p>\u2013Hora do acidente, setor, gestor, agente causador, tst respons\u00e1vel, natureza da les\u00e3o, modalidade\/ fatal, com afastamento, sem afastamento, incidentes, desvios, recorde de dias sem acidentes;<\/p>\n<p>Banco de Dados<\/p>\n<p>\u2013Data do acidente, tipo colaborador, resgistro, hora do acidente, nome, tipo, modalidade, piramide de heinrich, dias afastados, idade, sexo, turno, setor, piramide de bird, gestor, investiga\u00e7\u00e3o realizada, agente causador, parte do corpo atingida, natureza da les\u00e3o,data admiss\u00e3o, tempo na empresa, horas de trabalho, tempo na fun\u00e7\u00e3o, descri\u00e7\u00e3o do acidente, tst respons\u00e1vel;<\/p>\n<p>C\u00e9lulas Manuais em branco:<\/p>\n<p>\u2013M\u00eas, total de empregados no per\u00edodo, total de horas trabalhadas no m\u00eas, acidentes com afastamento, acidentes sem afastamento, dias perdidos por acidentes, dias depitados por acidentes;<\/p>\n<p>C\u00e9lulas em cinza que tem preenchimento autom\u00e1tico<\/p>\n<p>\u2013Ano, total de acidentes, total de dias perdidos, taxa de frequencia, taxa de gravidade, indice relativo de acidentes;<\/p>\n<p>Dashboard 01<\/p>\n<p>Valores totais:<\/p>\n<p>\u2013 Quantidade de ocorr\u00eancias, dias sem Ocorr\u00eancias, recorde dias sem acidentes;<\/p>\n<p>Gr\u00e1ficos:<\/p>\n<p>\u2013Quantidade de ocorr\u00eancias por m\u00eas, quantidade de ocorr\u00eancias por status, quantidade de ocorr\u00eancias por setor, quantidade de ocorr\u00eancias por modalidade;<\/p>\n<p>Os filtros em forma de Segmenta\u00e7\u00e3o de dados:<\/p>\n<p>\u2013Ano, m\u00eas, tipo de colaborador, g\u00eanero, modalidade, turno, nome, setor, tst respons\u00e1vel;<\/p>\n<p>Dashboard 02<\/p>\n<p>Valores totais:<\/p>\n<p>\u2013 Quantidade de ocorr\u00eancias, dias sem Ocorr\u00eancias, recorde dias sem acidentes;<\/p>\n<p>Gr\u00e1ficos:<\/p>\n<p>\u2013Quantidade de ocorr\u00eancias por modalidade, quantidade de ocorr\u00eancias por g\u00eanero, ocorr\u00eancias por tempo de empresa, ocorr\u00eancias por hor\u00e1rio, ocorr\u00eancias por tempo de empresa, ocorr\u00eancias por tempo de fun\u00e7\u00e3o;<\/p>\n<p>Os filtros em forma de Segmenta\u00e7\u00e3o de dados:<\/p>\n<p>\u2013Ano, m\u00eas, tipo de colaborador, g\u00eanero, modalidade, turno, nome, setor, tst respons\u00e1vel;<\/p>\n<p>Dashboard 03<\/p>\n<p>Valores totais:<\/p>\n<p>\u2013 Quantidade de ocorr\u00eancias, dias sem Ocorr\u00eancias, recorde dias sem acidentes;<\/p>\n<p>\u2013 Parte do corpo humano atingida;<\/p>\n<p>Os filtros em forma de Segmenta\u00e7\u00e3o de dados:<\/p>\n<p>\u2013Ano, m\u00eas, tipo de colaborador, g\u00eanero, modalidade, turno, nome, setor, tst respons\u00e1vel;<\/p>\n<p>Gr\u00e1fico de Pir\u00e2mide de BIRD.<\/p>\n<p>\u2013 Quantidade de ocorr\u00eancias, dias sem Ocorr\u00eancias, recorde dias sem acidentes;<\/p>\n<p>\u2013Quase acidente, sem less\u00f5es, less\u00e3o leve, les\u00e3o grave;<\/p>\n<p>Os filtros em forma de Segmenta\u00e7\u00e3o de dados:<\/p>\n<p>\u2013Ano, m\u00eas, tipo de colaborador, g\u00eanero, modalidade, turno, nome, setor, tst respons\u00e1vel;<\/p>\n<p>Pir\u00e2mide de Heinrich Acidentes:<\/p>\n<p>\u2013 Quantidade de ocorr\u00eancias, dias sem Ocorr\u00eancias, recorde dias sem acidentes;<\/p>\n<p>\u2013Fatalidade, acidentes s\u00e9rios grave, acidentes leve, incidentes, comportamentos; Todos, acumulado, projetado;<\/p>\n<p>Os filtros em forma de Segmenta\u00e7\u00e3o de dados:<\/p>\n<p>\u2013Ano, m\u00eas, tipo de colaborador, g\u00eanero, modalidade, turno, nome, setor, tst respons\u00e1vel;<\/p>\n<p>Dashboard Acidentes Estat\u00edstico<\/p>\n<p>\u2013Quantidade de acidentes, quantidade de dias perdidos, quantidade horas trabalhadas, taxa de frequ\u00eancia;<\/p>\n<p>Gr\u00e1ficos:<\/p>\n<p>\u2013\u00cdndice relativo de acidentes por m\u00eas, taxa de gravidade por m\u00eas, quantidade por tipo de acidentes, taxa de frequ\u00eancia por m\u00eas;<\/p>\n<p>Os filtros em forma de Segmenta\u00e7\u00e3o de dados:<\/p>\n<p>\u2013Ano, m\u00eas;<\/p>\n<p>Planilha 100% edit\u00e1vel<\/p>\n<p>PR\u00c9-REQUISITOS:<br \/>\nTer qualquer vers\u00e3o do EXCEL instalada no computador.<\/p>\n<p>VANTAGENS:<br \/>\nSimplicidade em usar e c\u00e1lculos precisos.<\/p>\n<p>INFORMA\u00c7\u00d5ES \u00daTEIS:<br \/>\nSuporte p\u00f3s-venda, via e-mail, para esclarecer quaisquer d\u00favidas que possam surgir. Planilha original, comercializada pelo pr\u00f3prio desenvolvedor.<\/p>\n<p>Video explicativo da planilha:<\/p>\n<div class=\"ast-oembed-container \" style=\"height: 100%;\"><iframe title=\"Dashboard em Power BI Controle de Acidentes SST\" width=\"500\" height=\"281\" src=\"https:\/\/www.youtube.com\/embed\/3PP2koozhMU?feature=oembed&#038;enablejsapi=1&#038;origin=https:\/\/pacotedeplanilhas.com\" frameborder=\"0\" allow=\"accelerometer; autoplay; clipboard-write; encrypted-media; gyroscope; picture-in-picture; web-share\" referrerpolicy=\"strict-origin-when-cross-origin\" allowfullscreen><\/iframe><\/div>\n","protected":false},"excerpt":{"rendered":"<p><strong>FA\u00c7A O CONTROLE E ACOMPANHAMENTO DE ACIDENTES E INCIDENTES DA SUA EMPRESA DE MANEIRA SIMPLES E R\u00c1PIDA.<\/strong><\/p>\n","protected":false},"featured_media":6341,"comment_status":"open","ping_status":"closed","template":"","meta":{"site-sidebar-layout":"default","site-content-layout":"default","ast-site-content-layout":"default","site-content-style":"default","site-sidebar-style":"default","ast-global-header-display":"","ast-banner-title-visibility":"","ast-main-header-display":"","ast-hfb-above-header-display":"","ast-hfb-below-header-display":"","ast-hfb-mobile-header-display":"","site-post-title":"","ast-breadcrumbs-content":"","ast-featured-img":"","footer-sml-layout":"","theme-transparent-header-meta":"default","adv-header-id-meta":"","stick-header-meta":"","header-above-stick-meta":"","header-main-stick-meta":"","header-below-stick-meta":"","astra-migrate-meta-layouts":"set","ast-page-background-enabled":"default","ast-page-background-meta":{"desktop":{"background-color":"","background-image":"","background-repeat":"repeat","background-position":"center center","background-size":"auto","background-attachment":"scroll","background-type":"","background-media":"","overlay-type":"","overlay-color":"","overlay-opacity":"","overlay-gradient":""},"tablet":{"background-color":"","background-image":"","background-repeat":"repeat","background-position":"center center","background-size":"auto","background-attachment":"scroll","background-type":"","background-media":"","overlay-type":"","overlay-color":"","overlay-opacity":"","overlay-gradient":""},"mobile":{"background-color":"","background-image":"","background-repeat":"repeat","background-position":"center center","background-size":"auto","background-attachment":"scroll","background-type":"","background-media":"","overlay-type":"","overlay-color":"","overlay-opacity":"","overlay-gradient":""}},"ast-content-background-meta":{"desktop":{"background-color":"var(--ast-global-color-5)","background-image":"","background-repeat":"repeat","background-position":"center center","background-size":"auto","background-attachment":"scroll","background-type":"","background-media":"","overlay-type":"","overlay-color":"","overlay-opacity":"","overlay-gradient":""},"tablet":{"background-color":"var(--ast-global-color-5)","background-image":"","background-repeat":"repeat","background-position":"center center","background-size":"auto","background-attachment":"scroll","background-type":"","background-media":"","overlay-type":"","overlay-color":"","overlay-opacity":"","overlay-gradient":""},"mobile":{"background-color":"var(--ast-global-color-5)","background-image":"","background-repeat":"repeat","background-position":"center center","background-size":"auto","background-attachment":"scroll","background-type":"","background-media":"","overlay-type":"","overlay-color":"","overlay-opacity":"","overlay-gradient":""}}},"product_brand":[],"product_cat":[176,994],"product_tag":[1563,1570,1566,1062,1565,314,315,1564,1528,1572,1562,1529,1568,1569,1574,1730,553,1573,1731],"class_list":{"0":"post-6330","1":"product","2":"type-product","3":"status-publish","4":"has-post-thumbnail","6":"product_cat-power-bi","7":"product_cat-seguranca-do-trabalho","8":"product_tag-acidentes-e-incidentes","9":"product_tag-acidentes-graves-e-fatais","10":"product_tag-acidentes-no-trabalho","11":"product_tag-analise-de-incidentes","12":"product_tag-controle-de-incidentes","13":"product_tag-controle-de-seguranca-do-trabalho","14":"product_tag-dashboard-de-acidentes","15":"product_tag-dashboard-seguranca-do-trabalho","16":"product_tag-gestao-de-seguranca-do-trabalho","17":"product_tag-graficos-de-acidentes","18":"product_tag-piramide-de-bird","19":"product_tag-piramide-de-heinrich","20":"product_tag-piramides-de-acidentes","21":"product_tag-planilha-de-seguranca-do-trabalho","22":"product_tag-planilha-dinamica-acidentes","23":"product_tag-power-bi-sst","24":"product_tag-prevencao-de-acidentes","25":"product_tag-seguranca-do-trabalho-excel","26":"product_tag-sst-dashboard","27":"desktop-align-left","28":"tablet-align-left","29":"mobile-align-left","31":"first","32":"instock","33":"virtual","34":"purchasable","35":"product-type-simple"},"_links":{"self":[{"href":"https:\/\/pacotedeplanilhas.com\/loja\/wp-json\/wp\/v2\/product\/6330","targetHints":{"allow":["GET"]}}],"collection":[{"href":"https:\/\/pacotedeplanilhas.com\/loja\/wp-json\/wp\/v2\/product"}],"about":[{"href":"https:\/\/pacotedeplanilhas.com\/loja\/wp-json\/wp\/v2\/types\/product"}],"replies":[{"embeddable":true,"href":"https:\/\/pacotedeplanilhas.com\/loja\/wp-json\/wp\/v2\/comments?post=6330"}],"version-history":[{"count":5,"href":"https:\/\/pacotedeplanilhas.com\/loja\/wp-json\/wp\/v2\/product\/6330\/revisions"}],"predecessor-version":[{"id":7478,"href":"https:\/\/pacotedeplanilhas.com\/loja\/wp-json\/wp\/v2\/product\/6330\/revisions\/7478"}],"wp:featuredmedia":[{"embeddable":true,"href":"https:\/\/pacotedeplanilhas.com\/loja\/wp-json\/wp\/v2\/media\/6341"}],"wp:attachment":[{"href":"https:\/\/pacotedeplanilhas.com\/loja\/wp-json\/wp\/v2\/media?parent=6330"}],"wp:term":[{"taxonomy":"product_brand","embeddable":true,"href":"https:\/\/pacotedeplanilhas.com\/loja\/wp-json\/wp\/v2\/product_brand?post=6330"},{"taxonomy":"product_cat","embeddable":true,"href":"https:\/\/pacotedeplanilhas.com\/loja\/wp-json\/wp\/v2\/product_cat?post=6330"},{"taxonomy":"product_tag","embeddable":true,"href":"https:\/\/pacotedeplanilhas.com\/loja\/wp-json\/wp\/v2\/product_tag?post=6330"}],"curies":[{"name":"wp","href":"https:\/\/api.w.org\/{rel}","templated":true}]}}