{"id":6375,"date":"2025-02-05T16:20:13","date_gmt":"2025-02-05T19:20:13","guid":{"rendered":"https:\/\/pacotedeplanilhas.com\/loja\/?post_type=product&#038;p=6375"},"modified":"2025-10-23T09:37:33","modified_gmt":"2025-10-23T12:37:33","slug":"dashboard-em-power-bi-controle-de-horas-extras-1-2","status":"publish","type":"product","link":"https:\/\/pacotedeplanilhas.com\/loja\/store\/power-bi\/dashboard-em-power-bi-controle-de-horas-extras-1-2\/","title":{"rendered":"Dashboard em Power BI Controle de Horas Extras 1.2"},"content":{"rendered":"<p>FA\u00c7A O CONTROLE E ACOMPANHAMENTO DE HORAS EXTRAS DA SUA EMPRESA DE MANEIRA SIMPLES E R\u00c1PIDA.<\/p>\n<p>Funcionalidades<\/p>\n<p>Cadatros:<\/p>\n<p>\u2013Empresa ou filial, cargo, departamento, previsto, turno;<\/p>\n<p>Cadastros de funcion\u00e1rios<\/p>\n<p>C\u00e9lulas Manuais em branco:<\/p>\n<p>\u2013Id, matr\u00edcula, data admiss\u00e3o, nome funcion\u00e1rio, cargo, depatarmento, sal\u00e1rio base, carga hor\u00e1ria, periculosidade sim ou n\u00e3o, obs;<\/p>\n<p>C\u00e9lulas em cinza que tem preenchimento autom\u00e1tico<\/p>\n<p>\u2013Valor da hora, 30% periculosidade;<\/p>\n<p>Rlat\u00f3rio Por M\u00eas<\/p>\n<p>C\u00e9lulas Manuais em branco:<\/p>\n<p>\u2013Nome da empresa, nome do funcion\u00e1rio, cargo, departamento, valor dsr, desconto drs, data, data, previsto, turno, entrada 1, sa\u00edda 1, entrada 2, sa\u00edda 2, entrada 3, sa\u00edda 3, total normais, total noturno, faltas sem justificativas, faltas com justificativas, faltas em horas, atraso em horas, extra 50% diruna, extra 100% diruna, extra 50% noturno, extra 100% noturno, justifcativas;<\/p>\n<p>Dashboard 01<\/p>\n<p>Valores totais:<\/p>\n<p>\u2013Gastos total horas extras, horas extras realizadas, horas previstas, horas trabalhadas, horas perdidas;<\/p>\n<p>Gr\u00e1ficos:<\/p>\n<p>\u2013Horas extras realizadas por m\u00eas, horas extras por turno, horas extras realizadas por departamento, horas extras realizadas por cargo, horas extras realizadas por empresa\/filial;<\/p>\n<p>Os filtros em forma de Segmenta\u00e7\u00e3o de dados:<\/p>\n<p>\u2013Ano, m\u00eas, nome do funcion\u00e1rio, empresa\/departamento;<\/p>\n<p>Dashboard 02<\/p>\n<p>Valores totais:<\/p>\n<p>\u2013Gastos total horas extras, horas extras realizadas, horas previstas, horas trabalhadas, horas perdidas;<\/p>\n<p>Gr\u00e1ficos:<\/p>\n<p>\u2013Horas extras 50% diurno realizadas por m\u00eas; horas extras 100% diurno realizadas por m\u00eas, horas extras 50% noturno realizadas por m\u00eas, horas extras 100% noturno realizadas por m\u00eas;<\/p>\n<p>Os filtros em forma de Segmenta\u00e7\u00e3o de dados:<\/p>\n<p>\u2013Ano, m\u00eas, nome do funcion\u00e1rio, empresa\/departamento;<\/p>\n<p>Dashboard Funcion\u00e1rios 03<\/p>\n<p>Valores totais:<\/p>\n<p>\u2013Quantidade funcion\u00e1rios, faltas com justificativas, faltas sem justificativas, atrasos em horas, horas previstas, horas trabalhadas, horas perdidas, periculosidade, adicional noturnoo, sal\u00e1rios, horas extra valor, resultado final;<\/p>\n<p>Gr\u00e1ficos:<\/p>\n<p>\u2013Horas extras realizadas por funcion\u00e1rios, quantidades funcion\u00e1rio por cargo, quantidade de funcion\u00e1rios por departamento;<\/p>\n<p>Os filtros em forma de Segmenta\u00e7\u00e3o de dados:<\/p>\n<p>\u2013Ano, m\u00eas, nome do funcion\u00e1rio, empresa;<\/p>\n<p>Rel\u00e1torio Individual 04<\/p>\n<p>Valores totais:<\/p>\n<p>\u2013Quantidade funcion\u00e1rios, faltas com justificativas, faltas sem justificativas, atrasos em horas, horas previstas, horas trabalhadas, horas perdidas,<\/p>\n<p>Relat\u00f3rio<\/p>\n<p>\u2013Nome do funcion\u00e1rio, cargo, faltas com justificativas, faltas sem justificativas, horas atrasos, sal\u00e1rio,periculosidade, horas extras valor, valor da hora, total;<\/p>\n<p>Os filtros em forma de Segmenta\u00e7\u00e3o de dados:<\/p>\n<p>\u2013Ano, m\u00eas, nome do funcion\u00e1rio, empresa;<\/p>\n<p>Dasboard Financeiro 05<\/p>\n<p>\u2013Gastos total horas extras, resultado final, horas previstas, horas trabalhadas, horas perdidas, periculosidade, adicional noturno, sal\u00e1rios, horas extra valor, dsr valor, dsr desconto, resultado final;<\/p>\n<p>Gr\u00e1ficos:<\/p>\n<p>\u2013Resultado final por m\u00eas, gasto com total de horas extras por m\u00eas;<\/p>\n<p>Os filtros em forma de Segmenta\u00e7\u00e3o de dados:<\/p>\n<p>\u2013\u2013Ano, m\u00eas, nome do funcion\u00e1rio, empresa;<\/p>\n<p>Planilha 100% edit\u00e1vel<\/p>\n<p>PR\u00c9-REQUISITOS:<br \/>\nTer qualquer vers\u00e3o do EXCEL instalada no computador.<\/p>\n<p>VANTAGENS:<br \/>\nSimplicidade em usar e c\u00e1lculos precisos.<\/p>\n<p>INFORMA\u00c7\u00d5ES \u00daTEIS:<br \/>\nSuporte p\u00f3s-venda, via e-mail, para esclarecer quaisquer d\u00favidas que possam surgir. Planilha original, comercializada pelo pr\u00f3prio desenvolvedor.<\/p>\n<p>Video explicativo da planilha:<\/p>\n<div class=\"ast-oembed-container \" style=\"height: 100%;\"><iframe title=\"Dashboard em Power BI Controle de Horas Extras 1.2\" width=\"500\" height=\"281\" src=\"https:\/\/www.youtube.com\/embed\/LNwgK2W2_HA?feature=oembed&#038;enablejsapi=1&#038;origin=https:\/\/pacotedeplanilhas.com\" frameborder=\"0\" allow=\"accelerometer; autoplay; clipboard-write; encrypted-media; gyroscope; picture-in-picture; web-share\" referrerpolicy=\"strict-origin-when-cross-origin\" allowfullscreen><\/iframe><\/div>\n","protected":false},"excerpt":{"rendered":"<p>FA\u00c7A O CONTROLE E ACOMPANHAMENTO DE HORAS EXTRAS DA SUA EMPRESA DE MANEIRA SIMPLES E R\u00c1PIDA.<\/p>\n","protected":false},"featured_media":6377,"comment_status":"open","ping_status":"closed","template":"","meta":{"site-sidebar-layout":"default","site-content-layout":"default","ast-site-content-layout":"default","site-content-style":"default","site-sidebar-style":"default","ast-global-header-display":"","ast-banner-title-visibility":"","ast-main-header-display":"","ast-hfb-above-header-display":"","ast-hfb-below-header-display":"","ast-hfb-mobile-header-display":"","site-post-title":"","ast-breadcrumbs-content":"","ast-featured-img":"","footer-sml-layout":"","theme-transparent-header-meta":"default","adv-header-id-meta":"","stick-header-meta":"","header-above-stick-meta":"","header-main-stick-meta":"","header-below-stick-meta":"","astra-migrate-meta-layouts":"set","ast-page-background-enabled":"default","ast-page-background-meta":{"desktop":{"background-color":"","background-image":"","background-repeat":"repeat","background-position":"center center","background-size":"auto","background-attachment":"scroll","background-type":"","background-media":"","overlay-type":"","overlay-color":"","overlay-opacity":"","overlay-gradient":""},"tablet":{"background-color":"","background-image":"","background-repeat":"repeat","background-position":"center center","background-size":"auto","background-attachment":"scroll","background-type":"","background-media":"","overlay-type":"","overlay-color":"","overlay-opacity":"","overlay-gradient":""},"mobile":{"background-color":"","background-image":"","background-repeat":"repeat","background-position":"center center","background-size":"auto","background-attachment":"scroll","background-type":"","background-media":"","overlay-type":"","overlay-color":"","overlay-opacity":"","overlay-gradient":""}},"ast-content-background-meta":{"desktop":{"background-color":"var(--ast-global-color-5)","background-image":"","background-repeat":"repeat","background-position":"center center","background-size":"auto","background-attachment":"scroll","background-type":"","background-media":"","overlay-type":"","overlay-color":"","overlay-opacity":"","overlay-gradient":""},"tablet":{"background-color":"var(--ast-global-color-5)","background-image":"","background-repeat":"repeat","background-position":"center center","background-size":"auto","background-attachment":"scroll","background-type":"","background-media":"","overlay-type":"","overlay-color":"","overlay-opacity":"","overlay-gradient":""},"mobile":{"background-color":"var(--ast-global-color-5)","background-image":"","background-repeat":"repeat","background-position":"center center","background-size":"auto","background-attachment":"scroll","background-type":"","background-media":"","overlay-type":"","overlay-color":"","overlay-opacity":"","overlay-gradient":""}}},"product_brand":[],"product_cat":[176,990],"product_tag":[554,766,1051,1736,563,1740,1733,1734,1278,1739,556,460,605,195,1738,435,978,1737,1735,1058],"class_list":{"0":"post-6375","1":"product","2":"type-product","3":"status-publish","4":"has-post-thumbnail","6":"product_cat-power-bi","7":"product_cat-recursos-humanos","8":"product_tag-analise-de-dados","9":"product_tag-analise-financeira","10":"product_tag-automacao-de-relatorios","11":"product_tag-bi-para-rh","12":"product_tag-business-intelligence","13":"product_tag-calculo-de-horas","14":"product_tag-controle-de-horas-extras","15":"product_tag-controle-de-jornada","16":"product_tag-dashboard-power-bi","17":"product_tag-gestao-de-pessoal","18":"product_tag-gestao-de-rh","19":"product_tag-gestao-de-tempo","20":"product_tag-gestao-empresarial","21":"product_tag-indicadores-de-rh","22":"product_tag-monitoramento-de-horas-extras","23":"product_tag-power-bi","24":"product_tag-power-bi-para-empresas","25":"product_tag-produtividade-no-trabalho","26":"product_tag-relatorio-de-horas-extras","27":"product_tag-relatorios-dinamicos","28":"desktop-align-left","29":"tablet-align-left","30":"mobile-align-left","32":"first","33":"instock","34":"virtual","35":"purchasable","36":"product-type-simple"},"_links":{"self":[{"href":"https:\/\/pacotedeplanilhas.com\/loja\/wp-json\/wp\/v2\/product\/6375","targetHints":{"allow":["GET"]}}],"collection":[{"href":"https:\/\/pacotedeplanilhas.com\/loja\/wp-json\/wp\/v2\/product"}],"about":[{"href":"https:\/\/pacotedeplanilhas.com\/loja\/wp-json\/wp\/v2\/types\/product"}],"replies":[{"embeddable":true,"href":"https:\/\/pacotedeplanilhas.com\/loja\/wp-json\/wp\/v2\/comments?post=6375"}],"version-history":[{"count":4,"href":"https:\/\/pacotedeplanilhas.com\/loja\/wp-json\/wp\/v2\/product\/6375\/revisions"}],"predecessor-version":[{"id":6389,"href":"https:\/\/pacotedeplanilhas.com\/loja\/wp-json\/wp\/v2\/product\/6375\/revisions\/6389"}],"wp:featuredmedia":[{"embeddable":true,"href":"https:\/\/pacotedeplanilhas.com\/loja\/wp-json\/wp\/v2\/media\/6377"}],"wp:attachment":[{"href":"https:\/\/pacotedeplanilhas.com\/loja\/wp-json\/wp\/v2\/media?parent=6375"}],"wp:term":[{"taxonomy":"product_brand","embeddable":true,"href":"https:\/\/pacotedeplanilhas.com\/loja\/wp-json\/wp\/v2\/product_brand?post=6375"},{"taxonomy":"product_cat","embeddable":true,"href":"https:\/\/pacotedeplanilhas.com\/loja\/wp-json\/wp\/v2\/product_cat?post=6375"},{"taxonomy":"product_tag","embeddable":true,"href":"https:\/\/pacotedeplanilhas.com\/loja\/wp-json\/wp\/v2\/product_tag?post=6375"}],"curies":[{"name":"wp","href":"https:\/\/api.w.org\/{rel}","templated":true}]}}