{"id":6476,"date":"2025-02-24T13:43:57","date_gmt":"2025-02-24T16:43:57","guid":{"rendered":"https:\/\/pacotedeplanilhas.com\/loja\/?post_type=product&#038;p=6476"},"modified":"2025-10-23T09:40:26","modified_gmt":"2025-10-23T12:40:26","slug":"criando-dashboards-profissionais-no-power-bi-gestao-de-compras","status":"publish","type":"product","link":"https:\/\/pacotedeplanilhas.com\/loja\/store\/cursos\/criando-dashboards-profissionais-no-power-bi-gestao-de-compras\/","title":{"rendered":"Criando Dashboards Profissionais no Power BI: Gest\u00e3o de Compras"},"content":{"rendered":"<h2>Criando Dashboards Profissionais no Power BI: Gest\u00e3o de Compras.<\/h2>\n<p>&nbsp;<\/p>\n<p>Quer aprender a criar dashboards profissionais no Power BI de forma r\u00e1pida e objetiva? O curso <strong>Criando Dashboards Profissionais no Power BI: Gest\u00e3o de Compras<\/strong>. \u00e9 a solu\u00e7\u00e3o perfeita para voc\u00ea! Desenvolvido para quem deseja se tornar um expert em visualiza\u00e7\u00e3o de dados e dashboards, este curso \u00e9 focado em ensinar tudo o que voc\u00ea precisa saber para criar dashboards controle de acidentes impressionantes no Power BI, de maneira pr\u00e1tica e direta.<\/p>\n<h3>O que voc\u00ea vai aprender?<\/h3>\n<p>O curso \u00e9 dividido em sete partes, cada um projetado para fornecer conhecimento e habilidades essenciais para criar o projeto no Power BI. Veja o que voc\u00ea aprender\u00e1 em cada m\u00f3dulo:<\/p>\n<p>Parte 1 &#8211; Projeto de compras em Power BI 1.0<br \/>\n&#8211; Introduc\u0327a\u0303o ao projeto de compras no Power BI.<br \/>\n&#8211; Entendimento da base de dados em Excel.<br \/>\n&#8211; Conexa\u0303o do Power BI a\u0300 pasta onde os arquivos esta\u0303o armazenados.<br \/>\n&#8211; Como gerir e atualizar a base de dados automaticamente.<\/p>\n<p>Parte 2 &#8211; Projeto em Power BI Gesta\u0303o de compras &#8211;<\/p>\n<p>&#8211; Modelagem dos dados importados.<br \/>\n&#8211; Criac\u0327a\u0303o das relac\u0327o\u0303es entre tabelas.<br \/>\n&#8211; Primeiras medidas e ca\u0301lculos ba\u0301sicos no DAX.<\/p>\n<p>Parte 3 &#8211; Dashboard Compras no Power BI &#8211; Inserindo Layout no painel<br \/>\n&#8211; Personalizac\u0327a\u0303o da interface do dashboard.<br \/>\n&#8211; Inserc\u0327a\u0303o de temas, imagens e formatac\u0327o\u0303es para melhorar a apresentac\u0327a\u0303o.<br \/>\n&#8211; Configurac\u0327a\u0303o do layout para facilitar a navegac\u0327a\u0303o e a visualizac\u0327a\u0303o dos dados.<\/p>\n<p>Parte 4 &#8211; Projeto de Compras em Power BI &#8211; Criando os gra\u0301ficos<br \/>\n&#8211; Construc\u0327a\u0303o de gra\u0301ficos interativos para ana\u0301lise de compras.<br \/>\n&#8211; Uso de gra\u0301ficos de barras, colunas, linhas e tabelas dina\u0302micas.<br \/>\n&#8211; Aplicac\u0327a\u0303o de segmentac\u0327o\u0303es para permitir filtros dina\u0302micos.<\/p>\n<p>Parte 5 &#8211; Projeto de Power BI de compras &#8211; Criando outro Dashboard<br \/>\n&#8211; Desenvolvimento de um novo dashboard dentro do mesmo projeto.<br \/>\n&#8211; Comparac\u0327a\u0303o de indicadores e me\u0301tricas de compras.<br \/>\n&#8211; Te\u0301cnicas avanc\u0327adas de visualizac\u0327a\u0303o para aprimorar a ana\u0301lise.<\/p>\n<p>Parte 6\u00a0 &#8211; Dashboard em Power BI de compras &#8211; i\u0301cones<\/p>\n<p>&#8211; Uso de i\u0301cones e elementos visuais para tornar o dashboard mais intuitivo.<br \/>\n&#8211; Aplicac\u0327a\u0303o de formatac\u0327a\u0303o condicional e uso de KPI\u2019s visuais.<br \/>\n&#8211; Melhoria na experie\u0302ncia do usua\u0301rio dentro do painel.<\/p>\n<p>Parte 7\u00a0 &#8211; Projeto de Compras no Power BI &#8211; Ranking de Compradores<br \/>\n&#8211; Criac\u0327a\u0303o de um ranking de compradores com base em volume de compras.<br \/>\n&#8211; Utilizac\u0327a\u0303o de medidas DAX para calcular desempenho e participac\u0327a\u0303o de cada comprador.<br \/>\n&#8211; Apresentac\u0327a\u0303o dos melhores compradores em diferentes peri\u0301odos de tempo.<\/p>\n<p>&nbsp;<\/p>\n<p><strong>Por que escolher o Dashboard Express em Power BI?<\/strong><\/p>\n<p><strong>&#8211; Objetividade e Foco:<\/strong> Aulas diretas e pr\u00e1ticas, desenvolvidas para que voc\u00ea aprenda em poucas horas.<br \/>\n<strong>&#8211; Praticidade:<\/strong> Acompanhe o curso no seu ritmo, com exemplos pr\u00e1ticos e arquivos dispon\u00edveis para download.<br \/>\n<strong>&#8211; Acesso por 6 Meses:<\/strong> Aproveite o conte\u00fado do curso com acesso ilimitado por 6 meses, revisando e praticando sempre que necess\u00e1rio.<br \/>\n<strong>&#8211; Suporte Completo:<\/strong> Receba suporte dedicado durante o per\u00edodo do curso, garantindo que todas as suas d\u00favidas sejam respondidas.<\/p>\n<p>Transforme suas habilidades de an\u00e1lise de dados e aprenda a criar dashboards poderosos com o<strong> Curso Criando Dashboards Profissionais no Power BI: Gest\u00e3o de Compras. <\/strong>Inscreva-se agora e domine o Power BI em apenas algumas horas!<\/p>\n","protected":false},"excerpt":{"rendered":"<h2><span style=\"font-size: 12pt;\">Quer aprender a criar dashboards profissionais no Power BI de forma r\u00e1pida e objetiva? O curso <strong>Criando Dashboards Profissionais no Power BI: Gest\u00e3o de Compras<\/strong>\u00a0\u00e9 a solu\u00e7\u00e3o perfeita para voc\u00ea!\u00a0<\/span><\/h2>\n","protected":false},"featured_media":6477,"comment_status":"open","ping_status":"closed","template":"","meta":{"site-sidebar-layout":"default","site-content-layout":"default","ast-site-content-layout":"default","site-content-style":"default","site-sidebar-style":"default","ast-global-header-display":"","ast-banner-title-visibility":"","ast-main-header-display":"","ast-hfb-above-header-display":"","ast-hfb-below-header-display":"","ast-hfb-mobile-header-display":"","site-post-title":"","ast-breadcrumbs-content":"","ast-featured-img":"","footer-sml-layout":"","theme-transparent-header-meta":"default","adv-header-id-meta":"","stick-header-meta":"","header-above-stick-meta":"","header-main-stick-meta":"","header-below-stick-meta":"","astra-migrate-meta-layouts":"set","ast-page-background-enabled":"default","ast-page-background-meta":{"desktop":{"background-color":"","background-image":"","background-repeat":"repeat","background-position":"center center","background-size":"auto","background-attachment":"scroll","background-type":"","background-media":"","overlay-type":"","overlay-color":"","overlay-opacity":"","overlay-gradient":""},"tablet":{"background-color":"","background-image":"","background-repeat":"repeat","background-position":"center center","background-size":"auto","background-attachment":"scroll","background-type":"","background-media":"","overlay-type":"","overlay-color":"","overlay-opacity":"","overlay-gradient":""},"mobile":{"background-color":"","background-image":"","background-repeat":"repeat","background-position":"center center","background-size":"auto","background-attachment":"scroll","background-type":"","background-media":"","overlay-type":"","overlay-color":"","overlay-opacity":"","overlay-gradient":""}},"ast-content-background-meta":{"desktop":{"background-color":"var(--ast-global-color-5)","background-image":"","background-repeat":"repeat","background-position":"center center","background-size":"auto","background-attachment":"scroll","background-type":"","background-media":"","overlay-type":"","overlay-color":"","overlay-opacity":"","overlay-gradient":""},"tablet":{"background-color":"var(--ast-global-color-5)","background-image":"","background-repeat":"repeat","background-position":"center center","background-size":"auto","background-attachment":"scroll","background-type":"","background-media":"","overlay-type":"","overlay-color":"","overlay-opacity":"","overlay-gradient":""},"mobile":{"background-color":"var(--ast-global-color-5)","background-image":"","background-repeat":"repeat","background-position":"center center","background-size":"auto","background-attachment":"scroll","background-type":"","background-media":"","overlay-type":"","overlay-color":"","overlay-opacity":"","overlay-gradient":""}}},"product_brand":[],"product_cat":[339,176],"product_tag":[554,1051,1800,1729,1277,1278,1796,602,1498,1797,1794,1799,435,1793,978,1285,1798,1795,515],"class_list":{"0":"post-6476","1":"product","2":"type-product","3":"status-publish","4":"has-post-thumbnail","6":"product_cat-cursos","7":"product_cat-power-bi","8":"product_tag-analise-de-dados","9":"product_tag-automacao-de-relatorios","10":"product_tag-criando-dashboard-do-zero","11":"product_tag-curso","12":"product_tag-curso-power-bi","13":"product_tag-dashboard-power-bi","14":"product_tag-dax-power-bi","15":"product_tag-gestao-de-compras","16":"product_tag-gestao-de-compras-power-bi","17":"product_tag-graficos-power-bi","18":"product_tag-indicadores-de-compras","19":"product_tag-painel-de-controle-power-bi","20":"product_tag-power-bi","21":"product_tag-power-bi-compras","22":"product_tag-power-bi-para-empresas","23":"product_tag-power-query","24":"product_tag-ranking-de-compradores","25":"product_tag-relatorios-power-bi","26":"product_tag-visualizacao-de-dados","27":"desktop-align-left","28":"tablet-align-left","29":"mobile-align-left","31":"first","32":"instock","33":"virtual","34":"purchasable","35":"product-type-simple"},"_links":{"self":[{"href":"https:\/\/pacotedeplanilhas.com\/loja\/wp-json\/wp\/v2\/product\/6476","targetHints":{"allow":["GET"]}}],"collection":[{"href":"https:\/\/pacotedeplanilhas.com\/loja\/wp-json\/wp\/v2\/product"}],"about":[{"href":"https:\/\/pacotedeplanilhas.com\/loja\/wp-json\/wp\/v2\/types\/product"}],"replies":[{"embeddable":true,"href":"https:\/\/pacotedeplanilhas.com\/loja\/wp-json\/wp\/v2\/comments?post=6476"}],"version-history":[{"count":1,"href":"https:\/\/pacotedeplanilhas.com\/loja\/wp-json\/wp\/v2\/product\/6476\/revisions"}],"predecessor-version":[{"id":6478,"href":"https:\/\/pacotedeplanilhas.com\/loja\/wp-json\/wp\/v2\/product\/6476\/revisions\/6478"}],"wp:featuredmedia":[{"embeddable":true,"href":"https:\/\/pacotedeplanilhas.com\/loja\/wp-json\/wp\/v2\/media\/6477"}],"wp:attachment":[{"href":"https:\/\/pacotedeplanilhas.com\/loja\/wp-json\/wp\/v2\/media?parent=6476"}],"wp:term":[{"taxonomy":"product_brand","embeddable":true,"href":"https:\/\/pacotedeplanilhas.com\/loja\/wp-json\/wp\/v2\/product_brand?post=6476"},{"taxonomy":"product_cat","embeddable":true,"href":"https:\/\/pacotedeplanilhas.com\/loja\/wp-json\/wp\/v2\/product_cat?post=6476"},{"taxonomy":"product_tag","embeddable":true,"href":"https:\/\/pacotedeplanilhas.com\/loja\/wp-json\/wp\/v2\/product_tag?post=6476"}],"curies":[{"name":"wp","href":"https:\/\/api.w.org\/{rel}","templated":true}]}}