{"id":650,"date":"2020-05-14T14:02:23","date_gmt":"2020-05-14T17:02:23","guid":{"rendered":"https:\/\/pacotedeplanilhas.com\/loja\/index.php\/produto\/financas-pessoais\/"},"modified":"2024-07-17T22:08:59","modified_gmt":"2024-07-18T01:08:59","slug":"financas-pessoais","status":"publish","type":"product","link":"https:\/\/pacotedeplanilhas.com\/loja\/store\/financeiro\/financas-pessoais\/","title":{"rendered":"Planilha de Finan\u00e7as pessoais 2.3"},"content":{"rendered":"<p><b>Planilha para organiza\u00e7\u00e3o e controle de receitas e despesas pessoais<\/b><\/p>\n<h4>Conte\u00fado da planilha:<\/h4>\n<ul>\n<li>Planilha de receitas e despesas;<\/li>\n<li>Planejamento de metas;<\/li>\n<li>Dashboard interativo com gr\u00e1ficos e importantes dados sobre finan\u00e7as pessoais;<\/li>\n<li>Como gerir suas finan\u00e7as segundo os ensinamentos do livro Segredo das mentes milion\u00e1rias;<\/li>\n<\/ul>\n<p>&nbsp;<\/p>\n<h3>Ap\u00f3s a compra e processamento de pagamento, a planilha \u00e9 disponibilizada de imediato para download.<\/h3>\n","protected":false},"excerpt":{"rendered":"<p><b>Planilha para organiza\u00e7\u00e3o e controle de receitas e despesas pessoais<\/b><\/p>\n<p>Esta planilha \u00e9 totalmente gratuita e o passo a passo de como utiliza-la encontra-se em v\u00eddeos que s\u00e3o disponibilizados dentro da pr\u00f3pria planilha.<\/p>\n<h4>Conte\u00fado da planilha:<\/h4>\n<ul>\n<li>Planilha de receitas e despesas;<\/li>\n<li>Planejamento de metas;<\/li>\n<li>Dashboard interativo com gr\u00e1ficos e importantes dados sobre finan\u00e7as pessoais;<\/li>\n<li>Como gerir suas finan\u00e7as segundo os ensinamentos do livro <a href=\"https:\/\/educacao.adm.br\/loja\/produto\/os-segredos-da-mente-milionaria\/\">Segredo das mentes milion\u00e1rias<\/a>;<\/li>\n<li>Contato no instagram: @miguelrodriguesadm<\/li>\n<li>Contato por e-mail: contato@educacao.adm.br ou miguelrodrigues@educacao.adm.br<\/li>\n<\/ul>\n<h3>Ap\u00f3s a compra e processamento de pagamento, a planilha \u00e9 disponibilizada de imediato para download.<\/h3>\n<p>&nbsp;<\/p>\n","protected":false},"featured_media":1548,"comment_status":"open","ping_status":"closed","template":"","meta":{"site-sidebar-layout":"default","site-content-layout":"default","ast-site-content-layout":"","site-content-style":"default","site-sidebar-style":"default","ast-global-header-display":"","ast-banner-title-visibility":"","ast-main-header-display":"","ast-hfb-above-header-display":"","ast-hfb-below-header-display":"","ast-hfb-mobile-header-display":"","site-post-title":"","ast-breadcrumbs-content":"","ast-featured-img":"","footer-sml-layout":"","theme-transparent-header-meta":"default","adv-header-id-meta":"","stick-header-meta":"","header-above-stick-meta":"","header-main-stick-meta":"","header-below-stick-meta":"","astra-migrate-meta-layouts":"default","ast-page-background-enabled":"default","ast-page-background-meta":{"desktop":{"background-color":"","background-image":"","background-repeat":"repeat","background-position":"center center","background-size":"auto","background-attachment":"scroll","background-type":"","background-media":"","overlay-type":"","overlay-color":"","overlay-opacity":"","overlay-gradient":""},"tablet":{"background-color":"","background-image":"","background-repeat":"repeat","background-position":"center center","background-size":"auto","background-attachment":"scroll","background-type":"","background-media":"","overlay-type":"","overlay-color":"","overlay-opacity":"","overlay-gradient":""},"mobile":{"background-color":"","background-image":"","background-repeat":"repeat","background-position":"center center","background-size":"auto","background-attachment":"scroll","background-type":"","background-media":"","overlay-type":"","overlay-color":"","overlay-opacity":"","overlay-gradient":""}},"ast-content-background-meta":{"desktop":{"background-color":"var(--ast-global-color-5)","background-image":"","background-repeat":"repeat","background-position":"center center","background-size":"auto","background-attachment":"scroll","background-type":"","background-media":"","overlay-type":"","overlay-color":"","overlay-opacity":"","overlay-gradient":""},"tablet":{"background-color":"var(--ast-global-color-5)","background-image":"","background-repeat":"repeat","background-position":"center center","background-size":"auto","background-attachment":"scroll","background-type":"","background-media":"","overlay-type":"","overlay-color":"","overlay-opacity":"","overlay-gradient":""},"mobile":{"background-color":"var(--ast-global-color-5)","background-image":"","background-repeat":"repeat","background-position":"center center","background-size":"auto","background-attachment":"scroll","background-type":"","background-media":"","overlay-type":"","overlay-color":"","overlay-opacity":"","overlay-gradient":""}}},"product_brand":[],"product_cat":[991,120],"product_tag":[147,148,149,150,151,152,153,154,155,156,157,158,159,160,161,162,163,164,165,132,133,166,167,168,169,170],"class_list":{"0":"post-650","1":"product","2":"type-product","3":"status-publish","4":"has-post-thumbnail","6":"product_cat-financeiro","7":"product_cat-planilhas-em-excel","8":"product_tag-administracao","9":"product_tag-business","10":"product_tag-coach","11":"product_tag-design","12":"product_tag-divulgacao","13":"product_tag-empreendedor","14":"product_tag-empreendedorismo","15":"product_tag-estrategias","16":"product_tag-financas","17":"product_tag-financas-pessoais","18":"product_tag-livro","19":"product_tag-marketing","20":"product_tag-marketingdigital","21":"product_tag-marketingmultinivel","22":"product_tag-marketingonline","23":"product_tag-mkt","24":"product_tag-mktdigital","25":"product_tag-negocios","26":"product_tag-planilha-gratis","27":"product_tag-planilhas","28":"product_tag-planilhas-financeiras","29":"product_tag-propaganda","30":"product_tag-publicidade","31":"product_tag-sucesso-empreender","32":"product_tag-vendas","33":"product_tag-vendasonline","34":"desktop-align-left","35":"tablet-align-left","36":"mobile-align-left","38":"first","39":"instock","40":"downloadable","41":"virtual","42":"purchasable","43":"product-type-simple"},"_links":{"self":[{"href":"https:\/\/pacotedeplanilhas.com\/loja\/wp-json\/wp\/v2\/product\/650","targetHints":{"allow":["GET"]}}],"collection":[{"href":"https:\/\/pacotedeplanilhas.com\/loja\/wp-json\/wp\/v2\/product"}],"about":[{"href":"https:\/\/pacotedeplanilhas.com\/loja\/wp-json\/wp\/v2\/types\/product"}],"replies":[{"embeddable":true,"href":"https:\/\/pacotedeplanilhas.com\/loja\/wp-json\/wp\/v2\/comments?post=650"}],"version-history":[{"count":1,"href":"https:\/\/pacotedeplanilhas.com\/loja\/wp-json\/wp\/v2\/product\/650\/revisions"}],"predecessor-version":[{"id":3681,"href":"https:\/\/pacotedeplanilhas.com\/loja\/wp-json\/wp\/v2\/product\/650\/revisions\/3681"}],"wp:featuredmedia":[{"embeddable":true,"href":"https:\/\/pacotedeplanilhas.com\/loja\/wp-json\/wp\/v2\/media\/1548"}],"wp:attachment":[{"href":"https:\/\/pacotedeplanilhas.com\/loja\/wp-json\/wp\/v2\/media?parent=650"}],"wp:term":[{"taxonomy":"product_brand","embeddable":true,"href":"https:\/\/pacotedeplanilhas.com\/loja\/wp-json\/wp\/v2\/product_brand?post=650"},{"taxonomy":"product_cat","embeddable":true,"href":"https:\/\/pacotedeplanilhas.com\/loja\/wp-json\/wp\/v2\/product_cat?post=650"},{"taxonomy":"product_tag","embeddable":true,"href":"https:\/\/pacotedeplanilhas.com\/loja\/wp-json\/wp\/v2\/product_tag?post=650"}],"curies":[{"name":"wp","href":"https:\/\/api.w.org\/{rel}","templated":true}]}}