{"id":6521,"date":"2025-03-05T13:59:50","date_gmt":"2025-03-05T16:59:50","guid":{"rendered":"https:\/\/pacotedeplanilhas.com\/loja\/?post_type=product&#038;p=6521"},"modified":"2025-10-23T09:42:52","modified_gmt":"2025-10-23T12:42:52","slug":"controle-de-beneficios-1-2-em-power-bi","status":"publish","type":"product","link":"https:\/\/pacotedeplanilhas.com\/loja\/store\/power-bi\/controle-de-beneficios-1-2-em-power-bi\/","title":{"rendered":"Controle de Benef\u00edcios 1.2 em Power BI"},"content":{"rendered":"<p>FA\u00c7A O CONTROLE E ACOMPANHAMENTO DE GEST\u00c3O DE BENEF\u00cdCIOS DA SUA EMPRESA DE MANEIRA SIMPLES E R\u00c1PIDA.<\/p>\n<p>Funcionalidades<\/p>\n<p>Cadastros:<\/p>\n<p>\u2013Plano de sa\u00fade, funcion\u00e1rio, status, empresa, setor;<\/p>\n<p>Lan\u00e7amentos:<\/p>\n<p>C\u00e9lulas manuais em branco<\/p>\n<p>\u2013Data, funcion\u00e1rio, empresa, setor, vale alimenta\u00e7\u00e3o &#8211; (dias \u00fateis, aus\u00eancias, valor refei\u00e7\u00e3o, % de desconto em folha),\u00a0 Vale tranporte &#8211; (optante, valor passagem, quantidade passagens, aus\u00eancias passagens) Plano de sa\u00fade &#8211; (plano de sa\u00fade, valor plano de sa\u00fade. Plano odontologico &#8211; (plano odontologico, valor plano odontologico). Outros benef\u00edcios &#8211; (outros benef\u00edcios, valor outros benef\u00edcios). observa\u00e7\u00f5es.<\/p>\n<p><em>C\u00e9lulas em cinza que tem preenchimento autom\u00e1tico<\/em><\/p>\n<p>\u2013Valor vale alimenta\u00e7\u00e3o, desconto folha vale alimenta\u00e7\u00e3o, valor vale tranporte, valor total;<\/p>\n<p>01 &#8211; Dashboard Benef\u00edcios Geral<\/p>\n<p>Valores totais:<\/p>\n<p>\u2013Valores totais, vale alimenta\u00e7\u00e3o, vale tranposte, plano de sa\u00fade, plano odontol\u00f3gico, outros benef\u00edcios, dias \u00fateis, dias aus\u00eancias;<\/p>\n<p>Gr\u00e1ficos:<\/p>\n<p>\u2013Valor total mensal, valor total por empresa, aus\u00eancias mensais, valor total por setor;<\/p>\n<p>Os filtros em forma de Segmenta\u00e7\u00e3o de dados:<\/p>\n<p>\u2013Ano, m\u00eas, empresa, setor, funcion\u00e1rio;<\/p>\n<p>02 &#8211; Dashboard Relat\u00f3rios:<\/p>\n<p>\u2013M\u00eas, vale alimenta\u00e7\u00e3o, vale transporte, valor plano de sa\u00fade, valor plano odontologico, outros benef\u00edcios, valor total;<\/p>\n<p>Valores totais:<\/p>\n<p>Valores totais, valor vale tranporte, valor vale alimenta\u00e7\u00e3o, valor plano de sa\u00fade, valor plano odontologico, valor outros benef\u00edcios, dias \u00fateis, dias ausentes;<\/p>\n<p>Os filtros em forma de Segmenta\u00e7\u00e3o de dados:<\/p>\n<p>\u2013Ano, m\u00eas, empresa, setor, funcion\u00e1rio;<\/p>\n<p>03 &#8211; Dahsboard Vale Alimenta\u00e7\u00e3o<\/p>\n<p>Valores totais:<\/p>\n<p>Valores totais, valor vale tranporte, valor vale alimenta\u00e7\u00e3o, valor plano de sa\u00fade, valor plano odontologico, valor outros benef\u00edcios, dias \u00fateis, dias ausentes;<\/p>\n<p>Gr\u00e1ficos:<\/p>\n<p>\u2013Valor vale alimenta\u00e7\u00e3o mensal, valor vale alementa\u00e7\u00e3o por empresa, aus\u00eancias mensais, valor vale alimenta\u00e7\u00e3o por setor;<\/p>\n<p>Os filtros em forma de Segmenta\u00e7\u00e3o de dados:<\/p>\n<p>\u2013Ano, m\u00eas, empresa, setor, funcion\u00e1rio;<\/p>\n<p>04 &#8211; Dashboard Vale Transporte<\/p>\n<p>Valores totais:<\/p>\n<p>Valores totais, valor vale tranporte, valor vale alimenta\u00e7\u00e3o, valor plano de sa\u00fade, valor plano odontologico, valor outros benef\u00edcios, dias \u00fateis, dias ausentes;<\/p>\n<p>Gr\u00e1ficos:<\/p>\n<p>\u2013Valor vale tranporte mensal, valor vale tranporte por empresa, valor m\u00e9dio das passagens por m\u00eas, valor vale transporte por setor;<\/p>\n<p>Os filtros em forma de Segmenta\u00e7\u00e3o de dados:<\/p>\n<p>\u2013Ano, m\u00eas, empresa, setor, funcion\u00e1rio;<\/p>\n<p>05 &#8211; dashboard Plano De Sa\u00fade<\/p>\n<p>Valores totais:<\/p>\n<p>Valores totais, valor vale tranporte, valor vale alimenta\u00e7\u00e3o, valor plano de sa\u00fade, valor plano odontologico, valor outros benef\u00edcios, dias \u00fateis, dias ausentes;<\/p>\n<p>Gr\u00e1ficos:<\/p>\n<p>\u2013Valor do plano de sa\u00fade mensal, valor plano de sa\u00fade por empresa, plano de sa\u00fade com maiores gastos, valor plano de sa\u00fade por setor;<\/p>\n<p>Os filtros em forma de Segmenta\u00e7\u00e3o de dados:<\/p>\n<p>\u2013Ano, m\u00eas, empresa, setor, funcion\u00e1rio;<\/p>\n<p>06 &#8211; Dashboard Plano Odontologico<\/p>\n<p>Valores totais:<\/p>\n<p>Valores totais, valor vale tranporte, valor vale alimenta\u00e7\u00e3o, valor plano de sa\u00fade, valor plano odontologico, valor outros benef\u00edcios, dias \u00fateis, dias ausentes;<\/p>\n<p>Gr\u00e1ficos:<\/p>\n<p>\u2013Plano odontologico por m\u00eas, plano odontologico por empresa, funcion\u00e1rios aderiram ao plano odonto. por m\u00eas, valor plano odontologico por setor;<\/p>\n<p>Os filtros em forma de Segmenta\u00e7\u00e3o de dados:<\/p>\n<p>\u2013Ano, m\u00eas, empresa, funcion\u00e1rio, gestor;<\/p>\n<p>07 &#8211; Dashboard Outros Benef\u00edcios<\/p>\n<p>Valores totais:<\/p>\n<p>Valores totais, valor vale tranporte, valor vale alimenta\u00e7\u00e3o, valor plano de sa\u00fade, valor plano odontologico, valor outros benef\u00edcios, dias \u00fateis, dias ausentes;<\/p>\n<p>Gr\u00e1ficos:<\/p>\n<p>\u2013Valor outros benef\u00edcios mensal, valor outros benef\u00edcios por empresa, gastos com outros benef\u00edcios, valor outros benef\u00edcios por setor;<\/p>\n<p>Os filtros em forma de Segmenta\u00e7\u00e3o de dados:<\/p>\n<p>\u2013Ano, m\u00eas, empresa, funcion\u00e1rio, gestor;<\/p>\n<p>Planilha 100% edit\u00e1vel<\/p>\n<p>PR\u00c9-REQUISITOS:<br \/>\nTer qualquer vers\u00e3o do EXCEL e POWER BI instalada no computador.<\/p>\n<p>VANTAGENS:<br \/>\nSimplicidade em usar e c\u00e1lculos precisos.<\/p>\n<p>INFORMA\u00c7\u00d5ES \u00daTEIS:<br \/>\nSuporte p\u00f3s-venda, via e-mail, para esclarecer quaisquer d\u00favidas que possam surgir. Planilha original, comercializada pelo pr\u00f3prio desenvolvedor.<\/p>\n<p>Video explicativo da planilha:<\/p>\n<div class=\"ast-oembed-container \" style=\"height: 100%;\"><iframe title=\"Controle de Benef\u00edcios 1.2 em Power BI\" width=\"500\" height=\"281\" src=\"https:\/\/www.youtube.com\/embed\/A3RKvmAb73A?feature=oembed&#038;enablejsapi=1&#038;origin=https:\/\/pacotedeplanilhas.com\" frameborder=\"0\" allow=\"accelerometer; autoplay; clipboard-write; encrypted-media; gyroscope; picture-in-picture; web-share\" referrerpolicy=\"strict-origin-when-cross-origin\" allowfullscreen><\/iframe><\/div>\n","protected":false},"excerpt":{"rendered":"<p>FA\u00c7A O CONTROLE E ACOMPANHAMENTO DE GEST\u00c3O DE BENEF\u00cdCIOS DA SUA EMPRESA DE MANEIRA SIMPLES E R\u00c1PIDA.<\/p>\n","protected":false},"featured_media":6522,"comment_status":"open","ping_status":"closed","template":"","meta":{"site-sidebar-layout":"default","site-content-layout":"default","ast-site-content-layout":"default","site-content-style":"default","site-sidebar-style":"default","ast-global-header-display":"","ast-banner-title-visibility":"","ast-main-header-display":"","ast-hfb-above-header-display":"","ast-hfb-below-header-display":"","ast-hfb-mobile-header-display":"","site-post-title":"","ast-breadcrumbs-content":"","ast-featured-img":"","footer-sml-layout":"","theme-transparent-header-meta":"default","adv-header-id-meta":"","stick-header-meta":"","header-above-stick-meta":"","header-main-stick-meta":"","header-below-stick-meta":"","astra-migrate-meta-layouts":"set","ast-page-background-enabled":"default","ast-page-background-meta":{"desktop":{"background-color":"","background-image":"","background-repeat":"repeat","background-position":"center center","background-size":"auto","background-attachment":"scroll","background-type":"","background-media":"","overlay-type":"","overlay-color":"","overlay-opacity":"","overlay-gradient":""},"tablet":{"background-color":"","background-image":"","background-repeat":"repeat","background-position":"center center","background-size":"auto","background-attachment":"scroll","background-type":"","background-media":"","overlay-type":"","overlay-color":"","overlay-opacity":"","overlay-gradient":""},"mobile":{"background-color":"","background-image":"","background-repeat":"repeat","background-position":"center center","background-size":"auto","background-attachment":"scroll","background-type":"","background-media":"","overlay-type":"","overlay-color":"","overlay-opacity":"","overlay-gradient":""}},"ast-content-background-meta":{"desktop":{"background-color":"var(--ast-global-color-5)","background-image":"","background-repeat":"repeat","background-position":"center center","background-size":"auto","background-attachment":"scroll","background-type":"","background-media":"","overlay-type":"","overlay-color":"","overlay-opacity":"","overlay-gradient":""},"tablet":{"background-color":"var(--ast-global-color-5)","background-image":"","background-repeat":"repeat","background-position":"center center","background-size":"auto","background-attachment":"scroll","background-type":"","background-media":"","overlay-type":"","overlay-color":"","overlay-opacity":"","overlay-gradient":""},"mobile":{"background-color":"var(--ast-global-color-5)","background-image":"","background-repeat":"repeat","background-position":"center center","background-size":"auto","background-attachment":"scroll","background-type":"","background-media":"","overlay-type":"","overlay-color":"","overlay-opacity":"","overlay-gradient":""}}},"product_brand":[],"product_cat":[176,990],"product_tag":[1831,620,1822,1792,563,1821,1196,1826,193,1796,1823,1833,1820,1827,1828,1197,1830,1322,1784,1722,1824,1785,1818,1819,435,1779,1813,1825,1783,1829,1808,1786,1816,1817,1832,515],"class_list":{"0":"post-6521","1":"product","2":"type-product","3":"status-publish","4":"has-post-thumbnail","6":"product_cat-power-bi","7":"product_cat-recursos-humanos","8":"product_tag-alertas-de-gastos","9":"product_tag-analise-de-custos","10":"product_tag-ausencias-no-trabalho","11":"product_tag-beneficios-corporativos","12":"product_tag-business-intelligence","13":"product_tag-compliance-rh","14":"product_tag-controle-de-beneficios","15":"product_tag-custos-por-setor","16":"product_tag-dashboard-rh","17":"product_tag-dax-power-bi","18":"product_tag-descontos-em-folha","19":"product_tag-distribuicao-de-custos","20":"product_tag-filtros-dinamicos","21":"product_tag-gastos-com-saude","22":"product_tag-gastos-com-transporte","23":"product_tag-gestao-de-beneficios","24":"product_tag-gestao-de-departamentos","25":"product_tag-gestao-de-pessoas","26":"product_tag-insights-de-dados","27":"product_tag-modelagem-de-dados","28":"product_tag-monitoramento-de-beneficios","29":"product_tag-painel-interativo","30":"product_tag-plano-de-saude","31":"product_tag-plano-odontologico","32":"product_tag-power-bi","33":"product_tag-power-bi-para-rh","34":"product_tag-reducao-de-custos","35":"product_tag-relatorios-de-beneficios","36":"product_tag-rh-data-driven","37":"product_tag-rh-moderno","38":"product_tag-tabela-dinamica","39":"product_tag-transformacao-digital","40":"product_tag-vale-alimentacao","41":"product_tag-vale-transporte","42":"product_tag-valor-total-de-beneficios","43":"product_tag-visualizacao-de-dados","44":"desktop-align-left","45":"tablet-align-left","46":"mobile-align-left","48":"first","49":"instock","50":"virtual","51":"purchasable","52":"product-type-simple"},"_links":{"self":[{"href":"https:\/\/pacotedeplanilhas.com\/loja\/wp-json\/wp\/v2\/product\/6521","targetHints":{"allow":["GET"]}}],"collection":[{"href":"https:\/\/pacotedeplanilhas.com\/loja\/wp-json\/wp\/v2\/product"}],"about":[{"href":"https:\/\/pacotedeplanilhas.com\/loja\/wp-json\/wp\/v2\/types\/product"}],"replies":[{"embeddable":true,"href":"https:\/\/pacotedeplanilhas.com\/loja\/wp-json\/wp\/v2\/comments?post=6521"}],"version-history":[{"count":3,"href":"https:\/\/pacotedeplanilhas.com\/loja\/wp-json\/wp\/v2\/product\/6521\/revisions"}],"predecessor-version":[{"id":6534,"href":"https:\/\/pacotedeplanilhas.com\/loja\/wp-json\/wp\/v2\/product\/6521\/revisions\/6534"}],"wp:featuredmedia":[{"embeddable":true,"href":"https:\/\/pacotedeplanilhas.com\/loja\/wp-json\/wp\/v2\/media\/6522"}],"wp:attachment":[{"href":"https:\/\/pacotedeplanilhas.com\/loja\/wp-json\/wp\/v2\/media?parent=6521"}],"wp:term":[{"taxonomy":"product_brand","embeddable":true,"href":"https:\/\/pacotedeplanilhas.com\/loja\/wp-json\/wp\/v2\/product_brand?post=6521"},{"taxonomy":"product_cat","embeddable":true,"href":"https:\/\/pacotedeplanilhas.com\/loja\/wp-json\/wp\/v2\/product_cat?post=6521"},{"taxonomy":"product_tag","embeddable":true,"href":"https:\/\/pacotedeplanilhas.com\/loja\/wp-json\/wp\/v2\/product_tag?post=6521"}],"curies":[{"name":"wp","href":"https:\/\/api.w.org\/{rel}","templated":true}]}}