{"id":6578,"date":"2025-03-24T11:37:27","date_gmt":"2025-03-24T14:37:27","guid":{"rendered":"https:\/\/pacotedeplanilhas.com\/loja\/?post_type=product&#038;p=6578"},"modified":"2025-10-23T10:19:26","modified_gmt":"2025-10-23T13:19:26","slug":"dashboard-portfolio-de-projetos-com-tarefas-em-power-bi-2-2","status":"publish","type":"product","link":"https:\/\/pacotedeplanilhas.com\/loja\/store\/gerenciamento-de-projetos\/dashboard-portfolio-de-projetos-com-tarefas-em-power-bi-2-2\/","title":{"rendered":"Dashboard portfolio de projetos com tarefas em Power BI 2.2"},"content":{"rendered":"<p>FA\u00c7A O CONTROLE E ACOMPANHAMENTO DE PORTIF\u00d3LIO DE PROJETOS DA SUA EMPRESA DE MANEIRA SIMPLES E R\u00c1PIDA.<\/p>\n<p>Funcionalidades<\/p>\n<p>Cadastro:<\/p>\n<p>\u2013Respons\u00e1vel tarefas, respons\u00e1vel projeto, \u00e1rea, status tarefa, status do projeto, prioridade da tarefa, fase do projeto;<\/p>\n<p>Lan\u00e7amentos Projetos<\/p>\n<p>C\u00e9lulas manuais em branco:<\/p>\n<p>\u2013Id do projeto, nome do projeto, in\u00edcio, t\u00e9rmino planejado, t\u00e9rmino, \u00e1rea, respons\u00e1vel projeto, status projeto, custo real, horas de trabalho, horas t. pranejadas, custo planejado;<\/p>\n<p>C\u00e9lulas em cinza que possuem preenchimento autom\u00e1tico:<\/p>\n<p>\u2013Percental de conclus\u00e3o, percentual atraso, dura\u00e7\u00e3o real, dura\u00e7\u00e3o planejada;<\/p>\n<p>Lan\u00e7amentos Tarefa<\/p>\n<p>C\u00e9lulas manuais em branco:<\/p>\n<p>\u2013Edt, nome tarefa, respons\u00e1vel, id projeto, custo real, prioridade, fase do projeto, in\u00edcio, t\u00e9rmino planejado, t\u00e9rmino, status da tarefa, horas de trabalho, horas t. planejadas, custo planejado;<\/p>\n<p>C\u00e9lulas em cinza que possuem preenchimento autom\u00e1tico:<\/p>\n<p>\u2013Projeto, percentual de conclus\u00e3o, percentual atraso, dura\u00e7\u00e3o real, dura\u00e7\u00e3o planejada;<\/p>\n<p>Dashboard Projetos<\/p>\n<p>Valores totais:<\/p>\n<p>\u2013Quantidade de projetos, custo real, custo planejado, dias trabalhados planejado, dias trabalhados realizado;<\/p>\n<p>Gr\u00e1ficos:<\/p>\n<p>\u2013Horas planejadas x horas realizadas, custo real x custo planejado por m\u00eas, quantidade de projetos por \u00e1rea;<\/p>\n<p>Tabela Din\u00e2mica: nome do projeto, in\u00edcio, t\u00e9rmino, dias t planejados, dias t realizados, custo planejados, custo real, % de conclus\u00e3o, % de atraso;<\/p>\n<p>Filtros em forma de segmenta\u00e7\u00e3o de dados<\/p>\n<p>\u2013Ano, m\u00eas, projeto, \u00e1rea, respons\u00e1vel;<\/p>\n<p>Dashboard Tarefas<\/p>\n<p>Valores totais:<\/p>\n<p>\u2013Quantidade de tarefas, custo real, custo planejado, dura\u00e7\u00e3o real, dura\u00e7\u00e3o planejada, horas realizadas(hh:mm:ss), horas planejadas(hh:mm:ss);<\/p>\n<p>Gr\u00e1ficos:<\/p>\n<p>\u2013Detalhamento do projeto: ilumina\u00e7\u00e3o do p\u00e1tio, curva S por m\u00eas, stattus por tarefa, quantidade de tarefas por fase do projeto, tarefas,<\/p>\n<p>Dashboard Gantt &#8211; Tarefas<\/p>\n<p>\u2013Filtros: nome projeto, nome da tarefa;<\/p>\n<p>Tabela: edt, nome tarefa, respons\u00e1vel, status da tarefa;<\/p>\n<p><span style=\"font-size: 16px;\">Planilha 100% edit\u00e1vel<\/span><\/p>\n<p>PR\u00c9-REQUISITOS:<br \/>\nTer qualquer vers\u00e3o do EXCEL e POWER BI instalada no computador.<\/p>\n<p>VANTAGENS:<br \/>\nSimplicidade em usar e c\u00e1lculos precisos.<\/p>\n<p>INFORMA\u00c7\u00d5ES \u00daTEIS:<br \/>\nSuporte p\u00f3s-venda, via e-mail, para esclarecer quaisquer d\u00favidas que possam surgir. Planilha original, comercializada pelo pr\u00f3prio desenvolvedor.<\/p>\n<p>Video explicativo da planilha:<\/p>\n<div class=\"ast-oembed-container \" style=\"height: 100%;\"><iframe title=\"Dashboard portfolio de projetos com tarefas em Power BI 2.2\" width=\"500\" height=\"281\" src=\"https:\/\/www.youtube.com\/embed\/-A6E3w6pbfk?feature=oembed&#038;enablejsapi=1&#038;origin=https:\/\/pacotedeplanilhas.com\" frameborder=\"0\" allow=\"accelerometer; autoplay; clipboard-write; encrypted-media; gyroscope; picture-in-picture; web-share\" referrerpolicy=\"strict-origin-when-cross-origin\" allowfullscreen><\/iframe><\/div>\n","protected":false},"excerpt":{"rendered":"<p>FA\u00c7A O CONTROLE E ACOMPANHAMENTO DE PORTIF\u00d3LIO DE PROJETOS DA SUA EMPRESA DE MANEIRA SIMPLES E R\u00c1PIDA.<\/p>\n","protected":false},"featured_media":6580,"comment_status":"open","ping_status":"closed","template":"","meta":{"site-sidebar-layout":"default","site-content-layout":"default","ast-site-content-layout":"default","site-content-style":"default","site-sidebar-style":"default","ast-global-header-display":"","ast-banner-title-visibility":"","ast-main-header-display":"","ast-hfb-above-header-display":"","ast-hfb-below-header-display":"","ast-hfb-mobile-header-display":"","site-post-title":"","ast-breadcrumbs-content":"","ast-featured-img":"","footer-sml-layout":"","theme-transparent-header-meta":"default","adv-header-id-meta":"","stick-header-meta":"","header-above-stick-meta":"","header-main-stick-meta":"","header-below-stick-meta":"","astra-migrate-meta-layouts":"set","ast-page-background-enabled":"default","ast-page-background-meta":{"desktop":{"background-color":"","background-image":"","background-repeat":"repeat","background-position":"center center","background-size":"auto","background-attachment":"scroll","background-type":"","background-media":"","overlay-type":"","overlay-color":"","overlay-opacity":"","overlay-gradient":""},"tablet":{"background-color":"","background-image":"","background-repeat":"repeat","background-position":"center center","background-size":"auto","background-attachment":"scroll","background-type":"","background-media":"","overlay-type":"","overlay-color":"","overlay-opacity":"","overlay-gradient":""},"mobile":{"background-color":"","background-image":"","background-repeat":"repeat","background-position":"center center","background-size":"auto","background-attachment":"scroll","background-type":"","background-media":"","overlay-type":"","overlay-color":"","overlay-opacity":"","overlay-gradient":""}},"ast-content-background-meta":{"desktop":{"background-color":"var(--ast-global-color-5)","background-image":"","background-repeat":"repeat","background-position":"center center","background-size":"auto","background-attachment":"scroll","background-type":"","background-media":"","overlay-type":"","overlay-color":"","overlay-opacity":"","overlay-gradient":""},"tablet":{"background-color":"var(--ast-global-color-5)","background-image":"","background-repeat":"repeat","background-position":"center center","background-size":"auto","background-attachment":"scroll","background-type":"","background-media":"","overlay-type":"","overlay-color":"","overlay-opacity":"","overlay-gradient":""},"mobile":{"background-color":"var(--ast-global-color-5)","background-image":"","background-repeat":"repeat","background-position":"center center","background-size":"auto","background-attachment":"scroll","background-type":"","background-media":"","overlay-type":"","overlay-color":"","overlay-opacity":"","overlay-gradient":""}}},"product_brand":[],"product_cat":[996,176],"product_tag":[1841,874,1853,1842,1843,1849,822,1852,1796,1845,514,1848,823,258,1854,1752,827,1844,791,835,435,1855,1847,1813,1850,1851,1081,515],"class_list":{"0":"post-6578","1":"product","2":"type-product","3":"status-publish","4":"has-post-thumbnail","6":"product_cat-gerenciamento-de-projetos","7":"product_cat-power-bi","8":"product_tag-acompanhamento-de-tarefas","9":"product_tag-controle-de-projetos","10":"product_tag-cronograma-de-tarefas","11":"product_tag-curva-s","12":"product_tag-custo-real-vs-planejado","13":"product_tag-custos-de-projetos","14":"product_tag-dashboard-de-projetos","15":"product_tag-dashboard-gantt","16":"product_tag-dax-power-bi","17":"product_tag-duracao-de-projetos","18":"product_tag-eficiencia-operacional","19":"product_tag-fases-de-projetos","20":"product_tag-gestao-de-portfolio","21":"product_tag-gestao-de-projetos","22":"product_tag-gestao-visual","23":"product_tag-horas-trabalhadas","24":"product_tag-monitoramento-de-projetos","25":"product_tag-percentual-de-conclusao","26":"product_tag-planejamento-de-projetos","27":"product_tag-planejamento-estrategico","28":"product_tag-power-bi","29":"product_tag-power-bi-para-projetos","30":"product_tag-priorizacao-de-tarefas","31":"product_tag-reducao-de-custos","32":"product_tag-relatorios-de-projetos","33":"product_tag-solucoes-corporativas","34":"product_tag-status-de-projetos","35":"product_tag-visualizacao-de-dados","36":"desktop-align-left","37":"tablet-align-left","38":"mobile-align-left","40":"first","41":"instock","42":"virtual","43":"purchasable","44":"product-type-simple"},"_links":{"self":[{"href":"https:\/\/pacotedeplanilhas.com\/loja\/wp-json\/wp\/v2\/product\/6578","targetHints":{"allow":["GET"]}}],"collection":[{"href":"https:\/\/pacotedeplanilhas.com\/loja\/wp-json\/wp\/v2\/product"}],"about":[{"href":"https:\/\/pacotedeplanilhas.com\/loja\/wp-json\/wp\/v2\/types\/product"}],"replies":[{"embeddable":true,"href":"https:\/\/pacotedeplanilhas.com\/loja\/wp-json\/wp\/v2\/comments?post=6578"}],"version-history":[{"count":4,"href":"https:\/\/pacotedeplanilhas.com\/loja\/wp-json\/wp\/v2\/product\/6578\/revisions"}],"predecessor-version":[{"id":6590,"href":"https:\/\/pacotedeplanilhas.com\/loja\/wp-json\/wp\/v2\/product\/6578\/revisions\/6590"}],"wp:featuredmedia":[{"embeddable":true,"href":"https:\/\/pacotedeplanilhas.com\/loja\/wp-json\/wp\/v2\/media\/6580"}],"wp:attachment":[{"href":"https:\/\/pacotedeplanilhas.com\/loja\/wp-json\/wp\/v2\/media?parent=6578"}],"wp:term":[{"taxonomy":"product_brand","embeddable":true,"href":"https:\/\/pacotedeplanilhas.com\/loja\/wp-json\/wp\/v2\/product_brand?post=6578"},{"taxonomy":"product_cat","embeddable":true,"href":"https:\/\/pacotedeplanilhas.com\/loja\/wp-json\/wp\/v2\/product_cat?post=6578"},{"taxonomy":"product_tag","embeddable":true,"href":"https:\/\/pacotedeplanilhas.com\/loja\/wp-json\/wp\/v2\/product_tag?post=6578"}],"curies":[{"name":"wp","href":"https:\/\/api.w.org\/{rel}","templated":true}]}}