{"id":6591,"date":"2025-03-24T13:10:39","date_gmt":"2025-03-24T16:10:39","guid":{"rendered":"https:\/\/pacotedeplanilhas.com\/loja\/?post_type=product&#038;p=6591"},"modified":"2025-10-23T10:36:27","modified_gmt":"2025-10-23T13:36:27","slug":"avaliacao-de-desempenho-nine-box-em-power-bi","status":"publish","type":"product","link":"https:\/\/pacotedeplanilhas.com\/loja\/store\/planilhas-em-excel\/avaliacao-de-desempenho-nine-box-em-power-bi\/","title":{"rendered":"Avalia\u00e7\u00e3o de Desempenho Nine Box em Power BI"},"content":{"rendered":"<p>FA\u00c7A O CONTROLE E ACOMPANHAMENTO DE GEST\u00c3O DE DESEMPENHO NINE BOX DA SUA EMPRESA DE MANEIRA SIMPLES E R\u00c1PIDA.<\/p>\n<p>Funcionalidades<\/p>\n<p>Cadastros<\/p>\n<p>C\u00e9lulas Manuais em branco:<\/p>\n<p>\u2013Nome, setor, cargo, g\u00eanero, data de admiss\u00e3o, s\u00e1lario, observa\u00e7\u00e3o, foto;<\/p>\n<p>C\u00e9lulas em cinza que tem preenchimento autom\u00e1tico:<\/p>\n<p>\u2013Tempo de empresa;<\/p>\n<p>Lan\u00e7amentos<\/p>\n<p>C\u00e9lulas Manuais em branco:<\/p>\n<p>\u2013Data da avali\u00e7\u00e3o, colaborador, avalia\u00e7\u00e3o de desempenho, n\u00edvel do potencial;<\/p>\n<p>C\u00e9lulas em cinza que tem preenchimento autom\u00e1tico<\/p>\n<p>\u2013Setor, cargo, defini\u00e7\u00e3o nine box, informa\u00e7\u00f5es importantes, foto;<\/p>\n<p>Defini\u00e7\u00e3o Nine Box:<\/p>\n<p>\u2013Desempenho, potencial, classifica\u00e7\u00e3o, feedback;<\/p>\n<p>Dashboard 01<\/p>\n<p>Valores totais:<\/p>\n<p>\u2013Quantidade de funcion\u00e1rios, quantidade de avali\u00e7\u00f5es, m\u00e9dia salarial;<\/p>\n<p>Tabela: defini\u00e7\u00e3o nine box, quandidade de funcion\u00e1rios, percentual funcion\u00e1rios;<\/p>\n<p>Gr\u00e1ficos:<\/p>\n<p>\u2013Quantidade de funcion\u00e1rios por setor, quantidade de funcion\u00e1rios por nine box, quantidade por cargo, quantidade de avalia\u00e7\u00f5es por m\u00eas;<\/p>\n<p>Filtros em forma de segmenta\u00e7\u00e3o de dados:<\/p>\n<p>\u2013Ano, m\u00eas, colaborador, setor;<\/p>\n<p>Dashboard 02<\/p>\n<p>Valores totais:<\/p>\n<p>\u2013Quantidade de funcion\u00e1rios, quantidade de avali\u00e7\u00f5es, m\u00e9dia salarial;<\/p>\n<p>Gr\u00e1ficos:<\/p>\n<p>\u2013Quantidade de funcion\u00e1rios por tempo de empresa, m\u00e9dia salarial por setor, quantidade de funcion\u00e1ris por g\u00eanero, m\u00e9dia salarial por cargo;<\/p>\n<p>Tabela: funcion\u00e1rio, foro, g\u00eanero, soma de sal\u00e1rio, tempo de empresa;<\/p>\n<p>Filtros em forma de segmenta\u00e7\u00e3o de dados:<\/p>\n<p>\u2013Funcion\u00e1rio, cargo, setor;<\/p>\n<p>Dashboard 03<\/p>\n<p>Tabela: Funcion\u00e1rio, foto, cargo, setor, defini\u00e7\u00e3o nine box, informa\u00e7\u00f5es importantes, data avalia\u00e7\u00e3o, n\u00edvel potencial;<\/p>\n<p>Planilha 100% edit\u00e1vel<\/p>\n<p>PR\u00c9-REQUISITOS:<br \/>\nTer qualquer vers\u00e3o do EXCEL e POWER BI instalada no computador.<\/p>\n<p>VANTAGENS:<br \/>\nSimplicidade em usar e c\u00e1lculos precisos.<\/p>\n<p>INFORMA\u00c7\u00d5ES \u00daTEIS:<br \/>\nSuporte p\u00f3s-venda, via e-mail, para esclarecer quaisquer d\u00favidas que possam surgir. Planilha original, comercializada pelo pr\u00f3prio desenvolvedor.<\/p>\n<p>Video explicativo da planilha:<\/p>\n<div class=\"ast-oembed-container \" style=\"height: 100%;\"><iframe title=\"Avalia\u00e7\u00e3o de Desempenho Nine Box em Power BI\" width=\"500\" height=\"281\" src=\"https:\/\/www.youtube.com\/embed\/Xtwm1-2MG5E?feature=oembed&#038;enablejsapi=1&#038;origin=https:\/\/pacotedeplanilhas.com\" frameborder=\"0\" allow=\"accelerometer; autoplay; clipboard-write; encrypted-media; gyroscope; picture-in-picture; web-share\" referrerpolicy=\"strict-origin-when-cross-origin\" allowfullscreen><\/iframe><\/div>\n","protected":false},"excerpt":{"rendered":"<p>FA\u00c7A O CONTROLE E ACOMPANHAMENTO DE GEST\u00c3O DE DESEMPENHO NINE BOX DA SUA EMPRESA DE MANEIRA SIMPLES E R\u00c1PIDA.<\/p>\n","protected":false},"featured_media":6597,"comment_status":"open","ping_status":"closed","template":"","meta":{"site-sidebar-layout":"default","site-content-layout":"default","ast-site-content-layout":"default","site-content-style":"default","site-sidebar-style":"default","ast-global-header-display":"","ast-banner-title-visibility":"","ast-main-header-display":"","ast-hfb-above-header-display":"","ast-hfb-below-header-display":"","ast-hfb-mobile-header-display":"","site-post-title":"","ast-breadcrumbs-content":"","ast-featured-img":"","footer-sml-layout":"","theme-transparent-header-meta":"default","adv-header-id-meta":"","stick-header-meta":"","header-above-stick-meta":"","header-main-stick-meta":"","header-below-stick-meta":"","astra-migrate-meta-layouts":"set","ast-page-background-enabled":"default","ast-page-background-meta":{"desktop":{"background-color":"","background-image":"","background-repeat":"repeat","background-position":"center center","background-size":"auto","background-attachment":"scroll","background-type":"","background-media":"","overlay-type":"","overlay-color":"","overlay-opacity":"","overlay-gradient":""},"tablet":{"background-color":"","background-image":"","background-repeat":"repeat","background-position":"center center","background-size":"auto","background-attachment":"scroll","background-type":"","background-media":"","overlay-type":"","overlay-color":"","overlay-opacity":"","overlay-gradient":""},"mobile":{"background-color":"","background-image":"","background-repeat":"repeat","background-position":"center center","background-size":"auto","background-attachment":"scroll","background-type":"","background-media":"","overlay-type":"","overlay-color":"","overlay-opacity":"","overlay-gradient":""}},"ast-content-background-meta":{"desktop":{"background-color":"var(--ast-global-color-5)","background-image":"","background-repeat":"repeat","background-position":"center center","background-size":"auto","background-attachment":"scroll","background-type":"","background-media":"","overlay-type":"","overlay-color":"","overlay-opacity":"","overlay-gradient":""},"tablet":{"background-color":"var(--ast-global-color-5)","background-image":"","background-repeat":"repeat","background-position":"center center","background-size":"auto","background-attachment":"scroll","background-type":"","background-media":"","overlay-type":"","overlay-color":"","overlay-opacity":"","overlay-gradient":""},"mobile":{"background-color":"var(--ast-global-color-5)","background-image":"","background-repeat":"repeat","background-position":"center center","background-size":"auto","background-attachment":"scroll","background-type":"","background-media":"","overlay-type":"","overlay-color":"","overlay-opacity":"","overlay-gradient":""}}},"product_brand":[],"product_cat":[120,990],"product_tag":[1867,394,1857,1863,1858,1869,193,1864,1020,1820,1861,627,1080,1865,1322,1866,195,1859,1148,1856,435,1779,1829,1862,1851,1868,1860,515],"class_list":{"0":"post-6591","1":"product","2":"type-product","3":"status-publish","4":"has-post-thumbnail","6":"product_cat-planilhas-em-excel","7":"product_cat-recursos-humanos","8":"product_tag-analise-de-genero","9":"product_tag-avaliacao-de-desempenho","10":"product_tag-avaliacao-de-potencial","11":"product_tag-cargo","12":"product_tag-classificacao-de-funcionarios","13":"product_tag-dashboard-personalizado","14":"product_tag-dashboard-rh","15":"product_tag-feedback-de-desempenho","16":"product_tag-ferramentas-de-gestao","17":"product_tag-filtros-dinamicos","18":"product_tag-genero","19":"product_tag-gestao-de-desempenho","20":"product_tag-gestao-de-equipes","21":"product_tag-gestao-de-performance","22":"product_tag-gestao-de-pessoas","23":"product_tag-gestao-de-salarios","24":"product_tag-indicadores-de-rh","25":"product_tag-media-salarial","26":"product_tag-monitoramento-de-colaboradores","27":"product_tag-nine-box","28":"product_tag-power-bi","29":"product_tag-power-bi-para-rh","30":"product_tag-rh-moderno","31":"product_tag-setor","32":"product_tag-solucoes-corporativas","33":"product_tag-sucessao-de-talentos","34":"product_tag-tempo-de-empresa","35":"product_tag-visualizacao-de-dados","36":"desktop-align-left","37":"tablet-align-left","38":"mobile-align-left","40":"first","41":"instock","42":"virtual","43":"purchasable","44":"product-type-simple"},"_links":{"self":[{"href":"https:\/\/pacotedeplanilhas.com\/loja\/wp-json\/wp\/v2\/product\/6591","targetHints":{"allow":["GET"]}}],"collection":[{"href":"https:\/\/pacotedeplanilhas.com\/loja\/wp-json\/wp\/v2\/product"}],"about":[{"href":"https:\/\/pacotedeplanilhas.com\/loja\/wp-json\/wp\/v2\/types\/product"}],"replies":[{"embeddable":true,"href":"https:\/\/pacotedeplanilhas.com\/loja\/wp-json\/wp\/v2\/comments?post=6591"}],"version-history":[{"count":5,"href":"https:\/\/pacotedeplanilhas.com\/loja\/wp-json\/wp\/v2\/product\/6591\/revisions"}],"predecessor-version":[{"id":6606,"href":"https:\/\/pacotedeplanilhas.com\/loja\/wp-json\/wp\/v2\/product\/6591\/revisions\/6606"}],"wp:featuredmedia":[{"embeddable":true,"href":"https:\/\/pacotedeplanilhas.com\/loja\/wp-json\/wp\/v2\/media\/6597"}],"wp:attachment":[{"href":"https:\/\/pacotedeplanilhas.com\/loja\/wp-json\/wp\/v2\/media?parent=6591"}],"wp:term":[{"taxonomy":"product_brand","embeddable":true,"href":"https:\/\/pacotedeplanilhas.com\/loja\/wp-json\/wp\/v2\/product_brand?post=6591"},{"taxonomy":"product_cat","embeddable":true,"href":"https:\/\/pacotedeplanilhas.com\/loja\/wp-json\/wp\/v2\/product_cat?post=6591"},{"taxonomy":"product_tag","embeddable":true,"href":"https:\/\/pacotedeplanilhas.com\/loja\/wp-json\/wp\/v2\/product_tag?post=6591"}],"curies":[{"name":"wp","href":"https:\/\/api.w.org\/{rel}","templated":true}]}}