{"id":6922,"date":"2025-05-05T14:58:02","date_gmt":"2025-05-05T17:58:02","guid":{"rendered":"https:\/\/pacotedeplanilhas.com\/loja\/?post_type=product&#038;p=6922"},"modified":"2025-05-05T16:50:28","modified_gmt":"2025-05-05T19:50:28","slug":"planilha-ordem-de-servico-ou-ordem-de-producao-vba","status":"publish","type":"product","link":"https:\/\/pacotedeplanilhas.com\/loja\/store\/planilhas-em-excel\/planilha-ordem-de-servico-ou-ordem-de-producao-vba\/","title":{"rendered":"Planilha Ordem de servi\u00e7o ou ordem de produ\u00e7\u00e3o VBA"},"content":{"rendered":"<p>FA\u00c7A O CONTROLE E ACOMPANHAMENTO DE ORDEM DE SERVI\u00c7O OU PRODU\u00c7\u00c3O VBA DA SUA EMPRESA DE MANEIRA SIMPLES E R\u00c1PIDA.<\/p>\n<p>Funcionalidades<\/p>\n<p>Cadastros:<\/p>\n<p>\u2013Data, n\u00b0 da os, m\u00e1quina, cliente\/fantasia, cnpj, local de entrega, classe;<\/p>\n<p>Lan\u00e7amentos:<\/p>\n<p>\u2013Data, n\u00b0 da os, m\u00e1quina, tipo de servi\u00e7p, cliente\/fantasia, local de entrega, cnpj, classe, descri\u00e7\u00e3o, tipo de adesivo, fabricante, refer\u00eancia, largura do corte:(mm), quantidade de cortes:(un), metros por bobina, total em metros, medida da etiqueta, medida da faca, faca de miolo, faca de miolo medida, serrilha, refile, lamina\u00e7\u00e3o, corte seguran\u00e7a, modelo da etiqueta, modelo da faca, aplica\u00e7\u00e3o, observa\u00e7\u00e3o corte, n\u00b0 de cores, clich\u00eas novos, lisa, frente, verso, frente\/verso, positivo, negativo, sangrado, ribbon, tarja preta, p. de agulha, primer, verniz uv, vernir laca br, verniz fc, locakizado, 1\u00ba cor, 1\u00ba cor descri\u00e7\u00e3o, etc&#8230;<\/p>\n<p>Cadastros Cadastros<\/p>\n<p>\u2013C\u00f3digo, descri\u00e7\u00e3o, tipos cliente, tipo cliente id, raz\u00e3o social, nome fantasia, cnpj, tipo cliente id, cliente id, endero, bairro, cidade, estado, cep cliente id, materias primas, tipos adesivo, fabricantes, descri\u00e7\u00e3o, modelos etiqueta, medidas faca, aplica\u00e7\u00f5es, bitolas arruela, posi\u00e7\u00f5es, saida rolo, tipos caixa, descri\u00e7\u00e3o, tipos servi\u00e7os, modelo faca, modelo caixa;<\/p>\n<p>Ficha de impress\u00e3o;<\/p>\n<p>Planilha 100% edit\u00e1vel<\/p>\n<p>PR\u00c9-REQUISITOS:<br \/>\nTer qualquer vers\u00e3o do EXCEL instalada no computador.<\/p>\n<p>VANTAGENS:<br \/>\nSimplicidade em usar e c\u00e1lculos precisos.<\/p>\n<p>INFORMA\u00c7\u00d5ES \u00daTEIS:<br \/>\nSuporte p\u00f3s-venda, via e-mail, para esclarecer quaisquer d\u00favidas que possam surgir. Planilha original, comercializada pelo pr\u00f3prio desenvolvedor.<\/p>\n<p>Video explicativo da planilha:<\/p>\n<div class=\"ast-oembed-container \" style=\"height: 100%;\"><iframe title=\"Planilha Ordem de servi\u00e7o ou ordem de produ\u00e7\u00e3o VBA\" width=\"500\" height=\"281\" src=\"https:\/\/www.youtube.com\/embed\/DYMtLKbsS9g?feature=oembed\" frameborder=\"0\" allow=\"accelerometer; autoplay; clipboard-write; encrypted-media; gyroscope; picture-in-picture; web-share\" referrerpolicy=\"strict-origin-when-cross-origin\" allowfullscreen><\/iframe><\/div>\n","protected":false},"excerpt":{"rendered":"<p>FA\u00c7A O CONTROLE E ACOMPANHAMENTO DE ORDEM DE SERVI\u00c7O OU ORDEM DE PRODU\u00c7\u00c3O VBA DA SUA EMPRESA DE MANEIRA SIMPLES E R\u00c1PIDA.<\/p>\n<p>&nbsp;<\/p>\n","protected":false},"featured_media":6926,"comment_status":"open","ping_status":"closed","template":"","meta":{"site-sidebar-layout":"default","site-content-layout":"default","ast-site-content-layout":"default","site-content-style":"default","site-sidebar-style":"default","ast-global-header-display":"","ast-banner-title-visibility":"","ast-main-header-display":"","ast-hfb-above-header-display":"","ast-hfb-below-header-display":"","ast-hfb-mobile-header-display":"","site-post-title":"","ast-breadcrumbs-content":"","ast-featured-img":"","footer-sml-layout":"","theme-transparent-header-meta":"default","adv-header-id-meta":"","stick-header-meta":"","header-above-stick-meta":"","header-main-stick-meta":"","header-below-stick-meta":"","astra-migrate-meta-layouts":"set","ast-page-background-enabled":"default","ast-page-background-meta":{"desktop":{"background-color":"","background-image":"","background-repeat":"repeat","background-position":"center center","background-size":"auto","background-attachment":"scroll","background-type":"","background-media":"","overlay-type":"","overlay-color":"","overlay-opacity":"","overlay-gradient":""},"tablet":{"background-color":"","background-image":"","background-repeat":"repeat","background-position":"center center","background-size":"auto","background-attachment":"scroll","background-type":"","background-media":"","overlay-type":"","overlay-color":"","overlay-opacity":"","overlay-gradient":""},"mobile":{"background-color":"","background-image":"","background-repeat":"repeat","background-position":"center center","background-size":"auto","background-attachment":"scroll","background-type":"","background-media":"","overlay-type":"","overlay-color":"","overlay-opacity":"","overlay-gradient":""}},"ast-content-background-meta":{"desktop":{"background-color":"var(--ast-global-color-5)","background-image":"","background-repeat":"repeat","background-position":"center center","background-size":"auto","background-attachment":"scroll","background-type":"","background-media":"","overlay-type":"","overlay-color":"","overlay-opacity":"","overlay-gradient":""},"tablet":{"background-color":"var(--ast-global-color-5)","background-image":"","background-repeat":"repeat","background-position":"center center","background-size":"auto","background-attachment":"scroll","background-type":"","background-media":"","overlay-type":"","overlay-color":"","overlay-opacity":"","overlay-gradient":""},"mobile":{"background-color":"var(--ast-global-color-5)","background-image":"","background-repeat":"repeat","background-position":"center center","background-size":"auto","background-attachment":"scroll","background-type":"","background-media":"","overlay-type":"","overlay-color":"","overlay-opacity":"","overlay-gradient":""}}},"product_brand":[],"product_cat":[120,992],"product_tag":[1960,1967,1972,128,1964,1959,1957,1943,1965,1961,1963,1956,1942,1958,1971,1968,1969,1970,1962,1955,1966],"class_list":{"0":"post-6922","1":"product","2":"type-product","3":"status-publish","4":"has-post-thumbnail","6":"product_cat-planilhas-em-excel","7":"product_cat-producao","8":"product_tag-cadastro-de-clientes","9":"product_tag-cliches","10":"product_tag-corte-seguranca","11":"product_tag-excel","12":"product_tag-facas-de-corte","13":"product_tag-ficha-de-impressao","14":"product_tag-gestao-de-producao","15":"product_tag-gestao-de-servicos","16":"product_tag-laminacao","17":"product_tag-materiais-primas","18":"product_tag-modelos-de-etiquetas","19":"product_tag-ordem-de-producao","20":"product_tag-ordem-de-servico","21":"product_tag-planilha-profissional","22":"product_tag-refile","23":"product_tag-ribbons","24":"product_tag-sangria","25":"product_tag-serrilha","26":"product_tag-tipos-de-adesivo","27":"product_tag-vba","28":"product_tag-verniz-uv","29":"desktop-align-left","30":"tablet-align-left","31":"mobile-align-left","33":"first","34":"instock","35":"virtual","36":"purchasable","37":"product-type-simple"},"_links":{"self":[{"href":"https:\/\/pacotedeplanilhas.com\/loja\/wp-json\/wp\/v2\/product\/6922","targetHints":{"allow":["GET"]}}],"collection":[{"href":"https:\/\/pacotedeplanilhas.com\/loja\/wp-json\/wp\/v2\/product"}],"about":[{"href":"https:\/\/pacotedeplanilhas.com\/loja\/wp-json\/wp\/v2\/types\/product"}],"replies":[{"embeddable":true,"href":"https:\/\/pacotedeplanilhas.com\/loja\/wp-json\/wp\/v2\/comments?post=6922"}],"version-history":[{"count":3,"href":"https:\/\/pacotedeplanilhas.com\/loja\/wp-json\/wp\/v2\/product\/6922\/revisions"}],"predecessor-version":[{"id":6939,"href":"https:\/\/pacotedeplanilhas.com\/loja\/wp-json\/wp\/v2\/product\/6922\/revisions\/6939"}],"wp:featuredmedia":[{"embeddable":true,"href":"https:\/\/pacotedeplanilhas.com\/loja\/wp-json\/wp\/v2\/media\/6926"}],"wp:attachment":[{"href":"https:\/\/pacotedeplanilhas.com\/loja\/wp-json\/wp\/v2\/media?parent=6922"}],"wp:term":[{"taxonomy":"product_brand","embeddable":true,"href":"https:\/\/pacotedeplanilhas.com\/loja\/wp-json\/wp\/v2\/product_brand?post=6922"},{"taxonomy":"product_cat","embeddable":true,"href":"https:\/\/pacotedeplanilhas.com\/loja\/wp-json\/wp\/v2\/product_cat?post=6922"},{"taxonomy":"product_tag","embeddable":true,"href":"https:\/\/pacotedeplanilhas.com\/loja\/wp-json\/wp\/v2\/product_tag?post=6922"}],"curies":[{"name":"wp","href":"https:\/\/api.w.org\/{rel}","templated":true}]}}