{"id":6962,"date":"2025-05-16T16:24:50","date_gmt":"2025-05-16T19:24:50","guid":{"rendered":"https:\/\/pacotedeplanilhas.com\/loja\/?post_type=product&#038;p=6962"},"modified":"2025-05-19T16:25:27","modified_gmt":"2025-05-19T19:25:27","slug":"dashboard-controle-de-ocorrencias-acidentes-com-calendario-1-3","status":"publish","type":"product","link":"https:\/\/pacotedeplanilhas.com\/loja\/store\/power-bi\/dashboard-controle-de-ocorrencias-acidentes-com-calendario-1-3\/","title":{"rendered":"Dashboard controle de Ocorr\u00eancias\/Acidentes com calendario 1.3"},"content":{"rendered":"<p>FA\u00c7A O CONTROLE E ACOMPANHAMENTO DE OCORR\u00caNCIAS E ACIDENTES\u00a0 DA SUA EMPRESA DE MANEIRA SIMPLES E R\u00c1PIDA.<\/p>\n<p>Funcionalidades<\/p>\n<p>Cadastros:<\/p>\n<p>\u2013Hora do acidente, setor, gestor, agente causador, tst respons\u00e1vel, natureza da les\u00e3o, modalidade\/ fatal, com afastamento, sem afastamento, incidentes, desvios, recorde de dias sem acidentes, resposta, filial, classifica\u00e7\u00e3o calendario;<\/p>\n<p>Banco de Dados<\/p>\n<p>\u2013Data do acidente, tipo colaborador, classifica\u00e7\u00e3o calendario, filial, regional, resgistro, hora do acidente, nome, tipo, modalidade, piramide de heinrich, dias afastados, abertura de cat?, idade, sexo, turno, setor, piramide de bird, gestor, investiga\u00e7\u00e3o realizada, agente causador, parte do corpo atingida, natureza da les\u00e3o,data admiss\u00e3o, tempo na empresa, horas de trabalho, tempo na fun\u00e7\u00e3o, cid, descri\u00e7\u00e3o do acidente, a\u00e7\u00f5es ou providencias, tst respons\u00e1vel;<\/p>\n<p>Base estatistica<\/p>\n<p>C\u00e9lulas Manuais em branco:<\/p>\n<p>\u2013Filial, m\u00eas, total de empregados no per\u00edodo, total de horas trabalhadas no m\u00eas, acidentes com afastamento, acidentes sem afastamento, dias perdidos por acidentes, dias debitados por acidentes;<\/p>\n<p>C\u00e9lulas em cinza que tem preenchimento autom\u00e1tico<\/p>\n<p>\u2013Ano, total de acidentes, total de dias perdidos, taxa de frequencia, taxa de gravidade, indice relativo de acidentes;<\/p>\n<p>Dashboard 01<\/p>\n<p>Valores totais:<\/p>\n<p>\u2013Estamos trabalhando h\u00e1, acumulado de dias sem ocorr\u00eancias, acumulado de dias sem Ocorr\u00eancias, recorde de dias sem acidentes;<\/p>\n<p>Os filtros em forma de Segmenta\u00e7\u00e3o de dados:<\/p>\n<p>\u2013Ano, m\u00eas;<\/p>\n<p>Dashboard 02<\/p>\n<p>Valores totais:<\/p>\n<p>\u2013Total de ocorr\u00eancias, quantidade pessoal, quantidade patrimonial, quantidade terceiros;<\/p>\n<p>Gr\u00e1ficos:<\/p>\n<p>\u2013Quantidade de ocorr\u00eancias por regi\u00e3o, quantidade de Ocorr\u00eancias por filial, qauntidade de ocorrencias por tipo, quandidade de ocorrencias por modalidade, quantidade de ocorrencias por turno;<\/p>\n<p>Os filtros em forma de Segmenta\u00e7\u00e3o de dados:<\/p>\n<p>\u2013Ano, m\u00eas;<\/p>\n<p>Dashboard 03<\/p>\n<p>Gr\u00e1ficos:<\/p>\n<p>\u2013Quantidade de ocorr\u00eancias por causa, quantidade de ocorr\u00eancias por g\u00eanero, cats abertos por ocorr\u00eancia, quantidade de ocorr\u00eancia por tempo de empresa, quantidade de ocorr\u00eancia por tipo,<\/p>\n<p>\u2013 Parte do corpo humano atingida;<\/p>\n<p>Os filtros em forma de Segmenta\u00e7\u00e3o de dados:<\/p>\n<p>\u2013Tipo, regional, filial, ano e m\u00eas;<\/p>\n<p>Dashboard 04:<\/p>\n<p>\u2013 Parte do corpo humano atingida;<\/p>\n<p>Dashboard 05:<\/p>\n<p>Valores totais:<\/p>\n<p>\u2013 quantidade de acidentes, dias perdidos, homens horas trabalhadas, taxa de frequencia, taxa de gravidade;<\/p>\n<p>Gr\u00e1ficos:<\/p>\n<p>\u2013Taxa de frequ\u00eancia por m\u00eas, quantidade de ocorr\u00eancia classifica\u00e7\u00e3o, taxa\u00a0 de gravidade por m\u00eas;<\/p>\n<p>Os filtros em forma de Segmenta\u00e7\u00e3o de dados:<\/p>\n<p>\u2013Filial, ano e m\u00eas;<\/p>\n<p>Dashboard 06:<\/p>\n<p>Gr\u00e1fico de Pir\u00e2mide de BIRD.<\/p>\n<p>\u2013Quase acidente, sem less\u00f5es, less\u00e3o leve, les\u00e3o grave;<\/p>\n<p>Os filtros em forma de Segmenta\u00e7\u00e3o de dados:<\/p>\n<p>\u2013Tipo, regional, filial, ano e m\u00eas;<\/p>\n<p>Dashboard 07:<\/p>\n<p>Pir\u00e2mide de Heinrich Acidentes:<\/p>\n<p>\u2013Fatalidade, acidentes s\u00e9rios grave, acidentes leve, incidentes, comportamentos; Todos, acumulado, projetado;<\/p>\n<p>Os filtros em forma de Segmenta\u00e7\u00e3o de dados:<\/p>\n<p>\u2013Tipo, regional, filial, ano e m\u00eas;<\/p>\n<p>Dashboard 08:<\/p>\n<p>Gr\u00e1ficos:<\/p>\n<p>\u2013Quantidade de desvios por descri\u00e7\u00e3o; tabela: quantidade de desvios, data ocorr\u00eancia, tipo colaborador, nome, descri\u00e7\u00e3o do acidente, a\u00e7\u00f5es ou providencias;<\/p>\n<p>Os filtros em forma de Segmenta\u00e7\u00e3o de dados:<\/p>\n<p>\u2013Tipo, regional, filial, ano e m\u00eas;<\/p>\n<p>Dashboard 09:<\/p>\n<p>\u2013Calend\u00e1rio de ocorr\u00eancias, desci\u00e7\u00e3o do acidente, classifica\u00e7\u00e3o, regional, filial;<\/p>\n<p>Os filtros em forma de Segmenta\u00e7\u00e3o de dados:<\/p>\n<p>\u2013Tipo, regional, filial, ano e m\u00eas;<\/p>\n<p>Planilha 100% edit\u00e1vel<\/p>\n<p>PR\u00c9-REQUISITOS:<br \/>\nTer EXCEL e o POWER BI instalada no computador.<\/p>\n<p>VANTAGENS:<br \/>\nSimplicidade em usar e c\u00e1lculos precisos.<\/p>\n<p>INFORMA\u00c7\u00d5ES \u00daTEIS:<br \/>\nSuporte p\u00f3s-venda, via e-mail, para esclarecer quaisquer d\u00favidas que possam surgir. Planilha original, comercializada pelo pr\u00f3prio desenvolvedor.<\/p>\n<p>Video explicativo da planilha:<\/p>\n<div class=\"ast-oembed-container \" style=\"height: 100%;\"><iframe title=\"Dashboard controle de Ocorr\u00eancias\/Acidentes com calendario 1.3\" width=\"500\" height=\"281\" src=\"https:\/\/www.youtube.com\/embed\/uYYGHk2WCM4?feature=oembed\" frameborder=\"0\" allow=\"accelerometer; autoplay; clipboard-write; encrypted-media; gyroscope; picture-in-picture; web-share\" referrerpolicy=\"strict-origin-when-cross-origin\" allowfullscreen><\/iframe><\/div>\n","protected":false},"excerpt":{"rendered":"<p><strong>FA\u00c7A O CONTROLE E ACOMPANHAMENTO DE OCORR\u00caNCIAS E ACIDENTES\u00a0 DA SUA EMPRESA DE MANEIRA SIMPLES E R\u00c1PIDA.<\/strong><\/p>\n","protected":false},"featured_media":6970,"comment_status":"open","ping_status":"closed","template":"","meta":{"site-sidebar-layout":"default","site-content-layout":"default","ast-site-content-layout":"default","site-content-style":"default","site-sidebar-style":"default","ast-global-header-display":"","ast-banner-title-visibility":"","ast-main-header-display":"","ast-hfb-above-header-display":"","ast-hfb-below-header-display":"","ast-hfb-mobile-header-display":"","site-post-title":"","ast-breadcrumbs-content":"","ast-featured-img":"","footer-sml-layout":"","theme-transparent-header-meta":"default","adv-header-id-meta":"","stick-header-meta":"","header-above-stick-meta":"","header-main-stick-meta":"","header-below-stick-meta":"","astra-migrate-meta-layouts":"set","ast-page-background-enabled":"default","ast-page-background-meta":{"desktop":{"background-color":"","background-image":"","background-repeat":"repeat","background-position":"center center","background-size":"auto","background-attachment":"scroll","background-type":"","background-media":"","overlay-type":"","overlay-color":"","overlay-opacity":"","overlay-gradient":""},"tablet":{"background-color":"","background-image":"","background-repeat":"repeat","background-position":"center center","background-size":"auto","background-attachment":"scroll","background-type":"","background-media":"","overlay-type":"","overlay-color":"","overlay-opacity":"","overlay-gradient":""},"mobile":{"background-color":"","background-image":"","background-repeat":"repeat","background-position":"center center","background-size":"auto","background-attachment":"scroll","background-type":"","background-media":"","overlay-type":"","overlay-color":"","overlay-opacity":"","overlay-gradient":""}},"ast-content-background-meta":{"desktop":{"background-color":"var(--ast-global-color-5)","background-image":"","background-repeat":"repeat","background-position":"center center","background-size":"auto","background-attachment":"scroll","background-type":"","background-media":"","overlay-type":"","overlay-color":"","overlay-opacity":"","overlay-gradient":""},"tablet":{"background-color":"var(--ast-global-color-5)","background-image":"","background-repeat":"repeat","background-position":"center center","background-size":"auto","background-attachment":"scroll","background-type":"","background-media":"","overlay-type":"","overlay-color":"","overlay-opacity":"","overlay-gradient":""},"mobile":{"background-color":"var(--ast-global-color-5)","background-image":"","background-repeat":"repeat","background-position":"center center","background-size":"auto","background-attachment":"scroll","background-type":"","background-media":"","overlay-type":"","overlay-color":"","overlay-opacity":"","overlay-gradient":""}}},"product_brand":[],"product_cat":[176,994],"product_tag":[1990,1988,1981,1984,1564,1975,1987,1982,1985,1979,1978,1986,1974,1980,1989,1973,1730,1983,1976,1977],"class_list":{"0":"post-6962","1":"product","2":"type-product","3":"status-publish","4":"has-post-thumbnail","6":"product_cat-power-bi","7":"product_cat-seguranca-do-trabalho","8":"product_tag-analise-de-acidentes-power-bi","9":"product_tag-cipa-power-bi","10":"product_tag-controle-de-acidentes-power-bi","11":"product_tag-dashboard-de-acidentes-power-bi","12":"product_tag-dashboard-seguranca-do-trabalho","13":"product_tag-dashboard-sst-power-bi","14":"product_tag-gestao-de-riscos-power-bi","15":"product_tag-indicadores-sst-power-bi","16":"product_tag-painel-de-seguranca-do-trabalho","17":"product_tag-piramide-de-bird-power-bi","18":"product_tag-piramide-de-heinrich-power-bi","19":"product_tag-power-bi-acidentes-de-trabalho","20":"product_tag-power-bi-controle-de-acidentes","21":"product_tag-power-bi-ocorrencias-de-trabalho","22":"product_tag-power-bi-saude-e-seguranca","23":"product_tag-power-bi-seguranca-do-trabalho","24":"product_tag-power-bi-sst","25":"product_tag-seguranca-ocupacional-power-bi","26":"product_tag-taxa-de-frequencia-power-bi","27":"product_tag-taxa-de-gravidade-power-bi","28":"desktop-align-left","29":"tablet-align-left","30":"mobile-align-left","32":"first","33":"instock","34":"virtual","35":"purchasable","36":"product-type-simple"},"_links":{"self":[{"href":"https:\/\/pacotedeplanilhas.com\/loja\/wp-json\/wp\/v2\/product\/6962","targetHints":{"allow":["GET"]}}],"collection":[{"href":"https:\/\/pacotedeplanilhas.com\/loja\/wp-json\/wp\/v2\/product"}],"about":[{"href":"https:\/\/pacotedeplanilhas.com\/loja\/wp-json\/wp\/v2\/types\/product"}],"replies":[{"embeddable":true,"href":"https:\/\/pacotedeplanilhas.com\/loja\/wp-json\/wp\/v2\/comments?post=6962"}],"version-history":[{"count":4,"href":"https:\/\/pacotedeplanilhas.com\/loja\/wp-json\/wp\/v2\/product\/6962\/revisions"}],"predecessor-version":[{"id":6986,"href":"https:\/\/pacotedeplanilhas.com\/loja\/wp-json\/wp\/v2\/product\/6962\/revisions\/6986"}],"wp:featuredmedia":[{"embeddable":true,"href":"https:\/\/pacotedeplanilhas.com\/loja\/wp-json\/wp\/v2\/media\/6970"}],"wp:attachment":[{"href":"https:\/\/pacotedeplanilhas.com\/loja\/wp-json\/wp\/v2\/media?parent=6962"}],"wp:term":[{"taxonomy":"product_brand","embeddable":true,"href":"https:\/\/pacotedeplanilhas.com\/loja\/wp-json\/wp\/v2\/product_brand?post=6962"},{"taxonomy":"product_cat","embeddable":true,"href":"https:\/\/pacotedeplanilhas.com\/loja\/wp-json\/wp\/v2\/product_cat?post=6962"},{"taxonomy":"product_tag","embeddable":true,"href":"https:\/\/pacotedeplanilhas.com\/loja\/wp-json\/wp\/v2\/product_tag?post=6962"}],"curies":[{"name":"wp","href":"https:\/\/api.w.org\/{rel}","templated":true}]}}