{"id":7058,"date":"2025-06-11T16:40:32","date_gmt":"2025-06-11T19:40:32","guid":{"rendered":"https:\/\/pacotedeplanilhas.com\/loja\/?post_type=product&#038;p=7058"},"modified":"2025-10-23T10:34:28","modified_gmt":"2025-10-23T13:34:28","slug":"dashboard-contas-a-pagar-e-contas-a-receber-no-power-bi-1-0","status":"publish","type":"product","link":"https:\/\/pacotedeplanilhas.com\/loja\/store\/financeiro\/dashboard-contas-a-pagar-e-contas-a-receber-no-power-bi-1-0\/","title":{"rendered":"Dashboard Contas a pagar e contas a receber no Power BI 1.0"},"content":{"rendered":"<p>FA\u00c7A O CONTROLE E ACOMPANHAMENTO DE CONTAS A PAGAR E CONTAS A RECEBER DA SUA EMPRESA DE MANEIRA SIMPLES E R\u00c1PIDA.<\/p>\n<p>Funcionalidades<\/p>\n<p>Cadastros<\/p>\n<p>\u2013Status, formas de pagamentos, tipo de conta, cod cliente, nome cliente, telefone, n\u00b0 titulo, cod fornecedor, nome fornecedor, telefone, n\u00b0 titulo, empresas;<\/p>\n<p>Lan\u00e7amentos Contas a Receber<\/p>\n<p>C\u00e9lulas manuis em branco<\/p>\n<p>\u2013Empresas, cod cliente, parcela, valor, data vencimento, tipo de conta, descri\u00e7\u00e3o, formas de pagamento, status;<\/p>\n<p>C\u00e9lulas em cinza possuem preenchimento autom\u00e1tico<\/p>\n<p>\u2013Nome do cliente, telefone, n\u00b0 titulo, m\u00eas, ano, valor, valor recebido, valor em aberto, valor em atraso, quantidade de t\u00edtulos;<\/p>\n<p>Lan\u00e7amentos Contas a Pagar<\/p>\n<p>C\u00e9lulas manuis em branco<\/p>\n<p>\u2013Empresas, cod fornecedor, parcela, valor, juros ou multa, data pagamento, tipo de conta, descri\u00e7\u00e3o, formas de pagamento, status;<\/p>\n<p>C\u00e9lulas em cinza possuem preenchimento autom\u00e1tico<\/p>\n<p>\u2013Nome fornecedor, telefone, n\u00b0 titulo, valor total, m\u00eas, ano, valor pago, valor em aberto, valor em atraso;<\/p>\n<p>Dashboard a Receber<\/p>\n<p>Valores totais:<\/p>\n<p>\u2013Valor total negociado, valor recebido, valor em aberto, valor em atraso, ;<\/p>\n<p>Gr\u00e1ficos:<\/p>\n<p>\u2013Valor negociado por m\u00eas, valor recebido por conta, valor recebido por pagamentos, quantidade de t\u00edtulos por m\u00eas, valor recebido por empresa, percentual de recebimento;<\/p>\n<p>Filtros em forma de segmenta\u00e7\u00e3o de dados<\/p>\n<p>\u2013Ano, m\u00eas, cliente, empresa, pagamento, status;<\/p>\n<p>Dashboard a Pagar<\/p>\n<p>Valores totais:<\/p>\n<p>\u2013Valor total negociado, valor pago, valor em aberto, valor em atraso, valor juros\/multas;<\/p>\n<p>Gr\u00e1ficos:<\/p>\n<p>\u2013Valor pago por m\u00eas, valor pago por conta, valor pago por pagamento, valor pago por empresa, percentual de recebimento, t\u00edtulos por status;<\/p>\n<p>Filtros em forma de segmenta\u00e7\u00e3o de dados<\/p>\n<p>\u2013Ano, m\u00eas, cliente, empresa, pagamento, status;<\/p>\n<p>Planilha 100% edit\u00e1vel<\/p>\n<p>PR\u00c9-REQUISITOS:<br \/>\nTer qualquer vers\u00e3o do EXCEL instalada no computador.<\/p>\n<p>VANTAGENS:<br \/>\nSimplicidade em usar e c\u00e1lculos precisos.<\/p>\n<p>INFORMA\u00c7\u00d5ES \u00daTEIS:<br \/>\nSuporte p\u00f3s-venda, via e-mail, para esclarecer quaisquer d\u00favidas que possam surgir. Planilha original, comercializada pelo pr\u00f3prio desenvolvedor.<\/p>\n<p>Video explicativo da planilha:<\/p>\n<div class=\"ast-oembed-container \" style=\"height: 100%;\"><iframe title=\"Dashboard Contas a pagar e contas a receber no Power BI 1.0\" width=\"500\" height=\"281\" src=\"https:\/\/www.youtube.com\/embed\/6p3tFznrJtA?feature=oembed&#038;enablejsapi=1&#038;origin=https:\/\/pacotedeplanilhas.com\" frameborder=\"0\" allow=\"accelerometer; autoplay; clipboard-write; encrypted-media; gyroscope; picture-in-picture; web-share\" referrerpolicy=\"strict-origin-when-cross-origin\" allowfullscreen><\/iframe><\/div>\n","protected":false},"excerpt":{"rendered":"<p>FA\u00c7A O CONTROLE E ACOMPANHAMENTO DE CONTAS A PAGAR E CONTAS A RECEBER DA SUA EMPRESA DE MANEIRA SIMPLES E R\u00c1PIDA.<\/p>\n","protected":false},"featured_media":7062,"comment_status":"open","ping_status":"closed","template":"","meta":{"site-sidebar-layout":"default","site-content-layout":"default","ast-site-content-layout":"default","site-content-style":"default","site-sidebar-style":"default","ast-global-header-display":"","ast-banner-title-visibility":"","ast-main-header-display":"","ast-hfb-above-header-display":"","ast-hfb-below-header-display":"","ast-hfb-mobile-header-display":"","site-post-title":"","ast-breadcrumbs-content":"","ast-featured-img":"","footer-sml-layout":"","theme-transparent-header-meta":"default","adv-header-id-meta":"","stick-header-meta":"","header-above-stick-meta":"","header-main-stick-meta":"","header-below-stick-meta":"","astra-migrate-meta-layouts":"set","ast-page-background-enabled":"default","ast-page-background-meta":{"desktop":{"background-color":"","background-image":"","background-repeat":"repeat","background-position":"center center","background-size":"auto","background-attachment":"scroll","background-type":"","background-media":"","overlay-type":"","overlay-color":"","overlay-opacity":"","overlay-gradient":""},"tablet":{"background-color":"","background-image":"","background-repeat":"repeat","background-position":"center center","background-size":"auto","background-attachment":"scroll","background-type":"","background-media":"","overlay-type":"","overlay-color":"","overlay-opacity":"","overlay-gradient":""},"mobile":{"background-color":"","background-image":"","background-repeat":"repeat","background-position":"center center","background-size":"auto","background-attachment":"scroll","background-type":"","background-media":"","overlay-type":"","overlay-color":"","overlay-opacity":"","overlay-gradient":""}},"ast-content-background-meta":{"desktop":{"background-color":"var(--ast-global-color-5)","background-image":"","background-repeat":"repeat","background-position":"center center","background-size":"auto","background-attachment":"scroll","background-type":"","background-media":"","overlay-type":"","overlay-color":"","overlay-opacity":"","overlay-gradient":""},"tablet":{"background-color":"var(--ast-global-color-5)","background-image":"","background-repeat":"repeat","background-position":"center center","background-size":"auto","background-attachment":"scroll","background-type":"","background-media":"","overlay-type":"","overlay-color":"","overlay-opacity":"","overlay-gradient":""},"mobile":{"background-color":"var(--ast-global-color-5)","background-image":"","background-repeat":"repeat","background-position":"center center","background-size":"auto","background-attachment":"scroll","background-type":"","background-media":"","overlay-type":"","overlay-color":"","overlay-opacity":"","overlay-gradient":""}}},"product_brand":[],"product_cat":[991,120],"product_tag":[2012,2008,1180,1267,580,1677,124,812,763,2010,1176,613,1924,764,2011,583,435,1813,773,774],"class_list":{"0":"post-7058","1":"product","2":"type-product","3":"status-publish","4":"has-post-thumbnail","6":"product_cat-financeiro","7":"product_cat-planilhas-em-excel","8":"product_tag-analise-de-contas","9":"product_tag-contas-a-pagar","10":"product_tag-controle-de-despesas","11":"product_tag-controle-de-pagamentos","12":"product_tag-controle-financeiro","13":"product_tag-controle-financeiro-power-bi","14":"product_tag-dashboard","15":"product_tag-dashboard-financeiro","16":"product_tag-fluxo-de-caixa","17":"product_tag-fluxo-de-pagamentos","18":"product_tag-gestao-de-custos","19":"product_tag-gestao-de-fornecedores","20":"product_tag-gestao-de-receitas","21":"product_tag-gestao-financeira","22":"product_tag-juros-e-multas","23":"product_tag-planejamento-financeiro","24":"product_tag-power-bi","25":"product_tag-reducao-de-custos","26":"product_tag-relatorios-financeiros","27":"product_tag-saude-financeira","28":"desktop-align-left","29":"tablet-align-left","30":"mobile-align-left","32":"first","33":"instock","34":"virtual","35":"purchasable","36":"product-type-simple"},"_links":{"self":[{"href":"https:\/\/pacotedeplanilhas.com\/loja\/wp-json\/wp\/v2\/product\/7058","targetHints":{"allow":["GET"]}}],"collection":[{"href":"https:\/\/pacotedeplanilhas.com\/loja\/wp-json\/wp\/v2\/product"}],"about":[{"href":"https:\/\/pacotedeplanilhas.com\/loja\/wp-json\/wp\/v2\/types\/product"}],"replies":[{"embeddable":true,"href":"https:\/\/pacotedeplanilhas.com\/loja\/wp-json\/wp\/v2\/comments?post=7058"}],"version-history":[{"count":2,"href":"https:\/\/pacotedeplanilhas.com\/loja\/wp-json\/wp\/v2\/product\/7058\/revisions"}],"predecessor-version":[{"id":7071,"href":"https:\/\/pacotedeplanilhas.com\/loja\/wp-json\/wp\/v2\/product\/7058\/revisions\/7071"}],"wp:featuredmedia":[{"embeddable":true,"href":"https:\/\/pacotedeplanilhas.com\/loja\/wp-json\/wp\/v2\/media\/7062"}],"wp:attachment":[{"href":"https:\/\/pacotedeplanilhas.com\/loja\/wp-json\/wp\/v2\/media?parent=7058"}],"wp:term":[{"taxonomy":"product_brand","embeddable":true,"href":"https:\/\/pacotedeplanilhas.com\/loja\/wp-json\/wp\/v2\/product_brand?post=7058"},{"taxonomy":"product_cat","embeddable":true,"href":"https:\/\/pacotedeplanilhas.com\/loja\/wp-json\/wp\/v2\/product_cat?post=7058"},{"taxonomy":"product_tag","embeddable":true,"href":"https:\/\/pacotedeplanilhas.com\/loja\/wp-json\/wp\/v2\/product_tag?post=7058"}],"curies":[{"name":"wp","href":"https:\/\/api.w.org\/{rel}","templated":true}]}}