{"id":7193,"date":"2025-07-23T16:57:36","date_gmt":"2025-07-23T19:57:36","guid":{"rendered":"https:\/\/pacotedeplanilhas.com\/loja\/?post_type=product&#038;p=7193"},"modified":"2026-02-21T19:44:06","modified_gmt":"2026-02-21T22:44:06","slug":"one-page-status-report-para-gerenciamentos-de-projetos-1-0","status":"publish","type":"product","link":"https:\/\/pacotedeplanilhas.com\/loja\/store\/gerenciamento-de-projetos\/one-page-status-report-para-gerenciamentos-de-projetos-1-0\/","title":{"rendered":"One page Status Report para Gerenciamentos de Projetos 1.0"},"content":{"rendered":"<p>FA\u00c7A O CONTROLE E ACOMPANHAMENTO DE ONE PAGE STATUS REPORT DA SUA EMPRESA DE MANEIRA SIMPLES E R\u00c1PIDA.<\/p>\n<p>Funcionalidades<\/p>\n<p>Cadastro:<\/p>\n<p>\u2013Respons\u00e1vel tarefas, respons\u00e1vel projeto, \u00e1rea, status tarefa, status do projeto, prioridade da tarefa, fase do projeto;<\/p>\n<p>Lan\u00e7amentos Projetos<\/p>\n<p>C\u00e9lulas manuais em branco:<\/p>\n<p>\u2013Id do projeto, nome do projeto, in\u00edcio, t\u00e9rmino planejado, t\u00e9rmino, \u00e1rea, respons\u00e1vel projeto, status projeto, custo real, horas de trabalho, horas t. pranejadas, custo planejado;<\/p>\n<p>C\u00e9lulas em cinza que possuem preenchimento autom\u00e1tico:<\/p>\n<p>\u2013Percental de conclus\u00e3o, percentual atraso, dura\u00e7\u00e3o real, dura\u00e7\u00e3o planejada;<\/p>\n<p>Lan\u00e7amentos Tarefa<\/p>\n<p>C\u00e9lulas manuais em branco:<\/p>\n<p>\u2013Edt, nome tarefa, respons\u00e1vel, id projeto, custo real, prioridade, fase do projeto, in\u00edcio, t\u00e9rmino planejado, t\u00e9rmino, status da tarefa, horas de trabalho, horas t. planejadas, custo planejado;<\/p>\n<p>C\u00e9lulas em cinza que possuem preenchimento autom\u00e1tico:<\/p>\n<p>\u2013Projeto, percentual de conclus\u00e3o, percentual atraso, dura\u00e7\u00e3o real, dura\u00e7\u00e3o planejada;<\/p>\n<p>Status Report:<\/p>\n<p>\u2013Resumo executivo, data resumo, observa\u00e7\u00f5es;<\/p>\n<p>Dashboard One Page<\/p>\n<p>Valores totais:<\/p>\n<p>\u2013Quantidade de tarefas, quantidade conclu\u00edda, quantidade conclu\u00edda atrasada, quantidade em andamento, quantidade atrasada;<\/p>\n<p>Gr\u00e1ficos:<\/p>\n<p>\u2013Gr\u00e1fico velocim\u00eatro de conclus\u00e3o, custo curva S por m\u00eas, quantidade de projetos por status;<\/p>\n<p>Tabela Din\u00e2mica: Fase do projeto, EDT, respons\u00e1vel, tarefa, in\u00edcio, t\u00e9rmino,status da tarefa;<\/p>\n<p>Filtros em forma de segmenta\u00e7\u00e3o de dados<\/p>\n<p>\u2013Nome do projeto;<\/p>\n<p><span style=\"font-size: 16px;\">Planilha 100% edit\u00e1vel<\/span><\/p>\n<p>PR\u00c9-REQUISITOS:<br \/>\nTer qualquer vers\u00e3o do EXCEL e POWER BI instalada no computador.<\/p>\n<p>VANTAGENS:<br \/>\nSimplicidade em usar e c\u00e1lculos precisos.<\/p>\n<p>INFORMA\u00c7\u00d5ES \u00daTEIS:<br \/>\nSuporte p\u00f3s-venda, via e-mail, para esclarecer quaisquer d\u00favidas que possam surgir. Planilha original, comercializada pelo pr\u00f3prio desenvolvedor.<\/p>\n<p>Video explicativo da planilha:<\/p>\n<div class=\"ast-oembed-container \" style=\"height: 100%;\"><iframe title=\"One page Status Report para Gerenciamentos de Projetos 1.0\" width=\"500\" height=\"281\" src=\"https:\/\/www.youtube.com\/embed\/VNisgHpTlu4?feature=oembed&#038;enablejsapi=1&#038;origin=https:\/\/pacotedeplanilhas.com\" frameborder=\"0\" allow=\"accelerometer; autoplay; clipboard-write; encrypted-media; gyroscope; picture-in-picture; web-share\" referrerpolicy=\"strict-origin-when-cross-origin\" allowfullscreen><\/iframe><\/div>\n","protected":false},"excerpt":{"rendered":"<p>FA\u00c7A O CONTROLE E ACOMPANHAMENTO DE ONE PAGE STATUS REPORT DA SUA EMPRESA DE MANEIRA SIMPLES E R\u00c1PIDA.<\/p>\n<p>&nbsp;<\/p>\n","protected":false},"featured_media":7199,"comment_status":"open","ping_status":"closed","template":"","meta":{"site-sidebar-layout":"default","site-content-layout":"default","ast-site-content-layout":"default","site-content-style":"default","site-sidebar-style":"default","ast-global-header-display":"","ast-banner-title-visibility":"","ast-main-header-display":"","ast-hfb-above-header-display":"","ast-hfb-below-header-display":"","ast-hfb-mobile-header-display":"","site-post-title":"","ast-breadcrumbs-content":"","ast-featured-img":"","footer-sml-layout":"","theme-transparent-header-meta":"default","adv-header-id-meta":"","stick-header-meta":"","header-above-stick-meta":"","header-main-stick-meta":"","header-below-stick-meta":"","astra-migrate-meta-layouts":"set","ast-page-background-enabled":"default","ast-page-background-meta":{"desktop":{"background-color":"","background-image":"","background-repeat":"repeat","background-position":"center center","background-size":"auto","background-attachment":"scroll","background-type":"","background-media":"","overlay-type":"","overlay-color":"","overlay-opacity":"","overlay-gradient":""},"tablet":{"background-color":"","background-image":"","background-repeat":"repeat","background-position":"center center","background-size":"auto","background-attachment":"scroll","background-type":"","background-media":"","overlay-type":"","overlay-color":"","overlay-opacity":"","overlay-gradient":""},"mobile":{"background-color":"","background-image":"","background-repeat":"repeat","background-position":"center center","background-size":"auto","background-attachment":"scroll","background-type":"","background-media":"","overlay-type":"","overlay-color":"","overlay-opacity":"","overlay-gradient":""}},"ast-content-background-meta":{"desktop":{"background-color":"var(--ast-global-color-5)","background-image":"","background-repeat":"repeat","background-position":"center center","background-size":"auto","background-attachment":"scroll","background-type":"","background-media":"","overlay-type":"","overlay-color":"","overlay-opacity":"","overlay-gradient":""},"tablet":{"background-color":"var(--ast-global-color-5)","background-image":"","background-repeat":"repeat","background-position":"center center","background-size":"auto","background-attachment":"scroll","background-type":"","background-media":"","overlay-type":"","overlay-color":"","overlay-opacity":"","overlay-gradient":""},"mobile":{"background-color":"var(--ast-global-color-5)","background-image":"","background-repeat":"repeat","background-position":"center center","background-size":"auto","background-attachment":"scroll","background-type":"","background-media":"","overlay-type":"","overlay-color":"","overlay-opacity":"","overlay-gradient":""}}},"product_brand":[],"product_cat":[996,176],"product_tag":[2103,2101,2113,2106,2104,2110,172,258,2107,2112,2100,791,2109,255,2111,2102,2108,2105],"class_list":{"0":"post-7193","1":"product","2":"type-product","3":"status-publish","4":"has-post-thumbnail","6":"product_cat-gerenciamento-de-projetos","7":"product_cat-power-bi","8":"product_tag-curva-s-power-bi","9":"product_tag-dashboard-de-projetos-excel","10":"product_tag-dashboard-executivo-power-bi","11":"product_tag-dashboard-interativo-power-bi","12":"product_tag-dashboard-power-bi-projetos","13":"product_tag-excel-para-projetos","14":"product_tag-gerenciamento-de-projetos","15":"product_tag-gestao-de-projetos","16":"product_tag-indicadores-de-projeto","17":"product_tag-one-page-power-bi","18":"product_tag-one-page-status-report","19":"product_tag-planejamento-de-projetos","20":"product_tag-power-bi-para-pmo","21":"product_tag-power-bi-projetos","22":"product_tag-relatorio-de-status-projetos","23":"product_tag-status-report-power-bi","24":"product_tag-status-report-projetos","25":"product_tag-tarefas-e-projetos-power-bi","26":"desktop-align-left","27":"tablet-align-left","28":"mobile-align-left","30":"first","31":"instock","32":"downloadable","33":"shipping-taxable","34":"purchasable","35":"product-type-simple"},"_links":{"self":[{"href":"https:\/\/pacotedeplanilhas.com\/loja\/wp-json\/wp\/v2\/product\/7193","targetHints":{"allow":["GET"]}}],"collection":[{"href":"https:\/\/pacotedeplanilhas.com\/loja\/wp-json\/wp\/v2\/product"}],"about":[{"href":"https:\/\/pacotedeplanilhas.com\/loja\/wp-json\/wp\/v2\/types\/product"}],"replies":[{"embeddable":true,"href":"https:\/\/pacotedeplanilhas.com\/loja\/wp-json\/wp\/v2\/comments?post=7193"}],"version-history":[{"count":2,"href":"https:\/\/pacotedeplanilhas.com\/loja\/wp-json\/wp\/v2\/product\/7193\/revisions"}],"predecessor-version":[{"id":7200,"href":"https:\/\/pacotedeplanilhas.com\/loja\/wp-json\/wp\/v2\/product\/7193\/revisions\/7200"}],"wp:featuredmedia":[{"embeddable":true,"href":"https:\/\/pacotedeplanilhas.com\/loja\/wp-json\/wp\/v2\/media\/7199"}],"wp:attachment":[{"href":"https:\/\/pacotedeplanilhas.com\/loja\/wp-json\/wp\/v2\/media?parent=7193"}],"wp:term":[{"taxonomy":"product_brand","embeddable":true,"href":"https:\/\/pacotedeplanilhas.com\/loja\/wp-json\/wp\/v2\/product_brand?post=7193"},{"taxonomy":"product_cat","embeddable":true,"href":"https:\/\/pacotedeplanilhas.com\/loja\/wp-json\/wp\/v2\/product_cat?post=7193"},{"taxonomy":"product_tag","embeddable":true,"href":"https:\/\/pacotedeplanilhas.com\/loja\/wp-json\/wp\/v2\/product_tag?post=7193"}],"curies":[{"name":"wp","href":"https:\/\/api.w.org\/{rel}","templated":true}]}}