{"id":7227,"date":"2025-07-31T15:19:11","date_gmt":"2025-07-31T18:19:11","guid":{"rendered":"https:\/\/pacotedeplanilhas.com\/loja\/?post_type=product&#038;p=7227"},"modified":"2025-10-22T16:59:27","modified_gmt":"2025-10-22T19:59:27","slug":"dashboard-de-cargos-e-salarios-com-plano-de-carreira-em-power-bi-1-0","status":"publish","type":"product","link":"https:\/\/pacotedeplanilhas.com\/loja\/store\/power-bi\/dashboard-de-cargos-e-salarios-com-plano-de-carreira-em-power-bi-1-0\/","title":{"rendered":"Dashboard de Cargos e Sal\u00e1rios com plano de carreira em Power BI 1.0"},"content":{"rendered":"<p>FA\u00c7A O CONTROLE E ACOMPANHAMENTO DE CARGOS E SAL\u00c1RIOS COM PLANO DE CARREIRA DA SUA EMPRESA DE MANEIRA SIMPLES E R\u00c1PIDA.<\/p>\n<p>Funcionalidades<\/p>\n<p>Cadastro:<\/p>\n<p>\u2013Nome do cargo, sal\u00e1rio base;<\/p>\n<p>Cadastros Cargo e Planos de Cargos:<\/p>\n<p>C\u00e9lulas manuais em branco<\/p>\n<p>\u2013Nome do cargo, pr\u00f3ximo cargo 1, pr\u00f3ximo cargo 2, pr\u00f3ximo cargo 3, departamento, tipo de contrato;<\/p>\n<p>C\u00e9lulas em cinza que possuem preenchimento autom\u00e1tico<\/p>\n<p>\u2013Sal\u00e1rio base, sal\u00e1rio base 1, sal\u00e1rio base 2, sal\u00e1rio base 3;<\/p>\n<p>Lan\u00e7amentos:<\/p>\n<p>C\u00e9lulas manuais em branco:<\/p>\n<p>\u2013Matr\u00edcula, nome, sexo, tipo de contrato, cargo inicial, data admiss\u00e3o, sal\u00e1rio inicial, departamento, cargo atual, data promo\u00e7\u00e3o, aumento adicional, departamento, pr\u00f3ximo cargo, avalia\u00e7\u00e3o de desempenho;<\/p>\n<p>C\u00e9lulas em cinza que possuem preenchimento autom\u00e1tico:<\/p>\n<p>\u2013Tempo na fun\u00e7\u00e3o(meses), tempo de empresa(anos), tempo de empresa, sal\u00e1rio base, sal\u00e1rio atual, tempo na fun\u00e7\u00e3o(meses)2, pr\u00f3ximo sal\u00e1rio;<\/p>\n<p>Lan\u00e7amentos Promo\u00e7\u00f5es:<\/p>\n<p>\u2013Nome do funcion\u00e1rio, cargo inicial, sal\u00e1rio inicial, data promo\u00e7\u00e3o, novo cargo, sal\u00e1rio novo;<\/p>\n<p>Dashboard Quantidade<\/p>\n<p>Valores totais:<\/p>\n<p>\u2013Quantidade de funcion\u00e1rios, m\u00e9dia salarial, sal\u00e1rio mais alto, sal\u00e1rio mais baixo, quantidade total promo\u00e7\u00f5es;<\/p>\n<p>Gr\u00e1ficos:<\/p>\n<p>\u2013Qtd de funcion\u00e1rios por departamento, qtd de funcion\u00e1rio por g\u00eanero, qtd de funcion\u00e1rios por tempo de empresa, qtd de funcion\u00e1rios por cargo;<\/p>\n<p>Filtros em forma de segmenta\u00e7\u00e3o de dados<\/p>\n<p>\u2013Nome, departamento, cargo, g\u00eanero, tipo contrato;<\/p>\n<p>Dashboard Sal\u00e1rios<\/p>\n<p>Valores totais:<\/p>\n<p>\u2013Quantidade de funcion\u00e1rios, m\u00e9dia salarial, sal\u00e1rio mais alto, sal\u00e1rio mais baixo, sal\u00e1rio total;<\/p>\n<p>Gr\u00e1ficos:<\/p>\n<p>\u2013Sal\u00e1rio bruto por departamento, qtd de funcion\u00e1rios por tipo, sal\u00e1rio bruto por cargo, avali\u00e7\u00e3o de desempenho por funcion\u00e1rio;<\/p>\n<p>Filtros em forma de segmenta\u00e7\u00e3o de dados<\/p>\n<p>\u2013Nome, departamento, cargo, g\u00eanero, tipo contrato;<\/p>\n<p>Dashboard Promo\u00e7\u00f5es<\/p>\n<p>\u2013Nome do funcion\u00e1rio;<\/p>\n<p>\u2013Cargo inicial, cargo atual, departamento atual, pr\u00f3ximo cargo, sal\u00e1rio inicial, sal\u00e1rio atual, departamento inicial, pr\u00f3ximo sal\u00e1rio;<\/p>\n<p>Gr\u00e1ficos:<\/p>\n<p>\u2013Evolu\u00e7\u00e3o do sal\u00e1rio por promo\u00e7\u00f5es, qtd de promo\u00e7\u00f5es por per\u00edodo;<\/p>\n<p>Filtros em forma de segmenta\u00e7\u00e3o de dados<\/p>\n<p>\u2013Nome, m\u00eas;<\/p>\n<p>Dashboard Relat\u00f3rio cargos e sal\u00e1rios<\/p>\n<p>Gr\u00e1ficos:<\/p>\n<p>\u2013Cargo;<\/p>\n<p>Tabela: nome do cargo, salario base, proximo cargo 1, sal\u00e1rio base 1, pr\u00f3ximo cargo 2, sal\u00e1rio base 2, pr\u00f3ximo cargo 3, sal\u00e1rio base 3;<\/p>\n<p><span style=\"font-size: 16px;\">Planilha 100% edit\u00e1vel<\/span><\/p>\n<p>PR\u00c9-REQUISITOS:<br \/>\nTer qualquer vers\u00e3o do EXCEL e POWER BI instalada no computador.<\/p>\n<p>VANTAGENS:<br \/>\nSimplicidade em usar e c\u00e1lculos precisos.<\/p>\n<p>INFORMA\u00c7\u00d5ES \u00daTEIS:<br \/>\nSuporte p\u00f3s-venda, via e-mail, para esclarecer quaisquer d\u00favidas que possam surgir. Planilha original, comercializada pelo pr\u00f3prio desenvolvedor.<\/p>\n<p>Video explicativo da planilha:<\/p>\n<div class=\"ast-oembed-container \" style=\"height: 100%;\"><iframe title=\"Dashboard de Cargos e Sal\u00e1rios com plano de carreira em Power BI 1.0\" width=\"500\" height=\"281\" src=\"https:\/\/www.youtube.com\/embed\/zeewidf8nlY?feature=oembed&#038;enablejsapi=1&#038;origin=https:\/\/pacotedeplanilhas.com\" frameborder=\"0\" allow=\"accelerometer; autoplay; clipboard-write; encrypted-media; gyroscope; picture-in-picture; web-share\" referrerpolicy=\"strict-origin-when-cross-origin\" allowfullscreen><\/iframe><\/div>\n","protected":false},"excerpt":{"rendered":"<p>FA\u00c7A O CONTROLE E ACOMPANHAMENTO DE CARGOS E SAL\u00c1RIOS COM PLANO DE CARREIRA DA SUA EMPRESA DE MANEIRA SIMPLES E R\u00c1PIDA.<\/p>\n<p>&nbsp;<\/p>\n","protected":false},"featured_media":7242,"comment_status":"open","ping_status":"closed","template":"","meta":{"site-sidebar-layout":"default","site-content-layout":"default","ast-site-content-layout":"default","site-content-style":"default","site-sidebar-style":"default","ast-global-header-display":"","ast-banner-title-visibility":"","ast-main-header-display":"","ast-hfb-above-header-display":"","ast-hfb-below-header-display":"","ast-hfb-mobile-header-display":"","site-post-title":"","ast-breadcrumbs-content":"","ast-featured-img":"","footer-sml-layout":"","theme-transparent-header-meta":"default","adv-header-id-meta":"","stick-header-meta":"","header-above-stick-meta":"","header-main-stick-meta":"","header-below-stick-meta":"","astra-migrate-meta-layouts":"set","ast-page-background-enabled":"default","ast-page-background-meta":{"desktop":{"background-color":"","background-image":"","background-repeat":"repeat","background-position":"center center","background-size":"auto","background-attachment":"scroll","background-type":"","background-media":"","overlay-type":"","overlay-color":"","overlay-opacity":"","overlay-gradient":""},"tablet":{"background-color":"","background-image":"","background-repeat":"repeat","background-position":"center center","background-size":"auto","background-attachment":"scroll","background-type":"","background-media":"","overlay-type":"","overlay-color":"","overlay-opacity":"","overlay-gradient":""},"mobile":{"background-color":"","background-image":"","background-repeat":"repeat","background-position":"center center","background-size":"auto","background-attachment":"scroll","background-type":"","background-media":"","overlay-type":"","overlay-color":"","overlay-opacity":"","overlay-gradient":""}},"ast-content-background-meta":{"desktop":{"background-color":"var(--ast-global-color-5)","background-image":"","background-repeat":"repeat","background-position":"center center","background-size":"auto","background-attachment":"scroll","background-type":"","background-media":"","overlay-type":"","overlay-color":"","overlay-opacity":"","overlay-gradient":""},"tablet":{"background-color":"var(--ast-global-color-5)","background-image":"","background-repeat":"repeat","background-position":"center center","background-size":"auto","background-attachment":"scroll","background-type":"","background-media":"","overlay-type":"","overlay-color":"","overlay-opacity":"","overlay-gradient":""},"mobile":{"background-color":"var(--ast-global-color-5)","background-image":"","background-repeat":"repeat","background-position":"center center","background-size":"auto","background-attachment":"scroll","background-type":"","background-media":"","overlay-type":"","overlay-color":"","overlay-opacity":"","overlay-gradient":""}}},"product_brand":[],"product_cat":[176,990],"product_tag":[2160,2146,2157,2147,212,2159,2151,2148,2149,2155,2145,2153,2162,2144,2154,2161,2158,2156,2152,2150],"class_list":{"0":"post-7227","1":"product","2":"type-product","3":"status-publish","4":"has-post-thumbnail","6":"product_cat-power-bi","7":"product_cat-recursos-humanos","8":"product_tag-analise-de-desempenho-power-bi","9":"product_tag-cargos-e-salarios-rh","10":"product_tag-controle-de-colaboradores-power-bi","11":"product_tag-controle-de-promocoes-power-bi","12":"product_tag-dashboard-cargos-e-salarios","13":"product_tag-dashboard-plano-de-carreira","14":"product_tag-evolucao-salarial-power-bi","15":"product_tag-gestao-de-pessoas-power-bi","16":"product_tag-indicadores-rh-power-bi","17":"product_tag-painel-rh-power-bi","18":"product_tag-plano-de-cargos-e-salarios-power-bi","19":"product_tag-plano-de-carreira-empresarial","20":"product_tag-power-bi-gestao-de-cargos","21":"product_tag-power-bi-plano-de-carreira","22":"product_tag-power-bi-recursos-humanos","23":"product_tag-promocoes-funcionarios-power-bi","24":"product_tag-rh-digital-power-bi","25":"product_tag-rh-estrategico-power-bi","26":"product_tag-salario-por-cargo-power-bi","27":"product_tag-visualizacao-de-dados-rh","28":"desktop-align-left","29":"tablet-align-left","30":"mobile-align-left","32":"first","33":"instock","34":"virtual","35":"purchasable","36":"product-type-simple"},"_links":{"self":[{"href":"https:\/\/pacotedeplanilhas.com\/loja\/wp-json\/wp\/v2\/product\/7227","targetHints":{"allow":["GET"]}}],"collection":[{"href":"https:\/\/pacotedeplanilhas.com\/loja\/wp-json\/wp\/v2\/product"}],"about":[{"href":"https:\/\/pacotedeplanilhas.com\/loja\/wp-json\/wp\/v2\/types\/product"}],"replies":[{"embeddable":true,"href":"https:\/\/pacotedeplanilhas.com\/loja\/wp-json\/wp\/v2\/comments?post=7227"}],"version-history":[{"count":4,"href":"https:\/\/pacotedeplanilhas.com\/loja\/wp-json\/wp\/v2\/product\/7227\/revisions"}],"predecessor-version":[{"id":7249,"href":"https:\/\/pacotedeplanilhas.com\/loja\/wp-json\/wp\/v2\/product\/7227\/revisions\/7249"}],"wp:featuredmedia":[{"embeddable":true,"href":"https:\/\/pacotedeplanilhas.com\/loja\/wp-json\/wp\/v2\/media\/7242"}],"wp:attachment":[{"href":"https:\/\/pacotedeplanilhas.com\/loja\/wp-json\/wp\/v2\/media?parent=7227"}],"wp:term":[{"taxonomy":"product_brand","embeddable":true,"href":"https:\/\/pacotedeplanilhas.com\/loja\/wp-json\/wp\/v2\/product_brand?post=7227"},{"taxonomy":"product_cat","embeddable":true,"href":"https:\/\/pacotedeplanilhas.com\/loja\/wp-json\/wp\/v2\/product_cat?post=7227"},{"taxonomy":"product_tag","embeddable":true,"href":"https:\/\/pacotedeplanilhas.com\/loja\/wp-json\/wp\/v2\/product_tag?post=7227"}],"curies":[{"name":"wp","href":"https:\/\/api.w.org\/{rel}","templated":true}]}}