{"id":7256,"date":"2025-08-07T14:48:56","date_gmt":"2025-08-07T17:48:56","guid":{"rendered":"https:\/\/pacotedeplanilhas.com\/loja\/?post_type=product&#038;p=7256"},"modified":"2026-03-21T14:37:48","modified_gmt":"2026-03-21T17:37:48","slug":"dashboard-avaliacao-de-desempenho-por-competencias-1-0-no-power-bi","status":"publish","type":"product","link":"https:\/\/pacotedeplanilhas.com\/loja\/store\/power-bi\/dashboard-avaliacao-de-desempenho-por-competencias-1-0-no-power-bi\/","title":{"rendered":"Dashboard Avalia\u00e7\u00e3o de Desempenho por compet\u00eancias 1.0 no Power BI"},"content":{"rendered":"<p>FA\u00c7A O CONTROLE E ACOMPANHAMENTO DE AVALIA\u00c7\u00c3O DE DESEMPENHO POR COMPET\u00caNCIA DA SUA EMPRESA DE MANEIRA SIMPLES E R\u00c1PIDA.<\/p>\n<p>Funcionalidades<\/p>\n<p>Cadastro Funcion\u00e1rios:<\/p>\n<p>\u2013Funcion\u00e1rios, data de admiss\u00e3o, g\u00eanero, cargo, departamento, sal\u00e1rio, avaliador;<\/p>\n<p>Cadastros de Compet\u00eancias:<\/p>\n<p>\u2013Compet\u00eancia, nota total, nota m\u00ednima, nota m\u00e1xima, status;<\/p>\n<p>Lan\u00e7amentos:<\/p>\n<p>C\u00e9lulas manuais em branco:<\/p>\n<p>\u2013Funcion\u00e1rio, avaliador, data da avalia\u00e7\u00e3o, compet\u00eancia, nota;<\/p>\n<p>C\u00e9lulas em cinza que possuem preenchimento autom\u00e1tico:<\/p>\n<p>\u2013Nota total, percentual da nota, status, tempo de empresa, m\u00e9dia geral, status geral;<\/p>\n<p>Dashboard Avalia\u00e7\u00f5es Geral<\/p>\n<p>Valores totais:<\/p>\n<p>\u2013Quantidade de funcion\u00e1rios, quantidade de avalia\u00e7\u00f5es, percentual da nota, nora geral;<\/p>\n<p>Gr\u00e1ficos:<\/p>\n<p>\u2013Qtd de avalia\u00e7\u00f5es por m\u00eas, quantidade de funcion\u00e1rios por g\u00eanero, nota geral por departamento, nota feral por funcion\u00e1rio, nota geral por compet\u00eancia;<\/p>\n<p>Filtros em forma de segmenta\u00e7\u00e3o de dados<\/p>\n<p>\u2013Ano, m\u00eas, funcion\u00e1rio, cargo, departamento, avaliador, g\u00eanero;<\/p>\n<p>Dashboard De Avalia\u00e7\u00e3o Individual Por Funcion\u00e1rio<\/p>\n<p>\u2013Nome funcion\u00e1rio, status geral, m\u00e9dia geral, tempo de empresa, cargo, departamento, sal\u00e1rio, nota geral, percentual da nota, nota geral por setor, nota geral por compet\u00eancia;<\/p>\n<p>\u2013Sal\u00e1rio bruto por departamento, qtd de funcion\u00e1rios por tipo, sal\u00e1rio bruto por cargo, avali\u00e7\u00e3o de desempenho por funcion\u00e1rio;<\/p>\n<p>Filtros em forma de segmenta\u00e7\u00e3o de dados<\/p>\n<p>\u2013Ano, m\u00eas, funcion\u00e1rio, cargo, departamento, avaliador, g\u00eanero;<\/p>\n<p><span style=\"font-size: 16px;\">Planilha 100% edit\u00e1vel<\/span><\/p>\n<p>PR\u00c9-REQUISITOS:<br \/>\nTer qualquer vers\u00e3o do EXCEL e POWER BI instalada no computador.<\/p>\n<p>VANTAGENS:<br \/>\nSimplicidade em usar e c\u00e1lculos precisos.<\/p>\n<p>INFORMA\u00c7\u00d5ES \u00daTEIS:<br \/>\nSuporte p\u00f3s-venda, via e-mail, para esclarecer quaisquer d\u00favidas que possam surgir. Planilha original, comercializada pelo pr\u00f3prio desenvolvedor.<\/p>\n<p>Video explicativo da planilha:<\/p>\n<div class=\"ast-oembed-container \" style=\"height: 100%;\"><iframe title=\"Dashboard Avalia\u00e7\u00e3o de Desempenho por compet\u00eancias 1.0 no Power BI\" width=\"500\" height=\"281\" src=\"https:\/\/www.youtube.com\/embed\/n38UoXZIXnk?feature=oembed&#038;enablejsapi=1&#038;origin=https:\/\/pacotedeplanilhas.com\" frameborder=\"0\" allow=\"accelerometer; autoplay; clipboard-write; encrypted-media; gyroscope; picture-in-picture; web-share\" referrerpolicy=\"strict-origin-when-cross-origin\" allowfullscreen><\/iframe><\/div>\n","protected":false},"excerpt":{"rendered":"<p>FA\u00c7A O CONTROLE E ACOMPANHAMENTO DE AVALIA\u00c7\u00c3O DE DESEMPENHO POR COMPET\u00caNCIA DA SUA EMPRESA DE MANEIRA SIMPLES E R\u00c1PIDA.<\/p>\n<p>&nbsp;<\/p>\n","protected":false},"featured_media":7257,"comment_status":"open","ping_status":"closed","template":"","meta":{"site-sidebar-layout":"default","site-content-layout":"default","ast-site-content-layout":"default","site-content-style":"default","site-sidebar-style":"default","ast-global-header-display":"","ast-banner-title-visibility":"","ast-main-header-display":"","ast-hfb-above-header-display":"","ast-hfb-below-header-display":"","ast-hfb-mobile-header-display":"","site-post-title":"","ast-breadcrumbs-content":"","ast-featured-img":"","footer-sml-layout":"","theme-transparent-header-meta":"default","adv-header-id-meta":"","stick-header-meta":"","header-above-stick-meta":"","header-main-stick-meta":"","header-below-stick-meta":"","astra-migrate-meta-layouts":"set","ast-page-background-enabled":"default","ast-page-background-meta":{"desktop":{"background-color":"","background-image":"","background-repeat":"repeat","background-position":"center center","background-size":"auto","background-attachment":"scroll","background-type":"","background-media":"","overlay-type":"","overlay-color":"","overlay-opacity":"","overlay-gradient":""},"tablet":{"background-color":"","background-image":"","background-repeat":"repeat","background-position":"center center","background-size":"auto","background-attachment":"scroll","background-type":"","background-media":"","overlay-type":"","overlay-color":"","overlay-opacity":"","overlay-gradient":""},"mobile":{"background-color":"","background-image":"","background-repeat":"repeat","background-position":"center center","background-size":"auto","background-attachment":"scroll","background-type":"","background-media":"","overlay-type":"","overlay-color":"","overlay-opacity":"","overlay-gradient":""}},"ast-content-background-meta":{"desktop":{"background-color":"var(--ast-global-color-5)","background-image":"","background-repeat":"repeat","background-position":"center center","background-size":"auto","background-attachment":"scroll","background-type":"","background-media":"","overlay-type":"","overlay-color":"","overlay-opacity":"","overlay-gradient":""},"tablet":{"background-color":"var(--ast-global-color-5)","background-image":"","background-repeat":"repeat","background-position":"center center","background-size":"auto","background-attachment":"scroll","background-type":"","background-media":"","overlay-type":"","overlay-color":"","overlay-opacity":"","overlay-gradient":""},"mobile":{"background-color":"var(--ast-global-color-5)","background-image":"","background-repeat":"repeat","background-position":"center center","background-size":"auto","background-attachment":"scroll","background-type":"","background-media":"","overlay-type":"","overlay-color":"","overlay-opacity":"","overlay-gradient":""}}},"product_brand":[],"product_cat":[176,990],"product_tag":[2160,2174,2163,2170,2175,2166,2165,2176,2164,2171,2167,2148,2149,2168,2155,2169,2173,2172,2156],"class_list":{"0":"post-7256","1":"product","2":"type-product","3":"status-publish","4":"has-post-thumbnail","6":"product_cat-power-bi","7":"product_cat-recursos-humanos","8":"product_tag-analise-de-desempenho-power-bi","9":"product_tag-avaliacao-comportamento-e-tecnica","10":"product_tag-avaliacao-de-desempenho-power-bi","11":"product_tag-avaliacao-de-desempenho-rh","12":"product_tag-avaliacao-funcionario-empresa","13":"product_tag-avaliacao-individual-colaboradores","14":"product_tag-avaliacao-por-competencia-power-bi","15":"product_tag-controle-de-avaliacao-por-competencia","16":"product_tag-dashboard-avaliacao-de-desempenho","17":"product_tag-dashboard-rh-por-competencia","18":"product_tag-desempenho-por-competencia","19":"product_tag-gestao-de-pessoas-power-bi","20":"product_tag-indicadores-rh-power-bi","21":"product_tag-nota-por-competencia-power-bi","22":"product_tag-painel-rh-power-bi","23":"product_tag-performance-de-funcionarios","24":"product_tag-power-bi-avaliacao-funcionario","25":"product_tag-relatorio-de-desempenho-power-bi","26":"product_tag-rh-estrategico-power-bi","27":"desktop-align-left","28":"tablet-align-left","29":"mobile-align-left","31":"first","32":"instock","33":"virtual","34":"purchasable","35":"product-type-simple"},"_links":{"self":[{"href":"https:\/\/pacotedeplanilhas.com\/loja\/wp-json\/wp\/v2\/product\/7256","targetHints":{"allow":["GET"]}}],"collection":[{"href":"https:\/\/pacotedeplanilhas.com\/loja\/wp-json\/wp\/v2\/product"}],"about":[{"href":"https:\/\/pacotedeplanilhas.com\/loja\/wp-json\/wp\/v2\/types\/product"}],"replies":[{"embeddable":true,"href":"https:\/\/pacotedeplanilhas.com\/loja\/wp-json\/wp\/v2\/comments?post=7256"}],"version-history":[{"count":2,"href":"https:\/\/pacotedeplanilhas.com\/loja\/wp-json\/wp\/v2\/product\/7256\/revisions"}],"predecessor-version":[{"id":7265,"href":"https:\/\/pacotedeplanilhas.com\/loja\/wp-json\/wp\/v2\/product\/7256\/revisions\/7265"}],"wp:featuredmedia":[{"embeddable":true,"href":"https:\/\/pacotedeplanilhas.com\/loja\/wp-json\/wp\/v2\/media\/7257"}],"wp:attachment":[{"href":"https:\/\/pacotedeplanilhas.com\/loja\/wp-json\/wp\/v2\/media?parent=7256"}],"wp:term":[{"taxonomy":"product_brand","embeddable":true,"href":"https:\/\/pacotedeplanilhas.com\/loja\/wp-json\/wp\/v2\/product_brand?post=7256"},{"taxonomy":"product_cat","embeddable":true,"href":"https:\/\/pacotedeplanilhas.com\/loja\/wp-json\/wp\/v2\/product_cat?post=7256"},{"taxonomy":"product_tag","embeddable":true,"href":"https:\/\/pacotedeplanilhas.com\/loja\/wp-json\/wp\/v2\/product_tag?post=7256"}],"curies":[{"name":"wp","href":"https:\/\/api.w.org\/{rel}","templated":true}]}}