{"id":7317,"date":"2025-09-09T15:30:38","date_gmt":"2025-09-09T18:30:38","guid":{"rendered":"https:\/\/pacotedeplanilhas.com\/loja\/?post_type=product&#038;p=7317"},"modified":"2025-10-22T16:57:43","modified_gmt":"2025-10-22T19:57:43","slug":"dashboard-de-orcado-x-realizado-1-2-no-power-bi","status":"publish","type":"product","link":"https:\/\/pacotedeplanilhas.com\/loja\/store\/financeiro\/dashboard-de-orcado-x-realizado-1-2-no-power-bi\/","title":{"rendered":"Dashboard de Or\u00e7ado x Realizado 1.2 no Power BI"},"content":{"rendered":"<p>FA\u00c7A O CONTROLE E ACOMPANHAMENTO DE OR\u00c7ADO x REALIZADO DA SUA EMPRESA DE MANEIRA SIMPLES E R\u00c1PIDA.<\/p>\n<p>Funcionalidades:<\/p>\n<p>Lan\u00e7amentos Or\u00e7ado:<\/p>\n<p>\u2013Data, departamento, descri\u00e7\u00e3o, valor, origem;<\/p>\n<p>Lan\u00e7amentos Realizado:<\/p>\n<p>\u2013Data, departamento, descri\u00e7\u00e3o, valor, origem;<\/p>\n<p>Cadastro:<\/p>\n<p>\u2013Departamento;<\/p>\n<p>Dashboard Or\u00e7ado x Realizado<\/p>\n<p>Valores totais:<\/p>\n<p>\u2013Or\u00e7ado, realizado, saldo, rolagem budget, percentual conclu\u00eddo;<\/p>\n<p>Gr\u00e1ficos:<\/p>\n<p>\u2013Or\u00e7ado x Realizado por m\u00eas, diferen\u00e7a de rolagem x novo or\u00e7ado x realizado por m\u00eas;<\/p>\n<p>Filtros em forma de segmenta\u00e7\u00e3o de dados:<\/p>\n<p>\u2013Ano, m\u00eas, departamento, descri\u00e7\u00e3o;<\/p>\n<p>Dashboard por Departamento<\/p>\n<p>Valores totais:<\/p>\n<p>\u2013Or\u00e7ado, realizado, saldo, rolagem budget, percentual conclu\u00eddo;<\/p>\n<p>Gr\u00e1ficos:<\/p>\n<p>\u2013Participa\u00e7\u00e3o or\u00e7ado x realizado por departamentos, realizado x saldo, valor total x realizado;<\/p>\n<p>Filtros em forma de segmenta\u00e7\u00e3o de dados:<\/p>\n<p>\u2013Ano, m\u00eas, departamento, descri\u00e7\u00e3o;<\/p>\n<p>Planilha 100% edit\u00e1vel<\/p>\n<p>PR\u00c9-REQUISITOS:<br \/>\nTer qualquer vers\u00e3o do EXCEL, POWER BI\u00a0 instalada no computador.<\/p>\n<p>VANTAGENS:<br \/>\nSimplicidade em usar e c\u00e1lculos precisos.<\/p>\n<p>INFORMA\u00c7\u00d5ES \u00daTEIS:<br \/>\nSuporte p\u00f3s-venda, via e-mail, para esclarecer quaisquer d\u00favidas que possam surgir. Planilha original, comercializada pelo pr\u00f3prio desenvolvedor.<\/p>\n<p>Video explicativo da planilha:<\/p>\n<div class=\"ast-oembed-container \" style=\"height: 100%;\"><iframe title=\"Dashboard de Or\u00e7ado x Realizado 1.2 no Power BI\" width=\"500\" height=\"281\" src=\"https:\/\/www.youtube.com\/embed\/3ld26z49Zv4?feature=oembed&#038;enablejsapi=1&#038;origin=https:\/\/pacotedeplanilhas.com\" frameborder=\"0\" allow=\"accelerometer; autoplay; clipboard-write; encrypted-media; gyroscope; picture-in-picture; web-share\" referrerpolicy=\"strict-origin-when-cross-origin\" allowfullscreen><\/iframe><\/div>\n<p>&nbsp;<\/p>\n","protected":false},"excerpt":{"rendered":"<p>FA\u00c7A O CONTROLE E ACOMPANHAMENTO DE OR\u00c7ADO x REALIZADO DA SUA EMPRESA DE MANEIRA SIMPLES E R\u00c1PIDA.<\/p>\n","protected":false},"featured_media":7326,"comment_status":"open","ping_status":"closed","template":"","meta":{"site-sidebar-layout":"default","site-content-layout":"default","ast-site-content-layout":"default","site-content-style":"default","site-sidebar-style":"default","ast-global-header-display":"","ast-banner-title-visibility":"","ast-main-header-display":"","ast-hfb-above-header-display":"","ast-hfb-below-header-display":"","ast-hfb-mobile-header-display":"","site-post-title":"","ast-breadcrumbs-content":"","ast-featured-img":"","footer-sml-layout":"","theme-transparent-header-meta":"default","adv-header-id-meta":"","stick-header-meta":"","header-above-stick-meta":"","header-main-stick-meta":"","header-below-stick-meta":"","astra-migrate-meta-layouts":"set","ast-page-background-enabled":"default","ast-page-background-meta":{"desktop":{"background-color":"","background-image":"","background-repeat":"repeat","background-position":"center center","background-size":"auto","background-attachment":"scroll","background-type":"","background-media":"","overlay-type":"","overlay-color":"","overlay-opacity":"","overlay-gradient":""},"tablet":{"background-color":"","background-image":"","background-repeat":"repeat","background-position":"center center","background-size":"auto","background-attachment":"scroll","background-type":"","background-media":"","overlay-type":"","overlay-color":"","overlay-opacity":"","overlay-gradient":""},"mobile":{"background-color":"","background-image":"","background-repeat":"repeat","background-position":"center center","background-size":"auto","background-attachment":"scroll","background-type":"","background-media":"","overlay-type":"","overlay-color":"","overlay-opacity":"","overlay-gradient":""}},"ast-content-background-meta":{"desktop":{"background-color":"var(--ast-global-color-5)","background-image":"","background-repeat":"repeat","background-position":"center center","background-size":"auto","background-attachment":"scroll","background-type":"","background-media":"","overlay-type":"","overlay-color":"","overlay-opacity":"","overlay-gradient":""},"tablet":{"background-color":"var(--ast-global-color-5)","background-image":"","background-repeat":"repeat","background-position":"center center","background-size":"auto","background-attachment":"scroll","background-type":"","background-media":"","overlay-type":"","overlay-color":"","overlay-opacity":"","overlay-gradient":""},"mobile":{"background-color":"var(--ast-global-color-5)","background-image":"","background-repeat":"repeat","background-position":"center center","background-size":"auto","background-attachment":"scroll","background-type":"","background-media":"","overlay-type":"","overlay-color":"","overlay-opacity":"","overlay-gradient":""}}},"product_brand":[],"product_cat":[991,176],"product_tag":[2232,2236,2229,818,2224,2238,2231,812,2227,2223,2234,2237,2228,2235,2240,2233,2226,2225,2239,2230],"class_list":{"0":"post-7317","1":"product","2":"type-product","3":"status-publish","4":"has-post-thumbnail","6":"product_cat-financeiro","7":"product_cat-power-bi","8":"product_tag-acompanhamento-financeiro","9":"product_tag-analise-financeira-power-bi","10":"product_tag-analise-orcado-realizado","11":"product_tag-controle-de-orcamento","12":"product_tag-controle-orcado-x-realizado","13":"product_tag-dashboard-de-orcamento","14":"product_tag-dashboard-empresarial","15":"product_tag-dashboard-financeiro","16":"product_tag-dashboard-financeiro-power-bi","17":"product_tag-dashboard-orcado-x-realizado","18":"product_tag-gestao-de-custos-power-bi","19":"product_tag-gestao-financeira-em-power-bi","20":"product_tag-gestao-orcamentaria","21":"product_tag-indicadores-financeiros-power-bi","22":"product_tag-orcado-realizado-por-departamento","23":"product_tag-planejamento-orcamentario","24":"product_tag-planilha-orcado-x-realizado","25":"product_tag-power-bi-orcado-x-realizado","26":"product_tag-relatorio-orcado-x-realizado","27":"product_tag-rolagem-budget-power-bi","28":"desktop-align-left","29":"tablet-align-left","30":"mobile-align-left","32":"first","33":"instock","34":"virtual","35":"purchasable","36":"product-type-simple"},"_links":{"self":[{"href":"https:\/\/pacotedeplanilhas.com\/loja\/wp-json\/wp\/v2\/product\/7317","targetHints":{"allow":["GET"]}}],"collection":[{"href":"https:\/\/pacotedeplanilhas.com\/loja\/wp-json\/wp\/v2\/product"}],"about":[{"href":"https:\/\/pacotedeplanilhas.com\/loja\/wp-json\/wp\/v2\/types\/product"}],"replies":[{"embeddable":true,"href":"https:\/\/pacotedeplanilhas.com\/loja\/wp-json\/wp\/v2\/comments?post=7317"}],"version-history":[{"count":2,"href":"https:\/\/pacotedeplanilhas.com\/loja\/wp-json\/wp\/v2\/product\/7317\/revisions"}],"predecessor-version":[{"id":7447,"href":"https:\/\/pacotedeplanilhas.com\/loja\/wp-json\/wp\/v2\/product\/7317\/revisions\/7447"}],"wp:featuredmedia":[{"embeddable":true,"href":"https:\/\/pacotedeplanilhas.com\/loja\/wp-json\/wp\/v2\/media\/7326"}],"wp:attachment":[{"href":"https:\/\/pacotedeplanilhas.com\/loja\/wp-json\/wp\/v2\/media?parent=7317"}],"wp:term":[{"taxonomy":"product_brand","embeddable":true,"href":"https:\/\/pacotedeplanilhas.com\/loja\/wp-json\/wp\/v2\/product_brand?post=7317"},{"taxonomy":"product_cat","embeddable":true,"href":"https:\/\/pacotedeplanilhas.com\/loja\/wp-json\/wp\/v2\/product_cat?post=7317"},{"taxonomy":"product_tag","embeddable":true,"href":"https:\/\/pacotedeplanilhas.com\/loja\/wp-json\/wp\/v2\/product_tag?post=7317"}],"curies":[{"name":"wp","href":"https:\/\/api.w.org\/{rel}","templated":true}]}}