{"id":7325,"date":"2025-09-09T16:08:34","date_gmt":"2025-09-09T19:08:34","guid":{"rendered":"https:\/\/pacotedeplanilhas.com\/loja\/?post_type=product&#038;p=7325"},"modified":"2025-10-22T16:57:04","modified_gmt":"2025-10-22T19:57:04","slug":"dashboard-fluxo-de-caixa-1-0-no-power-bi","status":"publish","type":"product","link":"https:\/\/pacotedeplanilhas.com\/loja\/store\/financeiro\/dashboard-fluxo-de-caixa-1-0-no-power-bi\/","title":{"rendered":"Dashboard Fluxo de Caixa 1.0 no Power BI"},"content":{"rendered":"<p>FA\u00c7A O CONTROLE E ACOMPANHAMENTO DE FLUXO DE CAIXA DA SUA EMPRESA DE MANEIRA SIMPLES E R\u00c1PIDA.<\/p>\n<p>Funcionalidades<\/p>\n<p>Cadastros<\/p>\n<p>\u2013Status, formas de pagamentos, tipo de conta, banco, imagem, cod cliente, nome cliente, telefone, n\u00b0 titulo, score do cliente, pontua\u00e7\u00e3o, empresa, cod fornecedor, nome fornecedor, telefone, n\u00b0 titulo;<\/p>\n<p>Lan\u00e7amentos Contas a Receber<\/p>\n<p>C\u00e9lulas manuis em branco<\/p>\n<p>\u2013Empresas, cod fornecedor, parcela, valor, juros ou multa, data vencimento, data pagemnto, tipo de conta, banco, descri\u00e7\u00e3o, formas de pagamento, status;<\/p>\n<p>C\u00e9lulas em cinza possuem preenchimento autom\u00e1tico<\/p>\n<p>\u2013Nome do fornecedor, telefone, n\u00b0 titulo, valor total, valor pago, valor em aberto, valor em atraso, imagem do banco;<\/p>\n<p>Lan\u00e7amentos Contas a Pagar<\/p>\n<p>C\u00e9lulas manuis em branco<\/p>\n<p>\u2013Empresas, cod cliente, parcela, valor, desconto, data vencimento, data do recebimento, tipo de conta, banco, descri\u00e7\u00e3o, formas de pagamento, status;<\/p>\n<p>C\u00e9lulas em cinza possuem preenchimento autom\u00e1tico<\/p>\n<p>\u2013Nome cliente, telefone, n\u00b0 titulo, valor total, score do cliente, valor recebido, valor em aberto, valor em atraso, imagem banco;<\/p>\n<p>Dashboard Fluxo de Caixa<\/p>\n<p>Valores totais:<\/p>\n<p>\u2013Saldo, valor recebido, valor a receber, valor pago, valor a pagar;<\/p>\n<p>Gr\u00e1ficos:<\/p>\n<p>\u2013Taxa de inadimpl\u00eancia a receber, taxa de inadipl\u00eancia a pagar, saldo do m\u00eas, valor em aberto pagar x valor em aberto a perecber por m\u00eas;<\/p>\n<p>Filtros em forma de segmenta\u00e7\u00e3o de dados<\/p>\n<p>\u2013Ano, m\u00eas, banco, status, conta, empresa;<\/p>\n<p>Dashboard Clientes e Fornecedores<\/p>\n<p>Valores totais:<\/p>\n<p>\u2013Saldo, valor recebido, valor a receber, valor pago, valor a pagar;<\/p>\n<p>Gr\u00e1ficos:<\/p>\n<p>\u2013Valor pago por tipo de conta, contas pagas por fornecedor, valor recebido por tipo de conta, score dos clientes;<\/p>\n<p>Filtros em forma de segmenta\u00e7\u00e3o de dados<\/p>\n<p>\u2013Ano, m\u00eas, banco, status, conta, empresa;<\/p>\n<p>Planilha 100% edit\u00e1vel<\/p>\n<p>PR\u00c9-REQUISITOS:<br \/>\nTer qualquer vers\u00e3o do EXCEL instalada no computador.<\/p>\n<p>VANTAGENS:<br \/>\nSimplicidade em usar e c\u00e1lculos precisos.<\/p>\n<p>INFORMA\u00c7\u00d5ES \u00daTEIS:<br \/>\nSuporte p\u00f3s-venda, via e-mail, para esclarecer quaisquer d\u00favidas que possam surgir. Planilha original, comercializada pelo pr\u00f3prio desenvolvedor.<\/p>\n<p>Video explicativo da planilha:<\/p>\n<div class=\"ast-oembed-container \" style=\"height: 100%;\"><iframe title=\"Dashboard Fluxo de Caixa 1.0 no Power BI\" width=\"500\" height=\"281\" src=\"https:\/\/www.youtube.com\/embed\/lsOX_fWCDSI?feature=oembed&#038;enablejsapi=1&#038;origin=https:\/\/pacotedeplanilhas.com\" frameborder=\"0\" allow=\"accelerometer; autoplay; clipboard-write; encrypted-media; gyroscope; picture-in-picture; web-share\" referrerpolicy=\"strict-origin-when-cross-origin\" allowfullscreen><\/iframe><\/div>\n","protected":false},"excerpt":{"rendered":"<p>FA\u00c7A O CONTROLE E ACOMPANHAMENTO DE FLUXO DE CAIXA DA SUA EMPRESA DE MANEIRA SIMPLES E R\u00c1PIDA.<\/p>\n","protected":false},"featured_media":7327,"comment_status":"open","ping_status":"closed","template":"","meta":{"site-sidebar-layout":"default","site-content-layout":"default","ast-site-content-layout":"default","site-content-style":"default","site-sidebar-style":"default","ast-global-header-display":"","ast-banner-title-visibility":"","ast-main-header-display":"","ast-hfb-above-header-display":"","ast-hfb-below-header-display":"","ast-hfb-mobile-header-display":"","site-post-title":"","ast-breadcrumbs-content":"","ast-featured-img":"","footer-sml-layout":"","theme-transparent-header-meta":"default","adv-header-id-meta":"","stick-header-meta":"","header-above-stick-meta":"","header-main-stick-meta":"","header-below-stick-meta":"","astra-migrate-meta-layouts":"set","ast-page-background-enabled":"default","ast-page-background-meta":{"desktop":{"background-color":"","background-image":"","background-repeat":"repeat","background-position":"center center","background-size":"auto","background-attachment":"scroll","background-type":"","background-media":"","overlay-type":"","overlay-color":"","overlay-opacity":"","overlay-gradient":""},"tablet":{"background-color":"","background-image":"","background-repeat":"repeat","background-position":"center center","background-size":"auto","background-attachment":"scroll","background-type":"","background-media":"","overlay-type":"","overlay-color":"","overlay-opacity":"","overlay-gradient":""},"mobile":{"background-color":"","background-image":"","background-repeat":"repeat","background-position":"center center","background-size":"auto","background-attachment":"scroll","background-type":"","background-media":"","overlay-type":"","overlay-color":"","overlay-opacity":"","overlay-gradient":""}},"ast-content-background-meta":{"desktop":{"background-color":"var(--ast-global-color-5)","background-image":"","background-repeat":"repeat","background-position":"center center","background-size":"auto","background-attachment":"scroll","background-type":"","background-media":"","overlay-type":"","overlay-color":"","overlay-opacity":"","overlay-gradient":""},"tablet":{"background-color":"var(--ast-global-color-5)","background-image":"","background-repeat":"repeat","background-position":"center center","background-size":"auto","background-attachment":"scroll","background-type":"","background-media":"","overlay-type":"","overlay-color":"","overlay-opacity":"","overlay-gradient":""},"mobile":{"background-color":"var(--ast-global-color-5)","background-image":"","background-repeat":"repeat","background-position":"center center","background-size":"auto","background-attachment":"scroll","background-type":"","background-media":"","overlay-type":"","overlay-color":"","overlay-opacity":"","overlay-gradient":""}}},"product_brand":[],"product_cat":[991,176],"product_tag":[2236,2243,2249,1677,2252,2245,2227,2242,2106,1557,2244,2241,2247,2251,2237,2235,2253,2248,2250,2246],"class_list":{"0":"post-7325","1":"product","2":"type-product","3":"status-publish","4":"has-post-thumbnail","6":"product_cat-financeiro","7":"product_cat-power-bi","8":"product_tag-analise-financeira-power-bi","9":"product_tag-contas-a-pagar-e-a-receber-power-bi","10":"product_tag-controle-contas-a-pagar-e-receber","11":"product_tag-controle-financeiro-power-bi","12":"product_tag-controle-financeiro-simples-e-rapido","13":"product_tag-dashboard-clientes-fornecedores","14":"product_tag-dashboard-financeiro-power-bi","15":"product_tag-dashboard-fluxo-de-caixa","16":"product_tag-dashboard-interativo-power-bi","17":"product_tag-dashboard-para-empresas","18":"product_tag-fluxo-de-caixa-empresarial","19":"product_tag-fluxo-de-caixa-power-bi","20":"product_tag-gestao-de-contas-power-bi","21":"product_tag-gestao-de-pagamentos-e-recebimentos","22":"product_tag-gestao-financeira-em-power-bi","23":"product_tag-indicadores-financeiros-power-bi","24":"product_tag-planejamento-financeiro-power-bi","25":"product_tag-relatorios-financeiros-power-bi","26":"product_tag-saldo-mensal-fluxo-de-caixa","27":"product_tag-taxa-de-inadimplencia-power-bi","28":"desktop-align-left","29":"tablet-align-left","30":"mobile-align-left","32":"first","33":"instock","34":"virtual","35":"purchasable","36":"product-type-simple"},"_links":{"self":[{"href":"https:\/\/pacotedeplanilhas.com\/loja\/wp-json\/wp\/v2\/product\/7325","targetHints":{"allow":["GET"]}}],"collection":[{"href":"https:\/\/pacotedeplanilhas.com\/loja\/wp-json\/wp\/v2\/product"}],"about":[{"href":"https:\/\/pacotedeplanilhas.com\/loja\/wp-json\/wp\/v2\/types\/product"}],"replies":[{"embeddable":true,"href":"https:\/\/pacotedeplanilhas.com\/loja\/wp-json\/wp\/v2\/comments?post=7325"}],"version-history":[{"count":2,"href":"https:\/\/pacotedeplanilhas.com\/loja\/wp-json\/wp\/v2\/product\/7325\/revisions"}],"predecessor-version":[{"id":7334,"href":"https:\/\/pacotedeplanilhas.com\/loja\/wp-json\/wp\/v2\/product\/7325\/revisions\/7334"}],"wp:featuredmedia":[{"embeddable":true,"href":"https:\/\/pacotedeplanilhas.com\/loja\/wp-json\/wp\/v2\/media\/7327"}],"wp:attachment":[{"href":"https:\/\/pacotedeplanilhas.com\/loja\/wp-json\/wp\/v2\/media?parent=7325"}],"wp:term":[{"taxonomy":"product_brand","embeddable":true,"href":"https:\/\/pacotedeplanilhas.com\/loja\/wp-json\/wp\/v2\/product_brand?post=7325"},{"taxonomy":"product_cat","embeddable":true,"href":"https:\/\/pacotedeplanilhas.com\/loja\/wp-json\/wp\/v2\/product_cat?post=7325"},{"taxonomy":"product_tag","embeddable":true,"href":"https:\/\/pacotedeplanilhas.com\/loja\/wp-json\/wp\/v2\/product_tag?post=7325"}],"curies":[{"name":"wp","href":"https:\/\/api.w.org\/{rel}","templated":true}]}}