{"id":7344,"date":"2025-09-23T15:36:41","date_gmt":"2025-09-23T18:36:41","guid":{"rendered":"https:\/\/pacotedeplanilhas.com\/loja\/?post_type=product&#038;p=7344"},"modified":"2025-10-22T16:56:23","modified_gmt":"2025-10-22T19:56:23","slug":"controle-de-exames-e-atestados-em-power-bi-1-1","status":"publish","type":"product","link":"https:\/\/pacotedeplanilhas.com\/loja\/store\/power-bi\/controle-de-exames-e-atestados-em-power-bi-1-1\/","title":{"rendered":"Controle de Exames e Atestados em Power BI 1.1"},"content":{"rendered":"<p>FA\u00c7A O CONTROLE E ACOMPANHAMENTO DE EXAMES E ATESTADOS DA SUA EMPRESA DE MANEIRA SIMPLES E R\u00c1PIDA.<\/p>\n<p>Funcionalidades<\/p>\n<p>Cadastros<\/p>\n<p>\u2013Empresa, filial, setor, cargo, m\u00e9dico, especialidade, registro;<\/p>\n<p>Cadastros Funcion\u00e1rios<\/p>\n<p>C\u00e9lulas manuis em branco<\/p>\n<p>\u2013Empresa, filial, funcioon\u00e1rio, setor, cargo, data admiss\u00e3o, data nascimento, data demiss\u00e3o, data \u00faltimo exame, matr\u00edcula, sexo, fuma, consome alcool, atividade f\u00edsica, estressado;<\/p>\n<p>C\u00e9lulas em cinza possuem preenchimento autom\u00e1tico<\/p>\n<p>\u2013Status;<\/p>\n<p>Lan\u00e7amentos Exames Previstos<\/p>\n<p>C\u00e9lulas manuis em branco<\/p>\n<p>\u2013Empresas, filial, funcion\u00e1rio, procedimento, setor, cargo, regime revezamento, data prevista, data \u00faltimo exame clinico, periodicidade, cr\u00f4nico;<\/p>\n<p>Lan\u00e7amentos Exames Realizados<\/p>\n<p>\u2013Empresas, filial, funcion\u00e1rio, procedimento, setor, cargo, regime revezamento, data exame, credenciado;<\/p>\n<p>Lan\u00e7amentos Atestado<\/p>\n<p>C\u00e9lulas manuis em branco<\/p>\n<p>\u2013Empresas, filial, funcion\u00e1rio, procedimento, setor, cargo, data atestado, tipo, data in\u00edcio, data fim, quantidade de dias, hora inicial, hora fim, quantidade de horas, cid, motivo, m\u00e9dico, inclus\u00e3o;<\/p>\n<p>C\u00e9lulas em cinza possuem preenchimento autom\u00e1tico<\/p>\n<p>\u2013Especialidade, registro;<\/p>\n<p>Dashboard Funcion\u00e1rios<\/p>\n<p>Valores totais:<\/p>\n<p>\u2013Funcion\u00e1rios ativos, funcion\u00e1rios fumantes, funcion\u00e1rios bebem, funcion\u00e1rios atividade f\u00edsica, funcion\u00e1rios estressados.<\/p>\n<p>Gr\u00e1ficos:<\/p>\n<p>\u2013Funcion\u00e1rios ativos por filial, funcion\u00e1rios ativos por sexo, funcion\u00e1rios ativos por setor, funcion\u00e1rios ativos por cargo;<\/p>\n<p>Filtros em forma de segmenta\u00e7\u00e3o de dados<\/p>\n<p>\u2013Empresa, filial, funcion\u00e1ro, setor, cargo, sexo;<\/p>\n<p>Dashboard Exames;<\/p>\n<p>Valores totais:<\/p>\n<p>\u2013Exames realixados, exames previstos, percentual de conclus\u00e3o;<\/p>\n<p>Gr\u00e1ficos:<\/p>\n<p>\u2013Exames realizados x exames previstos por m\u00eas, exames realizados por credenciado, exames realizados por filial, exames realizados por setor, exames realizados por procedimento;<\/p>\n<p>Filtros em forma de segmenta\u00e7\u00e3o de dados<\/p>\n<p>\u2013Ano, m\u00eas, funcion\u00e1rio, empresa, filial, setor, procedimento;<\/p>\n<p>Dashboard Exames Previstos<\/p>\n<p>Valores totais:<\/p>\n<p>\u2013Exames realixados, exames previstos, percentual de conclus\u00e3o;<\/p>\n<p>Gr\u00e1ficos:<\/p>\n<p>\u2013Exames previstos por m\u00eas, exames previstos cr\u00f4nicos, exames previstos por filial, exames previstos por setor, exames previstos por procedimento;<\/p>\n<p>Filtros em forma de segmenta\u00e7\u00e3o de dados<\/p>\n<p>\u2013Ano, m\u00eas, funcion\u00e1rio, empresa, filial, setor, procedimento;<\/p>\n<p>Dashboard Atestado<\/p>\n<p>Valores totais:<\/p>\n<p>\u2013Quantidade de atestados, quantidade de dias afastados, horas afastadas(hh:mm:ss)<\/p>\n<p>Gr\u00e1ficos:<\/p>\n<p>\u2013Quantidade de atestados por m\u00eas, quantidade de atestados por tipo, quantidade de atestados por filial, quantidade de atestados por cid, quantidade de atestados por setor;<\/p>\n<p>Filtros em forma de segmenta\u00e7\u00e3o de dados<\/p>\n<p>\u2013Ano, m\u00eas, funcion\u00e1rio, filial, setor, especialidade;<\/p>\n<p>Planilha 100% edit\u00e1vel<\/p>\n<p>PR\u00c9-REQUISITOS:<br \/>\nTer qualquer vers\u00e3o do EXCEL instalada no computador.<\/p>\n<p>VANTAGENS:<br \/>\nSimplicidade em usar e c\u00e1lculos precisos.<\/p>\n<p>INFORMA\u00c7\u00d5ES \u00daTEIS:<br \/>\nSuporte p\u00f3s-venda, via e-mail, para esclarecer quaisquer d\u00favidas que possam surgir. Planilha original, comercializada pelo pr\u00f3prio desenvolvedor.<\/p>\n<p>Video explicativo da planilha:<\/p>\n<div class=\"ast-oembed-container \" style=\"height: 100%;\"><iframe title=\"Controle de Exames e Atestados em Power BI\" width=\"500\" height=\"281\" src=\"https:\/\/www.youtube.com\/embed\/C3O2NR_Ib2c?feature=oembed&#038;enablejsapi=1&#038;origin=https:\/\/pacotedeplanilhas.com\" frameborder=\"0\" allow=\"accelerometer; autoplay; clipboard-write; encrypted-media; gyroscope; picture-in-picture; web-share\" referrerpolicy=\"strict-origin-when-cross-origin\" allowfullscreen><\/iframe><\/div>\n","protected":false},"excerpt":{"rendered":"<p>FA\u00c7A O CONTROLE E ACOMPANHAMENTO DE EXAMES E ATESTADOS DE CAIXA DA SUA EMPRESA DE MANEIRA SIMPLES E R\u00c1PIDA.<\/p>\n","protected":false},"featured_media":7345,"comment_status":"open","ping_status":"closed","template":"","meta":{"site-sidebar-layout":"default","site-content-layout":"default","ast-site-content-layout":"default","site-content-style":"default","site-sidebar-style":"default","ast-global-header-display":"","ast-banner-title-visibility":"","ast-main-header-display":"","ast-hfb-above-header-display":"","ast-hfb-below-header-display":"","ast-hfb-mobile-header-display":"","site-post-title":"","ast-breadcrumbs-content":"","ast-featured-img":"","footer-sml-layout":"","theme-transparent-header-meta":"default","adv-header-id-meta":"","stick-header-meta":"","header-above-stick-meta":"","header-main-stick-meta":"","header-below-stick-meta":"","astra-migrate-meta-layouts":"set","ast-page-background-enabled":"default","ast-page-background-meta":{"desktop":{"background-color":"","background-image":"","background-repeat":"repeat","background-position":"center center","background-size":"auto","background-attachment":"scroll","background-type":"","background-media":"","overlay-type":"","overlay-color":"","overlay-opacity":"","overlay-gradient":""},"tablet":{"background-color":"","background-image":"","background-repeat":"repeat","background-position":"center center","background-size":"auto","background-attachment":"scroll","background-type":"","background-media":"","overlay-type":"","overlay-color":"","overlay-opacity":"","overlay-gradient":""},"mobile":{"background-color":"","background-image":"","background-repeat":"repeat","background-position":"center center","background-size":"auto","background-attachment":"scroll","background-type":"","background-media":"","overlay-type":"","overlay-color":"","overlay-opacity":"","overlay-gradient":""}},"ast-content-background-meta":{"desktop":{"background-color":"var(--ast-global-color-5)","background-image":"","background-repeat":"repeat","background-position":"center center","background-size":"auto","background-attachment":"scroll","background-type":"","background-media":"","overlay-type":"","overlay-color":"","overlay-opacity":"","overlay-gradient":""},"tablet":{"background-color":"var(--ast-global-color-5)","background-image":"","background-repeat":"repeat","background-position":"center center","background-size":"auto","background-attachment":"scroll","background-type":"","background-media":"","overlay-type":"","overlay-color":"","overlay-opacity":"","overlay-gradient":""},"mobile":{"background-color":"var(--ast-global-color-5)","background-image":"","background-repeat":"repeat","background-position":"center center","background-size":"auto","background-attachment":"scroll","background-type":"","background-media":"","overlay-type":"","overlay-color":"","overlay-opacity":"","overlay-gradient":""}}},"product_brand":[],"product_cat":[176,994],"product_tag":[2259,2258,2270,2264,2254,2257,2262,2261,2269,1564,2268,2263,2260,2265,2266,2255,2256,2267,675],"class_list":{"0":"post-7344","1":"product","2":"type-product","3":"status-publish","4":"has-post-thumbnail","6":"product_cat-power-bi","7":"product_cat-seguranca-do-trabalho","8":"product_tag-controle-de-atestados-power-bi","9":"product_tag-controle-de-exames-power-bi","10":"product_tag-controle-de-funcionarios-power-bi","11":"product_tag-dashboard-exames-medicos","12":"product_tag-dashboard-power-bi-saude-ocupacional","13":"product_tag-dashboard-power-bi-sst","14":"product_tag-dashboard-recursos-humanos","15":"product_tag-dashboard-saude-do-trabalho","16":"product_tag-dashboard-saude-empresa","17":"product_tag-dashboard-seguranca-do-trabalho","18":"product_tag-gestao-de-colaboradores-power-bi","19":"product_tag-gestao-de-saude-ocupacional","20":"product_tag-gestao-saude-colaborador-power-bi","21":"product_tag-indicadores-de-saude-power-bi","22":"product_tag-power-bi-absenteismo-saude","23":"product_tag-power-bi-atestados","24":"product_tag-power-bi-exames-ocupacionais","25":"product_tag-relatorios-ocupacionais-power-bi","26":"product_tag-saude-e-seguranca-no-trabalho","27":"desktop-align-left","28":"tablet-align-left","29":"mobile-align-left","31":"first","32":"instock","33":"virtual","34":"purchasable","35":"product-type-simple"},"_links":{"self":[{"href":"https:\/\/pacotedeplanilhas.com\/loja\/wp-json\/wp\/v2\/product\/7344","targetHints":{"allow":["GET"]}}],"collection":[{"href":"https:\/\/pacotedeplanilhas.com\/loja\/wp-json\/wp\/v2\/product"}],"about":[{"href":"https:\/\/pacotedeplanilhas.com\/loja\/wp-json\/wp\/v2\/types\/product"}],"replies":[{"embeddable":true,"href":"https:\/\/pacotedeplanilhas.com\/loja\/wp-json\/wp\/v2\/comments?post=7344"}],"version-history":[{"count":5,"href":"https:\/\/pacotedeplanilhas.com\/loja\/wp-json\/wp\/v2\/product\/7344\/revisions"}],"predecessor-version":[{"id":7414,"href":"https:\/\/pacotedeplanilhas.com\/loja\/wp-json\/wp\/v2\/product\/7344\/revisions\/7414"}],"wp:featuredmedia":[{"embeddable":true,"href":"https:\/\/pacotedeplanilhas.com\/loja\/wp-json\/wp\/v2\/media\/7345"}],"wp:attachment":[{"href":"https:\/\/pacotedeplanilhas.com\/loja\/wp-json\/wp\/v2\/media?parent=7344"}],"wp:term":[{"taxonomy":"product_brand","embeddable":true,"href":"https:\/\/pacotedeplanilhas.com\/loja\/wp-json\/wp\/v2\/product_brand?post=7344"},{"taxonomy":"product_cat","embeddable":true,"href":"https:\/\/pacotedeplanilhas.com\/loja\/wp-json\/wp\/v2\/product_cat?post=7344"},{"taxonomy":"product_tag","embeddable":true,"href":"https:\/\/pacotedeplanilhas.com\/loja\/wp-json\/wp\/v2\/product_tag?post=7344"}],"curies":[{"name":"wp","href":"https:\/\/api.w.org\/{rel}","templated":true}]}}