{"id":7412,"date":"2025-10-10T16:15:09","date_gmt":"2025-10-10T19:15:09","guid":{"rendered":"https:\/\/pacotedeplanilhas.com\/loja\/?post_type=product&#038;p=7412"},"modified":"2025-10-23T10:14:52","modified_gmt":"2025-10-23T13:14:52","slug":"dashboard-controle-de-atestados-1-0","status":"publish","type":"product","link":"https:\/\/pacotedeplanilhas.com\/loja\/store\/power-bi\/dashboard-controle-de-atestados-1-0\/","title":{"rendered":"Dashboard Controle de Atestados 1.0"},"content":{"rendered":"<p>FA\u00c7A O CONTROLE E ACOMPANHAMENTO DE\u00a0 ATESTADOS DA SUA EMPRESA DE MANEIRA SIMPLES E R\u00c1PIDA.<\/p>\n<p>Funcionalidades<\/p>\n<p>Cadastros<\/p>\n<p>\u2013Empresa, filial, setor, cargo, m\u00e9dico, especialidade, registro;<\/p>\n<p>Cadastros Funcion\u00e1rios<\/p>\n<p>C\u00e9lulas manuis em branco<\/p>\n<p>\u2013Empresa, filial, funcioon\u00e1rio, setor, cargo, data admiss\u00e3o, data nascimento, data demiss\u00e3o, data \u00faltimo exame, matr\u00edcula, sexo, fuma, consome alcool, atividade f\u00edsica, estressado;<\/p>\n<p>C\u00e9lulas em cinza possuem preenchimento autom\u00e1tico<\/p>\n<p>\u2013Status;<\/p>\n<p>Lan\u00e7amentos Atestado<\/p>\n<p>C\u00e9lulas manuis em branco<\/p>\n<p>\u2013Empresas, filial, funcion\u00e1rio, procedimento, setor, cargo, data atestado, tipo, data in\u00edcio, data fim, quantidade de dias, hora in\u00edcio, hora fim, quantidade horas, cid, motivo, m\u00e9dico, inclus\u00e3o;<\/p>\n<p>C\u00e9lulas em cinza possuem preenchimento autom\u00e1tico<\/p>\n<p>\u2013Especialidade, registro;<\/p>\n<p>Dashboard Funcion\u00e1rios<\/p>\n<p>Valores totais:<\/p>\n<p>\u2013Funcion\u00e1rios ativos, funcion\u00e1rios fumantes, funcion\u00e1rios bebem, funcion\u00e1rios atividade f\u00edsica, funcion\u00e1rios estressados.<\/p>\n<p>Gr\u00e1ficos:<\/p>\n<p>\u2013Funcion\u00e1rios ativos por filial, funcion\u00e1rios ativos por sexo, funcion\u00e1rios ativos por setor, funcion\u00e1rios por tempo de empresa, funcion\u00e1rios ativos por cargo;<\/p>\n<p>Filtros em forma de segmenta\u00e7\u00e3o de dados<\/p>\n<p>\u2013Empresa, filial, funcion\u00e1ro, setor, cargo, sexo;<\/p>\n<p>Dashboard Atestado<\/p>\n<p>Valores totais:<\/p>\n<p>\u2013Quantidade de atestados, quantidade de dias afastados, horas afastadas(hh:mm:ss)<\/p>\n<p>Gr\u00e1ficos:<\/p>\n<p>\u2013Quantidade de atestados por m\u00eas, quantidade de atestados por tipo, quantidade de atestados por filial, quantidade de atestados por cid, quantidade de atestados por setor;<\/p>\n<p>Filtros em forma de segmenta\u00e7\u00e3o de dados<\/p>\n<p>\u2013Ano, m\u00eas, funcion\u00e1rio, filial, setor, m\u00e9dico, especialidade;<\/p>\n<p>Planilha 100% edit\u00e1vel<\/p>\n<p>PR\u00c9-REQUISITOS:<br \/>\nTer qualquer vers\u00e3o do EXCEL instalada no computador.<\/p>\n<p>VANTAGENS:<br \/>\nSimplicidade em usar e c\u00e1lculos precisos.<\/p>\n<p>INFORMA\u00c7\u00d5ES \u00daTEIS:<br \/>\nSuporte p\u00f3s-venda, via e-mail, para esclarecer quaisquer d\u00favidas que possam surgir. Planilha original, comercializada pelo pr\u00f3prio desenvolvedor.<\/p>\n<p>Video explicativo da planilha:<\/p>\n<div class=\"ast-oembed-container \" style=\"height: 100%;\"><iframe title=\"Dashboard Controle de Atestados 1.0\" width=\"500\" height=\"281\" src=\"https:\/\/www.youtube.com\/embed\/zna-hWaPIuk?feature=oembed&#038;enablejsapi=1&#038;origin=https:\/\/pacotedeplanilhas.com\" frameborder=\"0\" allow=\"accelerometer; autoplay; clipboard-write; encrypted-media; gyroscope; picture-in-picture; web-share\" referrerpolicy=\"strict-origin-when-cross-origin\" allowfullscreen><\/iframe><\/div>\n","protected":false},"excerpt":{"rendered":"<p>FA\u00c7A O CONTROLE E ACOMPANHAMENTO DE ATESTADOS DE CAIXA DA SUA EMPRESA DE MANEIRA SIMPLES E R\u00c1PIDA.<\/p>\n","protected":false},"featured_media":7415,"comment_status":"open","ping_status":"closed","template":"","meta":{"site-sidebar-layout":"default","site-content-layout":"default","ast-site-content-layout":"default","site-content-style":"default","site-sidebar-style":"default","ast-global-header-display":"","ast-banner-title-visibility":"","ast-main-header-display":"","ast-hfb-above-header-display":"","ast-hfb-below-header-display":"","ast-hfb-mobile-header-display":"","site-post-title":"","ast-breadcrumbs-content":"","ast-featured-img":"","footer-sml-layout":"","theme-transparent-header-meta":"default","adv-header-id-meta":"","stick-header-meta":"","header-above-stick-meta":"","header-main-stick-meta":"","header-below-stick-meta":"","astra-migrate-meta-layouts":"set","ast-page-background-enabled":"default","ast-page-background-meta":{"desktop":{"background-color":"","background-image":"","background-repeat":"repeat","background-position":"center center","background-size":"auto","background-attachment":"scroll","background-type":"","background-media":"","overlay-type":"","overlay-color":"","overlay-opacity":"","overlay-gradient":""},"tablet":{"background-color":"","background-image":"","background-repeat":"repeat","background-position":"center center","background-size":"auto","background-attachment":"scroll","background-type":"","background-media":"","overlay-type":"","overlay-color":"","overlay-opacity":"","overlay-gradient":""},"mobile":{"background-color":"","background-image":"","background-repeat":"repeat","background-position":"center center","background-size":"auto","background-attachment":"scroll","background-type":"","background-media":"","overlay-type":"","overlay-color":"","overlay-opacity":"","overlay-gradient":""}},"ast-content-background-meta":{"desktop":{"background-color":"var(--ast-global-color-5)","background-image":"","background-repeat":"repeat","background-position":"center center","background-size":"auto","background-attachment":"scroll","background-type":"","background-media":"","overlay-type":"","overlay-color":"","overlay-opacity":"","overlay-gradient":""},"tablet":{"background-color":"var(--ast-global-color-5)","background-image":"","background-repeat":"repeat","background-position":"center center","background-size":"auto","background-attachment":"scroll","background-type":"","background-media":"","overlay-type":"","overlay-color":"","overlay-opacity":"","overlay-gradient":""},"mobile":{"background-color":"var(--ast-global-color-5)","background-image":"","background-repeat":"repeat","background-position":"center center","background-size":"auto","background-attachment":"scroll","background-type":"","background-media":"","overlay-type":"","overlay-color":"","overlay-opacity":"","overlay-gradient":""}}},"product_brand":[],"product_cat":[176,990],"product_tag":[2328,2259,2325,2322,2327,2287,2323,2324,2320,2319,1975,2318,2321,2329,2326,2284],"class_list":{"0":"post-7412","1":"product","2":"type-product","3":"status-publish","4":"has-post-thumbnail","6":"product_cat-power-bi","7":"product_cat-recursos-humanos","8":"product_tag-analise-de-atestados-power-bi","9":"product_tag-controle-de-atestados-power-bi","10":"product_tag-controle-de-saude-do-trabalhador-power-bi","11":"product_tag-controle-medico-power-bi","12":"product_tag-dashboard-afastamentos-power-bi","13":"product_tag-dashboard-atestados-power-bi","14":"product_tag-dashboard-exames-e-atestados-power-bi","15":"product_tag-dashboard-funcionario-power-bi","16":"product_tag-dashboard-rh-power-bi","17":"product_tag-dashboard-saude-ocupacional-power-bi","18":"product_tag-dashboard-sst-power-bi","19":"product_tag-gestao-de-atestados-power-bi","20":"product_tag-indicadores-de-absenteismo-power-bi","21":"product_tag-power-bi-absenteismo","22":"product_tag-power-bi-gestao-de-pessoal","23":"product_tag-power-bi-medicina-do-trabalho","24":"desktop-align-left","25":"tablet-align-left","26":"mobile-align-left","28":"first","29":"instock","30":"shipping-taxable","31":"purchasable","32":"product-type-simple"},"_links":{"self":[{"href":"https:\/\/pacotedeplanilhas.com\/loja\/wp-json\/wp\/v2\/product\/7412","targetHints":{"allow":["GET"]}}],"collection":[{"href":"https:\/\/pacotedeplanilhas.com\/loja\/wp-json\/wp\/v2\/product"}],"about":[{"href":"https:\/\/pacotedeplanilhas.com\/loja\/wp-json\/wp\/v2\/types\/product"}],"replies":[{"embeddable":true,"href":"https:\/\/pacotedeplanilhas.com\/loja\/wp-json\/wp\/v2\/comments?post=7412"}],"version-history":[{"count":3,"href":"https:\/\/pacotedeplanilhas.com\/loja\/wp-json\/wp\/v2\/product\/7412\/revisions"}],"predecessor-version":[{"id":7422,"href":"https:\/\/pacotedeplanilhas.com\/loja\/wp-json\/wp\/v2\/product\/7412\/revisions\/7422"}],"wp:featuredmedia":[{"embeddable":true,"href":"https:\/\/pacotedeplanilhas.com\/loja\/wp-json\/wp\/v2\/media\/7415"}],"wp:attachment":[{"href":"https:\/\/pacotedeplanilhas.com\/loja\/wp-json\/wp\/v2\/media?parent=7412"}],"wp:term":[{"taxonomy":"product_brand","embeddable":true,"href":"https:\/\/pacotedeplanilhas.com\/loja\/wp-json\/wp\/v2\/product_brand?post=7412"},{"taxonomy":"product_cat","embeddable":true,"href":"https:\/\/pacotedeplanilhas.com\/loja\/wp-json\/wp\/v2\/product_cat?post=7412"},{"taxonomy":"product_tag","embeddable":true,"href":"https:\/\/pacotedeplanilhas.com\/loja\/wp-json\/wp\/v2\/product_tag?post=7412"}],"curies":[{"name":"wp","href":"https:\/\/api.w.org\/{rel}","templated":true}]}}