{"id":7426,"date":"2025-10-16T15:36:05","date_gmt":"2025-10-16T18:36:05","guid":{"rendered":"https:\/\/pacotedeplanilhas.com\/loja\/?post_type=product&#038;p=7426"},"modified":"2025-10-22T16:47:17","modified_gmt":"2025-10-22T19:47:17","slug":"dashboard-matriz-de-treinamentos-1-3-no-power-bi","status":"publish","type":"product","link":"https:\/\/pacotedeplanilhas.com\/loja\/store\/power-bi\/dashboard-matriz-de-treinamentos-1-3-no-power-bi\/","title":{"rendered":"Dashboard Matriz de Treinamentos 1.3 no Power BI"},"content":{"rendered":"<p>FA\u00c7A O CONTROLE E ACOMPANHAMENTO DE MATRIZ DE TREINAMENTOS DA SUA EMPRESA DE MANEIRA SIMPLES E R\u00c1PIDA.<\/p>\n<p>Funcionalidades<\/p>\n<p>Cadastros de funcion\u00e1rios:<\/p>\n<p>\u2013Matricula, colaborador, fun\u00e7\u00e3o, \u00e1rea, unidade, \u00e1rea, unidade, fun\u00e7\u00e3o;<\/p>\n<p>Cadastro De Treinamentos:<\/p>\n<p>C\u00e9lulas manuais em branco<\/p>\n<p>\u2013N\u00b0, treinamento\/curso, externo,<\/p>\n<p>C\u00e9lulas em cinza que tem preenchimento autom\u00e1tico<\/p>\n<p>\u2013Quantidade;<\/p>\n<p>Planejamento Dos Treinamentos<\/p>\n<p>C\u00e9lulas manuais em branco<\/p>\n<p>\u2013Colaborador, treinamento, tipo, data do treinamento, meses, tempo de treinamento, observa\u00e7\u00e3o;<\/p>\n<p>C\u00e9lulas em cinza que tem preenchimento autom\u00e1tico<\/p>\n<p>\u2013Fun\u00e7\u00e3o, \u00e1rea, unidade, cr\u00edtico\/obrigatorio, data da pr\u00f3xima reciclagem, dias restantes, classifica\u00e7\u00e3o;<\/p>\n<p>Lan\u00e7amentos Treinamentos<\/p>\n<p>C\u00e9lulas manuais em branco<\/p>\n<p>\u2013Colaborador, treinamentos, tipo, valor, data do treinamentos, meses, tempo do treinamento, observa\u00e7\u00e3o;<\/p>\n<p>C\u00e9lulas em cinza que tem preenchimento autom\u00e1tico<\/p>\n<p>\u2013Fun\u00e7\u00e3o, \u00e1rea, unidade, cir\u00edtico\/obrigatorio, data da pr\u00f3xima reciclagem, dias restantes, classifica\u00e7\u00e3o, cont;<\/p>\n<p>Dashboard Treinamentos<\/p>\n<p>Valores totais:<\/p>\n<p>\u2013Quantidade de funcion\u00e1rios, quantiadade funcion\u00e1rios treinados, quantiadde de treinamentos, quantidade de funcion\u00e1rios planejados, horas de treinamentos, horas planejadas;<\/p>\n<p>Gr\u00e1ficos:<\/p>\n<p>\u2013Treinamentos comparativo ano anteriorx ano atual, quantidade de funcion\u00e1rios treinados por \u00e1rea, treinamnetos realizados x planejados por \u00e1rea, treinamnetos realizados x planejados por unidade, horas realizadas x horas planejadas;<\/p>\n<p>Filtros em forma de segmenta\u00e7\u00e3o de dados<\/p>\n<p>\u2013Ano, m\u00eas, unidade, \u00e1rea, funcion\u00e1rios, fun\u00e7\u00e3o, treinamentos, tipo;<\/p>\n<p>Dashboard Treinamentos 2<\/p>\n<p>Valores totais:<\/p>\n<p>\u2013Quantidade de funcion\u00e1rios, quantiadade funcion\u00e1rios treinados, quantiadde de treinamentos, quantidade de funcion\u00e1rios planejados, horas de treinamentos, horas planejadas;<\/p>\n<p>Gr\u00e1ficos:<\/p>\n<p>\u2013Treinamentos cr\u00edticos planejado x realizado, treinamentos por classifica\u00e7\u00e3o, tipos de treinamentos planejado x realizado, horas realizadas x horas planejadas por treinamentos;<\/p>\n<p>Filtros em forma de segmenta\u00e7\u00e3o de dados<\/p>\n<p>\u2013Ano, m\u00eas, unidade, \u00e1rea, funcion\u00e1rios, fun\u00e7\u00e3o, treinamentos, tipo;<\/p>\n<p>Relat\u00f3rio por funcion\u00e1rio<\/p>\n<p>Valores totais:<\/p>\n<p>\u2013Quantiadade de funcion\u00e1rio, quantiadade funcion\u00e1rios treinados, quantidade de treinamentos, quantidade treinamentos planejados, horas de treinamentos, horas planejadas;<\/p>\n<p>Dashboard Custos<\/p>\n<p>\u2013Quantidade de funcion\u00e1rios, quantiadade funcion\u00e1rios treinados, quantiadde de treinamentos, quantidade de funcion\u00e1rios planejados, valor;<\/p>\n<p>Gr\u00e1ficos:<\/p>\n<p>\u2013Valor gasto comparativo ano anterior x ano atual, valor gasto por reinamentos, valor gasto por \u00e1rea, valor gasto por fun\u00e7\u00e3o;<\/p>\n<p>Filtros em forma de segmenta\u00e7\u00e3o de dados<\/p>\n<p>\u2013Ano, m\u00eas, unidade, \u00e1rea, funcion\u00e1rios, fun\u00e7\u00e3o, treinamentos, tipo;<\/p>\n<p>Relat\u00f3rio<\/p>\n<p>Valores totais:<\/p>\n<p>\u2013Quantiadade de funcion\u00e1rio, quantiadade funcion\u00e1rios treinados, quantidade de treinamentos, quantidade treinamentos planejados, horas de treinamentos, horas planejadas;<\/p>\n<p>Tabela:<\/p>\n<p>\u2013Funcion\u00e1rio, unidade, \u00e1rea, fun\u00e7\u00e3o, quantidade treinamento planejado, quantidade treinamentos;<\/p>\n<p>Filtros em forma de segmenta\u00e7\u00e3o de dados<\/p>\n<p>\u2013Ano, m\u00eas, unidade, \u00e1rea, funcion\u00e1rios, fun\u00e7\u00e3o, treinamentos, tipo;<\/p>\n<p>Dashboard Trilha de Treinamentos<\/p>\n<p>Valores totais:<\/p>\n<p>\u2013Quantiadade de funcion\u00e1rio, quantiadade funcion\u00e1rios treinados, quantidade de treinamentos, quantidade treinamentos planejados;<\/p>\n<p>Tabela:<\/p>\n<p>\u2013Fun\u00e7\u00e3o, quantidade de treinamentos trilha, colaborador, quantidade treinos realizados(trilha);<\/p>\n<p>Filtros em forma de segmenta\u00e7\u00e3o de dados<\/p>\n<p>\u2013Fun\u00e7\u00e3o;<\/p>\n<p><span style=\"font-size: 16px;\">Planilha 100% edit\u00e1vel<\/span><\/p>\n<p>PR\u00c9-REQUISITOS:<br \/>\nTer qualquer vers\u00e3o do EXCEL e POWER BI instalada no computador.<\/p>\n<p>VANTAGENS:<br \/>\nSimplicidade em usar e c\u00e1lculos precisos.<\/p>\n<p>INFORMA\u00c7\u00d5ES \u00daTEIS:<br \/>\nSuporte p\u00f3s-venda, via e-mail, para esclarecer quaisquer d\u00favidas que possam surgir. Planilha original, comercializada pelo pr\u00f3prio desenvolvedor.<\/p>\n<p>Video explicativo da planilha:<\/p>\n<div class=\"ast-oembed-container \" style=\"height: 100%;\"><iframe title=\"Dashboard Matriz de Treinamentos 1.3 no Power BI\" width=\"500\" height=\"281\" src=\"https:\/\/www.youtube.com\/embed\/ooI0oaY5nng?feature=oembed&#038;enablejsapi=1&#038;origin=https:\/\/pacotedeplanilhas.com\" frameborder=\"0\" allow=\"accelerometer; autoplay; clipboard-write; encrypted-media; gyroscope; picture-in-picture; web-share\" referrerpolicy=\"strict-origin-when-cross-origin\" allowfullscreen><\/iframe><\/div>\n<p>&nbsp;<\/p>\n","protected":false},"excerpt":{"rendered":"<p>FA\u00c7A O CONTROLE E ACOMPANHAMENTO DE MATRIZ DE TREINAMENTOS DA SUA EMPRESA DE MANEIRA SIMPLES E R\u00c1PIDA.<\/p>\n<p>&nbsp;<\/p>\n","protected":false},"featured_media":7427,"comment_status":"open","ping_status":"closed","template":"","meta":{"site-sidebar-layout":"default","site-content-layout":"default","ast-site-content-layout":"default","site-content-style":"default","site-sidebar-style":"default","ast-global-header-display":"","ast-banner-title-visibility":"","ast-main-header-display":"","ast-hfb-above-header-display":"","ast-hfb-below-header-display":"","ast-hfb-mobile-header-display":"","site-post-title":"","ast-breadcrumbs-content":"","ast-featured-img":"","footer-sml-layout":"","theme-transparent-header-meta":"default","adv-header-id-meta":"","stick-header-meta":"","header-above-stick-meta":"","header-main-stick-meta":"","header-below-stick-meta":"","astra-migrate-meta-layouts":"set","ast-page-background-enabled":"default","ast-page-background-meta":{"desktop":{"background-color":"","background-image":"","background-repeat":"repeat","background-position":"center center","background-size":"auto","background-attachment":"scroll","background-type":"","background-media":"","overlay-type":"","overlay-color":"","overlay-opacity":"","overlay-gradient":""},"tablet":{"background-color":"","background-image":"","background-repeat":"repeat","background-position":"center center","background-size":"auto","background-attachment":"scroll","background-type":"","background-media":"","overlay-type":"","overlay-color":"","overlay-opacity":"","overlay-gradient":""},"mobile":{"background-color":"","background-image":"","background-repeat":"repeat","background-position":"center center","background-size":"auto","background-attachment":"scroll","background-type":"","background-media":"","overlay-type":"","overlay-color":"","overlay-opacity":"","overlay-gradient":""}},"ast-content-background-meta":{"desktop":{"background-color":"var(--ast-global-color-5)","background-image":"","background-repeat":"repeat","background-position":"center center","background-size":"auto","background-attachment":"scroll","background-type":"","background-media":"","overlay-type":"","overlay-color":"","overlay-opacity":"","overlay-gradient":""},"tablet":{"background-color":"var(--ast-global-color-5)","background-image":"","background-repeat":"repeat","background-position":"center center","background-size":"auto","background-attachment":"scroll","background-type":"","background-media":"","overlay-type":"","overlay-color":"","overlay-opacity":"","overlay-gradient":""},"mobile":{"background-color":"var(--ast-global-color-5)","background-image":"","background-repeat":"repeat","background-position":"center center","background-size":"auto","background-attachment":"scroll","background-type":"","background-media":"","overlay-type":"","overlay-color":"","overlay-opacity":"","overlay-gradient":""}}},"product_brand":[],"product_cat":[176,994],"product_tag":[2342,2335,2338,2331,2343,2330,2320,2336,2340,2332,2339,2334,2341,2337,191,2333],"class_list":{"0":"post-7426","1":"product","2":"type-product","3":"status-publish","4":"has-post-thumbnail","6":"product_cat-power-bi","7":"product_cat-seguranca-do-trabalho","8":"product_tag-analise-de-treinamentos-power-bi","9":"product_tag-controle-de-capacitacao-power-bi","10":"product_tag-controle-de-funcionarios-treinados-power-bi","11":"product_tag-controle-de-treinamentos-power-bi","12":"product_tag-dashboard-empresarial-power-bi","13":"product_tag-dashboard-matriz-de-treinamentos-power-bi","14":"product_tag-dashboard-rh-power-bi","15":"product_tag-dashboard-seguranca-do-trabalho-power-bi","16":"product_tag-gestao-de-desempenho-power-bi","17":"product_tag-gestao-de-treinamentos-power-bi","18":"product_tag-indicadores-de-treinamento-power-bi","19":"product_tag-matriz-de-treinamentos-corporativos","20":"product_tag-painel-de-treinamentos-power-bi","21":"product_tag-power-bi-dds","22":"product_tag-power-bi-rh","23":"product_tag-trilha-de-treinamentos-power-bi","24":"desktop-align-left","25":"tablet-align-left","26":"mobile-align-left","28":"first","29":"instock","30":"virtual","31":"purchasable","32":"product-type-simple"},"_links":{"self":[{"href":"https:\/\/pacotedeplanilhas.com\/loja\/wp-json\/wp\/v2\/product\/7426","targetHints":{"allow":["GET"]}}],"collection":[{"href":"https:\/\/pacotedeplanilhas.com\/loja\/wp-json\/wp\/v2\/product"}],"about":[{"href":"https:\/\/pacotedeplanilhas.com\/loja\/wp-json\/wp\/v2\/types\/product"}],"replies":[{"embeddable":true,"href":"https:\/\/pacotedeplanilhas.com\/loja\/wp-json\/wp\/v2\/comments?post=7426"}],"version-history":[{"count":2,"href":"https:\/\/pacotedeplanilhas.com\/loja\/wp-json\/wp\/v2\/product\/7426\/revisions"}],"predecessor-version":[{"id":7440,"href":"https:\/\/pacotedeplanilhas.com\/loja\/wp-json\/wp\/v2\/product\/7426\/revisions\/7440"}],"wp:featuredmedia":[{"embeddable":true,"href":"https:\/\/pacotedeplanilhas.com\/loja\/wp-json\/wp\/v2\/media\/7427"}],"wp:attachment":[{"href":"https:\/\/pacotedeplanilhas.com\/loja\/wp-json\/wp\/v2\/media?parent=7426"}],"wp:term":[{"taxonomy":"product_brand","embeddable":true,"href":"https:\/\/pacotedeplanilhas.com\/loja\/wp-json\/wp\/v2\/product_brand?post=7426"},{"taxonomy":"product_cat","embeddable":true,"href":"https:\/\/pacotedeplanilhas.com\/loja\/wp-json\/wp\/v2\/product_cat?post=7426"},{"taxonomy":"product_tag","embeddable":true,"href":"https:\/\/pacotedeplanilhas.com\/loja\/wp-json\/wp\/v2\/product_tag?post=7426"}],"curies":[{"name":"wp","href":"https:\/\/api.w.org\/{rel}","templated":true}]}}