{"id":744,"date":"2021-01-21T13:57:33","date_gmt":"2021-01-21T16:57:33","guid":{"rendered":"https:\/\/pacotedeplanilhas.com\/loja\/index.php\/produto\/planilha-de-avaliacao-de-desempenho-rh\/"},"modified":"2024-09-03T12:28:21","modified_gmt":"2024-09-03T15:28:21","slug":"planilha-de-avaliacao-de-desempenho-rh","status":"publish","type":"product","link":"https:\/\/pacotedeplanilhas.com\/loja\/store\/planilhas-em-excel\/planilha-de-avaliacao-de-desempenho-rh\/","title":{"rendered":"Planilha de Avalia\u00e7\u00e3o de desempenho (RH)"},"content":{"rendered":"<h4>Planilha de Avalia\u00e7\u00e3o de desempenho (RH)<\/h4>\n<p>Esta planilha tem objetivo em organizar o processo de avalia\u00e7\u00e3o de desempenho,\u00a0 ela \u00e9 direcionada para empreendedores e pequenas empresa, m\u00e9dias empresas e grandes empresas.<\/p>\n<h4>V\u00eddeo explicativo da planilha<\/h4>\n<p>&nbsp;<\/p>\n<div class=\"ast-oembed-container \" style=\"height: 100%;\"><iframe title=\"Planilha Dashboard de Avalia\u00e7\u00e3o de Desempenho completo\" width=\"500\" height=\"281\" src=\"https:\/\/www.youtube.com\/embed\/T9l6LXe2EdI?feature=oembed\" frameborder=\"0\" allow=\"accelerometer; autoplay; clipboard-write; encrypted-media; gyroscope; picture-in-picture; web-share\" referrerpolicy=\"strict-origin-when-cross-origin\" allowfullscreen><\/iframe><\/div>\n<h3>Ap\u00f3s a compra e processamento de pagamento, a planilha \u00e9 disponibilizada de imediato para download.<\/h3>\n<p>&nbsp;<\/p>\n<p>&nbsp;<\/p>\n","protected":false},"excerpt":{"rendered":"<p><b>Planilha de Avalia\u00e7\u00e3o de Funcion\u00e1rio<\/b><\/p>\n<p>Esta planilha tem objetivo em organizar o estoque do seu neg\u00f3cio,\u00a0 ela \u00e9 direcionada para empreendedores e pequenas empresa e \u00e1rea de trabalho.<\/p>\n<h4>Conte\u00fado da planilha:<\/h4>\n<ul>\n<li>Cadastro;<\/li>\n<li>Cadastro de funcion\u00e1rios;<\/li>\n<li>Cadastro de compet\u00eancias;<\/li>\n<li>Lan\u00e7amentos;<\/li>\n<li>Resultados consolidados;<\/li>\n<li>Relat\u00f3rio de impress\u00e3o;<\/li>\n<li>Dashboard interativo e din\u00e2mico.<\/li>\n<\/ul>\n<p>&nbsp;<\/p>\n<h3>Ap\u00f3s a compra e processamento de pagamento, a planilha \u00e9 disponibilizada de imediato para download.<\/h3>\n","protected":false},"featured_media":5711,"comment_status":"open","ping_status":"closed","template":"","meta":{"site-sidebar-layout":"default","site-content-layout":"default","ast-site-content-layout":"","site-content-style":"default","site-sidebar-style":"default","ast-global-header-display":"","ast-banner-title-visibility":"","ast-main-header-display":"","ast-hfb-above-header-display":"","ast-hfb-below-header-display":"","ast-hfb-mobile-header-display":"","site-post-title":"","ast-breadcrumbs-content":"","ast-featured-img":"","footer-sml-layout":"","theme-transparent-header-meta":"default","adv-header-id-meta":"","stick-header-meta":"","header-above-stick-meta":"","header-main-stick-meta":"","header-below-stick-meta":"","astra-migrate-meta-layouts":"default","ast-page-background-enabled":"default","ast-page-background-meta":{"desktop":{"background-color":"","background-image":"","background-repeat":"repeat","background-position":"center center","background-size":"auto","background-attachment":"scroll","background-type":"","background-media":"","overlay-type":"","overlay-color":"","overlay-opacity":"","overlay-gradient":""},"tablet":{"background-color":"","background-image":"","background-repeat":"repeat","background-position":"center center","background-size":"auto","background-attachment":"scroll","background-type":"","background-media":"","overlay-type":"","overlay-color":"","overlay-opacity":"","overlay-gradient":""},"mobile":{"background-color":"","background-image":"","background-repeat":"repeat","background-position":"center center","background-size":"auto","background-attachment":"scroll","background-type":"","background-media":"","overlay-type":"","overlay-color":"","overlay-opacity":"","overlay-gradient":""}},"ast-content-background-meta":{"desktop":{"background-color":"var(--ast-global-color-5)","background-image":"","background-repeat":"repeat","background-position":"center center","background-size":"auto","background-attachment":"scroll","background-type":"","background-media":"","overlay-type":"","overlay-color":"","overlay-opacity":"","overlay-gradient":""},"tablet":{"background-color":"var(--ast-global-color-5)","background-image":"","background-repeat":"repeat","background-position":"center center","background-size":"auto","background-attachment":"scroll","background-type":"","background-media":"","overlay-type":"","overlay-color":"","overlay-opacity":"","overlay-gradient":""},"mobile":{"background-color":"var(--ast-global-color-5)","background-image":"","background-repeat":"repeat","background-position":"center center","background-size":"auto","background-attachment":"scroll","background-type":"","background-media":"","overlay-type":"","overlay-color":"","overlay-opacity":"","overlay-gradient":""}}},"product_brand":[],"product_cat":[120,992,990,994],"product_tag":[147,148,149,150,151,152,153,154,155,156,157,158,159,160,161,162,163,164,165,132,133,166,167,168,169,170],"class_list":{"0":"post-744","1":"product","2":"type-product","3":"status-publish","4":"has-post-thumbnail","6":"product_cat-planilhas-em-excel","7":"product_cat-producao","8":"product_cat-recursos-humanos","9":"product_cat-seguranca-do-trabalho","10":"product_tag-administracao","11":"product_tag-business","12":"product_tag-coach","13":"product_tag-design","14":"product_tag-divulgacao","15":"product_tag-empreendedor","16":"product_tag-empreendedorismo","17":"product_tag-estrategias","18":"product_tag-financas","19":"product_tag-financas-pessoais","20":"product_tag-livro","21":"product_tag-marketing","22":"product_tag-marketingdigital","23":"product_tag-marketingmultinivel","24":"product_tag-marketingonline","25":"product_tag-mkt","26":"product_tag-mktdigital","27":"product_tag-negocios","28":"product_tag-planilha-gratis","29":"product_tag-planilhas","30":"product_tag-planilhas-financeiras","31":"product_tag-propaganda","32":"product_tag-publicidade","33":"product_tag-sucesso-empreender","34":"product_tag-vendas","35":"product_tag-vendasonline","36":"desktop-align-left","37":"tablet-align-left","38":"mobile-align-left","40":"first","41":"instock","42":"virtual","43":"purchasable","44":"product-type-simple"},"_links":{"self":[{"href":"https:\/\/pacotedeplanilhas.com\/loja\/wp-json\/wp\/v2\/product\/744","targetHints":{"allow":["GET"]}}],"collection":[{"href":"https:\/\/pacotedeplanilhas.com\/loja\/wp-json\/wp\/v2\/product"}],"about":[{"href":"https:\/\/pacotedeplanilhas.com\/loja\/wp-json\/wp\/v2\/types\/product"}],"replies":[{"embeddable":true,"href":"https:\/\/pacotedeplanilhas.com\/loja\/wp-json\/wp\/v2\/comments?post=744"}],"version-history":[{"count":1,"href":"https:\/\/pacotedeplanilhas.com\/loja\/wp-json\/wp\/v2\/product\/744\/revisions"}],"predecessor-version":[{"id":3290,"href":"https:\/\/pacotedeplanilhas.com\/loja\/wp-json\/wp\/v2\/product\/744\/revisions\/3290"}],"wp:featuredmedia":[{"embeddable":true,"href":"https:\/\/pacotedeplanilhas.com\/loja\/wp-json\/wp\/v2\/media\/5711"}],"wp:attachment":[{"href":"https:\/\/pacotedeplanilhas.com\/loja\/wp-json\/wp\/v2\/media?parent=744"}],"wp:term":[{"taxonomy":"product_brand","embeddable":true,"href":"https:\/\/pacotedeplanilhas.com\/loja\/wp-json\/wp\/v2\/product_brand?post=744"},{"taxonomy":"product_cat","embeddable":true,"href":"https:\/\/pacotedeplanilhas.com\/loja\/wp-json\/wp\/v2\/product_cat?post=744"},{"taxonomy":"product_tag","embeddable":true,"href":"https:\/\/pacotedeplanilhas.com\/loja\/wp-json\/wp\/v2\/product_tag?post=744"}],"curies":[{"name":"wp","href":"https:\/\/api.w.org\/{rel}","templated":true}]}}