{"id":7480,"date":"2025-10-27T15:51:54","date_gmt":"2025-10-27T18:51:54","guid":{"rendered":"https:\/\/pacotedeplanilhas.com\/loja\/?post_type=product&#038;p=7480"},"modified":"2025-10-27T16:21:45","modified_gmt":"2025-10-27T19:21:45","slug":"dashboard-controle-de-fretes-com-faturamento-em-power-bi-1-2","status":"publish","type":"product","link":"https:\/\/pacotedeplanilhas.com\/loja\/store\/logistica\/dashboard-controle-de-fretes-com-faturamento-em-power-bi-1-2\/","title":{"rendered":"Dashboard Controle de Fretes com Faturamento em Power BI 1.2"},"content":{"rendered":"<p>FA\u00c7A O CONTROLE E ACOMPANHAMENTO DE GEST\u00c3O DE FRETES\u00a0 E FATURAMENTO DA SUA EMPRESA DE MANEIRA SIMPLES E R\u00c1PIDA.<\/p>\n<p><strong><em>Funcionalidades<\/em><\/strong><\/p>\n<p><strong>Cadastro:<\/strong><\/p>\n<p>\u2013Placa, ve\u00edculo, tipo de ve\u00edculo, motorista, produtos, uf, estado uf;<\/p>\n<p><strong>Lan\u00e7amentos<\/strong><\/p>\n<p><span style=\"font-size: 14pt;\"><em>C\u00e9lulas manuais em branco<\/em><\/span><\/p>\n<p>\u2013Data sa\u00edsa, num. viagem, cliente, placa, uf estado destino, quantidade de produtos, produto, data chegada, faturamento custo frete(R$), custo ped\u00e1gio(R$), custo di\u00e1ria(R$);<\/p>\n<p><span style=\"font-size: 14pt;\"><em>C\u00e9lulas em cinza que tem preenchimento autom\u00e1tico<\/em><\/span><\/p>\n<p>\u2013Ve\u00edculo, estado, tempo de entrega(dias), tipo de ve\u00edculo, tipo de ve\u00edculo;<\/p>\n<p><strong>1- Dashboard Frete &#8211; Faturamento<\/strong><\/p>\n<p>Valores totais:<\/p>\n<p>\u2013Faturamento, custo total, lucro bruto;<\/p>\n<p>Gr\u00e1ficos:<\/p>\n<p>\u2013Faturamento x custo total por m\u00eas, faturamento por placa, faturamento por produto, faturamento por cliente;<\/p>\n<p>Filtros em forma de segmenta\u00e7\u00e3o de dados<\/p>\n<p>\u2013Ano, m\u00eas, cliente, placa, produto, motorista, estado, ve\u00edculo, tipo de ve\u00edculo;<\/p>\n<p><strong>2- Dashboard Frete &#8211; Financeiro<\/strong><\/p>\n<p>Valores totais:<\/p>\n<p>\u2013Custo Frete, custo ped\u00e1gio, custo di\u00e1ria, custo total;<\/p>\n<p>Gr\u00e1ficos:<\/p>\n<p>\u2013Custo ped\u00e1gio por m\u00eas, custo ped\u00e1gio por cliente, custo frete por motorista, custo total por produto, custo di\u00e1ria por cliente;<\/p>\n<p>Filtros em forma de segmenta\u00e7\u00e3o de dados<\/p>\n<p>\u2013Ano, m\u00eas, cliente, placa, produto, motorista, estado, ve\u00edculo, tipo de ve\u00edculo;<\/p>\n<p><strong>3- Dashboard Frete &#8211; Entregas<\/strong><\/p>\n<p>Valores totais:<\/p>\n<p>\u2013Quantidade de viagens, quantidade de produtos, custo m\u00e9dio produtos, TMA m\u00e9dio;<\/p>\n<p><span style=\"font-size: 16px;\">Gr\u00e1ficos:<\/span><\/p>\n<p>\u2013Quantidade de entregas de produtos por m\u00eas, quantidade de produtos por estado, quantidade de produtos por motorista, quantidade de viagens por tipo;<\/p>\n<p>Filtros em forma de segmenta\u00e7\u00e3o de dados<\/p>\n<p>\u2013Ano, m\u00eas, cliente, placa, produto, motorista, estado, ve\u00edculo, tipo de ve\u00edculo;<\/p>\n<p>Planilha 100% edit\u00e1vel<\/p>\n<p>PR\u00c9-REQUISITOS:<br \/>\nTer qualquer vers\u00e3o do EXCEL instalada no computador.<\/p>\n<p>VANTAGENS:<br \/>\nSimplicidade em usar e c\u00e1lculos precisos.<\/p>\n<p>INFORMA\u00c7\u00d5ES \u00daTEIS:<br \/>\nSuporte p\u00f3s-venda, via e-mail, para esclarecer quaisquer d\u00favidas que possam surgir. Planilha original, comercializada pelo pr\u00f3prio desenvolvedor.<\/p>\n<p>Video explicativo da planilha:<\/p>\n<div class=\"ast-oembed-container \" style=\"height: 100%;\"><iframe title=\"Dashboard Controle de Fretes com Faturamento em Power BI 1.2\" width=\"500\" height=\"281\" src=\"https:\/\/www.youtube.com\/embed\/R7hbmluKUQs?feature=oembed&#038;enablejsapi=1&#038;origin=https:\/\/pacotedeplanilhas.com\" frameborder=\"0\" allow=\"accelerometer; autoplay; clipboard-write; encrypted-media; gyroscope; picture-in-picture; web-share\" referrerpolicy=\"strict-origin-when-cross-origin\" allowfullscreen><\/iframe><\/div>\n","protected":false},"excerpt":{"rendered":"<p>FA\u00c7A O CONTROLE E ACOMPANHAMENTO DE GEST\u00c3O DE FRETES\u00a0 E FATURAMENTO DA SUA EMPRESA DE MANEIRA SIMPLES E R\u00c1PIDA.<\/p>\n","protected":false},"featured_media":7481,"comment_status":"open","ping_status":"closed","template":"","meta":{"site-sidebar-layout":"default","site-content-layout":"default","ast-site-content-layout":"default","site-content-style":"default","site-sidebar-style":"default","ast-global-header-display":"","ast-banner-title-visibility":"","ast-main-header-display":"","ast-hfb-above-header-display":"","ast-hfb-below-header-display":"","ast-hfb-mobile-header-display":"","site-post-title":"","ast-breadcrumbs-content":"","ast-featured-img":"","footer-sml-layout":"","theme-transparent-header-meta":"default","adv-header-id-meta":"","stick-header-meta":"","header-above-stick-meta":"","header-main-stick-meta":"","header-below-stick-meta":"","astra-migrate-meta-layouts":"set","ast-page-background-enabled":"default","ast-page-background-meta":{"desktop":{"background-color":"","background-image":"","background-repeat":"repeat","background-position":"center center","background-size":"auto","background-attachment":"scroll","background-type":"","background-media":"","overlay-type":"","overlay-color":"","overlay-opacity":"","overlay-gradient":""},"tablet":{"background-color":"","background-image":"","background-repeat":"repeat","background-position":"center center","background-size":"auto","background-attachment":"scroll","background-type":"","background-media":"","overlay-type":"","overlay-color":"","overlay-opacity":"","overlay-gradient":""},"mobile":{"background-color":"","background-image":"","background-repeat":"repeat","background-position":"center center","background-size":"auto","background-attachment":"scroll","background-type":"","background-media":"","overlay-type":"","overlay-color":"","overlay-opacity":"","overlay-gradient":""}},"ast-content-background-meta":{"desktop":{"background-color":"var(--ast-global-color-5)","background-image":"","background-repeat":"repeat","background-position":"center center","background-size":"auto","background-attachment":"scroll","background-type":"","background-media":"","overlay-type":"","overlay-color":"","overlay-opacity":"","overlay-gradient":""},"tablet":{"background-color":"var(--ast-global-color-5)","background-image":"","background-repeat":"repeat","background-position":"center center","background-size":"auto","background-attachment":"scroll","background-type":"","background-media":"","overlay-type":"","overlay-color":"","overlay-opacity":"","overlay-gradient":""},"mobile":{"background-color":"var(--ast-global-color-5)","background-image":"","background-repeat":"repeat","background-position":"center center","background-size":"auto","background-attachment":"scroll","background-type":"","background-media":"","overlay-type":"","overlay-color":"","overlay-opacity":"","overlay-gradient":""}}},"product_brand":[],"product_cat":[989,176],"product_tag":[1510,2362,2364,2352,2345,2361,2311,1677,2360,1175,2358,2344,2346,2365,2349,1384,2355,2363,2348,2359],"class_list":{"0":"post-7480","1":"product","2":"type-product","3":"status-publish","4":"has-post-thumbnail","6":"product_cat-logistica","7":"product_cat-power-bi","8":"product_tag-analise-de-custos-power-bi","9":"product_tag-analise-de-lucro-power-bi","10":"product_tag-analise-operacional-power-bi","11":"product_tag-controle-de-entregas-power-bi","12":"product_tag-controle-de-fretes-power-bi","13":"product_tag-controle-de-pedagio-power-bi","14":"product_tag-controle-de-viagens-power-bi","15":"product_tag-controle-financeiro-power-bi","16":"product_tag-dashboard-custos-power-bi","17":"product_tag-dashboard-de-transporte","18":"product_tag-dashboard-faturamento-power-bi","19":"product_tag-dashboard-gestao-de-fretes-power-bi","20":"product_tag-dashboard-logistico-power-bi","21":"product_tag-gestao-de-frete-e-faturamento-power-bi","22":"product_tag-gestao-de-frota-power-bi","23":"product_tag-gestao-de-transporte-power-bi","24":"product_tag-painel-de-transporte-power-bi","25":"product_tag-power-bi-para-logistica","26":"product_tag-power-bi-transporte","27":"product_tag-relatorios-de-frete-power-bi","28":"desktop-align-left","29":"tablet-align-left","30":"mobile-align-left","32":"first","33":"instock","34":"virtual","35":"purchasable","36":"product-type-simple"},"_links":{"self":[{"href":"https:\/\/pacotedeplanilhas.com\/loja\/wp-json\/wp\/v2\/product\/7480","targetHints":{"allow":["GET"]}}],"collection":[{"href":"https:\/\/pacotedeplanilhas.com\/loja\/wp-json\/wp\/v2\/product"}],"about":[{"href":"https:\/\/pacotedeplanilhas.com\/loja\/wp-json\/wp\/v2\/types\/product"}],"replies":[{"embeddable":true,"href":"https:\/\/pacotedeplanilhas.com\/loja\/wp-json\/wp\/v2\/comments?post=7480"}],"version-history":[{"count":2,"href":"https:\/\/pacotedeplanilhas.com\/loja\/wp-json\/wp\/v2\/product\/7480\/revisions"}],"predecessor-version":[{"id":7489,"href":"https:\/\/pacotedeplanilhas.com\/loja\/wp-json\/wp\/v2\/product\/7480\/revisions\/7489"}],"wp:featuredmedia":[{"embeddable":true,"href":"https:\/\/pacotedeplanilhas.com\/loja\/wp-json\/wp\/v2\/media\/7481"}],"wp:attachment":[{"href":"https:\/\/pacotedeplanilhas.com\/loja\/wp-json\/wp\/v2\/media?parent=7480"}],"wp:term":[{"taxonomy":"product_brand","embeddable":true,"href":"https:\/\/pacotedeplanilhas.com\/loja\/wp-json\/wp\/v2\/product_brand?post=7480"},{"taxonomy":"product_cat","embeddable":true,"href":"https:\/\/pacotedeplanilhas.com\/loja\/wp-json\/wp\/v2\/product_cat?post=7480"},{"taxonomy":"product_tag","embeddable":true,"href":"https:\/\/pacotedeplanilhas.com\/loja\/wp-json\/wp\/v2\/product_tag?post=7480"}],"curies":[{"name":"wp","href":"https:\/\/api.w.org\/{rel}","templated":true}]}}